{"id":7724,"date":"2025-05-23T03:43:35","date_gmt":"2025-05-23T03:43:35","guid":{"rendered":"https:\/\/www.largepillow.com\/product\/calming-dog-bed-with-removable-cushion-indoor-round-kennel"},"modified":"2025-05-28T01:44:41","modified_gmt":"2025-05-28T01:44:41","slug":"nyugtato-kutyafekhely-kiveheto-parnaval-belteri-kerek-kennel","status":"publish","type":"product","link":"https:\/\/www.largepillow.com\/hu\/product\/calming-dog-bed-with-removable-cushion-indoor-round-kennel\/","title":{"rendered":"Nyugtat\u00f3 kutyafekhely kivehet\u0151 p\u00e1rn\u00e1val, belt\u00e9ri kerek kennel"},"content":{"rendered":"[zc_getpagecontent mb=&#8221;mb_aplus&#8221; apid=&#8221;120&#8243;]\n","protected":false},"excerpt":{"rendered":"<ul>\n<li>Egyedi \u00f6lelkez\u00e9si diz\u00e1jn \u2013 A gyeng\u00e9d \u00f6lel\u00e9sek ihlette, \u00f6lel\u00e9s ihlette k\u00f6r alak\u00fa kutyafekhely k\u00f6r alak\u00fa, magas oldal\u00fa sz\u00e9lekkel rendelkezik, \u00edgy a kuty\u00e1k \u00fagy \u00e9rzik, mintha gazd\u00e1juk folyamatosan a karjukban tartan\u00e1 \u0151ket, teljes biztons\u00e1g\u00e9rzetet ny\u00fajtva.<\/li>\n<li>Nyugtat\u00f3 \u00e9s szorong\u00e1sold\u00f3 \u2013 A kutyafekhely egyedi kialak\u00edt\u00e1sa od\u00faszer\u0171 k\u00f6rnyezetet teremt, seg\u00edt cs\u00f6kkenteni a kuty\u00e1k szorong\u00e1s\u00e1t, biztons\u00e1g\u00e9rzetet \u00e9s k\u00e9nyelmet ny\u00fajt; Ide\u00e1lis v\u00e1laszt\u00e1s a k\u00f6nnyen stresszes kuty\u00e1k sz\u00e1m\u00e1ra, legyen sz\u00f3 szepar\u00e1ci\u00f3s szorong\u00e1sr\u00f3l, zivatarokr\u00f3l vagy \u00faj k\u00f6rnyezetr\u0151l.<\/li>\n<li>Minden \u00e9vszakban haszn\u00e1lhat\u00f3 sz\u0151nyeg \u2013 A megford\u00edthat\u00f3 kutyasz\u0151nyeg mindk\u00e9t oldal\u00e1n k\u00fcl\u00f6nb\u00f6z\u0151 anyagokkal ell\u00e1tott sz\u0151nyeg alkalmazkodik a k\u00fcl\u00f6nb\u00f6z\u0151 \u00e9vszakokhoz; A b\u00e1rsony oldal t\u00e9len meleg \u00e9s k\u00e9nyelmes, m\u00edg a m\u00e1sik oldal ny\u00e1ron friss\u00edt\u0151 \u00e9s l\u00e9legz\u0151, \u00edgy minden \u00e9vszakban haszn\u00e1lhat\u00f3, \u00e9s gondoskodik kuty\u00e1ja alv\u00e1s\u00e1r\u00f3l eg\u00e9sz \u00e9vben.<\/li>\n<li>Kiv\u00e1l\u00f3 min\u0151s\u00e9g\u0171 anyagok \u2013 B\u00e1rsony meleg huzatb\u00f3l, Oxford sz\u00f6vetb\u0151l, nagy s\u0171r\u0171s\u00e9g\u0171 PP pamutb\u00f3l, nagy tart\u00e1st ad\u00f3 habb\u00f3l \u00e9s cs\u00fasz\u00e1sg\u00e1tl\u00f3 bet\u00e9tb\u0151l \u00e1ll, \u00edgy nemcsak puha \u00e9s k\u00e9nyelmes, hanem kiv\u00e1l\u00f3 tart\u00e1st \u00e9s cs\u00fasz\u00e1sg\u00e1tl\u00f3 tulajdons\u00e1gokkal is rendelkezik, \u00edgy kuty\u00e1ja sz\u00e1m\u00e1ra biztons\u00e1gosabb\u00e1 teszi a haszn\u00e1lat\u00e1t, \u00e9s biztos\u00edtja a term\u00e9k tart\u00f3ss\u00e1g\u00e1t.<\/li>\n<li>K\u00f6nny\u0171 karbantart\u00e1s \u2013 A kutyafekhely levehet\u0151 \u00e9s mos\u00f3g\u00e9pben moshat\u00f3; Csak h\u00fazd le a cipz\u00e1rt, vedd ki az als\u00f3 habszivacsot \u00e9s a PP pamutot, \u00e9s tedd a huzatot a mos\u00f3g\u00e9pbe; Ez k\u00f6nnyen megoldja a tiszt\u00edt\u00e1si probl\u00e9m\u00e1t, \u00e9s tiszt\u00e1n \u00e9s higi\u00e9nikusan tartja a kutyafekhelyet.<\/li>\n<li>M\u00e9ret: K\u00f6zepes \u2013 76*76*30cm (30,0\u2033H x 30,0\u2033SZ x 12,0\u2033V); Nagy \u2013 110*110*35cm (45,0\u2033H x 45,0\u2033SZ x 14,0\u2033V).<\/li>\n<\/ul>","protected":false},"featured_media":7713,"comment_status":"open","ping_status":"closed","template":"","meta":[],"product_brand":[],"product_cat":[227],"product_tag":[],"class_list":{"0":"post-7724","1":"product","2":"type-product","3":"status-publish","4":"has-post-thumbnail","6":"product_cat-pet-supplies","8":"first","9":"instock","10":"shipping-taxable","11":"purchasable","12":"product-type-variable","13":"has-default-attributes"},"_links":{"self":[{"href":"https:\/\/www.largepillow.com\/hu\/wp-json\/wp\/v2\/product\/7724","targetHints":{"allow":["GET"]}}],"collection":[{"href":"https:\/\/www.largepillow.com\/hu\/wp-json\/wp\/v2\/product"}],"about":[{"href":"https:\/\/www.largepillow.com\/hu\/wp-json\/wp\/v2\/types\/product"}],"replies":[{"embeddable":true,"href":"https:\/\/www.largepillow.com\/hu\/wp-json\/wp\/v2\/comments?post=7724"}],"wp:featuredmedia":[{"embeddable":true,"href":"https:\/\/www.largepillow.com\/hu\/wp-json\/wp\/v2\/media\/7713"}],"wp:attachment":[{"href":"https:\/\/www.largepillow.com\/hu\/wp-json\/wp\/v2\/media?parent=7724"}],"wp:term":[{"taxonomy":"product_brand","embeddable":true,"href":"https:\/\/www.largepillow.com\/hu\/wp-json\/wp\/v2\/product_brand?post=7724"},{"taxonomy":"product_cat","embeddable":true,"href":"https:\/\/www.largepillow.com\/hu\/wp-json\/wp\/v2\/product_cat?post=7724"},{"taxonomy":"product_tag","embeddable":true,"href":"https:\/\/www.largepillow.com\/hu\/wp-json\/wp\/v2\/product_tag?post=7724"}],"curies":[{"name":"wp","href":"https:\/\/api.w.org\/{rel}","templated":true}]}}