{"id":802,"date":"2022-09-17T13:48:56","date_gmt":"2022-09-17T13:48:56","guid":{"rendered":"https:\/\/www.largepillow.com\/product\/wedge-pillow-for-acid-reflux_37_38_39_40"},"modified":"2026-03-13T16:55:31","modified_gmt":"2026-03-13T16:55:31","slug":"ekparna-parna","status":"publish","type":"product","link":"https:\/\/www.largepillow.com\/hu\/product\/wedge-bolster-pillow","title":{"rendered":"Wedge Bolster p\u00e1rna"},"content":{"rendered":"<p>Az Ultimate Comfort Wedge Bolster p\u00e1rna<\/p>\n<p>A t\u00f6k\u00e9letes olvas\u00f3- vagy t\u00e9v\u00e9n\u00e9z\u0151 p\u00e1rn\u00e1t keresed? Engedje meg, hogy bemutassuk a Wedge Bolster Pillow-t \u2013 a t\u00f6k\u00e9letes megemelt fejt\u00e1mla p\u00e1rn\u00e1t a kiv\u00e1l\u00f3 k\u00e9nyelem \u00e9s t\u00e1mogat\u00e1s \u00e9rdek\u00e9ben.<\/p>\n<p>Az \u00edvelt form\u00e1j\u00e1val \u00e9s a k\u00e9tsoros megemelt h\u00e1tt\u00e1ml\u00e1j\u00e1val ez az XL p\u00e1rna megfelel\u0151en megt\u00e1masztja a nyak\u00e1t \u00e9s a h\u00e1t\u00e1t, mik\u00f6zben fel\u00fcl az \u00e1gyban. A t\u00f6bbfunkci\u00f3s kialak\u00edt\u00e1s kiv\u00e1l\u00f3an haszn\u00e1lhat\u00f3 f\u00fcgg\u0151leges h\u00e1tp\u00e1rnak\u00e9nt, \u00e9kp\u00e1rnak\u00e9nt vagy l\u00e1bp\u00e1rnak\u00e9nt is. <\/p>\n<p>100% poli\u00e9szterb\u0151l k\u00e9sz\u00fclt, k\u00f6rnyezetbar\u00e1t poli\u00e9sztersz\u00e1las t\u00f6ltettel, a v\u00e1szon megjelen\u00e9s\u0171 sz\u00f6vet b\u00e1rmely h\u00e1l\u00f3szoba dekor\u00e1ci\u00f3j\u00e1t kieg\u00e9sz\u00edti. A levehet\u0151 huzat mos\u00f3g\u00e9pben moshat\u00f3 a k\u00f6nny\u0171 gondoz\u00e1s \u00e9rdek\u00e9ben. Ez a nagym\u00e9ret\u0171 fejt\u00e1mla p\u00e1rna kis oldalzsebekkel is rendelkezik, ahol k\u00f6nyvek, t\u00e1vir\u00e1ny\u00edt\u00f3k, telefonok \u00e9s egyebek t\u00e1rolhat\u00f3k. <\/p>\n<p>\u00cdme n\u00e9h\u00e1ny \u00fcgyf\u00e9l mondanival\u00f3ja:<\/p>\n<p>\u201eIm\u00e1dom ennek az \u00e1gyp\u00e1rn\u00e1nak a kin\u00e9zet\u00e9t \u00e9s hangulat\u00e1t. A lensz\u00f6vet nagyon puha, a sz\u00edne pedig remek\u00fcl mutat a h\u00e1l\u00f3szob\u00e1mban.\u201d<\/p>\n<p>\u201eEz az olvas\u00f3p\u00e1rna fantasztikus h\u00e1tt\u00e1maszt ny\u00fajt. \u00d3r\u00e1kig tudok \u00fclni az \u00e1gyban nyak- \u00e9s h\u00e1tf\u00e1j\u00e1s n\u00e9lk\u00fcl.\u201d<\/p>\n<p>\u201eA megemelt diz\u00e1jn t\u00f6k\u00e9letes olvas\u00e1shoz vagy laptopomon val\u00f3 munk\u00e1hoz az \u00e1gyban. Remek h\u00e1tt\u00e1mla, amely k\u00e9nyelmesen tart engem.\u201d<\/p>\n<p>\u201eMegkaptam a 160 cm-es m\u00e9retet, \u00e9s ez foglalja el az \u00e1gyam teljes fejr\u00e9sz\u00e9t. El\u00e9g nagy ahhoz, hogy h\u00e1trad\u0151lj\u00f6n \u00e9s filmeket n\u00e9zzen.\u201d<\/p>\n<p>A 100 cm-t\u0151l 200 cm-ig terjed\u0151 hosszban biztosan megtal\u00e1lja a hely\u00e9nek megfelel\u0151 Wedge Bolster p\u00e1rn\u00e1t. Adja meg h\u00e1t\u00e1nak, nyak\u00e1nak \u00e9s l\u00e1bainak azt a k\u00e9nyelmet, amit meg\u00e9rdemelnek! Szerezze be t\u00f6bbfunkci\u00f3s fejt\u00e1mla p\u00e1rn\u00e1j\u00e1t m\u00e9g ma.<\/p>","protected":false},"excerpt":{"rendered":"<ul>\n<li><strong>Maxim\u00e1lis k\u00e9nyelem:<\/strong> Ez az xl magas\u00edtott fejt\u00e1mla p\u00e1rna \u00edvelt form\u00e1j\u00e1nak k\u00f6sz\u00f6nhet\u0151en kiv\u00e1l\u00f3 k\u00e9nyelmet biztos\u00edt. Ez a fejt\u00e1ml\u00e1s olvas\u00f3p\u00e1rna seg\u00edt abban, hogy fesz\u00fclts\u00e9gmentesen tudjon maradni az \u00e1gyban, a kanap\u00e9n vagy a kanap\u00e9n, amely ide\u00e1lis \u00e9jszakai baglyok, k\u00f6nyvmolyok munk\u00e1j\u00e1hoz \u00e9s az \u00e1gyban val\u00f3 t\u00e9v\u00e9z\u00e9shez.<\/li>\n<li><strong>Magas\u00edtott h\u00e1tt\u00e1mla kialak\u00edt\u00e1sa:<\/strong> \u00c9lvezze a p\u00e1ratlan k\u00e9nyelmet fejt\u00e1mla p\u00e1rn\u00e1nk egyedi, k\u00e9tsoros megemelt h\u00e1tt\u00e1ml\u00e1j\u00e1val. A megemelt h\u00e1tt\u00e1ml\u00e1s fejt\u00e1mla p\u00e1rna kiv\u00e1l\u00f3an t\u00e1masztja meg a nyak\u00e1t \u00e9s a h\u00e1t\u00e1t, \u00edgy t\u00f6k\u00e9letes hely a pihen\u00e9sre \u00e9s az \u00e1gyban val\u00f3 olvas\u00e1sra.<\/li>\n<li><strong>T\u00f6bbfunkci\u00f3s p\u00e1rna:<\/strong> H\u00e1rom k\u00fcl\u00f6nb\u00f6z\u0151 felhaszn\u00e1l\u00e1si m\u00f3ddal p\u00e1rn\u00e1nk minden helyzethez t\u00f6k\u00e9letes. Ak\u00e1r f\u00fcgg\u0151leges h\u00e1tp\u00e1rnak\u00e9nt, ak\u00e1r \u00e9kp\u00e1rnak\u00e9nt vagy l\u00e1bp\u00e1rnak\u00e9nt szeretn\u00e9 haszn\u00e1lni a megemelt al\u00e1t\u00e1maszt\u00e1shoz, ide\u00e1lis kieg\u00e9sz\u00edt\u0151 a k\u00e9nyelmes pihen\u00e9shez \u00e9s kikapcsol\u00f3d\u00e1shoz.<\/li>\n<li><strong>Kiv\u00e1l\u00f3 kivitelez\u00e9s:<\/strong> V\u00e1szon megjelen\u00e9s\u0171 anyagb\u00f3l k\u00e9sz\u00fclt, melynek \u00f6sszet\u00e9tele 100% poli\u00e9szter, fejt\u00e1mla p\u00e1rn\u00e1nk k\u00f6rnyezetbar\u00e1t \u00e9s nagy rugalmass\u00e1g\u00fa poli\u00e9szter sz\u00e1l t\u00f6ltettel van t\u00f6ltve. A levehet\u0151 \u00e1gyp\u00e1rna k\u00f6nnyen moshat\u00f3 mos\u00f3g\u00e9pben, m\u00edg a kis oldalzsebek praktikusabb\u00e1 teszik ezt az am\u00fagy is luxusterm\u00e9ket.<\/li>\n<li><strong>K\u00f6nnyen moshat\u00f3:<\/strong> A fejt\u00e1mla p\u00e1rnahuzata gombokkal r\u00f6gz\u00edthet\u0151 a p\u00e1rna bels\u0151 r\u00e9sz\u00e9hez, \u00e9s egy egyszer\u0171 cipz\u00e1rral k\u00f6nnyen elt\u00e1vol\u00edthat\u00f3. \u00cdgy a tiszt\u00edt\u00e1sa probl\u00e9mamentes. Csak vegye le a huzatot, \u00e9s gyorsan mosson g\u00e9pben, hogy p\u00e1rn\u00e1ja \u00fajszer\u0171 legyen.<\/li>\n<li><strong>M\u00e9ret:<\/strong> 100 cm (H 100 x SZ26 x H55 | 3 oszlopos gomb), 120 cm (H 120 x SZ 26 x M55 | 4 oszlop gomb), 140 cm (H140 x SZ26 x H55 | 4 oszlopos gomb), 160 cm (H 160 x 5 SZ 5 6 x 5 | ), 180 cm (H 180 x SZ 26 x H55 | 6 oszlop gomb), 200 cm (H 200 x SZ 26 x ma 55 | 7 oszlop gomb).<\/li>\n<\/ul>","protected":false},"featured_media":788,"comment_status":"open","ping_status":"closed","template":"","meta":[],"product_brand":[],"product_cat":[15],"product_tag":[164,161,168,163,143,169,162,167,65],"class_list":{"0":"post-802","1":"product","2":"type-product","3":"status-publish","4":"has-post-thumbnail","6":"product_cat-large-wedge-pillow","7":"product_tag-detachable-bolster-bed-cushion","8":"product_tag-elevated-headboard-pillow","9":"product_tag-headboard-pillow","10":"product_tag-leg-pillow","11":"product_tag-multifunctional-pillow","12":"product_tag-support-pillow","13":"product_tag-upright-back-pillow","14":"product_tag-wedge-bolster-pillow","15":"product_tag-wedge-pillow","17":"first","18":"instock","19":"shipping-taxable","20":"purchasable","21":"product-type-variable"},"_links":{"self":[{"href":"https:\/\/www.largepillow.com\/hu\/wp-json\/wp\/v2\/product\/802","targetHints":{"allow":["GET"]}}],"collection":[{"href":"https:\/\/www.largepillow.com\/hu\/wp-json\/wp\/v2\/product"}],"about":[{"href":"https:\/\/www.largepillow.com\/hu\/wp-json\/wp\/v2\/types\/product"}],"replies":[{"embeddable":true,"href":"https:\/\/www.largepillow.com\/hu\/wp-json\/wp\/v2\/comments?post=802"}],"wp:featuredmedia":[{"embeddable":true,"href":"https:\/\/www.largepillow.com\/hu\/wp-json\/wp\/v2\/media\/788"}],"wp:attachment":[{"href":"https:\/\/www.largepillow.com\/hu\/wp-json\/wp\/v2\/media?parent=802"}],"wp:term":[{"taxonomy":"product_brand","embeddable":true,"href":"https:\/\/www.largepillow.com\/hu\/wp-json\/wp\/v2\/product_brand?post=802"},{"taxonomy":"product_cat","embeddable":true,"href":"https:\/\/www.largepillow.com\/hu\/wp-json\/wp\/v2\/product_cat?post=802"},{"taxonomy":"product_tag","embeddable":true,"href":"https:\/\/www.largepillow.com\/hu\/wp-json\/wp\/v2\/product_tag?post=802"}],"curies":[{"name":"wp","href":"https:\/\/api.w.org\/{rel}","templated":true}]}}