{"id":8208,"date":"2025-06-12T02:14:34","date_gmt":"2025-06-12T02:14:34","guid":{"rendered":"https:\/\/www.largepillow.com\/product\/boneless-curved-couch-soft-corduroy-sofa-for-living-room"},"modified":"2026-01-21T02:31:12","modified_gmt":"2026-01-21T02:31:12","slug":"csont-nelkuli-ivelt-kanape-puha-kordbarsony-kanape-nappaliba","status":"publish","type":"product","link":"https:\/\/www.largepillow.com\/hu\/product\/boneless-curved-couch-soft-corduroy-sofa-for-living-room\/","title":{"rendered":"Csont n\u00e9lk\u00fcli \u00edves kanap\u00e9 \u2013 Puha kordb\u00e1rsony kanap\u00e9 nappaliba"},"content":{"rendered":"[zc_getpagecontent mb=&#8221;mb_aplus&#8221; apid=&#8221;134&#8243;]\n","protected":false},"excerpt":{"rendered":"<ul>\n<li>\u00cdvelt kialak\u00edt\u00e1s ultrasz\u00e9les k\u00e9nyelemmel: Ez a 85 h\u00fcvelykes (209 cm) hossz\u00fa kanap\u00e9 35 h\u00fcvelyk (99 cm) sz\u00e9les \u00fcl\u0151fel\u00fclettel rendelkezik a maxim\u00e1lis ny\u00fajthat\u00f3 k\u00e9nyelem \u00e9rdek\u00e9ben, amelyet fix hengeres p\u00e1rn\u00e1k t\u00e1masztanak meg az optim\u00e1lis h\u00e1t- \u00e9s kart\u00e1masz \u00e9rdek\u00e9ben. Az eleg\u00e1ns cikkcakk kialak\u00edt\u00e1s z\u00f6kken\u0151mentesen illeszkedik a sarkokba vagy a nyitott terekbe, \u00edgy t\u00f6k\u00e9letes a m\u00e9ly kikapcsol\u00f3d\u00e1shoz \u2013 ak\u00e1r olvas, ak\u00e1r szuny\u00f3k\u00e1l, ak\u00e1r kedvenc m\u0171sorait n\u00e9zi.<\/li>\n<li>Felh\u0151szer\u0171 pl\u00fcss k\u00e9nyelem ortop\u00e9diai megereszked\u00e9sg\u00e1tl\u00f3 t\u00e1maszt\u00e9kkal: A fels\u0151 p\u00e1rn\u00e1k \u00e9s az oldals\u00f3 p\u00e1rn\u00e1k puha PP pamuttal vannak kit\u00f6ltve a felh\u0151szer\u0171, bes\u00fcllyed\u0151 \u00e9rzet \u00e9rdek\u00e9ben. Alatta egy kem\u00e9ny, nagy s\u0171r\u0171s\u00e9g\u0171 habszivacs alap tart\u00f3s, t\u00e1maszt\u00f3 szerkezetet biztos\u00edt, amely megemeli \u00e9s egyenesen tartja a tested \u2013 m\u00e9g \u00f3r\u00e1kig tart\u00f3 pihen\u00e9s ut\u00e1n is.<\/li>\n<li>Ak\u00e1r egy k\u00f6nyvvel kuporodsz \u00f6ssze, ak\u00e1r a telefonodon g\u00f6rgetsz, vagy vas\u00e1rnapi szuny\u00f3k\u00e1l\u00e1st \u00e9lvezel, a kett\u0151s s\u0171r\u0171s\u00e9g\u0171 p\u00e1rna k\u00f6r\u00fcl\u00f6leli a tested, mik\u00f6zben egyenesen tartja a testtart\u00e1sodat.<\/li>\n<li>K\u00f6nnyen tiszt\u00edthat\u00f3 kordb\u00e1rsony anyag: Levehet\u0151, mos\u00f3g\u00e9pben moshat\u00f3 huzatok m\u0171ny\u00falsz\u0151rme puhas\u00e1ggal \u00e9s textur\u00e1lt cs\u00edkos mint\u00e1val. Folt\u00e1ll\u00f3 h\u00e1zi\u00e1llatok\/gyerekek sz\u00e1m\u00e1ra.<\/li>\n<li>\u00c1talak\u00edthat\u00f3 \u00e9s kivehet\u0151 kialak\u00edt\u00e1s: A fels\u0151 \u00e9s az als\u00f3 r\u00e9sz is sz\u00e9tv\u00e1laszthat\u00f3 \u00e9s a padl\u00f3ra fektethet\u0151 a sokoldal\u00fa pihen\u00e9s \u00e9rdek\u00e9ben. Haszn\u00e1lhat\u00f3 padl\u00f3kanap\u00e9k\u00e9nt, nyug\u00e1gyk\u00e9nt, vagy 2 \u00fcl\u0151helyre osztva. Ide\u00e1lis kis lak\u00e1sokba, koll\u00e9giumi szob\u00e1kba, TV-szob\u00e1kba vagy olvas\u00f3sarkokba.<\/li>\n<li>Emberi magass\u00e1g: Az \u00e1tgondoltan megtervezett \u00fcl\u00e9smagass\u00e1g lehet\u0151v\u00e9 teszi a t\u00e9rdek term\u00e9szetes behajl\u00edt\u00e1s\u00e1t \u00e9s a l\u00e1bfejek lapos talajon val\u00f3 pihentet\u00e9s\u00e9t \u2013 ide\u00e1lis a mindennapi pihen\u00e9shez. A k\u00e9toldalas hengeres p\u00e1rn\u00e1k t\u00f6k\u00e9letes h\u00e1t- \u00e9s kart\u00e1maszt biztos\u00edtanak.<\/li>\n<\/ul>","protected":false},"featured_media":8192,"comment_status":"open","ping_status":"closed","template":"","meta":[],"product_brand":[],"product_cat":[228],"product_tag":[],"class_list":{"0":"post-8208","1":"product","2":"type-product","3":"status-publish","4":"has-post-thumbnail","6":"product_cat-cushions","8":"first","9":"instock","10":"sold-individually","11":"shipping-taxable","12":"purchasable","13":"product-type-simple"},"_links":{"self":[{"href":"https:\/\/www.largepillow.com\/hu\/wp-json\/wp\/v2\/product\/8208","targetHints":{"allow":["GET"]}}],"collection":[{"href":"https:\/\/www.largepillow.com\/hu\/wp-json\/wp\/v2\/product"}],"about":[{"href":"https:\/\/www.largepillow.com\/hu\/wp-json\/wp\/v2\/types\/product"}],"replies":[{"embeddable":true,"href":"https:\/\/www.largepillow.com\/hu\/wp-json\/wp\/v2\/comments?post=8208"}],"wp:featuredmedia":[{"embeddable":true,"href":"https:\/\/www.largepillow.com\/hu\/wp-json\/wp\/v2\/media\/8192"}],"wp:attachment":[{"href":"https:\/\/www.largepillow.com\/hu\/wp-json\/wp\/v2\/media?parent=8208"}],"wp:term":[{"taxonomy":"product_brand","embeddable":true,"href":"https:\/\/www.largepillow.com\/hu\/wp-json\/wp\/v2\/product_brand?post=8208"},{"taxonomy":"product_cat","embeddable":true,"href":"https:\/\/www.largepillow.com\/hu\/wp-json\/wp\/v2\/product_cat?post=8208"},{"taxonomy":"product_tag","embeddable":true,"href":"https:\/\/www.largepillow.com\/hu\/wp-json\/wp\/v2\/product_tag?post=8208"}],"curies":[{"name":"wp","href":"https:\/\/api.w.org\/{rel}","templated":true}]}}