{"id":8334,"date":"2025-06-16T02:13:39","date_gmt":"2025-06-16T02:13:39","guid":{"rendered":"https:\/\/www.largepillow.com\/product\/stylish-bedroom-wedge-pillow-with-ergonomic-neck-rest"},"modified":"2025-06-17T02:29:59","modified_gmt":"2025-06-17T02:29:59","slug":"stilusos-haloszobai-ek-alaku-parna-ergonomikus-nyaktamasszal","status":"publish","type":"product","link":"https:\/\/www.largepillow.com\/hu\/product\/stylish-bedroom-wedge-pillow-with-ergonomic-neck-rest","title":{"rendered":"St\u00edlusos h\u00e1l\u00f3szobai \u00e9k alak\u00fa p\u00e1rna ergonomikus nyakt\u00e1masszal"},"content":{"rendered":"[zc_getpagecontent mb=&#8221;mb_aplus&#8221; apid=&#8221;118&#8243;]\n","protected":false},"excerpt":{"rendered":"<ul>\n<li>Innovat\u00edv, k\u00e9tr\u00e9szes kialak\u00edt\u00e1s \u2013 Ez a fejt\u00e1mlap\u00e1rna egyedi kialak\u00edt\u00e1s\u00e1val t\u0171nik ki. A fels\u0151 feh\u00e9r fejt\u00e1mla felh\u0151szer\u0171 mened\u00e9ket ny\u00fajt a fejnek; m\u00edg az als\u00f3, sz\u00e9lesebb k\u00e9k h\u00e1tt\u00e1mla robusztus t\u00e1maszt ny\u00fajt a h\u00e1tnak, ami a funkcionalit\u00e1s \u00e9s a st\u00edlus harmonikus kever\u00e9k\u00e9t hozza el h\u00e1l\u00f3szob\u00e1j\u00e1ba.<\/li>\n<li>V\u00e9gtelen felhaszn\u00e1l\u00e1si lehet\u0151s\u00e9gek \u2013 Ak\u00e1r egy lebilincsel\u0151 reg\u00e9nybe mer\u00fclsz, ak\u00e1r kedvenc m\u0171soraidat n\u00e9zed, vagy egyszer\u0171en csak egy pillanatnyi nyugalomra v\u00e1gysz, ez a p\u00e1rna a t\u00f6k\u00e9letes partnered; Ide\u00e1lis lusta vas\u00e1rnap reggelekhez, d\u00e9lut\u00e1ni szieszt\u00e1khoz vagy k\u00e9s\u0151 esti olvas\u00e1si rohamokhoz, \u00e9s fokozza a relax\u00e1ci\u00f3s \u00e9lm\u00e9nyt az \u00e1gyban.<\/li>\n<li>Mindenki k\u00e9nyelm\u00e9\u00e9rt \u2013 A befogad\u00e1st szem el\u0151tt tartva tervezt\u00fck, p\u00e1rn\u00e1nk mindenki sz\u00e1m\u00e1ra megfelel\u0151. A di\u00e1kok ellazulhatnak a hossz\u00fa tanul\u00e1si id\u0151szakok ut\u00e1n, a szakemberek egy f\u00e1raszt\u00f3 nap ut\u00e1n pihenhetnek, az id\u0151sek pedig extra k\u00e9nyelmet tal\u00e1lhatnak pihen\u00e9s k\u00f6zben; ergonomikus kialak\u00edt\u00e1s\u00e1nak k\u00f6sz\u00f6nhet\u0151en minden koroszt\u00e1ly \u00e9s testalkat\u00fa ember \u00e9lvezheti a kiv\u00e1l\u00f3 tart\u00e1st \u00e9s k\u00e9nyelmet.<\/li>\n<li>Testreszabhat\u00f3 magass\u00e1g el\u0151nye \u2013 A testreszabhat\u00f3 magass\u00e1g funkci\u00f3 mindent megv\u00e1ltoztat. Egy praktikus \u00f6ntapad\u00f3s p\u00e1nttal k\u00f6nnyed\u00e9n be\u00e1ll\u00edthatja a fejt\u00e1mla helyzet\u00e9t. Emelje fel a fokozott nyakt\u00e1masz \u00e9rdek\u00e9ben, vagy engedje le a k\u00e9nyelm\u00e9t a k\u00e9nyelmetlenebb testtart\u00e1s \u00e9rdek\u00e9ben, \u00edgy pontosan az \u00d6n preferenci\u00e1ihoz igaz\u00edthatja a k\u00e9nyelmet.<\/li>\n<li>Kiv\u00e1l\u00f3 anyagmin\u0151s\u00e9g \u2013 Fejt\u00e1mla p\u00e1rn\u00e1nk min\u0151s\u00e9get \u00e9s k\u00e9nyelmet \u00edg\u00e9r. A fejt\u00e1mla PP pamut t\u00f6ltete \u00e9s b\u00e1rsony huzata luxus, b\u0151rbar\u00e1t tapint\u00e1st biztos\u00edt. A h\u00e1tt\u00e1mla PP pamut \u00e9s poli\u00e9szter lenv\u00e1szon huzata l\u00e9g\u00e1tereszt\u0151 \u00e9s tart\u00f3s, \u00edgy hossz\u00fa t\u00e1v\u00fa k\u00e9nyelmet \u00e9s egyszer\u0171 karbantart\u00e1st biztos\u00edt.<\/li>\n<\/ul>","protected":false},"featured_media":8323,"comment_status":"open","ping_status":"closed","template":"","meta":[],"product_brand":[],"product_cat":[228],"product_tag":[],"class_list":{"0":"post-8334","1":"product","2":"type-product","3":"status-publish","4":"has-post-thumbnail","6":"product_cat-cushions","8":"first","9":"instock","10":"sold-individually","11":"shipping-taxable","12":"purchasable","13":"product-type-variable","14":"has-default-attributes"},"_links":{"self":[{"href":"https:\/\/www.largepillow.com\/hu\/wp-json\/wp\/v2\/product\/8334","targetHints":{"allow":["GET"]}}],"collection":[{"href":"https:\/\/www.largepillow.com\/hu\/wp-json\/wp\/v2\/product"}],"about":[{"href":"https:\/\/www.largepillow.com\/hu\/wp-json\/wp\/v2\/types\/product"}],"replies":[{"embeddable":true,"href":"https:\/\/www.largepillow.com\/hu\/wp-json\/wp\/v2\/comments?post=8334"}],"wp:featuredmedia":[{"embeddable":true,"href":"https:\/\/www.largepillow.com\/hu\/wp-json\/wp\/v2\/media\/8323"}],"wp:attachment":[{"href":"https:\/\/www.largepillow.com\/hu\/wp-json\/wp\/v2\/media?parent=8334"}],"wp:term":[{"taxonomy":"product_brand","embeddable":true,"href":"https:\/\/www.largepillow.com\/hu\/wp-json\/wp\/v2\/product_brand?post=8334"},{"taxonomy":"product_cat","embeddable":true,"href":"https:\/\/www.largepillow.com\/hu\/wp-json\/wp\/v2\/product_cat?post=8334"},{"taxonomy":"product_tag","embeddable":true,"href":"https:\/\/www.largepillow.com\/hu\/wp-json\/wp\/v2\/product_tag?post=8334"}],"curies":[{"name":"wp","href":"https:\/\/api.w.org\/{rel}","templated":true}]}}