{"id":8359,"date":"2025-06-16T03:20:34","date_gmt":"2025-06-16T03:20:34","guid":{"rendered":"https:\/\/www.largepillow.com\/product\/unique-relaxing-human-dog-bed-multi-use-anti-anxiety-floor-cushion"},"modified":"2025-06-16T03:40:23","modified_gmt":"2025-06-16T03:40:23","slug":"egyedi-pihenteto-emberi-kutyafekhely-tobbcelu-szorongasoldo-padloparna","status":"publish","type":"product","link":"https:\/\/www.largepillow.com\/hu\/product\/unique-relaxing-human-dog-bed-multi-use-anti-anxiety-floor-cushion\/","title":{"rendered":"Egyedi, pihentet\u0151 kutya-ember fekhely: T\u00f6bbc\u00e9l\u00fa szorong\u00e1sold\u00f3 padl\u00f3p\u00e1rna"},"content":{"rendered":"[zc_getpagecontent mb=&#8221;mb_aplus&#8221; apid=&#8221;137&#8243;]\n","protected":false},"excerpt":{"rendered":"<ul>\n<li><strong>Innovat\u00edv tervez\u00e9s:<\/strong> Tapasztalja meg keret n\u00e9lk\u00fcli, padl\u00f3ra szerelhet\u0151 \u00fcl\u0151alkalmatoss\u00e1gunk k\u00e9nyelm\u00e9t \u00e9s biztons\u00e1g\u00e1t, amely egy meghitt f\u00e9szekk\u00e9nt \u00f6leli k\u00f6r\u00fcl, el\u0151seg\u00edti a pihen\u00e9st \u00e9s enyh\u00edti a szorong\u00e1st. Keret n\u00e9lk\u00fcli kialak\u00edt\u00e1s\u00e1nak k\u00f6sz\u00f6nhet\u0151en csak le kell fek\u00fcdnie erre a padl\u00f3ra, \u00e9s a test\u00e9re kell t\u00e1maszkodnia.<\/li>\n<li><strong>T\u00f6k\u00e9letes \u00d6nnek \u00e9s kedvenc\u00e9nek:<\/strong> Ak\u00e1r egyed\u00fcl, ak\u00e1r sz\u0151r\u00f6s bar\u00e1toddal vagy, ez az emberi kutyafekhely lehet\u0151v\u00e9 teszi mindkett\u0151t\u00f6k sz\u00e1m\u00e1ra, hogy kiny\u00fajt\u00f3zkodjatok \u00e9s k\u00f6zelebb ker\u00fcljetek egym\u00e1shoz, \u00edgy ide\u00e1lis hely a munk\u00e1hoz vagy a kikapcsol\u00f3d\u00e1shoz.<\/li>\n<li><strong>K\u00f6nny\u0171 \u00e9s hordozhat\u00f3:<\/strong> A hagyom\u00e1nyos \u00e1gyakkal vagy kanap\u00e9kkal ellent\u00e9tben ez a padl\u00f3p\u00e1rna hihetetlen\u00fcl k\u00f6nny\u0171, \u00edgy k\u00f6nnyen mozgathat\u00f3 otthon\u00e1ban vagy mag\u00e1val vihet\u0151 utaz\u00e1sokra, biztons\u00e1g\u00e9rzetet ny\u00fajtva, b\u00e1rhov\u00e1 is megy.<\/li>\n<li><strong>St\u00edlusos \u00e9s k\u00e9nyelmes:<\/strong> Trendi, k\u00e9k, narancss\u00e1rga \u00e9s fekete geometrikus mint\u00e1kkal, puha, r\u00f6vid pl\u00fcss b\u00e9l\u00e9ssel ez az embereknek sz\u00e1nt kutyafekhely egyedi st\u00edlust \u00e9s p\u00e1ratlan k\u00e9nyelmet k\u00edn\u00e1l \u00f3r\u00e1kon \u00e1t tart\u00f3 pihen\u00e9shez.<\/li>\n<li><strong>Ide\u00e1lis m\u00e9ret:<\/strong> T\u00e1gas, 132 x 81 cm-es m\u00e9ret\u00e9vel ez a padl\u00f3ra helyezhet\u0151 \u00fcl\u0151garnit\u00fara t\u00f6k\u00e9letes feln\u0151tteknek vagy gyermekeknek 1,68 m\u00e9tern\u00e9l alacsonyabb szem\u00e9lyek sz\u00e1m\u00e1ra, k\u00fcl\u00f6n\u00f6sen a kistermet\u0171 felhaszn\u00e1l\u00f3k k\u00e9nyelm\u00e9t szem el\u0151tt tartva, k\u00e9nyelmes \u00e9s pihentet\u0151 \u00e9lm\u00e9nyt ny\u00fajtva.<\/li>\n<\/ul>","protected":false},"featured_media":8353,"comment_status":"open","ping_status":"closed","template":"","meta":[],"product_brand":[],"product_cat":[228],"product_tag":[],"class_list":{"0":"post-8359","1":"product","2":"type-product","3":"status-publish","4":"has-post-thumbnail","6":"product_cat-cushions","8":"first","9":"instock","10":"shipping-taxable","11":"purchasable","12":"product-type-simple"},"_links":{"self":[{"href":"https:\/\/www.largepillow.com\/hu\/wp-json\/wp\/v2\/product\/8359","targetHints":{"allow":["GET"]}}],"collection":[{"href":"https:\/\/www.largepillow.com\/hu\/wp-json\/wp\/v2\/product"}],"about":[{"href":"https:\/\/www.largepillow.com\/hu\/wp-json\/wp\/v2\/types\/product"}],"replies":[{"embeddable":true,"href":"https:\/\/www.largepillow.com\/hu\/wp-json\/wp\/v2\/comments?post=8359"}],"wp:featuredmedia":[{"embeddable":true,"href":"https:\/\/www.largepillow.com\/hu\/wp-json\/wp\/v2\/media\/8353"}],"wp:attachment":[{"href":"https:\/\/www.largepillow.com\/hu\/wp-json\/wp\/v2\/media?parent=8359"}],"wp:term":[{"taxonomy":"product_brand","embeddable":true,"href":"https:\/\/www.largepillow.com\/hu\/wp-json\/wp\/v2\/product_brand?post=8359"},{"taxonomy":"product_cat","embeddable":true,"href":"https:\/\/www.largepillow.com\/hu\/wp-json\/wp\/v2\/product_cat?post=8359"},{"taxonomy":"product_tag","embeddable":true,"href":"https:\/\/www.largepillow.com\/hu\/wp-json\/wp\/v2\/product_tag?post=8359"}],"curies":[{"name":"wp","href":"https:\/\/api.w.org\/{rel}","templated":true}]}}