{"id":845,"date":"2022-09-17T14:14:51","date_gmt":"2022-09-17T14:14:51","guid":{"rendered":"https:\/\/www.largepillow.com\/product\/wedge-pillow-for-acid-reflux_37_38_39_40_41_42"},"modified":"2024-12-04T12:25:24","modified_gmt":"2024-12-04T12:25:24","slug":"diszparnak-agynak","status":"publish","type":"product","link":"https:\/\/www.largepillow.com\/hu\/product\/decorative-pillows-for-bed","title":{"rendered":"Dekorat\u00edv p\u00e1rn\u00e1k \u00e1gyba"},"content":{"rendered":"<p>K\u00e9nyeztesse mag\u00e1t p\u00e1ratlan k\u00e9nyelemben dekorat\u00edv \u00e1gyp\u00e1rn\u00e1inkkal<\/p>\n<p>V\u00e1ltoztassa meg lefekv\u00e9s el\u0151tti \u00e9lm\u00e9ny\u00e9t az apr\u00f3l\u00e9kosan kidolgozott Dekorat\u00edv \u00e1gyp\u00e1rn\u00e1inkkal, amelyeket \u00fagy tervezt\u00fcnk, hogy n\u00f6velj\u00e9k k\u00e9nyelm\u00e9t \u00e9s pihen\u00e9s\u00e9t.<\/p>\n<p>Maxim\u00e1lis k\u00e9nyelem \u00e9s t\u00e1mogat\u00e1s<\/p>\n<p>P\u00e1rn\u00e1ink \u00edvelt formatervez\u00e9s\u0171ek, amelyek alkalmazkodnak tested k\u00f6rvonalaihoz, p\u00e1ratlan k\u00e9nyelmet biztos\u00edtva. Ak\u00e1r az \u00e1gyban hever\u00e9szel, ak\u00e1r a kanap\u00e9n pihen, vagy a kanap\u00e9n \u00e1lmodozik, a fejt\u00e1ml\u00e1s olvas\u00f3p\u00e1rn\u00e1nk fesz\u00fclts\u00e9gmentesen \u00e9s al\u00e1t\u00e1masztva tart.<\/p>\n<p>Megemelt h\u00e1tt\u00e1mla az optim\u00e1lis t\u00e1mogat\u00e1s\u00e9rt<\/p>\n<p>K\u00e9nyeztesse mag\u00e1t duplasoros megemelt h\u00e1tt\u00e1mla-kialak\u00edt\u00e1sunk luxus\u00e1val, amely szak\u00e9rtelemmel k\u00e9sz\u00fclt, hogy kiv\u00e9teles t\u00e1maszt ny\u00fajtson nyak\u00e1nak \u00e9s h\u00e1t\u00e1nak. Mer\u00fclj bele kedvenc k\u00f6nyvedbe, vagy mer\u00fclj bele egy lebilincsel\u0151 filmbe minden kellemetlens\u00e9g \u00e9s meger\u0151ltet\u00e9s n\u00e9lk\u00fcl.<\/p>\n<p>Sokoldal\u00fa funkcionalit\u00e1s<\/p>\n<p>\u00c9lvezze p\u00e1rn\u00e1nk sokoldal\u00fas\u00e1g\u00e1t h\u00e1rom k\u00fcl\u00f6nb\u00f6z\u0151 felhaszn\u00e1l\u00e1si lehet\u0151s\u00e9ggel. Helyezze f\u00fcgg\u0151legesen h\u00e1tp\u00e1rnak\u00e9nt, t\u00e1masztsa meg \u00e9kp\u00e1rnak\u00e9nt, vagy emelje fel a l\u00e1b\u00e1t a nagyobb k\u00e9nyelem \u00e9rdek\u00e9ben. T\u00f6k\u00e9letes kieg\u00e9sz\u00edt\u0151 a felfriss\u00fcl\u00e9shez \u00e9s a kikapcsol\u00f3d\u00e1shoz.<\/p>\n<p>Pr\u00e9mium kivitelez\u00e9s \u00e9s tart\u00f3ss\u00e1g<\/p>\n<p>A fejt\u00e1mla p\u00e1rn\u00e1ink apr\u00f3l\u00e9kosan kidolgozott, kiv\u00e1l\u00f3 min\u0151s\u00e9g\u0171 v\u00e1szon megjelen\u00e9s\u0171 anyagb\u00f3l k\u00e9sz\u00fcltek, amely 100% poli\u00e9szterb\u0151l \u00e1ll a tart\u00f3ss\u00e1g \u00e9s az egyszer\u0171 karbantart\u00e1s \u00e9rdek\u00e9ben. A k\u00f6rnyezetbar\u00e1t \u00e9s rugalmas poli\u00e9sztersz\u00e1las t\u00f6ltet hosszan tart\u00f3 k\u00e9nyelmet biztos\u00edt. R\u00e1ad\u00e1sul a levehet\u0151 \u00e1gyp\u00e1rna megk\u00f6nny\u00edti a tiszt\u00edt\u00e1st.<\/p>\n<p>K\u00f6nny\u0171 tiszt\u00edt\u00e1s<\/p>\n<p>Fenntartja p\u00e1rn\u00e1ja \u00e9rintetlen \u00e1llapot\u00e1t er\u0151fesz\u00edt\u00e9s n\u00e9lk\u00fcl. A fejt\u00e1mla p\u00e1rnahuzata gombokkal van r\u00f6gz\u00edtve, \u00edgy k\u00f6nnyen le lehet venni. Egyszer\u0171en h\u00fazza ki a huzatot, \u00e9s dobja be a mos\u00f3g\u00e9pbe a gyors friss\u00edt\u00e9s \u00e9rdek\u00e9ben.<\/p>\n<p>Testreszabhat\u00f3 m\u00e9retbe\u00e1ll\u00edt\u00e1sok<\/p>\n<p>V\u00e1lassza ki az \u00e1gy\u00e1nak megfelel\u0151 m\u00e9retet sz\u00e9les v\u00e1laszt\u00e9kunkb\u00f3l:<\/p>\n<p>* 100 cm (hossz 100 x sz\u00e9less\u00e9g 26 x ma 55)<br \/>\n* 120 cm (hossz 120 x sz\u00e9less\u00e9g 26 x ma 55)<br \/>\n* 140 cm (H140 x SZ26 x H55)<br \/>\n* 160 cm (hossz 160 x sz\u00e9less\u00e9g 26 x ma 55)<br \/>\n* 180 cm (hossz 180 x sz\u00e9less\u00e9g 26 x ma 55)<br \/>\n* 200 cm (h 200 x sz\u00e9less\u00e9g 26 x ma 55)<\/p>\n<p>V\u00e1s\u00e1rl\u00f3i besz\u00e1mol\u00f3k<\/p>\n<p>El\u00e9gedett v\u00e1s\u00e1rl\u00f3ink \u00e1radoznak Dekorat\u00edv \u00e1gyp\u00e1rn\u00e1ink kiv\u00e9teles min\u0151s\u00e9g\u00e9r\u0151l:<\/p>\n<p>* \u201eEz a h\u00e1romsz\u00f6g alak\u00fa p\u00e1rna nemcsak k\u00e9nyelmes, hanem nagyon praktikus is. Nagyon \u00f6r\u00fcl\u00f6k neki!\u201d<br \/>\n* \u201eSzeretem a v\u00e1szon anyag\u00e1t. Puha \u00e9s l\u00e9g\u00e1tereszt\u0151, a sz\u00edne pedig gy\u00f6ny\u00f6r\u0171.\u201d<br \/>\n* \u201eEzt a p\u00e1rn\u00e1t az any\u00e1mnak vettem, akinek h\u00e1tf\u00e1j\u00e1sa van. Ez nagy v\u00e1ltoz\u00e1st hozott a k\u00e9nyelm\u00e9t illet\u0151en.\u201d<\/p>\n<p>Engedje \u00e1t mag\u00e1t a t\u00f6k\u00e9letes k\u00e9nyelemnek \u00e9s pihen\u00e9snek Dekorat\u00edv \u00e1gyp\u00e1rn\u00e1inkkal. Rendelje meg saj\u00e1tj\u00e1t m\u00e9g ma, \u00e9s tapasztalja meg azt a p\u00e1ratlan t\u00e1mogat\u00e1st \u00e9s luxust, amelyet meg\u00e9rdemel.<\/p>","protected":false},"excerpt":{"rendered":"<ul>\n<li><strong>Maxim\u00e1lis k\u00e9nyelem:<\/strong> Ez az xl magas\u00edtott fejt\u00e1mla p\u00e1rna \u00edvelt form\u00e1j\u00e1nak k\u00f6sz\u00f6nhet\u0151en kiv\u00e1l\u00f3 k\u00e9nyelmet biztos\u00edt. Ez a fejt\u00e1ml\u00e1s olvas\u00f3p\u00e1rna seg\u00edt abban, hogy fesz\u00fclts\u00e9gmentesen tudjon maradni az \u00e1gyban, a kanap\u00e9n vagy a kanap\u00e9n, amely ide\u00e1lis \u00e9jszakai baglyok, k\u00f6nyvmolyok munk\u00e1j\u00e1hoz \u00e9s az \u00e1gyban val\u00f3 t\u00e9v\u00e9z\u00e9shez.<\/li>\n<li><strong>Magas\u00edtott h\u00e1tt\u00e1mla kialak\u00edt\u00e1sa:<\/strong> \u00c9lvezze a p\u00e1ratlan k\u00e9nyelmet fejt\u00e1mla p\u00e1rn\u00e1nk egyedi, k\u00e9tsoros megemelt h\u00e1tt\u00e1ml\u00e1j\u00e1val. A megemelt h\u00e1tt\u00e1ml\u00e1s fejt\u00e1mla p\u00e1rna kiv\u00e1l\u00f3an t\u00e1masztja meg a nyak\u00e1t \u00e9s a h\u00e1t\u00e1t, \u00edgy t\u00f6k\u00e9letes hely a pihen\u00e9sre \u00e9s az \u00e1gyban val\u00f3 olvas\u00e1sra.<\/li>\n<li><strong>T\u00f6bbfunkci\u00f3s p\u00e1rna:<\/strong> H\u00e1rom k\u00fcl\u00f6nb\u00f6z\u0151 felhaszn\u00e1l\u00e1si m\u00f3ddal p\u00e1rn\u00e1nk minden helyzethez t\u00f6k\u00e9letes. Ak\u00e1r f\u00fcgg\u0151leges h\u00e1tp\u00e1rnak\u00e9nt, ak\u00e1r \u00e9kp\u00e1rnak\u00e9nt vagy l\u00e1bp\u00e1rnak\u00e9nt szeretn\u00e9 haszn\u00e1lni a megemelt al\u00e1t\u00e1maszt\u00e1shoz, ide\u00e1lis kieg\u00e9sz\u00edt\u0151 a k\u00e9nyelmes pihen\u00e9shez \u00e9s kikapcsol\u00f3d\u00e1shoz.<\/li>\n<li><strong>Kiv\u00e1l\u00f3 kivitelez\u00e9s:<\/strong> V\u00e1szon megjelen\u00e9s\u0171 anyagb\u00f3l k\u00e9sz\u00fclt, melynek \u00f6sszet\u00e9tele 100% poli\u00e9szter, fejt\u00e1mla p\u00e1rn\u00e1nk k\u00f6rnyezetbar\u00e1t \u00e9s nagy rugalmass\u00e1g\u00fa poli\u00e9szter sz\u00e1l t\u00f6ltettel van t\u00f6ltve. A levehet\u0151 \u00e1gyp\u00e1rna k\u00f6nnyen moshat\u00f3 mos\u00f3g\u00e9pben, m\u00edg a kis oldalzsebek praktikusabb\u00e1 teszik ezt az am\u00fagy is luxusterm\u00e9ket.<\/li>\n<li><strong>K\u00f6nnyen moshat\u00f3:<\/strong> A fejt\u00e1mla p\u00e1rnahuzata gombokkal r\u00f6gz\u00edthet\u0151 a p\u00e1rna bels\u0151 r\u00e9sz\u00e9hez, \u00e9s egy egyszer\u0171 cipz\u00e1rral k\u00f6nnyen elt\u00e1vol\u00edthat\u00f3. \u00cdgy a tiszt\u00edt\u00e1sa probl\u00e9mamentes. Csak vegye le a huzatot, \u00e9s gyorsan mosson g\u00e9pben, hogy p\u00e1rn\u00e1ja \u00fajszer\u0171 legyen.<\/li>\n<li><strong>M\u00e9ret:<\/strong> 100 cm (H 100 x SZ26 x H55 | 3 oszlopos gomb), 120 cm (H 120 x SZ 26 x M55 | 4 oszlop gomb), 140 cm (H140 x SZ26 x H55 | 4 oszlopos gomb), 160 cm (H 160 x 5 SZ 5 6 x 5 | ), 180 cm (H 180 x SZ 26 x H55 | 6 oszlop gomb), 200 cm (H 200 x SZ 26 x ma 55 | 7 oszlop gomb).<\/li>\n<\/ul>","protected":false},"featured_media":830,"comment_status":"open","ping_status":"closed","template":"","meta":[],"product_brand":[],"product_cat":[15],"product_tag":[145,165,164,161,143,162,65],"class_list":{"0":"post-845","1":"product","2":"type-product","3":"status-publish","4":"has-post-thumbnail","6":"product_cat-large-wedge-pillow","7":"product_tag-decorative-pillow","8":"product_tag-detachable-bolster","9":"product_tag-detachable-bolster-bed-cushion","10":"product_tag-elevated-headboard-pillow","11":"product_tag-multifunctional-pillow","12":"product_tag-upright-back-pillow","13":"product_tag-wedge-pillow","15":"first","16":"instock","17":"featured","18":"shipping-taxable","19":"purchasable","20":"product-type-variable"},"_links":{"self":[{"href":"https:\/\/www.largepillow.com\/hu\/wp-json\/wp\/v2\/product\/845","targetHints":{"allow":["GET"]}}],"collection":[{"href":"https:\/\/www.largepillow.com\/hu\/wp-json\/wp\/v2\/product"}],"about":[{"href":"https:\/\/www.largepillow.com\/hu\/wp-json\/wp\/v2\/types\/product"}],"replies":[{"embeddable":true,"href":"https:\/\/www.largepillow.com\/hu\/wp-json\/wp\/v2\/comments?post=845"}],"wp:featuredmedia":[{"embeddable":true,"href":"https:\/\/www.largepillow.com\/hu\/wp-json\/wp\/v2\/media\/830"}],"wp:attachment":[{"href":"https:\/\/www.largepillow.com\/hu\/wp-json\/wp\/v2\/media?parent=845"}],"wp:term":[{"taxonomy":"product_brand","embeddable":true,"href":"https:\/\/www.largepillow.com\/hu\/wp-json\/wp\/v2\/product_brand?post=845"},{"taxonomy":"product_cat","embeddable":true,"href":"https:\/\/www.largepillow.com\/hu\/wp-json\/wp\/v2\/product_cat?post=845"},{"taxonomy":"product_tag","embeddable":true,"href":"https:\/\/www.largepillow.com\/hu\/wp-json\/wp\/v2\/product_tag?post=845"}],"curies":[{"name":"wp","href":"https:\/\/api.w.org\/{rel}","templated":true}]}}