{"id":866,"date":"2022-09-17T14:44:55","date_gmt":"2022-09-17T14:44:55","guid":{"rendered":"https:\/\/www.largepillow.com\/product\/wedge-pillow-for-acid-reflux_37_38_39_40_41_42_43"},"modified":"2025-04-18T01:36:58","modified_gmt":"2025-04-18T01:36:58","slug":"hatparna-alvashoz","status":"publish","type":"product","link":"https:\/\/www.largepillow.com\/hu\/product\/back-pillow-for-sleeping","title":{"rendered":"H\u00e1ts\u00f3 p\u00e1rna alv\u00e1shoz"},"content":{"rendered":"<p>H\u00e1ts\u00f3 p\u00e1rna alv\u00e1shoz: a t\u00f6k\u00e9letes k\u00e9nyelem<\/p>\n<p>Eleged van abb\u00f3l, hogy k\u00e9nyelmetlen\u00fcl \u00e9rezd magad, amikor megpr\u00f3b\u00e1lsz ellazulni az \u00e1gyban, a kanap\u00e9n, a kanap\u00e9n vagy a kanap\u00e9n? Gyakran azon kapja mag\u00e1t, hogy k\u00e9nyelembe helyezi mag\u00e1t, mik\u00f6zben olvas, t\u00e9v\u00e9zik vagy \u00e1gyban dolgozik? Ha igen, akkor a H\u00e1ts\u00f3 p\u00e1rna alv\u00e1shoz t\u00f6k\u00e9letes kieg\u00e9sz\u00edt\u0151 az \u00d6n sz\u00e1m\u00e1ra!<\/p>\n<p>Ennek a term\u00e9knek az egyik kiemelked\u0151 tulajdons\u00e1ga az \u00edvelt formatervez\u00e9s, amely kiv\u00e1l\u00f3 k\u00e9nyelmet biztos\u00edt. Ez a fejt\u00e1ml\u00e1s olvas\u00f3p\u00e1rna seg\u00edt abban, hogy fesz\u00fclts\u00e9gmentes maradjon, b\u00e1rhol is van. Legyen sz\u00f3 \u00e9jszakai bagolyr\u00f3l, aki szeret k\u00e9s\u0151 estig dolgozni, k\u00f6nyvmolyr\u00f3l, aki szeret az \u00e1gyban olvasni, vagy valaki, aki egyszer\u0171en csak t\u00e9v\u00e9t n\u00e9z az \u00e1gyban, ez a p\u00e1rna betakarja \u00d6nt.<\/p>\n<p>Az alv\u00e1shoz k\u00e9sz\u00fclt h\u00e1tp\u00e1rna m\u00e1sik egyed\u00fcl\u00e1ll\u00f3 tulajdons\u00e1ga a megemelt h\u00e1tt\u00e1mla kialak\u00edt\u00e1sa. K\u00e9tsoros megemelt h\u00e1tt\u00e1ml\u00e1j\u00e1nak k\u00f6sz\u00f6nhet\u0151en ez a p\u00e1rna kiv\u00e1l\u00f3 t\u00e1maszt\u00e1st ny\u00fajt a nyaknak \u00e9s a h\u00e1tnak. \u00cdgy t\u00f6k\u00e9letes kieg\u00e9sz\u00edt\u0151 azok sz\u00e1m\u00e1ra, akik h\u00e1t- vagy nyakf\u00e1jdalmakt\u00f3l szenvednek, vagy b\u00e1rkinek, aki csak pihenni \u00e9s olvasni szeretne az \u00e1gyban.<\/p>\n<p>Az alv\u00f3 h\u00e1tp\u00e1rna t\u00f6bbfunkci\u00f3s kialak\u00edt\u00e1sa egy m\u00e1sik jelent\u0151s \u00e9rt\u00e9kes\u00edt\u00e9si pont. H\u00e1rom k\u00fcl\u00f6nb\u00f6z\u0151 felhaszn\u00e1l\u00e1si m\u00f3dja r\u00e9v\u00e9n ez a p\u00e1rna minden helyzetben t\u00f6k\u00e9letes. Ak\u00e1r f\u00fcgg\u0151leges h\u00e1tp\u00e1rnak\u00e9nt, ak\u00e1r \u00e9kp\u00e1rnak\u00e9nt vagy l\u00e1bp\u00e1rnak\u00e9nt szeretn\u00e9 haszn\u00e1lni a megemelt al\u00e1t\u00e1maszt\u00e1shoz, ide\u00e1lis kieg\u00e9sz\u00edt\u0151 a k\u00e9nyelmes pihen\u00e9shez \u00e9s kikapcsol\u00f3d\u00e1shoz.<\/p>\n<p>Ami a kivitelez\u00e9st illeti, az alv\u00f3 h\u00e1tp\u00e1rna kiv\u00e1l\u00f3 min\u0151s\u00e9g\u0171 anyagokb\u00f3l k\u00e9sz\u00fcl. A v\u00e1szon megjelen\u00e9s\u0171 sz\u00f6vet 100% poli\u00e9szterb\u0151l k\u00e9sz\u00fclt, a p\u00e1rna pedig k\u00f6rnyezetbar\u00e1t \u00e9s nagy rugalmass\u00e1g\u00fa poli\u00e9szter sz\u00e1l t\u00f6ltettel van t\u00f6ltve. Ezenk\u00edv\u00fcl a levehet\u0151 \u00e1gyp\u00e1rna k\u00f6nnyen moshat\u00f3 mos\u00f3g\u00e9pben, m\u00edg a kis oldalzsebek praktikusabb\u00e1 teszik ezt az am\u00fagy is luxusterm\u00e9ket.<\/p>\n<p>Ennek a p\u00e1rn\u00e1nak az egyik legvonz\u00f3bb tulajdons\u00e1ga a k\u00f6nny\u0171 haszn\u00e1lat \u00e9s karbantart\u00e1s. A fejt\u00e1mla p\u00e1rnahuzata gombokkal r\u00f6gz\u00edthet\u0151 a p\u00e1rna bels\u0151 r\u00e9sz\u00e9hez, \u00e9s egy egyszer\u0171 cipz\u00e1rral k\u00f6nnyen elt\u00e1vol\u00edthat\u00f3. Ez probl\u00e9mamentess\u00e9 teszi a tiszt\u00edt\u00e1st. Csak vegye le a huzatot, \u00e9s gyorsan mosson g\u00e9pben, hogy p\u00e1rn\u00e1ja \u00fajszer\u0171 legyen.<\/p>\n<p>Az alv\u00e1shoz k\u00e9sz\u00fclt h\u00e1tp\u00e1rna t\u00f6bbf\u00e9le m\u00e9retben kaphat\u00f3, hogy b\u00e1rmilyen \u00e1gym\u00e9rethez illeszkedjen: 100 cm, 120 cm, 140 cm, 160 cm, 180 cm \u00e9s 200 cm. \u00cdgy k\u00f6nnyen megtal\u00e1lhatja az ig\u00e9nyeinek legink\u00e1bb megfelel\u0151t.<\/p>\n<p>Ahogy egy el\u00e9gedett v\u00e1s\u00e1rl\u00f3 \u00edrja: \u201eEz a p\u00e1rna megv\u00e1ltoztatja a j\u00e1t\u00e9kot! Rengeteg t\u00e1mogat\u00e1st \u00e9s k\u00e9nyelmet k\u00edn\u00e1l, \u00e9s a t\u00f6bbf\u00e9le felhaszn\u00e1l\u00e1si m\u00f3d t\u00f6k\u00e9letess\u00e9 teszi b\u00e1rmilyen helyzethez. Nagyon aj\u00e1nlom mindenkinek, aki szeretn\u00e9 jav\u00edtani az alv\u00e1si \u00e9s relax\u00e1ci\u00f3s \u00e9lm\u00e9nyeit.\u201d<\/p>\n<p>\u00d6sszess\u00e9g\u00e9ben a H\u00e1ts\u00f3 p\u00e1rna alv\u00e1shoz kiv\u00e1l\u00f3 befektet\u00e9s mindazok sz\u00e1m\u00e1ra, akik szeretn\u00e9nek jav\u00edtani k\u00e9nyelm\u00e9n \u00e9s pihen\u00e9s\u00e9n. Kiv\u00e1l\u00f3 min\u0151s\u00e9g\u0171 kivitelez\u00e9s\u00e9nek, t\u00f6bbfunkci\u00f3s kialak\u00edt\u00e1s\u00e1nak, valamint egyszer\u0171 haszn\u00e1lat\u00e1nak \u00e9s karbantart\u00e1s\u00e1nak k\u00f6sz\u00f6nhet\u0151en ez a p\u00e1rna biztosan az elk\u00f6vetkez\u0151 \u00e9vek kedvenc tartoz\u00e9ka lesz.<\/p>","protected":false},"excerpt":{"rendered":"<ul>\n<li><strong>Maxim\u00e1lis k\u00e9nyelem:<\/strong> Ez az xl magas\u00edtott fejt\u00e1mla p\u00e1rna \u00edvelt form\u00e1j\u00e1nak k\u00f6sz\u00f6nhet\u0151en kiv\u00e1l\u00f3 k\u00e9nyelmet biztos\u00edt. Ez a fejt\u00e1ml\u00e1s olvas\u00f3p\u00e1rna seg\u00edt abban, hogy fesz\u00fclts\u00e9gmentesen tudjon maradni az \u00e1gyban, a kanap\u00e9n vagy a kanap\u00e9n, amely ide\u00e1lis \u00e9jszakai baglyok, k\u00f6nyvmolyok munk\u00e1j\u00e1hoz \u00e9s az \u00e1gyban val\u00f3 t\u00e9v\u00e9z\u00e9shez.<\/li>\n<li><strong>Magas\u00edtott h\u00e1tt\u00e1mla kialak\u00edt\u00e1sa:<\/strong> \u00c9lvezze a p\u00e1ratlan k\u00e9nyelmet fejt\u00e1mla p\u00e1rn\u00e1nk egyedi, k\u00e9tsoros megemelt h\u00e1tt\u00e1ml\u00e1j\u00e1val. A megemelt h\u00e1tt\u00e1ml\u00e1s fejt\u00e1mla p\u00e1rna kiv\u00e1l\u00f3an t\u00e1masztja meg a nyak\u00e1t \u00e9s a h\u00e1t\u00e1t, \u00edgy t\u00f6k\u00e9letes hely a pihen\u00e9sre \u00e9s az \u00e1gyban val\u00f3 olvas\u00e1sra.<\/li>\n<li><strong>T\u00f6bbfunkci\u00f3s p\u00e1rna:<\/strong> H\u00e1rom k\u00fcl\u00f6nb\u00f6z\u0151 felhaszn\u00e1l\u00e1si m\u00f3ddal p\u00e1rn\u00e1nk minden helyzethez t\u00f6k\u00e9letes. Ak\u00e1r f\u00fcgg\u0151leges h\u00e1tp\u00e1rnak\u00e9nt, ak\u00e1r \u00e9kp\u00e1rnak\u00e9nt vagy l\u00e1bp\u00e1rnak\u00e9nt szeretn\u00e9 haszn\u00e1lni a megemelt al\u00e1t\u00e1maszt\u00e1shoz, ide\u00e1lis kieg\u00e9sz\u00edt\u0151 a k\u00e9nyelmes pihen\u00e9shez \u00e9s kikapcsol\u00f3d\u00e1shoz.<\/li>\n<li><strong>Kiv\u00e1l\u00f3 kivitelez\u00e9s:<\/strong> V\u00e1szon megjelen\u00e9s\u0171 anyagb\u00f3l k\u00e9sz\u00fclt, melynek \u00f6sszet\u00e9tele 100% poli\u00e9szter, fejt\u00e1mla p\u00e1rn\u00e1nk k\u00f6rnyezetbar\u00e1t \u00e9s nagy rugalmass\u00e1g\u00fa poli\u00e9szter sz\u00e1l t\u00f6ltettel van t\u00f6ltve. A levehet\u0151 \u00e1gyp\u00e1rna k\u00f6nnyen moshat\u00f3 mos\u00f3g\u00e9pben, m\u00edg a kis oldalzsebek praktikusabb\u00e1 teszik ezt az am\u00fagy is luxusterm\u00e9ket.<\/li>\n<li><strong>K\u00f6nnyen moshat\u00f3:<\/strong> A fejt\u00e1mla p\u00e1rnahuzata gombokkal r\u00f6gz\u00edthet\u0151 a p\u00e1rna bels\u0151 r\u00e9sz\u00e9hez, \u00e9s egy egyszer\u0171 cipz\u00e1rral k\u00f6nnyen elt\u00e1vol\u00edthat\u00f3. \u00cdgy a tiszt\u00edt\u00e1sa probl\u00e9mamentes. Csak vegye le a huzatot, \u00e9s gyorsan mosson g\u00e9pben, hogy p\u00e1rn\u00e1ja \u00fajszer\u0171 legyen.<\/li>\n<li><strong>M\u00e9ret:<\/strong> 100 cm (H 100 x SZ26 x H55 | 3 oszlopos gomb), 120 cm (H 120 x SZ 26 x M55 | 4 oszlop gomb), 140 cm (H140 x SZ26 x H55 | 4 oszlopos gomb), 160 cm (H 160 x 5 SZ 5 6 x 5 | ), 180 cm (H 180 x SZ 26 x H55 | 6 oszlop gomb), 200 cm (H 200 x SZ 26 x ma 55 | 7 oszlop gomb).<\/li>\n<\/ul>","protected":false},"featured_media":852,"comment_status":"open","ping_status":"closed","template":"","meta":[],"product_brand":[],"product_cat":[15],"product_tag":[160,66,164,161,163,143,162,65],"class_list":{"0":"post-866","1":"product","2":"type-product","3":"status-publish","4":"has-post-thumbnail","6":"product_cat-large-wedge-pillow","7":"product_tag-back-pillow-for-sleeping","8":"product_tag-back-support-pillow","9":"product_tag-detachable-bolster-bed-cushion","10":"product_tag-elevated-headboard-pillow","11":"product_tag-leg-pillow","12":"product_tag-multifunctional-pillow","13":"product_tag-upright-back-pillow","14":"product_tag-wedge-pillow","16":"first","17":"instock","18":"featured","19":"shipping-taxable","20":"purchasable","21":"product-type-variable"},"_links":{"self":[{"href":"https:\/\/www.largepillow.com\/hu\/wp-json\/wp\/v2\/product\/866","targetHints":{"allow":["GET"]}}],"collection":[{"href":"https:\/\/www.largepillow.com\/hu\/wp-json\/wp\/v2\/product"}],"about":[{"href":"https:\/\/www.largepillow.com\/hu\/wp-json\/wp\/v2\/types\/product"}],"replies":[{"embeddable":true,"href":"https:\/\/www.largepillow.com\/hu\/wp-json\/wp\/v2\/comments?post=866"}],"wp:featuredmedia":[{"embeddable":true,"href":"https:\/\/www.largepillow.com\/hu\/wp-json\/wp\/v2\/media\/852"}],"wp:attachment":[{"href":"https:\/\/www.largepillow.com\/hu\/wp-json\/wp\/v2\/media?parent=866"}],"wp:term":[{"taxonomy":"product_brand","embeddable":true,"href":"https:\/\/www.largepillow.com\/hu\/wp-json\/wp\/v2\/product_brand?post=866"},{"taxonomy":"product_cat","embeddable":true,"href":"https:\/\/www.largepillow.com\/hu\/wp-json\/wp\/v2\/product_cat?post=866"},{"taxonomy":"product_tag","embeddable":true,"href":"https:\/\/www.largepillow.com\/hu\/wp-json\/wp\/v2\/product_tag?post=866"}],"curies":[{"name":"wp","href":"https:\/\/api.w.org\/{rel}","templated":true}]}}