{"id":882,"date":"2022-09-18T07:20:03","date_gmt":"2022-09-18T07:20:03","guid":{"rendered":"https:\/\/www.largepillow.com\/product\/wedge-pillow-for-acid-reflux_37_38_39_40_41_42_43_44"},"modified":"2024-10-03T16:31:35","modified_gmt":"2024-10-03T16:31:35","slug":"hat-parna-agy-olvasas","status":"publish","type":"product","link":"https:\/\/www.largepillow.com\/hu\/product\/back-pillow-for-bed-readding","title":{"rendered":"H\u00e1ts\u00f3 p\u00e1rna \u00e1gyolvas\u00e1shoz"},"content":{"rendered":"<p>Fedezze fel a t\u00f6k\u00e9letes k\u00e9nyelmet a h\u00e1tp\u00e1rn\u00e1val az \u00e1gyban olvas\u00e1shoz: kiv\u00e1l\u00f3 v\u00e1laszt\u00e1s a kikapcsol\u00f3d\u00e1shoz \u00e9s t\u00e1mogat\u00e1shoz<\/p>\n<p>Az otthoni k\u00e9nyelem \u00e9s a h\u00e1l\u00f3szoba-kieg\u00e9sz\u00edt\u0151k ter\u00e9n a Back Pillow for Bed Reading kiemelkedik, mint k\u00f6telez\u0151 darab mindenki sz\u00e1m\u00e1ra, aki pihenni v\u00e1gyik. Legyen sz\u00f3 k\u00e9s\u0151n dolgoz\u00f3 \u00e9jszakai bagolyr\u00f3l, buzg\u00f3 k\u00f6nyvolvas\u00f3r\u00f3l vagy valakir\u0151l, aki szereti az \u00e1gyban t\u00e9v\u00e9zni, ez a p\u00e1rna p\u00e1ratlan k\u00e9nyelmet \u00e9s t\u00e1mogat\u00e1st ny\u00fajt. N\u00e9zz\u00fck meg, mit\u0151l v\u00e1lik ez a fejt\u00e1mla olvas\u00f3p\u00e1rna kiv\u00e1l\u00f3 v\u00e1laszt\u00e1ss\u00e1 az \u00d6n pihen\u00e9si ig\u00e9nyeihez.<\/p>\n<p>Maxim\u00e1lis k\u00e9nyelem \u00edvelt formatervez\u00e9ssel<\/p>\n<p>Ennek az xl magass\u00e1g\u00fa fejt\u00e1mla p\u00e1rn\u00e1nak az egyedi \u00edvelt formatervez\u00e9se \u00fagy lett kialak\u00edtva, hogy k\u00e9nyelmesen tudjon \u00fclni. Szerkezete ide\u00e1lis a fesz\u00fclts\u00e9g kord\u00e1ban tart\u00e1s\u00e1hoz az \u00e1gyon, a kanap\u00e9n, a kanap\u00e9n vagy a kanap\u00e9n. Ez a funkci\u00f3 az \u00e1tgondolt tervez\u00e9sr\u0151l tan\u00faskodik, amelynek c\u00e9lja a t\u00f6k\u00e9letes relax\u00e1ci\u00f3s \u00e9lm\u00e9ny biztos\u00edt\u00e1sa.<\/p>\n<p>Megemelt h\u00e1tt\u00e1mla kialak\u00edt\u00e1s a kiv\u00e1l\u00f3 t\u00e1mogat\u00e1s \u00e9rdek\u00e9ben<\/p>\n<p>Ezt a fejt\u00e1mla p\u00e1rn\u00e1t az innovat\u00edv, k\u00e9tsoros megemelt h\u00e1tt\u00e1mla kialak\u00edt\u00e1sa k\u00fcl\u00f6nb\u00f6zteti meg egym\u00e1st\u00f3l. Ez a kialak\u00edt\u00e1s kiv\u00e1l\u00f3 t\u00e1maszt\u00e1st ny\u00fajt a nyaknak \u00e9s a h\u00e1tnak, t\u00f6k\u00e9letesen illeszkedik teste term\u00e9szetes g\u00f6rb\u00fclet\u00e9hez. Ez t\u00f6bb, mint egy p\u00e1rna; ez egy pihen\u0151hely, ahol p\u00e1ratlan k\u00e9nyelemmel laz\u00edthat, olvashat vagy t\u00e9v\u00e9t n\u00e9zhet az \u00e1gyban.<\/p>\n<p>T\u00f6bbfunkci\u00f3s p\u00e1rna sokoldal\u00fa haszn\u00e1latra<\/p>\n<p>A h\u00e1ts\u00f3 p\u00e1rna \u00e1gyolvas\u00e1shoz nem csak egy p\u00e1rna; ez egy sokoldal\u00fa kieg\u00e9sz\u00edt\u0151, amelyet t\u00f6bbfunkci\u00f3s haszn\u00e1latra terveztek. Ak\u00e1r f\u00fcgg\u0151leges h\u00e1tp\u00e1rnak\u00e9nt, ak\u00e1r \u00e9kp\u00e1rnak\u00e9nt, ak\u00e1r l\u00e1bp\u00e1rnak\u00e9nt a nagyobb k\u00e9nyelem \u00e9rdek\u00e9ben, ez a p\u00e1rna alkalmazkodik az \u00d6n ig\u00e9nyeihez, \u00edgy a relax\u00e1ci\u00f3s rutinja n\u00e9lk\u00fcl\u00f6zhetetlen r\u00e9sz\u00e9v\u00e9 v\u00e1lik.<\/p>\n<p>Kiv\u00e1l\u00f3 kivitelez\u00e9s \u00e9s egyszer\u0171 karbantart\u00e1s<\/p>\n<p>A b\u00e1rsony megjelen\u00e9s\u0171, 100% poli\u00e9szterb\u0151l k\u00e9sz\u00fclt sz\u00f6vetb\u0151l k\u00e9sz\u00fclt fejt\u00e1mla nem csak l\u00e1tv\u00e1nyos, hanem tart\u00f3s is. K\u00f6rnyezetbar\u00e1t \u00e9s nagy rugalmass\u00e1g\u00fa poli\u00e9szter sz\u00e1l t\u00f6ltettel van t\u00f6ltve, \u00edgy biztos\u00edtva a hossz\u00fa t\u00e1v\u00fa k\u00e9nyelmet. A levehet\u0151 \u00e1gyp\u00e1rna k\u00f6nnyen moshat\u00f3 g\u00e9pben, \u00edgy a karbantart\u00e1s gyerekj\u00e1t\u00e9k. A kis oldalzsebek praktikuss\u00e1got adnak, \u00edgy k\u00f6nnyen k\u00e9zn\u00e9l tarthatod a legfontosabb dolgokat.<\/p>\n<p>K\u00f6nny\u0171 tiszt\u00edt\u00e1s cipz\u00e1rral<\/p>\n<p>A probl\u00e9mamentes tiszt\u00edt\u00e1si folyamat egy m\u00e1sik cs\u00facspont. A p\u00e1rnabels\u0151re gombokkal r\u00f6gz\u00edtett p\u00e1rnahuzat egy egyszer\u0171 cipz\u00e1rral k\u00f6nnyen elt\u00e1vol\u00edthat\u00f3. Ezzel a k\u00e9nyelemmel minim\u00e1lis er\u0151fesz\u00edt\u00e9ssel meg\u0151rizheti p\u00e1rn\u00e1j\u00e1nak megjelen\u00e9s\u00e9t \u00e9s frissess\u00e9g\u00e9t.<\/p>\n<p>V\u00e1lassza ki a t\u00f6k\u00e9letes m\u00e9retet<\/p>\n<p>A 100 cm-t\u0151l 200 cm-ig terjed\u0151 m\u00e9retekkel kiv\u00e1laszthatja a hely\u00e9hez t\u00f6k\u00e9letesen ill\u0151t. A k\u00fcl\u00f6nb\u00f6z\u0151 m\u00e9retekhez k\u00fcl\u00f6nb\u00f6z\u0151 gomboszlop konfigur\u00e1ci\u00f3k tartoznak, \u00edgy szem\u00e9lyre szabott eszt\u00e9tikai megjelen\u00e9st biztos\u00edtanak.<\/p>\n<p>\u00dcgyfelek dics\u00e9rete: Val\u00f3di \u00e9lm\u00e9nyek<\/p>\n<p>Az \u00fcgyfelek megosztott\u00e1k tapasztalataikat, kiemelve az \u00e1gyolvas\u00e1shoz k\u00e9sz\u00fclt h\u00e1tp\u00e1rna k\u00e9nyelm\u00e9t, min\u0151s\u00e9g\u00e9t \u00e9s t\u00f6bbfunkci\u00f3s jellemz\u0151it. Sokan megjegyzik, hogyan v\u00e1ltoztatta meg olvas\u00e1si, munka- \u00e9s pihen\u00e9si \u00e9lm\u00e9nyeiket, k\u00fcl\u00f6n\u00f6sen dics\u00e9retet \u00e9rdemel t\u00e1mogat\u00e1s\u00e1\u00e9rt \u00e9s diz\u00e1jneszt\u00e9tik\u00e1j\u00e1\u00e9rt. A \u201eh\u00e1romsz\u00f6g\u0171 h\u00e1tp\u00e1rna\u201d, \u201eb\u00e1rsony\u201d \u00e9s \u201eteve sz\u00edne\u201d kifejez\u00e9sek gyakran szerepelnek az \u00e9rt\u00e9kel\u00e9sekben, hangs\u00falyozva a term\u00e9k n\u00e9pszer\u0171s\u00e9g\u00e9t \u00e9s el\u00e9gedetts\u00e9g\u00e9t a felhaszn\u00e1l\u00f3k k\u00f6r\u00e9ben.<\/p>\n<p>N\u00f6velje k\u00e9nyelm\u00e9t<\/p>\n<p>A h\u00e1ts\u00f3 p\u00e1rna az \u00e1gyban olvas\u00e1shoz t\u00f6bb, mint egy p\u00e1rna; ez egy kapu a fokozott k\u00e9nyelemhez \u00e9s pihen\u00e9shez. Kiemelked\u0151 diz\u00e1jnj\u00e1val, kidolgozotts\u00e1g\u00e1val \u00e9s multifunkcion\u00e1lis haszn\u00e1lat\u00e1val els\u0151rang\u00fa v\u00e1laszt\u00e1s lehet mindazok sz\u00e1m\u00e1ra, akik otthon t\u00f6ltik szabadidej\u00fcket. Tapasztalja meg a t\u00f6k\u00e9letes kikapcsol\u00f3d\u00e1st \u00e9s t\u00e1mogat\u00e1st m\u00e9g ma, \u00e9s alak\u00edtsa \u00e1t a kikapcsol\u00f3d\u00e1st a szem\u00e9lyes t\u00e9rben.<\/p>","protected":false},"excerpt":{"rendered":"<ul>\n<li><strong>Maxim\u00e1lis k\u00e9nyelem:<\/strong> Ez az xl magas\u00edtott fejt\u00e1mla p\u00e1rna \u00edvelt form\u00e1j\u00e1nak k\u00f6sz\u00f6nhet\u0151en kiv\u00e1l\u00f3 k\u00e9nyelmet biztos\u00edt. Ez a fejt\u00e1ml\u00e1s olvas\u00f3p\u00e1rna seg\u00edt abban, hogy fesz\u00fclts\u00e9gmentesen tudjon maradni az \u00e1gyban, a kanap\u00e9n vagy a kanap\u00e9n, amely ide\u00e1lis \u00e9jszakai baglyok, k\u00f6nyvmolyok munk\u00e1j\u00e1hoz \u00e9s az \u00e1gyban val\u00f3 t\u00e9v\u00e9z\u00e9shez.<\/li>\n<li><strong>Magas\u00edtott h\u00e1tt\u00e1mla kialak\u00edt\u00e1sa:<\/strong> \u00c9lvezze a p\u00e1ratlan k\u00e9nyelmet fejt\u00e1mla p\u00e1rn\u00e1nk egyedi, k\u00e9tsoros megemelt h\u00e1tt\u00e1ml\u00e1j\u00e1val. A megemelt h\u00e1tt\u00e1ml\u00e1s fejt\u00e1mla p\u00e1rna kiv\u00e1l\u00f3an megt\u00e1masztja a nyak\u00e1t \u00e9s a h\u00e1t\u00e1t, \u00edgy t\u00f6k\u00e9letes hely az \u00e1gyban val\u00f3 pihen\u00e9shez \u00e9s olvas\u00e1shoz.<\/li>\n<li><strong>T\u00f6bbfunkci\u00f3s p\u00e1rna:<\/strong> H\u00e1rom k\u00fcl\u00f6nb\u00f6z\u0151 felhaszn\u00e1l\u00e1si m\u00f3ddal p\u00e1rn\u00e1nk minden helyzethez t\u00f6k\u00e9letes. Ak\u00e1r f\u00fcgg\u0151leges h\u00e1tp\u00e1rnak\u00e9nt, ak\u00e1r \u00e9kp\u00e1rnak\u00e9nt vagy l\u00e1bp\u00e1rnak\u00e9nt szeretn\u00e9 haszn\u00e1lni a megemelt al\u00e1t\u00e1maszt\u00e1shoz, ide\u00e1lis kieg\u00e9sz\u00edt\u0151 a k\u00e9nyelmes pihen\u00e9shez \u00e9s kikapcsol\u00f3d\u00e1shoz.<\/li>\n<li><strong>Kiv\u00e1l\u00f3 kivitelez\u00e9s:<\/strong> Velvet look anyagb\u00f3l k\u00e9sz\u00fclt, melynek \u00f6sszet\u00e9tele 100% poli\u00e9szter, fejt\u00e1mla p\u00e1rn\u00e1nk k\u00f6rnyezetbar\u00e1t \u00e9s nagy rugalmass\u00e1g\u00fa poli\u00e9szter sz\u00e1l t\u00f6ltettel van t\u00f6ltve. A levehet\u0151 \u00e1gyp\u00e1rna k\u00f6nnyen moshat\u00f3 mos\u00f3g\u00e9pben, m\u00edg a kis oldalzsebek praktikusabb\u00e1 teszik ezt az am\u00fagy is luxusterm\u00e9ket.<\/li>\n<li><strong>K\u00f6nnyen moshat\u00f3:<\/strong> A fejt\u00e1mla p\u00e1rnahuzata gombokkal r\u00f6gz\u00edthet\u0151 a p\u00e1rna bels\u0151 r\u00e9sz\u00e9hez, \u00e9s egy egyszer\u0171 cipz\u00e1rral k\u00f6nnyen elt\u00e1vol\u00edthat\u00f3. \u00cdgy a tiszt\u00edt\u00e1sa probl\u00e9mamentes. Csak vegye le a huzatot, \u00e9s gyorsan mosson g\u00e9pben, hogy p\u00e1rn\u00e1ja \u00fajszer\u0171 legyen.<\/li>\n<li><strong>M\u00e9ret:<\/strong> 100 cm (H 100 x SZ26 x H55 | 3 oszlopos gomb), 120 cm (H 120 x SZ 26 x M55 | 4 oszlop gomb), 140 cm (H140 x SZ26 x H55 | 4 oszlopos gomb), 160 cm (H 160 x 5 SZ 5 6 x 5 | ), 180 cm (H 180 x SZ 26 x H55 | 6 oszlop gomb), 200 cm (H 200 x SZ 26 x ma 55 | 7 oszlop gomb).<\/li>\n<\/ul>","protected":false},"featured_media":873,"comment_status":"open","ping_status":"closed","template":"","meta":[],"product_brand":[],"product_cat":[15],"product_tag":[180,183,181,168,171,143,182,120],"class_list":{"0":"post-882","1":"product","2":"type-product","3":"status-publish","4":"has-post-thumbnail","6":"product_cat-large-wedge-pillow","7":"product_tag-back-pillow","8":"product_tag-bed-reading-pillow","9":"product_tag-elevated-backrest-pillow","10":"product_tag-headboard-pillow","11":"product_tag-large-headboard-cushion","12":"product_tag-multifunctional-pillow","13":"product_tag-triangle-back-pillow","14":"product_tag-velvet-pillow","16":"first","17":"instock","18":"shipping-taxable","19":"purchasable","20":"product-type-variable"},"_links":{"self":[{"href":"https:\/\/www.largepillow.com\/hu\/wp-json\/wp\/v2\/product\/882","targetHints":{"allow":["GET"]}}],"collection":[{"href":"https:\/\/www.largepillow.com\/hu\/wp-json\/wp\/v2\/product"}],"about":[{"href":"https:\/\/www.largepillow.com\/hu\/wp-json\/wp\/v2\/types\/product"}],"replies":[{"embeddable":true,"href":"https:\/\/www.largepillow.com\/hu\/wp-json\/wp\/v2\/comments?post=882"}],"wp:featuredmedia":[{"embeddable":true,"href":"https:\/\/www.largepillow.com\/hu\/wp-json\/wp\/v2\/media\/873"}],"wp:attachment":[{"href":"https:\/\/www.largepillow.com\/hu\/wp-json\/wp\/v2\/media?parent=882"}],"wp:term":[{"taxonomy":"product_brand","embeddable":true,"href":"https:\/\/www.largepillow.com\/hu\/wp-json\/wp\/v2\/product_brand?post=882"},{"taxonomy":"product_cat","embeddable":true,"href":"https:\/\/www.largepillow.com\/hu\/wp-json\/wp\/v2\/product_cat?post=882"},{"taxonomy":"product_tag","embeddable":true,"href":"https:\/\/www.largepillow.com\/hu\/wp-json\/wp\/v2\/product_tag?post=882"}],"curies":[{"name":"wp","href":"https:\/\/api.w.org\/{rel}","templated":true}]}}