{"id":914,"date":"2022-09-18T08:07:44","date_gmt":"2022-09-18T08:07:44","guid":{"rendered":"https:\/\/www.largepillow.com\/product\/wedge-pillow-for-acid-reflux_37_38_39_40_41_42_43_44_45_46"},"modified":"2025-06-12T17:32:43","modified_gmt":"2025-06-12T17:32:43","slug":"parna-az-agyhoz-2","status":"publish","type":"product","link":"https:\/\/www.largepillow.com\/hu\/product\/bolster-pillow-for-bed","title":{"rendered":"\u00c1gyp\u00e1rna"},"content":{"rendered":"<p>A Bolster Pillow For Bed \u2013 t\u00f6k\u00e9letes kieg\u00e9sz\u00edt\u0151 egy kellemes \u00e9jszak\u00e1hoz vagy egy \u00e1gyban hever\u00e9sz\u00e9ssel t\u00f6lt\u00f6tt lust\u00e1lkod\u00f3 naphoz. Ez az extra nagy m\u00e9ret\u0171, megemelt fejt\u00e1mla p\u00e1rna egyed\u00fcl\u00e1ll\u00f3 \u00edvelt form\u00e1j\u00e1nak k\u00f6sz\u00f6nhet\u0151en t\u00f6k\u00e9letes k\u00e9nyelmet biztos\u00edt, \u00e9s lehet\u0151v\u00e9 teszi, hogy fesz\u00fclts\u00e9gmentes maradjon munka, olvas\u00e1s vagy t\u00e9v\u00e9z\u00e9s k\u00f6zben az \u00e1gyban. <\/p>\n<p>A fejt\u00e1mla p\u00e1rna megemelt h\u00e1tt\u00e1ml\u00e1ja kiv\u00e1l\u00f3an t\u00e1masztja a nyakat \u00e9s a h\u00e1tat, \u00edgy t\u00f6k\u00e9letes hely az \u00e1gyban val\u00f3 pihen\u00e9shez \u00e9s olvas\u00e1shoz. A p\u00e1rna minden helyzetre t\u00f6k\u00e9letes, h\u00e1rom k\u00fcl\u00f6nb\u00f6z\u0151 felhaszn\u00e1l\u00e1si m\u00f3ddal. Ak\u00e1r f\u00fcgg\u0151leges h\u00e1tp\u00e1rnak\u00e9nt, ak\u00e1r \u00e9kp\u00e1rnak\u00e9nt, ak\u00e1r l\u00e1bp\u00e1rnak\u00e9nt szeretn\u00e9 haszn\u00e1lni, ez a t\u00f6bbfunkci\u00f3s p\u00e1rna az \u00d6n k\u00e9nyelm\u00e9t szolg\u00e1lja.<\/p>\n<p>A kiv\u00e1l\u00f3 min\u0151s\u00e9g\u0171 b\u00e1rsony megjelen\u00e9s\u0171 anyagb\u00f3l k\u00e9sz\u00fclt, \u00e9s k\u00f6rnyezetbar\u00e1t \u00e9s nagy rugalmass\u00e1g\u00fa poli\u00e9szter sz\u00e1llal t\u00f6ltve a Bolster Pillow For Bed tart\u00f3s \u00e9s tart\u00f3s. A levehet\u0151 \u00e1gyp\u00e1rna k\u00f6nnyen moshat\u00f3 mos\u00f3g\u00e9pben, m\u00edg a kis oldalzsebek praktikusabb\u00e1 teszik ezt az am\u00fagy is luxusterm\u00e9ket.<\/p>\n<p>Hat k\u00fcl\u00f6nb\u00f6z\u0151 m\u00e9retben kaphat\u00f3, 100 cm \u00e9s 200 cm k\u00f6z\u00f6tt, ez a p\u00e1rna t\u00f6k\u00e9letes b\u00e1rmilyen \u00e1gyhoz, kanap\u00e9hoz, kanap\u00e9hoz vagy kanap\u00e9hoz. Kiv\u00e1laszthatja az ig\u00e9nyeinek megfelel\u0151t, ak\u00e1r olvas\u00e1sra, ak\u00e1r munk\u00e1ra, ak\u00e1r csak pihen\u00e9sre szeretn\u00e9 haszn\u00e1lni.<\/p>\n<p>\u00c9s ne csak a szavunkat fogadja. Egy el\u00e9gedett v\u00e1s\u00e1rl\u00f3 \u00edgy nyilatkozott: \u201eEz a p\u00e1rna csod\u00e1latos! Nagyon k\u00e9nyelmes \u00e9s t\u00f6k\u00e9letes a m\u00e9rete. Anyaga puha \u00e9s kellemes, a t\u00f6bb gombnak k\u00f6sz\u00f6nhet\u0151en pedig k\u00f6nnyen tetsz\u00e9s szerint \u00e1ll\u00edthat\u00f3. Mindenk\u00e9ppen meg\u00e9ri a befektet\u00e9st.\u201d<\/p>\n<p>Egy m\u00e1sik boldog v\u00e1s\u00e1rl\u00f3, aki a k\u00e1v\u00e9sz\u00edn\u0171 holland b\u00e1rsony p\u00e1rn\u00e1t v\u00e1s\u00e1rolta, azt mondta: \u201eEz a p\u00e1rna olyan puha \u00e9s k\u00e9nyelmes. T\u00f6k\u00e9letes az \u00e1gyam m\u00e9rete, \u00e9s gy\u00f6ny\u00f6r\u0171 a sz\u00edne. Minden nap haszn\u00e1lom olvas\u00e1sra \u00e9s t\u00e9v\u00e9z\u00e9sre, \u00e9s ez \u00f3ri\u00e1si v\u00e1ltoz\u00e1st hozott a k\u00e9nyelem szintj\u00e9n.\u201d<\/p>\n<p>\u00d6sszefoglalva, a Bolster Pillow For Bed k\u00f6telez\u0151 darab mindenkinek, aki szereti az \u00e1gyban t\u00f6lteni az id\u0151t. Kiv\u00e1l\u00f3 k\u00e9nyelmet, kiv\u00e1l\u00f3 t\u00e1mogat\u00e1st k\u00edn\u00e1l, \u00e9s kiv\u00e1l\u00f3 min\u0151s\u00e9g\u0171 kivitelez\u00e9ssel k\u00e9sz\u00fclt. V\u00e1lassza ki m\u00e9ret\u00e9t \u00e9s sz\u00edn\u00e9t, \u00e9s tapasztalja meg a t\u00f6k\u00e9letes kikapcsol\u00f3d\u00e1st.<\/p>","protected":false},"excerpt":{"rendered":"<ul>\n<li><strong>Maxim\u00e1lis k\u00e9nyelem:<\/strong> Ez az xl magas\u00edtott fejt\u00e1mla p\u00e1rna \u00edvelt form\u00e1j\u00e1nak k\u00f6sz\u00f6nhet\u0151en kiv\u00e1l\u00f3 k\u00e9nyelmet biztos\u00edt. Ez a fejt\u00e1ml\u00e1s olvas\u00f3p\u00e1rna seg\u00edt abban, hogy fesz\u00fclts\u00e9gmentesen tudjon maradni az \u00e1gyban, a kanap\u00e9n vagy a kanap\u00e9n, amely ide\u00e1lis \u00e9jszakai baglyok, k\u00f6nyvmolyok munk\u00e1j\u00e1hoz \u00e9s az \u00e1gyban val\u00f3 t\u00e9v\u00e9z\u00e9shez.<\/li>\n<li><strong>Magas\u00edtott h\u00e1tt\u00e1mla kialak\u00edt\u00e1sa:<\/strong> \u00c9lvezze a p\u00e1ratlan k\u00e9nyelmet fejt\u00e1mla p\u00e1rn\u00e1nk egyedi, k\u00e9tsoros megemelt h\u00e1tt\u00e1ml\u00e1j\u00e1val. A megemelt h\u00e1tt\u00e1ml\u00e1s fejt\u00e1mla p\u00e1rna kiv\u00e1l\u00f3an megt\u00e1masztja a nyak\u00e1t \u00e9s a h\u00e1t\u00e1t, \u00edgy t\u00f6k\u00e9letes hely az \u00e1gyban val\u00f3 pihen\u00e9shez \u00e9s olvas\u00e1shoz.<\/li>\n<li><strong>T\u00f6bbfunkci\u00f3s p\u00e1rna:<\/strong> H\u00e1rom k\u00fcl\u00f6nb\u00f6z\u0151 felhaszn\u00e1l\u00e1si m\u00f3ddal p\u00e1rn\u00e1nk minden helyzethez t\u00f6k\u00e9letes. Ak\u00e1r f\u00fcgg\u0151leges h\u00e1tp\u00e1rnak\u00e9nt, ak\u00e1r \u00e9kp\u00e1rnak\u00e9nt vagy l\u00e1bp\u00e1rnak\u00e9nt szeretn\u00e9 haszn\u00e1lni a megemelt al\u00e1t\u00e1maszt\u00e1shoz, ide\u00e1lis kieg\u00e9sz\u00edt\u0151 a k\u00e9nyelmes pihen\u00e9shez \u00e9s kikapcsol\u00f3d\u00e1shoz.<\/li>\n<li><strong>Kiv\u00e1l\u00f3 kivitelez\u00e9s:<\/strong> Velvet look anyagb\u00f3l k\u00e9sz\u00fclt, melynek \u00f6sszet\u00e9tele 100% poli\u00e9szter, fejt\u00e1mla p\u00e1rn\u00e1nk k\u00f6rnyezetbar\u00e1t \u00e9s nagy rugalmass\u00e1g\u00fa poli\u00e9szter sz\u00e1l t\u00f6ltettel van t\u00f6ltve. A levehet\u0151 \u00e1gyp\u00e1rna k\u00f6nnyen moshat\u00f3 mos\u00f3g\u00e9pben, m\u00edg a kis oldalzsebek praktikusabb\u00e1 teszik ezt az am\u00fagy is luxusterm\u00e9ket.<\/li>\n<li><strong>K\u00f6nnyen moshat\u00f3:<\/strong> A fejt\u00e1mla p\u00e1rnahuzata gombokkal r\u00f6gz\u00edthet\u0151 a p\u00e1rna bels\u0151 r\u00e9sz\u00e9hez, \u00e9s egy egyszer\u0171 cipz\u00e1rral k\u00f6nnyen elt\u00e1vol\u00edthat\u00f3. \u00cdgy a tiszt\u00edt\u00e1sa probl\u00e9mamentes. Csak vegye le a huzatot, \u00e9s gyorsan mosson g\u00e9pben, hogy p\u00e1rn\u00e1ja \u00fajszer\u0171 legyen.<\/li>\n<li><strong>M\u00e9ret:<\/strong> 100 cm (H 100 x SZ26 x H55 | 3 oszlopos gomb), 120 cm (H 120 x SZ 26 x M55 | 4 oszlop gomb), 140 cm (H140 x SZ26 x H55 | 4 oszlopos gomb), 160 cm (H 160 x 5 SZ 5 6 x 5 | ), 180 cm (H 180 x SZ 26 x H55 | 6 oszlop gomb), 200 cm (H 200 x SZ 26 x ma 55 | 7 oszlop gomb).<\/li>\n<\/ul>","protected":false},"featured_media":905,"comment_status":"open","ping_status":"closed","template":"","meta":[],"product_brand":[],"product_cat":[15],"product_tag":[178,164,161,168,179,163,143,162,65],"class_list":{"0":"post-914","1":"product","2":"type-product","3":"status-publish","4":"has-post-thumbnail","6":"product_cat-large-wedge-pillow","7":"product_tag-bolster-pillow-for-bed","8":"product_tag-detachable-bolster-bed-cushion","9":"product_tag-elevated-headboard-pillow","10":"product_tag-headboard-pillow","11":"product_tag-headboard-reading-pillow","12":"product_tag-leg-pillow","13":"product_tag-multifunctional-pillow","14":"product_tag-upright-back-pillow","15":"product_tag-wedge-pillow","17":"first","18":"instock","19":"shipping-taxable","20":"purchasable","21":"product-type-variable"},"_links":{"self":[{"href":"https:\/\/www.largepillow.com\/hu\/wp-json\/wp\/v2\/product\/914","targetHints":{"allow":["GET"]}}],"collection":[{"href":"https:\/\/www.largepillow.com\/hu\/wp-json\/wp\/v2\/product"}],"about":[{"href":"https:\/\/www.largepillow.com\/hu\/wp-json\/wp\/v2\/types\/product"}],"replies":[{"embeddable":true,"href":"https:\/\/www.largepillow.com\/hu\/wp-json\/wp\/v2\/comments?post=914"}],"wp:featuredmedia":[{"embeddable":true,"href":"https:\/\/www.largepillow.com\/hu\/wp-json\/wp\/v2\/media\/905"}],"wp:attachment":[{"href":"https:\/\/www.largepillow.com\/hu\/wp-json\/wp\/v2\/media?parent=914"}],"wp:term":[{"taxonomy":"product_brand","embeddable":true,"href":"https:\/\/www.largepillow.com\/hu\/wp-json\/wp\/v2\/product_brand?post=914"},{"taxonomy":"product_cat","embeddable":true,"href":"https:\/\/www.largepillow.com\/hu\/wp-json\/wp\/v2\/product_cat?post=914"},{"taxonomy":"product_tag","embeddable":true,"href":"https:\/\/www.largepillow.com\/hu\/wp-json\/wp\/v2\/product_tag?post=914"}],"curies":[{"name":"wp","href":"https:\/\/api.w.org\/{rel}","templated":true}]}}