{"id":930,"date":"2022-09-18T08:29:22","date_gmt":"2022-09-18T08:29:22","guid":{"rendered":"https:\/\/www.largepillow.com\/product\/wedge-pillow-for-acid-reflux_37_38_39_40_41_42_43_44_45_46_47"},"modified":"2025-09-16T06:24:36","modified_gmt":"2025-09-16T06:24:36","slug":"agyparna-2","status":"publish","type":"product","link":"https:\/\/www.largepillow.com\/hu\/product\/bed-bolster-cushion","title":{"rendered":"\u00c1gyp\u00e1rna"},"content":{"rendered":"<p>Fedezze fel a v\u00e9gs\u0151 olvas\u00e1si \u00e9s relax\u00e1ci\u00f3s p\u00e1rn\u00e1t \u2013 az \u00e1gyp\u00e1rn\u00e1t<\/p>\n<p>Belef\u00e1radt, hogy meger\u0151lteti a nyak\u00e1t \u00e9s a h\u00e1t\u00e1t olvas\u00e1s vagy t\u00e9v\u00e9z\u00e9s k\u00f6zben az \u00e1gyban? Bemutatjuk a Bed Bolster Cushiont \u2013 egy rendk\u00edv\u00fcl k\u00e9nyelmes p\u00e1rn\u00e1t, amely \u00faj magass\u00e1gokba emeli a pihen\u00e9st. <\/p>\n<p>Ez az 100% poli\u00e9szter b\u00e1rsony anyagb\u00f3l k\u00e9sz\u00fclt \u00e9s rugalmas poli\u00e9szter sz\u00e1lbet\u00e9ttel t\u00f6lt\u00f6tt, nagym\u00e9ret\u0171 fejt\u00e1mla p\u00e1rna pl\u00fcss k\u00e9nyelemben \u00f6leli meg \u00d6nt. Egyed\u00fcl\u00e1ll\u00f3, k\u00e9tsoros megemelt h\u00e1tt\u00e1ml\u00e1ja ergonomikus tart\u00e1st biztos\u00edt fels\u0151test\u00e9nek, \u00edgy k\u00e9nyelmesen, meger\u0151ltet\u00e9s n\u00e9lk\u00fcl \u00fclhet fel az \u00e1gyban. <\/p>\n<p>Az \u00fcgyfelek szeretik, hogy ez a p\u00e1rna sokoldal\u00fa. Haszn\u00e1lhatja f\u00fcgg\u0151legesen, mint egy h\u00e1tt\u00e1mla, ferde, mint egy \u00e9kp\u00e1rna, vagy v\u00edzszintesen, mint egy l\u00e1bp\u00e1rna. T\u00f6k\u00e9letes t\u00f6bbfunkci\u00f3s p\u00e1rna olvas\u00e1shoz, laptopon val\u00f3 munk\u00e1hoz, filmn\u00e9z\u00e9shez vagy csak az \u00e1gyban hever\u00e9sz\u00e9shez. <\/p>\n<p>Ahogy Lily mondja v\u00e9lem\u00e9ny\u00e9ben: \u201eSzeretem ezt az \u00f3ri\u00e1si h\u00e1romsz\u00f6g alak\u00fa p\u00e1rn\u00e1t arra haszn\u00e1lni, hogy kit\u00e1maszkodjak az \u00e1gyban olvas\u00e1s k\u00f6zben. Nagyon puha \u00e9s t\u00e1mogatja a h\u00e1tam. R\u00e9gebben 30 perc olvas\u00e1s ut\u00e1n k\u00e9nyelmetlen\u00fcl \u00e9reztem magam, de ezzel a p\u00e1rn\u00e1val \u00f3r\u00e1kig elb\u00edrok nyak- \u00e9s h\u00e1tf\u00e1j\u00e1s n\u00e9lk\u00fcl.\u201d<\/p>\n<p>A Bed Bolster Cushion k\u00fcl\u00f6nb\u00f6z\u0151 sz\u00e9less\u00e9gekben kaphat\u00f3, 100 cm-t\u0151l 200 cm-ig, \u00edgy megtal\u00e1lhatja az \u00e1gy\u00e1hoz t\u00f6k\u00e9letesen ill\u0151t. K\u00e9nyelmes oldalzsebekkel rendelkezik a telefon, a t\u00e1vir\u00e1ny\u00edt\u00f3, a szem\u00fcveg vagy a k\u00f6nyv t\u00e1rol\u00e1s\u00e1ra. A puha b\u00e1rsony huzat levehet\u0151 \u00e9s mos\u00f3g\u00e9pben moshat\u00f3 a k\u00f6nny\u0171 \u00e1pol\u00e1s \u00e9rdek\u00e9ben.<\/p>\n<p>Ha \u00faj magass\u00e1gokba szeretn\u00e9 emelni a pihen\u00e9st, k\u00e9nyeztesd magad a Bed Bolster Cushion k\u00e9nyelm\u00e9vel. Kiv\u00e1l\u00f3 t\u00e1maszt\u00e9k\u00e1nak \u00e9s alkalmazkod\u00f3 form\u00e1j\u00e1nak k\u00f6sz\u00f6nhet\u0151en t\u00f6k\u00e9letes p\u00e1rn\u00e1v\u00e1 v\u00e1lik az \u00e1gyban val\u00f3 olvas\u00e1shoz, munk\u00e1hoz vagy a kedvenc m\u0171soraid meg\u00e9hez\u00e9shez. Vigyen luxust \u00e9s k\u00e9nyelmet h\u00e1l\u00f3szob\u00e1j\u00e1ba m\u00e9g ma!<\/p>","protected":false},"excerpt":{"rendered":"<ul>\n<li><strong>Maxim\u00e1lis k\u00e9nyelem:<\/strong> Ez az xl magas\u00edtott fejt\u00e1mla p\u00e1rna \u00edvelt form\u00e1j\u00e1nak k\u00f6sz\u00f6nhet\u0151en kiv\u00e1l\u00f3 k\u00e9nyelmet biztos\u00edt. Ez a fejt\u00e1ml\u00e1s olvas\u00f3p\u00e1rna seg\u00edt abban, hogy fesz\u00fclts\u00e9gmentesen tudjon maradni az \u00e1gyban, a kanap\u00e9n vagy a kanap\u00e9n, amely ide\u00e1lis \u00e9jszakai baglyok, k\u00f6nyvmolyok munk\u00e1j\u00e1hoz \u00e9s az \u00e1gyban val\u00f3 t\u00e9v\u00e9z\u00e9shez.<\/li>\n<li><strong>Magas\u00edtott h\u00e1tt\u00e1mla kialak\u00edt\u00e1sa:<\/strong> \u00c9lvezze a p\u00e1ratlan k\u00e9nyelmet fejt\u00e1mla p\u00e1rn\u00e1nk egyedi, k\u00e9tsoros megemelt h\u00e1tt\u00e1ml\u00e1j\u00e1val. A megemelt h\u00e1tt\u00e1ml\u00e1s fejt\u00e1mla p\u00e1rna kiv\u00e1l\u00f3an megt\u00e1masztja a nyak\u00e1t \u00e9s a h\u00e1t\u00e1t, \u00edgy t\u00f6k\u00e9letes hely az \u00e1gyban val\u00f3 pihen\u00e9shez \u00e9s olvas\u00e1shoz.<\/li>\n<li><strong>T\u00f6bbfunkci\u00f3s p\u00e1rna:<\/strong> H\u00e1rom k\u00fcl\u00f6nb\u00f6z\u0151 felhaszn\u00e1l\u00e1si m\u00f3ddal p\u00e1rn\u00e1nk minden helyzethez t\u00f6k\u00e9letes. Ak\u00e1r f\u00fcgg\u0151leges h\u00e1tp\u00e1rnak\u00e9nt, ak\u00e1r \u00e9kp\u00e1rnak\u00e9nt vagy l\u00e1bp\u00e1rnak\u00e9nt szeretn\u00e9 haszn\u00e1lni a megemelt al\u00e1t\u00e1maszt\u00e1shoz, ide\u00e1lis kieg\u00e9sz\u00edt\u0151 a k\u00e9nyelmes pihen\u00e9shez \u00e9s kikapcsol\u00f3d\u00e1shoz.<\/li>\n<li><strong>Kiv\u00e1l\u00f3 kivitelez\u00e9s:<\/strong> Velvet look anyagb\u00f3l k\u00e9sz\u00fclt, melynek \u00f6sszet\u00e9tele 100% poli\u00e9szter, fejt\u00e1mla p\u00e1rn\u00e1nk k\u00f6rnyezetbar\u00e1t \u00e9s nagy rugalmass\u00e1g\u00fa poli\u00e9szter sz\u00e1l t\u00f6ltettel van t\u00f6ltve. A levehet\u0151 \u00e1gyp\u00e1rna k\u00f6nnyen moshat\u00f3 mos\u00f3g\u00e9pben, m\u00edg a kis oldalzsebek praktikusabb\u00e1 teszik ezt az am\u00fagy is luxusterm\u00e9ket.<\/li>\n<li><strong>K\u00f6nnyen moshat\u00f3:<\/strong> A fejt\u00e1mla p\u00e1rnahuzata gombokkal r\u00f6gz\u00edthet\u0151 a p\u00e1rna bels\u0151 r\u00e9sz\u00e9hez, \u00e9s egy egyszer\u0171 cipz\u00e1rral k\u00f6nnyen elt\u00e1vol\u00edthat\u00f3. \u00cdgy a tiszt\u00edt\u00e1sa probl\u00e9mamentes. Csak vegye le a huzatot, \u00e9s gyorsan mosson g\u00e9pben, hogy p\u00e1rn\u00e1ja \u00fajszer\u0171 legyen.<\/li>\n<li><strong>M\u00e9ret:<\/strong> 100 cm (H 100 x SZ26 x H55 | 3 oszlopos gomb), 120 cm (H 120 x SZ 26 x M55 | 4 oszlop gomb), 140 cm (H140 x SZ26 x H55 | 4 oszlopos gomb), 160 cm (H 160 x 5 SZ 5 6 x 5 | ), 180 cm (H 180 x SZ 26 x H55 | 6 oszlop gomb), 200 cm (H 200 x SZ 26 x ma 55 | 7 oszlop gomb).<\/li>\n<\/ul>","protected":false},"featured_media":921,"comment_status":"open","ping_status":"closed","template":"","meta":[],"product_brand":[],"product_cat":[15],"product_tag":[60,174,164,161,177,143,76,176,162,175,120,65],"class_list":{"0":"post-930","1":"product","2":"type-product","3":"status-publish","4":"has-post-thumbnail","6":"product_cat-large-wedge-pillow","7":"product_tag-backrest-pillow","8":"product_tag-bed-bolster-cushion","9":"product_tag-detachable-bolster-bed-cushion","10":"product_tag-elevated-headboard-pillow","11":"product_tag-luxury-pillow","12":"product_tag-multifunctional-pillow","13":"product_tag-neck-support-pillow","14":"product_tag-practical-pillow","15":"product_tag-upright-back-pillow","16":"product_tag-velvet-fabric-pillow","17":"product_tag-velvet-pillow","18":"product_tag-wedge-pillow","20":"first","21":"instock","22":"shipping-taxable","23":"purchasable","24":"product-type-variable"},"_links":{"self":[{"href":"https:\/\/www.largepillow.com\/hu\/wp-json\/wp\/v2\/product\/930","targetHints":{"allow":["GET"]}}],"collection":[{"href":"https:\/\/www.largepillow.com\/hu\/wp-json\/wp\/v2\/product"}],"about":[{"href":"https:\/\/www.largepillow.com\/hu\/wp-json\/wp\/v2\/types\/product"}],"replies":[{"embeddable":true,"href":"https:\/\/www.largepillow.com\/hu\/wp-json\/wp\/v2\/comments?post=930"}],"wp:featuredmedia":[{"embeddable":true,"href":"https:\/\/www.largepillow.com\/hu\/wp-json\/wp\/v2\/media\/921"}],"wp:attachment":[{"href":"https:\/\/www.largepillow.com\/hu\/wp-json\/wp\/v2\/media?parent=930"}],"wp:term":[{"taxonomy":"product_brand","embeddable":true,"href":"https:\/\/www.largepillow.com\/hu\/wp-json\/wp\/v2\/product_brand?post=930"},{"taxonomy":"product_cat","embeddable":true,"href":"https:\/\/www.largepillow.com\/hu\/wp-json\/wp\/v2\/product_cat?post=930"},{"taxonomy":"product_tag","embeddable":true,"href":"https:\/\/www.largepillow.com\/hu\/wp-json\/wp\/v2\/product_tag?post=930"}],"curies":[{"name":"wp","href":"https:\/\/api.w.org\/{rel}","templated":true}]}}