{"id":946,"date":"2022-09-18T08:36:16","date_gmt":"2022-09-18T08:36:16","guid":{"rendered":"https:\/\/www.largepillow.com\/product\/wedge-pillow-for-acid-reflux_37_38_39_40_41_42_43_44_45_46_47_48"},"modified":"2024-10-03T16:31:35","modified_gmt":"2024-10-03T16:31:35","slug":"parna-az-agyhoz","status":"publish","type":"product","link":"https:\/\/www.largepillow.com\/hu\/product\/bolster-cushion-for-bed","title":{"rendered":"\u00c1gyp\u00e1rna"},"content":{"rendered":"<p>Maxim\u00e1lis k\u00e9nyelem \u00e9s t\u00e1mogat\u00e1s: \u00e1gyp\u00e1rna<\/p>\n<p>Eleged van a k\u00e9nyelmetlen \u00e9s nem t\u00e1maszt\u00f3 p\u00e1rn\u00e1kb\u00f3l, amelyek miatt f\u00e1radtnak \u00e9s f\u00e1j\u00f3nak \u00e9rzed magad? Ne keressen tov\u00e1bb, mint a Bolster Cushion for Bed, a megold\u00e1s az \u00f6sszes lefekv\u00e9s el\u0151tti probl\u00e9m\u00e1ra.<\/p>\n<p>P\u00e1ratlan k\u00e9nyelem \u00e9s h\u00e1tt\u00e1masz<\/p>\n<p>Ez a megemelt fejt\u00e1mla p\u00e1rna hajl\u00edtott kialak\u00edt\u00e1s\u00fa, amely illeszkedik az \u00d6n test\u00e9hez, \u00e9s kiv\u00e9teles k\u00e9nyelmet biztos\u00edt. Egyed\u00fcl\u00e1ll\u00f3, k\u00e9tsoros megemelt h\u00e1tt\u00e1ml\u00e1ja p\u00e1ratlan t\u00e1maszt\u00e1st ny\u00fajt a nyaknak \u00e9s a h\u00e1tnak, \u00edgy ide\u00e1lis k\u00f6nyvmolyok, \u00e9jszakai baglyok \u00e9s TV-rajong\u00f3k sz\u00e1m\u00e1ra.<\/p>\n<p>T\u00f6bbfunkci\u00f3s \u00e9s sokoldal\u00fa<\/p>\n<p>H\u00e1rom sokoldal\u00fa felhaszn\u00e1l\u00e1si m\u00f3dja r\u00e9v\u00e9n a Bolster Cushion t\u00f6k\u00e9letes t\u00e1rs minden helyzetben. Haszn\u00e1lja f\u00fcgg\u0151leges h\u00e1tp\u00e1rnak\u00e9nt a k\u00e9nyelmes olvas\u00e1shoz, \u00e9kp\u00e1rnak\u00e9nt a megemelt l\u00e1bt\u00e1maszhoz, vagy l\u00e1bp\u00e1rnak\u00e9nt a nagyobb k\u00e9nyelem \u00e9rdek\u00e9ben.<\/p>\n<p>Kiv\u00e9teles kivitelez\u00e9s \u00e9s anyagok<\/p>\n<p>A luxus Velvet kin\u00e9zet\u0171 sz\u00f6vetb\u0151l (100% poli\u00e9szter) k\u00e9sz\u00fclt Bolster Cushion k\u00f6rnyezetbar\u00e1t poli\u00e9sztersz\u00e1las t\u00f6ltete nagy rugalmass\u00e1got \u00e9s tart\u00e1st biztos\u00edt. Levehet\u0151 \u00e1gyp\u00e1rn\u00e1ja hihetetlen\u00fcl egyszer\u0171v\u00e9 teszi a mos\u00f3g\u00e9pben t\u00f6rt\u00e9n\u0151 mos\u00e1s\u00e1t, a kis oldalzsebek pedig funkcionalit\u00e1st adnak.<\/p>\n<p>K\u00f6nny\u0171 karbantart\u00e1s<\/p>\n<p>A Bolster Cushion karbantart\u00e1sa gyerekj\u00e1t\u00e9k. A fejt\u00e1mla p\u00e1rnahuzata gombokkal r\u00f6gz\u00edthet\u0151, \u00e9s k\u00e9nyelmes cipz\u00e1rral rendelkezik a k\u00f6nny\u0171 elt\u00e1vol\u00edt\u00e1s \u00e9rdek\u00e9ben. Egyszer\u0171en vegye le a fedelet, \u00e9s dobja be a mos\u00f3g\u00e9pbe, hogy felfriss\u00fclj\u00f6n.<\/p>\n<p>T\u00f6bbf\u00e9le m\u00e9retben kaphat\u00f3<\/p>\n<p>T\u00f6bbf\u00e9le m\u00e9ret k\u00f6z\u00fcl v\u00e1laszthat, hogy t\u00f6k\u00e9letesen illeszkedjen az \u00e1gy\u00e1hoz \u00e9s ig\u00e9nyeihez: 100 cm, 120 cm, 140 cm, 160 cm, 180 cm \u00e9s 200 cm.<\/p>\n<p>V\u00e1s\u00e1rl\u00f3i besz\u00e1mol\u00f3k<\/p>\n<p>Ne csak a szavunkat fogadja. \u00cdme, amit az el\u00e9gedett v\u00e1s\u00e1rl\u00f3k mondanak:<\/p>\n<p>\u201eEz a p\u00e1rna teljesen megv\u00e1ltoztatja a j\u00e1t\u00e9kot. Teljesen jav\u00edtotta az alv\u00e1smin\u0151s\u00e9gemet \u00e9s a h\u00e1ttart\u00e1somat.\u201d \u2013 Sarah J.<br \/>\n\u201eMint fal\u00e1nk olvas\u00f3, ez a p\u00e1rna igaz\u00e1n pihentet\u0151 \u00e9lm\u00e9nny\u00e9 tette az elalv\u00e1st. Nagyon k\u00e9nyelmes \u00e9s t\u00e1mogat\u00f3.\u201d \u2013 John F.<br \/>\n\u201eIm\u00e1dom ennek a p\u00e1rn\u00e1nak a sokoldal\u00fas\u00e1g\u00e1t. T\u00f6k\u00e9letes olvas\u00e1shoz, t\u00e9v\u00e9z\u00e9shez vagy ak\u00e1r l\u00e1bt\u00e1masznak is.\u201d \u2013 Mary K.<\/p>\n<p>Fokozza lefekv\u00e9s el\u0151tti rutinj\u00e1t a p\u00e1rn\u00e1val<\/p>\n<p>N\u00f6velje h\u00e1l\u00f3szob\u00e1j\u00e1nak \u00e9lm\u00e9ny\u00e9t a Bolster Cushion for Bed seg\u00edts\u00e9g\u00e9vel. Kiv\u00e9teles k\u00e9nyelme, t\u00e1mogat\u00e1sa, sokoldal\u00fas\u00e1ga \u00e9s egyszer\u0171 karbantart\u00e1sa a pihen\u00e9s \u00e9s felfriss\u00fcl\u00e9s mened\u00e9k\u00e9v\u00e9 var\u00e1zsolja \u00e9jszak\u00e1it.<\/p>","protected":false},"excerpt":{"rendered":"<ul>\n<li><strong>Maxim\u00e1lis k\u00e9nyelem:<\/strong> Ez az xl magas\u00edtott fejt\u00e1mla p\u00e1rna \u00edvelt form\u00e1j\u00e1nak k\u00f6sz\u00f6nhet\u0151en kiv\u00e1l\u00f3 k\u00e9nyelmet biztos\u00edt. Ez a fejt\u00e1ml\u00e1s olvas\u00f3p\u00e1rna seg\u00edt abban, hogy fesz\u00fclts\u00e9gmentesen tudjon maradni az \u00e1gyban, a kanap\u00e9n vagy a kanap\u00e9n, amely ide\u00e1lis \u00e9jszakai baglyok, k\u00f6nyvmolyok munk\u00e1j\u00e1hoz \u00e9s az \u00e1gyban val\u00f3 t\u00e9v\u00e9z\u00e9shez.<\/li>\n<li><strong>Magas\u00edtott h\u00e1tt\u00e1mla kialak\u00edt\u00e1sa:<\/strong> \u00c9lvezze a p\u00e1ratlan k\u00e9nyelmet fejt\u00e1mla p\u00e1rn\u00e1nk egyedi, k\u00e9tsoros megemelt h\u00e1tt\u00e1ml\u00e1j\u00e1val. A megemelt h\u00e1tt\u00e1ml\u00e1s fejt\u00e1mla p\u00e1rna kiv\u00e1l\u00f3an megt\u00e1masztja a nyak\u00e1t \u00e9s a h\u00e1t\u00e1t, \u00edgy t\u00f6k\u00e9letes hely az \u00e1gyban val\u00f3 pihen\u00e9shez \u00e9s olvas\u00e1shoz.<\/li>\n<li><strong>T\u00f6bbfunkci\u00f3s p\u00e1rna:<\/strong> H\u00e1rom k\u00fcl\u00f6nb\u00f6z\u0151 felhaszn\u00e1l\u00e1si m\u00f3ddal p\u00e1rn\u00e1nk minden helyzethez t\u00f6k\u00e9letes. Ak\u00e1r f\u00fcgg\u0151leges h\u00e1tp\u00e1rnak\u00e9nt, ak\u00e1r \u00e9kp\u00e1rnak\u00e9nt vagy l\u00e1bp\u00e1rnak\u00e9nt szeretn\u00e9 haszn\u00e1lni a megemelt al\u00e1t\u00e1maszt\u00e1shoz, ide\u00e1lis kieg\u00e9sz\u00edt\u0151 a k\u00e9nyelmes pihen\u00e9shez \u00e9s kikapcsol\u00f3d\u00e1shoz.<\/li>\n<li><strong>Kiv\u00e1l\u00f3 kivitelez\u00e9s:<\/strong> Velvet look anyagb\u00f3l k\u00e9sz\u00fclt, melynek \u00f6sszet\u00e9tele 100% poli\u00e9szter, fejt\u00e1mla p\u00e1rn\u00e1nk k\u00f6rnyezetbar\u00e1t \u00e9s nagy rugalmass\u00e1g\u00fa poli\u00e9szter sz\u00e1l t\u00f6ltettel van t\u00f6ltve. A levehet\u0151 \u00e1gyp\u00e1rna k\u00f6nnyen moshat\u00f3 mos\u00f3g\u00e9pben, m\u00edg a kis oldalzsebek praktikusabb\u00e1 teszik ezt az am\u00fagy is luxusterm\u00e9ket.<\/li>\n<li><strong>K\u00f6nnyen moshat\u00f3:<\/strong> A fejt\u00e1mla p\u00e1rnahuzata gombokkal r\u00f6gz\u00edthet\u0151 a p\u00e1rna bels\u0151 r\u00e9sz\u00e9hez, \u00e9s egy egyszer\u0171 cipz\u00e1rral k\u00f6nnyen elt\u00e1vol\u00edthat\u00f3. \u00cdgy a tiszt\u00edt\u00e1sa probl\u00e9mamentes. Csak vegye le a huzatot, \u00e9s gyorsan mosson g\u00e9pben, hogy p\u00e1rn\u00e1ja \u00fajszer\u0171 legyen.<\/li>\n<li><strong>M\u00e9ret:<\/strong> 100 cm (H 100 x SZ26 x H55 | 3 oszlopos gomb), 120 cm (H 120 x SZ 26 x M55 | 4 oszlop gomb), 140 cm (H140 x SZ26 x H55 | 4 oszlopos gomb), 160 cm (H 160 x 5 SZ 5 6 x 5 | ), 180 cm (H 180 x SZ 26 x H55 | 6 oszlop gomb), 200 cm (H 200 x SZ 26 x ma 55 | 7 oszlop gomb).<\/li>\n<\/ul>","protected":false},"featured_media":937,"comment_status":"open","ping_status":"closed","template":"","meta":[],"product_brand":[],"product_cat":[15],"product_tag":[108,173,161,168,143,120,65],"class_list":{"0":"post-946","1":"product","2":"type-product","3":"status-publish","4":"has-post-thumbnail","6":"product_cat-large-wedge-pillow","7":"product_tag-bed-cushion","8":"product_tag-bolster-cushion","9":"product_tag-elevated-headboard-pillow","10":"product_tag-headboard-pillow","11":"product_tag-multifunctional-pillow","12":"product_tag-velvet-pillow","13":"product_tag-wedge-pillow","15":"first","16":"instock","17":"shipping-taxable","18":"purchasable","19":"product-type-variable"},"_links":{"self":[{"href":"https:\/\/www.largepillow.com\/hu\/wp-json\/wp\/v2\/product\/946","targetHints":{"allow":["GET"]}}],"collection":[{"href":"https:\/\/www.largepillow.com\/hu\/wp-json\/wp\/v2\/product"}],"about":[{"href":"https:\/\/www.largepillow.com\/hu\/wp-json\/wp\/v2\/types\/product"}],"replies":[{"embeddable":true,"href":"https:\/\/www.largepillow.com\/hu\/wp-json\/wp\/v2\/comments?post=946"}],"wp:featuredmedia":[{"embeddable":true,"href":"https:\/\/www.largepillow.com\/hu\/wp-json\/wp\/v2\/media\/937"}],"wp:attachment":[{"href":"https:\/\/www.largepillow.com\/hu\/wp-json\/wp\/v2\/media?parent=946"}],"wp:term":[{"taxonomy":"product_brand","embeddable":true,"href":"https:\/\/www.largepillow.com\/hu\/wp-json\/wp\/v2\/product_brand?post=946"},{"taxonomy":"product_cat","embeddable":true,"href":"https:\/\/www.largepillow.com\/hu\/wp-json\/wp\/v2\/product_cat?post=946"},{"taxonomy":"product_tag","embeddable":true,"href":"https:\/\/www.largepillow.com\/hu\/wp-json\/wp\/v2\/product_tag?post=946"}],"curies":[{"name":"wp","href":"https:\/\/api.w.org\/{rel}","templated":true}]}}