{"id":962,"date":"2022-09-18T08:44:12","date_gmt":"2022-09-18T08:44:12","guid":{"rendered":"https:\/\/www.largepillow.com\/product\/wedge-pillow-for-acid-reflux_37_38_39_40_41_42_43_44_45_46_47_48_49"},"modified":"2026-01-20T12:03:43","modified_gmt":"2026-01-20T12:03:43","slug":"nagy-tamasztoparna","status":"publish","type":"product","link":"https:\/\/www.largepillow.com\/hu\/product\/large-bolster-cushion\/","title":{"rendered":"Nagy t\u00e1maszt\u00f3p\u00e1rna"},"content":{"rendered":"<p>A t\u00f6k\u00e9letes k\u00e9nyelmet keresi olvas\u00e1s vagy t\u00e9v\u00e9z\u00e9s k\u00f6zben az \u00e1gyban? Ne keressen tov\u00e1bb, mint a nagy t\u00e1maszt\u00f3p\u00e1rn\u00e1nk.<\/p>\n<p>Ez az xl magas\u00edtott fejt\u00e1mla p\u00e1rna \u00edvelt kialak\u00edt\u00e1s\u00fa, amely kiv\u00e1l\u00f3 k\u00e9nyelmet biztos\u00edt a felhaszn\u00e1l\u00f3k sz\u00e1m\u00e1ra. Legyen sz\u00f3 \u00e9jszakai baglyokr\u00f3l, k\u00f6nyvmolyokr\u00f3l, vagy egyszer\u0171en csak pihenni szeretne az \u00e1gyban, ez a p\u00e1rna nagyszer\u0171 m\u00f3dja annak, hogy fesz\u00fclts\u00e9gmentesen tudjon maradni. A megemelt h\u00e1tt\u00e1mla kiv\u00e1l\u00f3 t\u00e1maszt\u00e1st ny\u00fajt a nyaknak \u00e9s a h\u00e1tnak, \u00edgy t\u00f6k\u00e9letes hely az \u00e1gyban val\u00f3 pihen\u00e9shez \u00e9s olvas\u00e1shoz.<\/p>\n<p>P\u00e1rn\u00e1nk t\u00f6bbfunkci\u00f3s, h\u00e1romf\u00e9le felhaszn\u00e1l\u00e1si m\u00f3ddal. Ak\u00e1r f\u00fcgg\u0151leges h\u00e1tp\u00e1rnak\u00e9nt, ak\u00e1r \u00e9kp\u00e1rnak\u00e9nt, ak\u00e1r l\u00e1bp\u00e1rnak\u00e9nt szeretn\u00e9 haszn\u00e1lni a megemelt al\u00e1t\u00e1maszt\u00e1shoz, ide\u00e1lis kieg\u00e9sz\u00edt\u0151 a k\u00e9nyelmes pihen\u00e9shez \u00e9s kikapcsol\u00f3d\u00e1shoz.<\/p>\n<p>B\u00e1rsony megjelen\u00e9s\u0171, 100% poli\u00e9szter anyagb\u00f3l k\u00e9sz\u00fclt fejt\u00e1mla p\u00e1rn\u00e1nk k\u00f6rnyezetbar\u00e1t \u00e9s nagy rugalmass\u00e1g\u00fa poli\u00e9szter sz\u00e1l t\u00f6ltettel van t\u00f6ltve. A levehet\u0151 \u00e1gyp\u00e1rna k\u00f6nnyen moshat\u00f3 mos\u00f3g\u00e9pben, m\u00edg a kis oldalzsebek praktikusabb\u00e1 teszik ezt az am\u00fagy is luxusterm\u00e9ket.<\/p>\n<p>R\u00e1ad\u00e1sul ezt a p\u00e1rn\u00e1t k\u00f6nny\u0171 kimosni, mivel a fejt\u00e1mla p\u00e1rnahuzata gombokkal csatlakozik a p\u00e1rna belsej\u00e9hez, \u00e9s egy egyszer\u0171 cipz\u00e1rral k\u00f6nnyen elt\u00e1vol\u00edthat\u00f3. Csak vegye le a huzatot, \u00e9s gyorsan mosson g\u00e9pben, hogy p\u00e1rn\u00e1ja \u00fajszer\u0171 legyen.<\/p>\n<p>A Large Bolster Cushion k\u00fcl\u00f6nb\u00f6z\u0151 m\u00e9retekben kaphat\u00f3 \u2013 100 cm, 120 cm, 140 cm, 160 cm, 180 cm \u00e9s 200 cm \u2013, \u00edgy kiv\u00e1laszthatja a t\u00f6k\u00e9letes m\u00e9retet az \u00e1gy\u00e1hoz. Fekete sz\u00ednben kaphat\u00f3, \u00edgy minden h\u00e1l\u00f3szoba dekor\u00e1ci\u00f3j\u00e1nak st\u00edlusos kieg\u00e9sz\u00edt\u0151je.<\/p>\n<p>Azok a v\u00e1s\u00e1rl\u00f3k, akik megv\u00e1s\u00e1rolt\u00e1k a Large Bolster p\u00e1rn\u00e1t, rendk\u00edv\u00fcl el\u00e9gedettek a v\u00e1s\u00e1rl\u00e1sukkal. Sokan dics\u00e9rt\u00e9k a p\u00e1rna \u201epuha \u00e9s k\u00e9nyelmes\u201d \u00e9rzet\u00e9t, m\u00edg m\u00e1sok a \u201ekiv\u00e1l\u00f3 min\u0151s\u00e9g\u0171 kivitelez\u00e9st\u201d nyilatkozt\u00e1k. Egy v\u00e1s\u00e1rl\u00f3 m\u00e9g \u00fagy jellemezte, hogy \u201et\u00f6k\u00e9letes p\u00e1rna az \u00e1gyban val\u00f3 olvas\u00e1shoz\u201d.<\/p>\n<p>\u00d6sszess\u00e9g\u00e9ben a Large Bolster p\u00e1rn\u00e1nk n\u00e9lk\u00fcl\u00f6zhetetlen mindenki sz\u00e1m\u00e1ra, aki k\u00e9nyelmet \u00e9s luxust keres olvas\u00e1s vagy t\u00e9v\u00e9z\u00e9s k\u00f6zben az \u00e1gyban. Kiv\u00e1l\u00f3 kivitelez\u00e9s\u00e9nek, k\u00f6nnyen moshat\u00f3 kialak\u00edt\u00e1s\u00e1nak \u00e9s sokoldal\u00fa funkcionalit\u00e1s\u00e1nak k\u00f6sz\u00f6nhet\u0151en ez a p\u00e1rna nagyszer\u0171 befektet\u00e9s mindazok sz\u00e1m\u00e1ra, akik friss\u00edteni szeretn\u00e9k lefekv\u00e9s el\u0151tti rutinjukat.<\/p>","protected":false},"excerpt":{"rendered":"<ul>\n<li><strong>Maxim\u00e1lis k\u00e9nyelem:<\/strong> Ez az xl magas\u00edtott fejt\u00e1mla p\u00e1rna \u00edvelt form\u00e1j\u00e1nak k\u00f6sz\u00f6nhet\u0151en kiv\u00e1l\u00f3 k\u00e9nyelmet biztos\u00edt. Ez a fejt\u00e1ml\u00e1s olvas\u00f3p\u00e1rna seg\u00edt abban, hogy fesz\u00fclts\u00e9gmentesen tudjon maradni az \u00e1gyban, a kanap\u00e9n vagy a kanap\u00e9n, amely ide\u00e1lis \u00e9jszakai baglyok, k\u00f6nyvmolyok munk\u00e1j\u00e1hoz \u00e9s az \u00e1gyban val\u00f3 t\u00e9v\u00e9z\u00e9shez.<\/li>\n<li><strong>Magas\u00edtott h\u00e1tt\u00e1mla kialak\u00edt\u00e1sa:<\/strong> \u00c9lvezze a p\u00e1ratlan k\u00e9nyelmet fejt\u00e1mla p\u00e1rn\u00e1nk egyedi, k\u00e9tsoros megemelt h\u00e1tt\u00e1ml\u00e1j\u00e1val. A megemelt h\u00e1tt\u00e1ml\u00e1s fejt\u00e1mla p\u00e1rna kiv\u00e1l\u00f3an megt\u00e1masztja a nyak\u00e1t \u00e9s a h\u00e1t\u00e1t, \u00edgy t\u00f6k\u00e9letes hely az \u00e1gyban val\u00f3 pihen\u00e9shez \u00e9s olvas\u00e1shoz.<\/li>\n<li><strong>T\u00f6bbfunkci\u00f3s p\u00e1rna:<\/strong> H\u00e1rom k\u00fcl\u00f6nb\u00f6z\u0151 felhaszn\u00e1l\u00e1si m\u00f3ddal p\u00e1rn\u00e1nk minden helyzethez t\u00f6k\u00e9letes. Ak\u00e1r f\u00fcgg\u0151leges h\u00e1tp\u00e1rnak\u00e9nt, ak\u00e1r \u00e9kp\u00e1rnak\u00e9nt vagy l\u00e1bp\u00e1rnak\u00e9nt szeretn\u00e9 haszn\u00e1lni a megemelt al\u00e1t\u00e1maszt\u00e1shoz, ide\u00e1lis kieg\u00e9sz\u00edt\u0151 a k\u00e9nyelmes pihen\u00e9shez \u00e9s kikapcsol\u00f3d\u00e1shoz.<\/li>\n<li><strong>Kiv\u00e1l\u00f3 kivitelez\u00e9s:<\/strong> Velvet look anyagb\u00f3l k\u00e9sz\u00fclt, melynek \u00f6sszet\u00e9tele 100% poli\u00e9szter, fejt\u00e1mla p\u00e1rn\u00e1nk k\u00f6rnyezetbar\u00e1t \u00e9s nagy rugalmass\u00e1g\u00fa poli\u00e9szter sz\u00e1l t\u00f6ltettel van t\u00f6ltve. A levehet\u0151 \u00e1gyp\u00e1rna k\u00f6nnyen moshat\u00f3 mos\u00f3g\u00e9pben, m\u00edg a kis oldalzsebek praktikusabb\u00e1 teszik ezt az am\u00fagy is luxusterm\u00e9ket.<\/li>\n<li><strong>K\u00f6nnyen moshat\u00f3:<\/strong> A fejt\u00e1mla p\u00e1rnahuzata gombokkal r\u00f6gz\u00edthet\u0151 a p\u00e1rna bels\u0151 r\u00e9sz\u00e9hez, \u00e9s egy egyszer\u0171 cipz\u00e1rral k\u00f6nnyen elt\u00e1vol\u00edthat\u00f3. \u00cdgy a tiszt\u00edt\u00e1sa probl\u00e9mamentes. Csak vegye le a huzatot, \u00e9s gyorsan mosson g\u00e9pben, hogy p\u00e1rn\u00e1ja \u00fajszer\u0171 legyen.<\/li>\n<li><strong>M\u00e9ret:<\/strong> 100 cm (H 100 x SZ26 x H55 | 3 oszlopos gomb), 120 cm (H 120 x SZ 26 x M55 | 4 oszlop gomb), 140 cm (H140 x SZ26 x H55 | 4 oszlopos gomb), 160 cm (H 160 x 5 SZ 5 6 x 5 | ), 180 cm (H 180 x SZ 26 x H55 | 6 oszlop gomb), 200 cm (H 200 x SZ 26 x ma 55 | 7 oszlop gomb).<\/li>\n<\/ul>","protected":false},"featured_media":953,"comment_status":"open","ping_status":"closed","template":"","meta":[],"product_brand":[],"product_cat":[15],"product_tag":[108,161,172,143,59,100,162,120,65],"class_list":{"0":"post-962","1":"product","2":"type-product","3":"status-publish","4":"has-post-thumbnail","6":"product_cat-large-wedge-pillow","7":"product_tag-bed-cushion","8":"product_tag-elevated-headboard-pillow","9":"product_tag-large-bolster-cushion","10":"product_tag-multifunctional-pillow","11":"product_tag-reading-pillow","12":"product_tag-sofa-daybed-pillow","13":"product_tag-upright-back-pillow","14":"product_tag-velvet-pillow","15":"product_tag-wedge-pillow","17":"first","18":"instock","19":"shipping-taxable","20":"purchasable","21":"product-type-variable"},"_links":{"self":[{"href":"https:\/\/www.largepillow.com\/hu\/wp-json\/wp\/v2\/product\/962","targetHints":{"allow":["GET"]}}],"collection":[{"href":"https:\/\/www.largepillow.com\/hu\/wp-json\/wp\/v2\/product"}],"about":[{"href":"https:\/\/www.largepillow.com\/hu\/wp-json\/wp\/v2\/types\/product"}],"replies":[{"embeddable":true,"href":"https:\/\/www.largepillow.com\/hu\/wp-json\/wp\/v2\/comments?post=962"}],"wp:featuredmedia":[{"embeddable":true,"href":"https:\/\/www.largepillow.com\/hu\/wp-json\/wp\/v2\/media\/953"}],"wp:attachment":[{"href":"https:\/\/www.largepillow.com\/hu\/wp-json\/wp\/v2\/media?parent=962"}],"wp:term":[{"taxonomy":"product_brand","embeddable":true,"href":"https:\/\/www.largepillow.com\/hu\/wp-json\/wp\/v2\/product_brand?post=962"},{"taxonomy":"product_cat","embeddable":true,"href":"https:\/\/www.largepillow.com\/hu\/wp-json\/wp\/v2\/product_cat?post=962"},{"taxonomy":"product_tag","embeddable":true,"href":"https:\/\/www.largepillow.com\/hu\/wp-json\/wp\/v2\/product_tag?post=962"}],"curies":[{"name":"wp","href":"https:\/\/api.w.org\/{rel}","templated":true}]}}