{"id":97,"date":"2022-09-15T04:01:03","date_gmt":"2022-09-15T04:01:03","guid":{"rendered":"https:\/\/www.largepillow.com\/product\/wedge-bolster-pillow"},"modified":"2026-03-22T07:11:02","modified_gmt":"2026-03-22T07:11:02","slug":"ek-tamasz-parna","status":"publish","type":"product","link":"https:\/\/www.largepillow.com\/hu\/product\/wedge-support-pillow\/","title":{"rendered":"\u00c9kt\u00e1maszt\u00f3 p\u00e1rna"},"content":{"rendered":"<p>A maxim\u00e1lis k\u00e9nyelem \u00e9s t\u00e1mogat\u00e1s: \u00e9kt\u00e1maszt\u00f3 p\u00e1rna<\/p>\n<p>M\u00f3dot keresel a relax\u00e1ci\u00f3 \u00e9s a k\u00e9nyelem fokoz\u00e1s\u00e1ra, ak\u00e1r olvasol, dolgozol vagy t\u00e9v\u00e9zsz az \u00e1gyban? Ne keressen tov\u00e1bb, mint a Wedge Support Pillow! Ez a sokoldal\u00fa p\u00e1rna sz\u00e1mos el\u0151nnyel rendelkezik, \u00edgy minden otthon k\u00f6telez\u0151 darabja.<\/p>\n<p>Kiv\u00e9teles k\u00e9nyelem \u00e9s der\u00e9kt\u00e1masz<\/p>\n<p>A Wedge Support Pillow h\u00e1romsz\u00f6g alak\u00fa alakja t\u00f6k\u00e9letesen illeszkedik a h\u00e1t\u00e1hoz \u00e9s a der\u00e9khoz, kiv\u00e1l\u00f3 der\u00e9kt\u00e1maszt biztos\u00edtva \u00e9s minim\u00e1lisra cs\u00f6kkenti a h\u00e1t als\u00f3 r\u00e9sz\u00e9nek nyom\u00e1s\u00e1t. A pl\u00fcss p\u00e1rn\u00e1z\u00e1s maxim\u00e1lis k\u00e9nyelmet biztos\u00edt, lehet\u0151v\u00e9 t\u00e9ve, hogy \u00f3r\u00e1kon \u00e1t pihenjen \u00e9s \u00e9lvezze tev\u00e9kenys\u00e9geit.<\/p>\n<p>Multifunkcion\u00e1lis kialak\u00edt\u00e1s minden ig\u00e9nyhez<\/p>\n<p>Ez a p\u00e1rna sokoldal\u00fas\u00e1ga t\u00falmutat azon, hogy els\u0151dlegesen fejt\u00e1mlak\u00e9nt haszn\u00e1lj\u00e1k. Haszn\u00e1lhatja \u00e9kp\u00e1rnak\u00e9nt is, hogy tov\u00e1bbi t\u00e1mogat\u00e1st ny\u00fajtson alv\u00e1s k\u00f6zben, vagy l\u00e1bp\u00e1rnak\u00e9nt, hogy enyh\u00edtse a k\u00e9nyelmetlens\u00e9get \u00e9s jav\u00edtsa a kering\u00e9st. Nagyvonal\u00fa m\u00e9rete b\u0151s\u00e9ges helyet biztos\u00edt k\u00e9t szem\u00e9ly sz\u00e1m\u00e1ra, \u00edgy ide\u00e1lis megold\u00e1s p\u00e1rok sz\u00e1m\u00e1ra.<\/p>\n<p>St\u00edlusos \u00e9s funkcion\u00e1lis kieg\u00e9sz\u00edt\u00e9s<\/p>\n<p>A Wedge Support Pillow nem csak k\u00e9nyelmes; az is st\u00edlusos. A kordb\u00e1rsony megjelen\u00e9s\u0171 p\u00e1rnahuzat csipetnyi kifinomults\u00e1got k\u00f6lcs\u00f6n\u00f6z h\u00e1l\u00f3szob\u00e1j\u00e1nak vagy nappalij\u00e1nak. L\u00f6kh\u00e1r\u00edt\u00f3 p\u00e1rnak\u00e9nt vagy kanap\u00e9 h\u00e1tt\u00e1ml\u00e1jak\u00e9nt haszn\u00e1lhat\u00f3, praktikus \u00e9s eszt\u00e9tikus kieg\u00e9sz\u00edt\u0151je b\u00e1rmilyen t\u00e9rnek.<\/p>\n<p>Pr\u00e9mium kivitelez\u00e9s \u00e9s k\u00f6nny\u0171 gondoz\u00e1s<\/p>\n<p>A kiv\u00e1l\u00f3 min\u0151s\u00e9g\u0171 anyagokb\u00f3l k\u00e9sz\u00fclt p\u00e1rn\u00e1t tart\u00f3sra tervezt\u00e9k. A l\u00e9legz\u0151 poli\u00e9szter p\u00e1rnahuzat gondoskodik a k\u00e9nyelemr\u0151l \u00e9s a tart\u00f3ss\u00e1gr\u00f3l, id\u0151vel meg\u0151rzi alakj\u00e1t. A k\u00e9nyelmes oldalzsebek k\u00f6nny\u0171 hozz\u00e1f\u00e9r\u00e9st biztos\u00edtanak telefonj\u00e1hoz vagy k\u00f6nyv\u00e9hez.<\/p>\n<p>K\u00f6nny\u0171 tiszt\u00edt\u00e1s<\/p>\n<p>Az Wedge Support Pillow karbantart\u00e1sa gyerekj\u00e1t\u00e9k. A cipz\u00e1rral z\u00e1r\u00f3d\u00f3, levehet\u0151 p\u00e1rnahuzat megk\u00f6nny\u00edti a mos\u00e1st. Egyszer\u0171en t\u00e1vol\u00edtsa el a huzatot, \u00e9s mos\u00f3g\u00e9pben mossa ki, hogy a p\u00e1rn\u00e1ja friss \u00e9s tiszta legyen.<\/p>\n<p>Kiv\u00e9teles v\u00e1s\u00e1rl\u00f3i v\u00e9lem\u00e9nyek<\/p>\n<p>\u00cdme, amit az el\u00e9gedett v\u00e1s\u00e1rl\u00f3k mondanak a Wedge Support Pillow-r\u00f3l:<\/p>\n<p>\u201eEz a p\u00e1rna olyan, mint egy \u00e1lom! Hihetetlen t\u00e1mogat\u00e1st \u00e9s k\u00e9nyelmet biztos\u00edt. Nagyon aj\u00e1nlom.\u201d<br \/>\n\u201eA kordb\u00e1rsony anyag olyan puha \u00e9s f\u00e9ny\u0171z\u0151. Ez ad egy csipetnyit a h\u00e1l\u00f3szob\u00e1mnak.\u201d<br \/>\n\u201eSoha nem gondoltam volna, hogy egy p\u00e1rna ekkora v\u00e1ltoz\u00e1st hozhat. Ez a legjobb befektet\u00e9sem a k\u00e9nyelem \u00e9rdek\u00e9ben.\u201d<\/p>\n<p>M\u00e9retek minden ig\u00e9nyhez<\/p>\n<p>V\u00e1lasszon a k\u00fcl\u00f6nb\u00f6z\u0151 m\u00e9retek k\u00f6z\u00fcl, hogy megfeleljen egy\u00e9ni ig\u00e9nyeinek:<\/p>\n<p>45 cm, 60 cm, 80 cm, 100 cm, 120 cm, 140 cm, 160 cm, 180 cm, 200 cm<\/p>\n<p>Rendelje meg Wedge Support Pillow p\u00e1rn\u00e1j\u00e1t m\u00e9g ma, \u00e9s tapasztalja meg a t\u00f6k\u00e9letes k\u00e9nyelmet \u00e9s t\u00e1mogat\u00e1st. A relax\u00e1ci\u00f3s id\u0151 soha t\u00f6bb\u00e9 nem lesz ugyanaz!<\/p>","protected":false},"excerpt":{"rendered":"<ul>\n<li><strong>Maxim\u00e1lis k\u00e9nyelem:<\/strong> Ez a fejt\u00e1mla p\u00e1rna kiv\u00e1l\u00f3 k\u00e9nyelmet biztos\u00edt h\u00e1romsz\u00f6g alak\u00fa kialak\u00edt\u00e1s\u00e1nak k\u00f6sz\u00f6nhet\u0151en. Az \u00e1gyt\u00e1masz p\u00e1rna sz\u00e9pen illeszkedik a h\u00e1thoz \u00e9s a der\u00e9khoz, minim\u00e1lisra cs\u00f6kkentve az \u00e1gy\u00e9ki\/h\u00e1tnyom\u00e1st. Ez az \u00e9kolvas\u00f3p\u00e1rna seg\u00edt abban, hogy fesz\u00fclts\u00e9gmentes maradjon az \u00e1gyban vagy a kanap\u00e9n, amely ide\u00e1lis \u00e9jszakai baglyok, k\u00f6nyvmolyok munk\u00e1hoz \u00e9s az \u00e1gyban val\u00f3 t\u00e9v\u00e9z\u00e9shez. Ez az extra nagy p\u00e1rna az egyetlen \u00e9k alak\u00fa fejt\u00e1mla p\u00e1rna, amely k\u00e9t szem\u00e9ly elsz\u00e1ll\u00e1sol\u00e1s\u00e1ra alkalmas.<\/li>\n<li><strong>3 az 1-ben nagy p\u00e1rna:<\/strong> A p\u00e1rn\u00e1t f\u00fcgg\u0151legesen haszn\u00e1lhatja h\u00e1tt\u00e1mla fejt\u00e1mlak\u00e9nt az \u00e1gyban \u00fclve, vagy az \u00e1gyra fektetve haszn\u00e1lhatja nagy \u00e9kp\u00e1rnak\u00e9nt, amikor a h\u00e1tadon vagy az oldaladon alszik, vagy l\u00e1bp\u00e1rnak\u00e9nt a l\u00e1bak megemel\u00e9s\u00e9re. Ha egy nagy fejt\u00e1mla p\u00e1rn\u00e1t szeretne, amely t\u00e1maszt ny\u00fajt \u00d6nnek \u00e9s h\u00e1zast\u00e1rs\u00e1nak is. Ez egy kiv\u00e1l\u00f3 alternat\u00edva.<\/li>\n<li><strong>T\u00f6bbfunkci\u00f3s kialak\u00edt\u00e1s:<\/strong> Vannak, akik a h\u00e1romsz\u00f6g alak\u00fa nagy p\u00e1rn\u00e1t fejt\u00e1mla p\u00e1rnak\u00e9nt, m\u00e1sok l\u00f6kh\u00e1r\u00edt\u00f3 p\u00e1rnak\u00e9nt haszn\u00e1lj\u00e1k, de lehet kanap\u00e9 vagy kanap\u00e9 h\u00e1tt\u00e1mla p\u00e1rna is. St\u00edlusos \u00e9s funkcion\u00e1lis, \u00edgy kiv\u00e1l\u00f3 kieg\u00e9sz\u00edt\u0151je b\u00e1rmely h\u00e1l\u00f3szob\u00e1nak.<\/li>\n<li><strong>Kiv\u00e1l\u00f3 kivitelez\u00e9s:<\/strong> A p\u00e1rnahuzat kordb\u00e1rsony megjelen\u00e9s\u0171, \u00f6sszet\u00e9tele 100% poli\u00e9szter. a fejt\u00e1mla p\u00e1rn\u00e1nk l\u00e9g\u00e1tereszt\u0151 \u00e9s kell\u0151en k\u00e9nyelmes ahhoz, hogy megtartsa form\u00e1j\u00e1t, \u00e9s ne vesz\u00edtse el alakj\u00e1t az id\u0151 m\u00fal\u00e1s\u00e1val. A mindk\u00e9t oldalon tal\u00e1lhat\u00f3 oldalzseb lehet\u0151v\u00e9 teszi a k\u00f6nyv vagy a telefon elcs\u00fasztat\u00e1s\u00e1t.<\/li>\n<li><strong>K\u00f6nnyen moshat\u00f3:<\/strong> Az olvas\u00f3p\u00e1rna huzata gombokkal r\u00f6gz\u00edthet\u0151 a p\u00e1rn\u00e1hoz, egyszer\u0171 cipz\u00e1rral k\u00f6nnyen elt\u00e1vol\u00edthat\u00f3. \u00cdgy a tiszt\u00edt\u00e1sa probl\u00e9mamentes. Csak vegye le a huzatot, \u00e9s gyorsan mosson g\u00e9pben, hogy p\u00e1rn\u00e1ja \u00fajszer\u0171 legyen.<\/li>\n<li><strong>M\u00e9ret:<\/strong> 45 cm (H 45 x SZ 20 x Ma 50 | 0 gomb), 60 cm (H 60 x SZ 20 x Ma 50 | 0 gomb), 80 cm (H 80 x SZ 20 x M 50 | 2 gomb), 100 cm (H 100 x SZ 20 x Ma 50 | 3 gomb), 120 cm ( 120 x 20 x 50 x 4 gomb, 140 cm (140 x 20 x 50 | 4 gomb), 160 cm (160 x 20 x 50 x 5 gomb), 180 cm (180 x 20 x 50 x 6 gomb), 200 x 20 cm W20 x H50 | 7 gomb).<\/li>\n<\/ul>","protected":false},"featured_media":80,"comment_status":"open","ping_status":"closed","template":"","meta":[],"product_brand":[],"product_cat":[15],"product_tag":[205,194,206,218,226,207,132,163,68],"class_list":{"0":"post-97","1":"product","2":"type-product","3":"status-publish","4":"has-post-thumbnail","6":"product_cat-large-wedge-pillow","7":"product_tag-back-support-headboard-pillow","8":"product_tag-blue-pillow","9":"product_tag-bumper-pillow","10":"product_tag-corduroy-pillow","11":"product_tag-couch-backrest-bolster-pillow","12":"product_tag-daybed-backrest-bolster-pillow","13":"product_tag-large-bolster-pillow","14":"product_tag-leg-pillow","15":"product_tag-wedge-reading-pillow","17":"first","18":"instock","19":"featured","20":"shipping-taxable","21":"purchasable","22":"product-type-variable"},"_links":{"self":[{"href":"https:\/\/www.largepillow.com\/hu\/wp-json\/wp\/v2\/product\/97","targetHints":{"allow":["GET"]}}],"collection":[{"href":"https:\/\/www.largepillow.com\/hu\/wp-json\/wp\/v2\/product"}],"about":[{"href":"https:\/\/www.largepillow.com\/hu\/wp-json\/wp\/v2\/types\/product"}],"replies":[{"embeddable":true,"href":"https:\/\/www.largepillow.com\/hu\/wp-json\/wp\/v2\/comments?post=97"}],"wp:featuredmedia":[{"embeddable":true,"href":"https:\/\/www.largepillow.com\/hu\/wp-json\/wp\/v2\/media\/80"}],"wp:attachment":[{"href":"https:\/\/www.largepillow.com\/hu\/wp-json\/wp\/v2\/media?parent=97"}],"wp:term":[{"taxonomy":"product_brand","embeddable":true,"href":"https:\/\/www.largepillow.com\/hu\/wp-json\/wp\/v2\/product_brand?post=97"},{"taxonomy":"product_cat","embeddable":true,"href":"https:\/\/www.largepillow.com\/hu\/wp-json\/wp\/v2\/product_cat?post=97"},{"taxonomy":"product_tag","embeddable":true,"href":"https:\/\/www.largepillow.com\/hu\/wp-json\/wp\/v2\/product_tag?post=97"}],"curies":[{"name":"wp","href":"https:\/\/api.w.org\/{rel}","templated":true}]}}