{"id":978,"date":"2022-09-19T01:52:08","date_gmt":"2022-09-19T01:52:08","guid":{"rendered":"https:\/\/www.largepillow.com\/product\/large-wedge-bolster"},"modified":"2025-09-19T02:31:27","modified_gmt":"2025-09-19T02:31:27","slug":"testtamasz-parna","status":"publish","type":"product","link":"https:\/\/www.largepillow.com\/hu\/product\/body-support-pillow\/","title":{"rendered":"Testt\u00e1masz p\u00e1rna"},"content":{"rendered":"<p>Az Ultimate Body Support P\u00e1rna a k\u00e9nyelem\u00e9rt \u00e9s a st\u00edlus\u00e9rt<\/p>\n<p>K\u00e9nyeztesse mag\u00e1t forradalmi Body Support Pillow p\u00e1rn\u00e1nk p\u00e1ratlan k\u00e9nyelm\u00e9vel \u00e9s t\u00e1mogat\u00e1s\u00e1val. Pr\u00e9mium anyagokkal \u00e9s innovat\u00edv funkci\u00f3kkal szakszer\u0171en megtervezett, sokoldal\u00fa p\u00e1rna \u00e1talak\u00edtja a pihen\u00e9s \u00e9s az alv\u00e1s \u00e9lm\u00e9ny\u00e9t.<\/p>\n<p>T\u00f6k\u00e9letes olvas\u00f3t\u00e1rs:<\/p>\n<p>Menek\u00fclj az irodalom vil\u00e1g\u00e1ba t\u00e9glalap alak\u00fa olvas\u00f3p\u00e1rn\u00e1nkkal. Pl\u00fcss p\u00e1rn\u00e1zata b\u0151s\u00e9ges megt\u00e1maszt\u00e1st biztos\u00edt a h\u00e1tnak, \u00edgy t\u00f6bb \u00f3r\u00e1nyi k\u00e9nyelmes olvas\u00e1st vagy b\u00f6ng\u00e9sz\u00e9st biztos\u00edt a k\u00e9sz\u00fcl\u00e9ken. Ak\u00e1r az \u00e1gyban t\u00e1maszkodik, ak\u00e1r a kanap\u00e9n hever\u00e9szel, ez a p\u00e1rna minden ig\u00e9nyt kiel\u00e9g\u00edt.<\/p>\n<p>Sokoldal\u00fa testp\u00e1rna:<\/p>\n<p>Nagy testp\u00e1rnak\u00e9nt t\u00f6bb poz\u00edci\u00f3t is megv\u00e1ltoztathat. K\u00f6nnyed\u00e9n t\u00e1massza meg h\u00e1t\u00e1t, v\u00e1ll\u00e1t, gyomr\u00e1t, l\u00e1b\u00e1t \u00e9s gerinc\u00e9t. A rugalmas mikro-poli\u00e9szter sz\u00e1lbet\u00e9t illeszkedik az \u00d6n test\u00e9hez, testreszabott k\u00e9nyelmet \u00e9s relax\u00e1ci\u00f3t biztos\u00edt.<\/p>\n<p>Pr\u00e9mium min\u0151s\u00e9g \u00e9s diz\u00e1jn:<\/p>\n<p>Olvas\u00f3p\u00e1rn\u00e1nk apr\u00f3l\u00e9kosan kidolgozott, kiv\u00e1l\u00f3 min\u0151s\u00e9g\u0171 anyagokb\u00f3l. A h\u00e1romdimenzi\u00f3s cs\u00edkok, az eleg\u00e1ns gombcsom\u00f3k \u00e9s a teljesen szegett \u00e9lek megk\u00fcl\u00f6nb\u00f6ztetik a k\u00f6z\u00f6ns\u00e9ges p\u00e1rn\u00e1kt\u00f3l. A rugalmas sz\u00e1lbet\u00e9t meg\u0151rzi t\u00e1maszt\u00f3 alakj\u00e1t, kiv\u00e9teles hossz\u00fa \u00e9lettartamot \u00e9s tart\u00f3ss\u00e1got k\u00edn\u00e1lva.<\/p>\n<p>Gy\u00f6ny\u00f6r\u0171 h\u00e1l\u00f3szoba dekor\u00e1ci\u00f3:<\/p>\n<p>Alak\u00edtsa \u00e1t h\u00e1l\u00f3szob\u00e1j\u00e1t szent\u00e9lyt\u00e9 ezzel a gy\u00f6ny\u00f6r\u0171 \u00e9jjeli p\u00e1rn\u00e1val. Eleg\u00e1ns kialak\u00edt\u00e1sa h\u00edvogat\u00f3 hat\u00e1st k\u00f6lcs\u00f6n\u00f6z minden t\u00e9rnek, kieg\u00e9sz\u00edtve a k\u00fcl\u00f6nb\u00f6z\u0151 dekorst\u00edlusokat. Haszn\u00e1lja fejt\u00e1mlak\u00e9nt vagy st\u00edlusos kieg\u00e9sz\u00edt\u0151jek\u00e9nt kanap\u00e9ja vagy kanap\u00e9ja sz\u00e1m\u00e1ra.<\/p>\n<p>K\u00f6nny\u0171 karbantart\u00e1s:<\/p>\n<p>A levehet\u0151 der\u00e9kp\u00e1rna huzat megk\u00f6nny\u00edti a tiszt\u00edt\u00e1st. Egyszer\u0171en h\u00fazza ki \u00e9s nyissa ki a gombokat a huzat elt\u00e1vol\u00edt\u00e1s\u00e1hoz \u00e9s a g\u00e9pi mos\u00e1shoz. P\u00e1rn\u00e1d mindig friss \u00e9s h\u00edvogat\u00f3 marad.<\/p>\n<p>V\u00e1s\u00e1rl\u00f3i besz\u00e1mol\u00f3k:<\/p>\n<p>&quot;Ez a p\u00e1rna a legjobb! Nagyon k\u00e9nyelmes vele olvasni, \u00e9s szeretem, hogy t\u00f6bbf\u00e9le poz\u00edci\u00f3ban is tudom haszn\u00e1lni. Hat\u00e1rozottan jav\u00edtott az alv\u00e1smin\u0151s\u00e9gemen.\u201d \u2013 Sarah J.<\/p>\n<p>\u201eLeny\u0171g\u00f6z\u00f6tt ennek a p\u00e1rn\u00e1nak a min\u0151s\u00e9ge. Az anyaga puha, a varr\u00e1sa gy\u00f6ny\u00f6r\u0171. T\u00f6k\u00e9letesen kieg\u00e9sz\u00edti a h\u00e1l\u00f3szob\u00e1m dekor\u00e1ci\u00f3j\u00e1t.\u201d \u2013 Jessica K.<\/p>\n<p>M\u00e9retek \u00e9s specifik\u00e1ci\u00f3k:<\/p>\n<p>Testt\u00e1maszt\u00f3 p\u00e1rn\u00e1nk t\u00f6bbf\u00e9le m\u00e9retben kaphat\u00f3, hogy megfeleljen az \u00d6n ig\u00e9nyeinek:<\/p>\n<p>* 100x50x8 cm<br \/>\n* 120x50x8 cm<br \/>\n* 140x50x8 cm<br \/>\n* 160x50x8 cm<br \/>\n* 180x50x8 cm<br \/>\n* 200x50x8cm<\/p>\n<p>Anyaga: poli\u00e9szter \u00e9s v\u00e1szon kever\u00e9k<\/p>\n<p>Tapasztalja meg a t\u00f6k\u00e9letes k\u00e9nyelmet \u00e9s t\u00e1mogat\u00e1st testt\u00e1maszt\u00f3 p\u00e1rn\u00e1nkkal. Rendelje meg m\u00e9g ma, \u00e9s emelje \u00faj magass\u00e1gokba pihen\u00e9s\u00e9t \u00e9s alv\u00e1s\u00e1t!<\/p>","protected":false},"excerpt":{"rendered":"<ul>\n<li><strong>T\u00d6K\u00c9LETES OLVAS\u00d3P\u00c1RNA:<\/strong> A t\u00e9glalap alak\u00fa p\u00e1rn\u00e1val ez a k\u00e9nyelmes \u00e1gy melletti olvas\u00f3p\u00e1rna t\u00f6k\u00e9letesen puha h\u00e1tt\u00e1maszt ny\u00fajt, mint der\u00e9kp\u00e1rna, amikor fel\u00fcl az \u00e1gyra olvas\u00e1shoz, t\u00e9v\u00e9n\u00e9z\u00e9shez, telefon\u00e1l\u00e1shoz, t\u00e1blag\u00e9pez\u00e9shez, videoj\u00e1t\u00e9kokhoz, j\u00f3g\u00e1z\u00e1shoz, szoptat\u00e1shoz \u00e9s pihen\u00e9shez. m\u0171t\u00e9t ut\u00e1n.<\/li>\n<li><strong>K\u00c9NYELMES TESTP\u00c1RNA:<\/strong> Nagy testp\u00e1rnak\u00e9nt helyettes\u00edti az \u00f6sszes norm\u00e1l \u00e1gynyugalmat vagy der\u00e9kt\u00e1ji p\u00e1rn\u00e1t, t\u00f6bb poz\u00edci\u00f3t hoz l\u00e9tre pozicion\u00e1l\u00f3 p\u00e1rnak\u00e9nt, amely al\u00e1t\u00e1masztja a h\u00e1tat, a v\u00e1llat, a gerincet, a gyomrot, a l\u00e1bakat, \u00e9s lehet\u0151v\u00e9 teszi az izmok ellazul\u00e1s\u00e1t. El\u0151seg\u00edti minden alv\u00f3 gerinc\u00e9nek kiegyenl\u00edt\u00e9s\u00e9t, ak\u00e1r k\u00e1rpitozott \u00e1gyt\u00e1mla p\u00e1rn\u00e1ra, ak\u00e1r nagy h\u00e1tt\u00e1mla p\u00e1rn\u00e1ra van sz\u00fcks\u00e9ge, ha csak t\u00f6bb vagy kevesebb padl\u00e1sra van sz\u00fcks\u00e9ge. Haszn\u00e1lhatja terhess\u00e9gi p\u00e1rnak\u00e9nt is, amely k\u00fcl\u00f6nb\u00f6z\u0151 testr\u00e9szek t\u00e1maszt\u00e1s\u00e1t ny\u00fajtja \u00e9s enyh\u00edti a terhes f\u00e1jdalmakat.<\/li>\n<li><strong>EREDETI KIV\u00c1L\u00d3 MIN\u0150S\u00c9G\u0170 ANYAGOKKAL TERVEZVE:<\/strong> A t\u00e9glalap alak\u00fa olvas\u00f3p\u00e1rna h\u00e1romdimenzi\u00f3s cs\u00edkokkal, sz\u00f6vet gombcsom\u00f3kkal, teljesen szegett \u00e9lekkel rendelkezik, amelyek nagyon megk\u00fcl\u00f6nb\u00f6ztetik a t\u00f6bbi norm\u00e1l h\u00e1tt\u00e1mla p\u00e1rn\u00e1t\u00f3l. B\u00e1r a h\u00e1tt\u00e1mla d\u00edszp\u00e1rna puha, m\u00e9gis meg\u0151rzi t\u00e1maszt\u00f3 form\u00e1j\u00e1t az\u00e1ltal, hogy teljes m\u00e9rt\u00e9kben kihaszn\u00e1lja a rugalmas \u00e9s rugalmas mikro-poli\u00e9szter sz\u00e1lbet\u00e9tet. Az \u00e1gy melletti p\u00e1rna k\u00e9tir\u00e1ny\u00fa cipz\u00e1ra, amely nagyon er\u0151s \u00e9s tart\u00f3s a hossz\u00fa t\u00e1v\u00fa haszn\u00e1latra.<\/li>\n<li><strong>GY\u00d6NY\u00d6R\u0170 \u00c9JEL\u0150 D\u00cdSZP\u00c1RNA:<\/strong> Ha gyors \u00e9s egyszer\u0171 fejt\u00e1ml\u00e1ra van sz\u00fcks\u00e9ge, ez a k\u00e1rpitozott fejt\u00e1mla olvas\u00f3p\u00e1rna alternat\u00edvak\u00e9nt haszn\u00e1lhat\u00f3, mik\u00f6zben gy\u00f6ny\u00f6r\u0171 \u00e1gydekor\u00e1ci\u00f3t ny\u00fajt. Eleg\u00e1ns kialak\u00edt\u00e1sa h\u00edvogat\u00f3 kil\u00e1t\u00e1st k\u00f6lcs\u00f6n\u00f6z h\u00e1l\u00f3szob\u00e1j\u00e1nak. Tetszet\u0151s megjelen\u00e9s\u00e9vel ez az eredeti \u00e1gyt\u00e1mla p\u00e1rna \u00e1ll\u00edthat\u00f3 h\u00e1l\u00f3szob\u00e1ba, sz\u00e1llod\u00e1ba, k\u00f3rh\u00e1zba, ablak\u00fcl\u00e9sbe, kanap\u00e9ba, kanap\u00e9ba, hever\u0151be, emeletes \u00e1gyba, koll\u00e9giumi \u00e1gyba, emelv\u00e9nyes \u00e1gyba.<\/li>\n<li><strong>LEVEHET\u0150 DER\u00c9KP\u00c1RNAH\u00daZAT \u00c9S K\u00d6NNYEN MOS\u00c1S:<\/strong> K\u00f6nnyed\u00e9n elt\u00e1vol\u00edthatja az \u00e1gynyugalom bloster p\u00e1rnahuzat\u00e1t, ha kinyitja a cipz\u00e1rt, \u00e9s kih\u00fazza a gombokat az olvas\u00f3p\u00e1rna huzat\u00e1r\u00f3l, \u00e9s mos\u00f3g\u00e9pben moshatja.<\/li>\n<li><strong>Sz\u00f6vet:<\/strong> Poli\u00e9szter \u00e9s v\u00e1szon kever\u00e9k.<\/li>\n<li><strong>M\u00e9ret:<\/strong> 100x50x8cm (3 gomb), 120x50x8cm (4 gomb), 140x50x8cm (4 gomb), 160x50x8cm (5 gomb), 180x50x8cm (6 gomb), 200x50x8cm (7 gomb)<\/li>\n<\/ul>","protected":false},"featured_media":969,"comment_status":"open","ping_status":"closed","template":"","meta":[],"product_brand":[],"product_cat":[28],"product_tag":[146,149,142,159,115,145,105,144,118,59,119,152],"class_list":{"0":"post-978","1":"product","2":"type-product","3":"status-publish","4":"has-post-thumbnail","6":"product_cat-large-body-pillow","7":"product_tag-adjustable-bedroom-pillow","8":"product_tag-bedside-cushion","9":"product_tag-bedside-reading-pillow","10":"product_tag-body-support-pillow","11":"product_tag-comfortable-body-pillow","12":"product_tag-decorative-pillow","13":"product_tag-lumbar-support","14":"product_tag-positioner-pillow","15":"product_tag-pregnancy-pillow","16":"product_tag-reading-pillow","17":"product_tag-rectangular-reading-pillow","18":"product_tag-upholstery-headboard-reading-pillow","20":"first","21":"instock","22":"featured","23":"shipping-taxable","24":"purchasable","25":"product-type-variable"},"_links":{"self":[{"href":"https:\/\/www.largepillow.com\/hu\/wp-json\/wp\/v2\/product\/978","targetHints":{"allow":["GET"]}}],"collection":[{"href":"https:\/\/www.largepillow.com\/hu\/wp-json\/wp\/v2\/product"}],"about":[{"href":"https:\/\/www.largepillow.com\/hu\/wp-json\/wp\/v2\/types\/product"}],"replies":[{"embeddable":true,"href":"https:\/\/www.largepillow.com\/hu\/wp-json\/wp\/v2\/comments?post=978"}],"wp:featuredmedia":[{"embeddable":true,"href":"https:\/\/www.largepillow.com\/hu\/wp-json\/wp\/v2\/media\/969"}],"wp:attachment":[{"href":"https:\/\/www.largepillow.com\/hu\/wp-json\/wp\/v2\/media?parent=978"}],"wp:term":[{"taxonomy":"product_brand","embeddable":true,"href":"https:\/\/www.largepillow.com\/hu\/wp-json\/wp\/v2\/product_brand?post=978"},{"taxonomy":"product_cat","embeddable":true,"href":"https:\/\/www.largepillow.com\/hu\/wp-json\/wp\/v2\/product_cat?post=978"},{"taxonomy":"product_tag","embeddable":true,"href":"https:\/\/www.largepillow.com\/hu\/wp-json\/wp\/v2\/product_tag?post=978"}],"curies":[{"name":"wp","href":"https:\/\/api.w.org\/{rel}","templated":true}]}}