{"id":1083,"date":"2022-09-19T02:22:31","date_gmt":"2022-09-19T02:22:31","guid":{"rendered":"https:\/\/www.largepillow.com\/product\/triangular-positioning-support-pillow"},"modified":"2025-09-19T02:32:21","modified_gmt":"2025-09-19T02:32:21","slug":"cuscino-per-sostenere-il-corpo","status":"publish","type":"product","link":"https:\/\/www.largepillow.com\/it\/product\/body-bolster-pillow","title":{"rendered":"Cuscino per il corpo"},"content":{"rendered":"<p>Il cuscino Body Bolster: la soluzione perfetta per tutte le tue esigenze di comfort. Che tu stia cercando un comodo cuscino da lettura o un grande cuscino per il corpo, il cuscino Body Bolster \u00e8 quello che fa per te. Grazie al cuscino di forma rettangolare e al morbido supporto per la schiena, puoi stare seduto sul letto per ore senza alcun disagio. <\/p>\n<p>Un cliente soddisfatto \u00e8 entusiasta: \u201cQuesto cuscino \u00e8 stato un punto di svolta per me! Soffrivo di mal di schiena quando ero sdraiato, ma da quando ho iniziato a usare il cuscino Body Bolster il mio dolore si \u00e8 notevolmente ridotto. \u00c8 cos\u00ec comodo e di supporto che non riesco a immaginare di tornare ai miei vecchi cuscini.&quot;<\/p>\n<p>Realizzato con materiali di alta qualit\u00e0, questo cuscino \u00e8 progettato per mantenere la sua forma e fornire il miglior supporto al tuo corpo. L&#039;imbottitura in fibra di micro poliestere \u00e8 allo stesso tempo resistente e flessibile, offrendoti la quantit\u00e0 perfetta di loft per le tue esigenze specifiche.<\/p>\n<p>E non \u00e8 tutto: il bellissimo design di questo cuscino lo rende un perfetto complemento decorativo per la tua camera da letto. Il suo aspetto elegante aggiunger\u00e0 un tocco invitante a qualsiasi stanza. Un cliente soddisfatto riferisce: \u201cHo comprato il cuscino di velluto nero e sembra cos\u00ec lussuoso sul mio letto. Non \u00e8 solo comodo, ma aggiunge anche un tocco di eleganza alla mia stanza.&quot;<\/p>\n<p>Inoltre, la fodera del cuscino \u00e8 facilmente rimovibile, cos\u00ec puoi mantenere il cuscino fresco e pulito. Basta aprire la cerniera per rimuovere la fodera e metterla in lavatrice per un facile lavaggio.<\/p>\n<p>Disponibile in sei diverse misure e quattro colori, c&#039;\u00e8 un cuscino Body Bolster per tutti. Non limitarti a crederci sulla parola: provalo tu stesso e sperimenta il comfort e il sostegno del cuscino Body Bolster.<\/p>","protected":false},"excerpt":{"rendered":"<ul>\n<li><strong>CUSCINO DA LETTURA PERFETTO:<\/strong> Con un cuscino di forma rettangolare, questo comodo cuscino da lettura sul comodino funziona perfettamente per fornire un morbido supporto per la schiena come cuscino lombare quando ti siedi sul letto per leggere, guardare la TV, navigare sul telefono, navigare sul tablet, giocare ai videogiochi, fare yoga, allattare e riposare dopo l&#039;intervento chirurgico.<\/li>\n<li><strong>CONFORTEVOLE CUSCINO PER IL CORPO:<\/strong> Come un grande cuscino per il corpo, sostituisce tutti i normali cuscini per il riposo a letto o lombari, crea pi\u00f9 posizioni come cuscino posizionatore per sostenere schiena, spalle, colonna vertebrale, stomaco, gambe e consente ai muscoli di rimanere rilassati. Promuove una colonna vertebrale allineata per qualsiasi dormiente, sia che tu abbia bisogno di un cuscino imbottito per il letto o di un grande cuscino di supporto per la schiena, se hai solo bisogno di pi\u00f9 o meno soppalco. Puoi anche usarlo come cuscino per la gravidanza che fornisce supporto per diverse parti del corpo e rilascia dolori durante la gravidanza.<\/li>\n<li><strong>ORIGINALMENTE PROGETTATO CON MATERIALI DI ALTA QUALIT\u00c0:<\/strong> Il cuscino da lettura rettangolare \u00e8 dotato di strisce tridimensionali, ciuffi di bottoni in tessuto, bordi completamente orlati sono gli elementi distintivi tra tutti gli altri normali cuscini per schienale. Sebbene il cuscino decorativo per il supporto della schiena sia morbido, mantiene comunque la sua forma di supporto sfruttando appieno l&#039;imbottitura in fibra di micro poliestere resistente e flessibile. La cerniera bidirezionale del cuscino del comodino, molto resistente e durevole per un uso a lungo termine.<\/li>\n<li><strong>BELLISSIMO CUSCINO DECORATIVO DA LETTO:<\/strong> Se hai bisogno di una testiera facile e veloce, questo cuscino da lettura per testiera pu\u00f2 essere utilizzato come sostituto alternativo pur essendo un bellissimo arredo per il letto. Il suo design elegante aggiunger\u00e0 una vista invitante alla tua camera da letto. Con il suo aspetto attraente, questo cuscino originale per lo schienale del comodino \u00e8 regolabile per camera da letto, hotel, ospedale, posto vicino al finestrino, divano, divano, divano letto, letto a castello, letto in dormitorio, letto a piattaforma.<\/li>\n<li><strong>FODERA DEL CUSCINO LOMBARE RIMOVIBILE E FACILE DA LAVARE:<\/strong> Puoi rimuovere facilmente la fodera del cuscino del cuscino del letto aprendo la cerniera e sganciando i bottoni dalla fodera del cuscino da lettura e lavarla in lavatrice.<\/li>\n<li><strong>Tessuto:<\/strong> Velluto (poliestere 100%).<\/li>\n<li><strong>Taglia:<\/strong> 100x50x8cm(3 pulsanti), 120x50x8cm(4 pulsanti), 140x50x8cm(4 pulsanti), 160x50x8cm(5 pulsanti), 180x50x8cm(6 pulsanti), 200x50x8cm(7 pulsanti)<\/li>\n<\/ul>","protected":false},"featured_media":1069,"comment_status":"open","ping_status":"closed","template":"","meta":[],"product_brand":[],"product_cat":[28],"product_tag":[146,149,142,140,137,115,102,75,145,138,148,151,150,112,143,141,139,144,118,84,147],"class_list":{"0":"post-1083","1":"product","2":"type-product","3":"status-publish","4":"has-post-thumbnail","6":"product_cat-large-body-pillow","7":"product_tag-adjustable-bedroom-pillow","8":"product_tag-bedside-cushion","9":"product_tag-bedside-reading-pillow","10":"product_tag-body-bolster-pillow","11":"product_tag-bunk-bed-pillow","12":"product_tag-comfortable-body-pillow","13":"product_tag-couch-pillow","14":"product_tag-daybed-pillow","15":"product_tag-decorative-pillow","16":"product_tag-dorm-bed-pillow","17":"product_tag-gaming-pillow","18":"product_tag-hospital-pillow","19":"product_tag-hotel-pillow","20":"product_tag-lumbar-support-pillow","21":"product_tag-multifunctional-pillow","22":"product_tag-perfect-reading-pillow","23":"product_tag-platform-bed-pillow","24":"product_tag-positioner-pillow","25":"product_tag-pregnancy-pillow","26":"product_tag-sofa-pillow","27":"product_tag-yoga-pillow","29":"first","30":"instock","31":"shipping-taxable","32":"purchasable","33":"product-type-variable"},"_links":{"self":[{"href":"https:\/\/www.largepillow.com\/it\/wp-json\/wp\/v2\/product\/1083","targetHints":{"allow":["GET"]}}],"collection":[{"href":"https:\/\/www.largepillow.com\/it\/wp-json\/wp\/v2\/product"}],"about":[{"href":"https:\/\/www.largepillow.com\/it\/wp-json\/wp\/v2\/types\/product"}],"replies":[{"embeddable":true,"href":"https:\/\/www.largepillow.com\/it\/wp-json\/wp\/v2\/comments?post=1083"}],"wp:featuredmedia":[{"embeddable":true,"href":"https:\/\/www.largepillow.com\/it\/wp-json\/wp\/v2\/media\/1069"}],"wp:attachment":[{"href":"https:\/\/www.largepillow.com\/it\/wp-json\/wp\/v2\/media?parent=1083"}],"wp:term":[{"taxonomy":"product_brand","embeddable":true,"href":"https:\/\/www.largepillow.com\/it\/wp-json\/wp\/v2\/product_brand?post=1083"},{"taxonomy":"product_cat","embeddable":true,"href":"https:\/\/www.largepillow.com\/it\/wp-json\/wp\/v2\/product_cat?post=1083"},{"taxonomy":"product_tag","embeddable":true,"href":"https:\/\/www.largepillow.com\/it\/wp-json\/wp\/v2\/product_tag?post=1083"}],"curies":[{"name":"scrivere","href":"https:\/\/api.w.org\/{rel}","templated":true}]}}