{"id":1209,"date":"2022-09-19T03:31:40","date_gmt":"2022-09-19T03:31:40","guid":{"rendered":"https:\/\/www.largepillow.com\/product\/back-support-pillow"},"modified":"2025-12-11T13:44:46","modified_gmt":"2025-12-11T13:44:46","slug":"grande-letto-bolster-cuscino","status":"publish","type":"product","link":"https:\/\/www.largepillow.com\/it\/product\/large-bed-bolster-pillow","title":{"rendered":"Grande cuscino di sostegno del letto"},"content":{"rendered":"<p>Trova il cuscino da lettura perfetto con il cuscino letto grande<\/p>\n<p>Se ami leggere, guardare la TV o lavorare a letto ma hai bisogno di un supporto extra per la schiena, il cuscino per letto grande \u00e8 la soluzione perfetta. Questo cuscino rettangolare fornisce un supporto lombare regolabile in modo da poterti sedere comodamente appoggiato sul letto. <\/p>\n<p>Realizzato in morbida e resistente imbottitura in fibra di micro poliestere, il cuscino imbottito mantiene la sua forma adattandosi al tuo corpo. La cerniera a doppio cursore rende inoltre la fodera in velluto rimovibile facile da togliere e lavare in lavatrice. Con i suoi bottoni trapuntati e i bordi orlati in modo pulito, questo cuscino conferisce un&#039;eleganza semplice a qualsiasi arredamento della camera da letto. <\/p>\n<p>I clienti adorano utilizzare questo cuscino versatile in diversi modi:<\/p>\n<p>\u201cAll&#039;inizio l&#039;avevo comprato come cuscino da lettura, ma \u00e8 cos\u00ec comodo che finisco per usarlo anche quando non sto leggendo. \u00c8 il cuscino per lo schienale perfetto sia che io stia lavorando a letto sul mio portatile o semplicemente che mi rilassi guardando la TV.&quot;<\/p>\n<p>\u201cCome cuscino per la gravidanza, era abbastanza regolabile da sostenere la mia schiena o infilarlo sotto la pancia. E ora che sto allattando, \u00e8 ancora utile appoggiato dietro di me mentre mi siedo sul letto.  <\/p>\n<p>\u201c\u00c8 un ottimo cuscino di supporto lombare dopo l&#039;intervento. Posso regolare il soppalco e rimane dietro la mia schiena mentre mi riprendo.<\/p>\n<p>Con sei misure disponibili, troverai sicuramente quella perfetta per le tue esigenze. I prezzi vanno da $XX.XX-$XX.XX a seconda delle dimensioni. Porta comfort e stile senza sforzo alla tua camera da letto con il supporto versatile del cuscino per letto grande.<\/p>","protected":false},"excerpt":{"rendered":"<ul>\n<li><strong>CUSCINO DA LETTURA PERFETTO:<\/strong> Con un cuscino di forma rettangolare, questo comodo cuscino da lettura sul comodino funziona perfettamente per fornire un morbido supporto per la schiena come cuscino lombare quando ti siedi sul letto per leggere, guardare la TV, navigare sul telefono, navigare sul tablet, giocare ai videogiochi, fare yoga, allattare e riposare dopo l&#039;intervento chirurgico.<\/li>\n<li><strong>CONFORTEVOLE CUSCINO PER IL CORPO:<\/strong> Come un grande cuscino per il corpo, sostituisce tutti i normali cuscini per il riposo a letto o lombari, crea pi\u00f9 posizioni come cuscino posizionatore per sostenere schiena, spalle, colonna vertebrale, stomaco, gambe e consente ai muscoli di rimanere rilassati. Promuove una colonna vertebrale allineata per qualsiasi dormiente, sia che tu abbia bisogno di un cuscino imbottito per il letto o di un grande cuscino di supporto per la schiena, se hai solo bisogno di pi\u00f9 o meno soppalco. Puoi anche usarlo come cuscino per la gravidanza che fornisce supporto per diverse parti del corpo e rilascia dolori durante la gravidanza.<\/li>\n<li><strong>ORIGINALMENTE PROGETTATO CON MATERIALI DI ALTA QUALIT\u00c0:<\/strong> Il cuscino da lettura rettangolare \u00e8 dotato di strisce tridimensionali, ciuffi di bottoni in tessuto, bordi completamente orlati sono gli elementi distintivi tra tutti gli altri normali cuscini per schienale. Sebbene il cuscino decorativo per il supporto della schiena sia morbido, mantiene comunque la sua forma di supporto sfruttando appieno l&#039;imbottitura in fibra di micro poliestere resistente e flessibile. La cerniera bidirezionale del cuscino del comodino, molto resistente e durevole per un uso a lungo termine.<\/li>\n<li><strong>BELLISSIMO CUSCINO DECORATIVO DA LETTO:<\/strong> Se hai bisogno di una testiera facile e veloce, questo cuscino da lettura per testiera pu\u00f2 essere utilizzato come sostituto alternativo pur essendo un bellissimo arredo per il letto. Il suo design elegante aggiunger\u00e0 una vista invitante alla tua camera da letto. Con il suo aspetto attraente, questo cuscino originale per lo schienale del comodino \u00e8 regolabile per camera da letto, hotel, ospedale, posto vicino al finestrino, divano, divano, divano letto, letto a castello, letto in dormitorio, letto a piattaforma.<\/li>\n<li><strong>FODERA DEL CUSCINO LOMBARE RIMOVIBILE E FACILE DA LAVARE:<\/strong> Puoi rimuovere facilmente la fodera del cuscino del cuscino del letto aprendo la cerniera e sganciando i bottoni dalla fodera del cuscino da lettura e lavarla in lavatrice.<\/li>\n<li><strong>Tessuto:<\/strong> Velluto (poliestere 100%).<\/li>\n<li><strong>Taglia:<\/strong> 100x50x8cm(3 pulsanti), 120x50x8cm(4 pulsanti), 140x50x8cm(4 pulsanti), 160x50x8cm(5 pulsanti), 180x50x8cm(6 pulsanti), 200x50x8cm(7 pulsanti)<\/li>\n<\/ul>","protected":false},"featured_media":1194,"comment_status":"open","ping_status":"closed","template":"","meta":[],"product_brand":[],"product_cat":[28],"product_tag":[117,60,116,115,114,79,118,59,119,120],"class_list":{"0":"post-1209","1":"product","2":"type-product","3":"status-publish","4":"has-post-thumbnail","6":"product_cat-large-body-pillow","7":"product_tag-back-support-cushion","8":"product_tag-backrest-pillow","9":"product_tag-bed-rest","10":"product_tag-comfortable-body-pillow","11":"product_tag-large-bed-bolster-pillow","12":"product_tag-lumbar-pillow","13":"product_tag-pregnancy-pillow","14":"product_tag-reading-pillow","15":"product_tag-rectangular-reading-pillow","16":"product_tag-velvet-pillow","18":"first","19":"instock","20":"featured","21":"shipping-taxable","22":"purchasable","23":"product-type-variable"},"_links":{"self":[{"href":"https:\/\/www.largepillow.com\/it\/wp-json\/wp\/v2\/product\/1209","targetHints":{"allow":["GET"]}}],"collection":[{"href":"https:\/\/www.largepillow.com\/it\/wp-json\/wp\/v2\/product"}],"about":[{"href":"https:\/\/www.largepillow.com\/it\/wp-json\/wp\/v2\/types\/product"}],"replies":[{"embeddable":true,"href":"https:\/\/www.largepillow.com\/it\/wp-json\/wp\/v2\/comments?post=1209"}],"wp:featuredmedia":[{"embeddable":true,"href":"https:\/\/www.largepillow.com\/it\/wp-json\/wp\/v2\/media\/1194"}],"wp:attachment":[{"href":"https:\/\/www.largepillow.com\/it\/wp-json\/wp\/v2\/media?parent=1209"}],"wp:term":[{"taxonomy":"product_brand","embeddable":true,"href":"https:\/\/www.largepillow.com\/it\/wp-json\/wp\/v2\/product_brand?post=1209"},{"taxonomy":"product_cat","embeddable":true,"href":"https:\/\/www.largepillow.com\/it\/wp-json\/wp\/v2\/product_cat?post=1209"},{"taxonomy":"product_tag","embeddable":true,"href":"https:\/\/www.largepillow.com\/it\/wp-json\/wp\/v2\/product_tag?post=1209"}],"curies":[{"name":"scrivere","href":"https:\/\/api.w.org\/{rel}","templated":true}]}}