{"id":1262,"date":"2022-09-19T05:37:03","date_gmt":"2022-09-19T05:37:03","guid":{"rendered":"https:\/\/www.largepillow.com\/product\/office-chair-cushion"},"modified":"2025-05-01T17:46:45","modified_gmt":"2025-05-01T17:46:45","slug":"cuneo-lettura-cuscino-2","status":"publish","type":"product","link":"https:\/\/www.largepillow.com\/it\/product\/reading-wedge-pillow-2\/","title":{"rendered":"Cuscino a cuneo da lettura"},"content":{"rendered":"<p>Il cuscino a cuneo da lettura definitivo: comfort e supporto per tutti i tuoi momenti accoglienti<\/p>\n<p>Concediti un comfort senza precedenti con il cuscino con zeppa da lettura, meticolosamente realizzato con materiali di prima qualit\u00e0 e caratterizzato da un design regolabile per la massima versatilit\u00e0 e supporto.<\/p>\n<p>Comfort eccezionale per la lettura e il relax<\/p>\n<p>Questo cuscino a cuneo di alta qualit\u00e0 \u00e8 meticolosamente imbottito con fibra di poliestere di alta qualit\u00e0, garantendo un sostegno incrollabile per la schiena e una sensazione di morbidezza che ti avvolge nel comfort. Che tu sia rannicchiato con un libro accattivante, rilassandoti prima di andare a letto o semplicemente cercando relax sul divano, questo cuscino migliorer\u00e0 senza sforzo la tua esperienza.<\/p>\n<p>Regolabile per supporto personalizzato<\/p>\n<p>Il cuscino a rullo dal design intelligente ti consente di regolare il supporto esattamente dove ne hai pi\u00f9 bisogno. Che tu preferisca una leggera inclinazione o un angolo pi\u00f9 pronunciato, questo cuscino ti copre. \u00c8 la soluzione perfetta per mantenere la schiena dritta e prevenire il rilassamento cutaneo, favorendo una migliore postura e il benessere generale.<\/p>\n<p>Design ergonomico per un supporto ottimale della schiena<\/p>\n<p>Aderendo a rigorosi principi ergonomici, questo cuscino di supporto si adatta alle curve naturali della schiena, fornendo un supporto scientificamente valido che allevia il mal di schiena e migliora la postura seduta. Le sue dimensioni generose offrono ampio supporto per vita, schiena e collo, combattendo efficacemente i problemi lombari e cervicali.<\/p>\n<p>Versatilit\u00e0 per un&#039;ampia gamma di usi<\/p>\n<p>La versatilit\u00e0 del cuscino con zeppa da lettura lo rende un must per ogni casa. \u00c8 ideale per l&#039;uso su letti, divani, divani letto, sedie e divani. La sua adattabilit\u00e0 si estende a diverse attivit\u00e0, dalla lettura e visione della TV al semplice relax e al godimento del comfort che offre.<\/p>\n<p>Manutenzione senza sforzo per un comfort duraturo<\/p>\n<p>Progettato pensando alla comodit\u00e0, questo cuscino di supporto \u00e8 dotato di una chiusura con cerniera che consente la rimozione senza sforzo della custodia lavabile in lavatrice. Il resistente tessuto misto poliestere e lino garantisce comfort duraturo e mantenimento della forma, rendendo questo cuscino un investimento a lungo termine per il tuo benessere.<\/p>\n<p>Il feedback dei clienti parla chiaro<\/p>\n<p>\u201cQuesto cuscino a cuneo \u00e8 perfetto per leggere a letto. Fornisce un eccellente supporto per la schiena e il cuscino di sostegno regolabile \u00e8 un punto di svolta.<\/p>\n<p>\u201cUtilizzo questo cuscino ormai da alcune settimane e il mio mal di schiena \u00e8 notevolmente migliorato. \u00c8 cos\u00ec comodo e mi supporta in tutti i posti giusti.<\/p>\n<p>\u201cLa qualit\u00e0 di questo cuscino \u00e8 sorprendente. Il tessuto \u00e8 morbido e resistente e le cuciture sono impeccabili. Lo consiglio vivamente.\u201d<\/p>\n<p>Il cuscino con zeppa da lettura \u00e8 l&#039;epitome di comfort, supporto e versatilit\u00e0. La sua struttura premium, il design regolabile e il supporto ergonomico miglioreranno la lettura, il relax e il benessere generale. Investi oggi stesso in questo eccezionale cuscino ed eleva la tua vita domestica a nuovi livelli di comfort e divertimento.<\/p>","protected":false},"excerpt":{"rendered":"<ul>\n<li><strong>Cuscino a cuneo qualificato:<\/strong> Questo cuscino a cuneo \u00e8 imbottito con imbottitura in fibra di poliestere di alta qualit\u00e0 per fornire un supporto stabile per la schiena e farti sentire a tuo agio mentre leggi, riposi, guardi la TV sul letto o sul divano. Il tessuto di lino di alta qualit\u00e0 \u00e8 molto morbido, resistente e non facile da deformare o pelucchi.<\/li>\n<li><strong>Cuscino a cuneo regolabile:<\/strong> Il cuscino viene fornito con un piccolo cuscino a rullo. Pu\u00f2 essere regolato se necessario. Aiuta a mantenere la schiena dritta in modo da non crollare. La fodera del cuscino per lo schienale della lettura \u00e8 sfoderabile e lavabile. Ci sono 2 piccole tasche sul lato per riporre oggetti di piccole dimensioni, come penna, cellulare, telecomando della TV, ecc.<\/li>\n<li><strong>Eccellente supporto per la schiena:<\/strong> L&#039;ampio cuscino di supporto \u00e8 conforme al design ergonomico, che pu\u00f2 fornire supporto scientifico per la schiena e migliorare la postura seduta. Questo cuscino per divano fornisce un comodo supporto per la vita, la schiena e il collo. Pu\u00f2 anche prevenire e alleviare le malattie lombari e cervicali e alleviare i dolori alla schiena.<\/li>\n<li><strong>Ampia gamma di usi:<\/strong> Il cuscino a cuneo pu\u00f2 fornire una variet\u00e0 di usi, che \u00e8 molto adatto per l&#039;uso su letto, divano letto, sedia e divano. Regalo perfetto per te, gli amici o le famiglie.<\/li>\n<li><strong>Facile da pulire:<\/strong> Questo cuscino di supporto presenta un design con chiusura a cerniera per rendere la custodia facilmente rimovibile e lavabile in lavatrice.<\/li>\n<li><strong>Tessuto:<\/strong>\u00a0Misto poliestere e lino.<\/li>\n<li><strong>Taglia:<\/strong>\u00a060x50x22 cm.<\/li>\n<\/ul>","protected":false},"featured_media":1250,"comment_status":"open","ping_status":"closed","template":"","meta":[],"product_brand":[],"product_cat":[29],"product_tag":[92,60,99,101,102,96,105,89,59,104,95,98,100,90],"class_list":{"0":"post-1262","1":"product","2":"type-product","3":"status-publish","4":"has-post-thumbnail","6":"product_cat-large-reading-pillow","7":"product_tag-adjustable-wedge-pillow","8":"product_tag-backrest-pillow","9":"product_tag-bed-pillow","10":"product_tag-chair-cushion","11":"product_tag-couch-pillow","12":"product_tag-cushions-for-sofa","13":"product_tag-lumbar-support","14":"product_tag-qualified-wedge-pillow","15":"product_tag-reading-pillow","16":"product_tag-reading-wedge-pillow","17":"product_tag-scientific-back-support","18":"product_tag-small-roll-bolster-pillow","19":"product_tag-sofa-daybed-pillow","20":"product_tag-stable-back-support","22":"first","23":"outofstock","24":"featured","25":"shipping-taxable","26":"purchasable","27":"product-type-simple"},"_links":{"self":[{"href":"https:\/\/www.largepillow.com\/it\/wp-json\/wp\/v2\/product\/1262","targetHints":{"allow":["GET"]}}],"collection":[{"href":"https:\/\/www.largepillow.com\/it\/wp-json\/wp\/v2\/product"}],"about":[{"href":"https:\/\/www.largepillow.com\/it\/wp-json\/wp\/v2\/types\/product"}],"replies":[{"embeddable":true,"href":"https:\/\/www.largepillow.com\/it\/wp-json\/wp\/v2\/comments?post=1262"}],"wp:featuredmedia":[{"embeddable":true,"href":"https:\/\/www.largepillow.com\/it\/wp-json\/wp\/v2\/media\/1250"}],"wp:attachment":[{"href":"https:\/\/www.largepillow.com\/it\/wp-json\/wp\/v2\/media?parent=1262"}],"wp:term":[{"taxonomy":"product_brand","embeddable":true,"href":"https:\/\/www.largepillow.com\/it\/wp-json\/wp\/v2\/product_brand?post=1262"},{"taxonomy":"product_cat","embeddable":true,"href":"https:\/\/www.largepillow.com\/it\/wp-json\/wp\/v2\/product_cat?post=1262"},{"taxonomy":"product_tag","embeddable":true,"href":"https:\/\/www.largepillow.com\/it\/wp-json\/wp\/v2\/product_tag?post=1262"}],"curies":[{"name":"scrivere","href":"https:\/\/api.w.org\/{rel}","templated":true}]}}