{"id":1331,"date":"2022-09-19T06:05:49","date_gmt":"2022-09-19T06:05:49","guid":{"rendered":"https:\/\/www.largepillow.com\/product\/best-reading-pillows"},"modified":"2026-01-10T19:16:10","modified_gmt":"2026-01-10T19:16:10","slug":"best-reading-pillow","status":"publish","type":"product","link":"https:\/\/www.largepillow.com\/it\/product\/best-reading-pillow","title":{"rendered":"Miglior cuscino da lettura"},"content":{"rendered":"<h3>Prova il comfort della lettura con il miglior cuscino da lettura ergonomico<\/h3>\n<p>Leggere a letto pu\u00f2 essere scomodo senza un adeguato supporto per la schiena e il collo, causando dolore e affaticamento. Il miglior cuscino da lettura offre la soluzione perfetta con il suo design ergonomico per allineare correttamente la schiena mentre ti godi un buon libro. <\/p>\n<p>Realizzato con tessuto di tela resistente di alta qualit\u00e0 e imbottito con morbida fibra di poliestere di supporto, questo cuscino a forma di cuneo \u00e8 stabile e confortevole. La forma unica si adatta perfettamente dietro la schiena, con un&#039;inclinazione per cullare il collo. Ci\u00f2 riduce la pressione sul collo, sulle spalle e sulla schiena rispetto ai cuscini piatti che possono sforzare queste aree. I revisori confermano il comfort, con uno che afferma &quot;mantiene bene la sua forma e sostiene la schiena e il collo proprio quando sono seduto sul letto&quot;.<\/p>\n<p>Oltre al tempo di lettura di base, il cuscino multifunzionale aiuta anche altre attivit\u00e0. Il suo profilo inclinato \u00e8 ideale per alleviare i sintomi del reflusso acido, favorire un sonno migliore per chi ha problemi respiratori e sostenere le future mamme. Funziona comodamente anche come cuscino di supporto lombare per divani, pavimento o persino mobili da giardino all&#039;aperto. <\/p>\n<p>Con una fodera rimovibile e lavabile in lavatrice, stampe colorate ed eleganti e una pratica tasca laterale per contenere piccoli oggetti come un telefono, il cuscino da lettura ha tutte le carte in regola. Come ha affermato un cliente entusiasta: \u201cQuesto cuscino rende la lettura a letto molto pi\u00f9 confortevole. Posso sedermi correttamente ma allo stesso tempo rilassarmi nel morbido cuscino dietro di me. \u00c8 diventato il mio posto preferito per rannicchiarmi con un libro!\u201d<\/p>\n<p>Quindi migliora la tua lettura a tarda notte oggi con il comfort e il supporto del miglior cuscino da lettura. La tua schiena e il tuo collo ti ringrazieranno!<\/p>","protected":false},"excerpt":{"rendered":"<ul>\n<li><strong>Cuscino ergonomico:<\/strong>\u00a0Se a te e ai tuoi amici piace leggere a letto ma avete vari disagi dovuti a una postura scorretta: dolori lombari e superiori, problemi al collo e alle spalle, ecc. Allora usate questo cuscino ergonomico per aiutarvi a leggere con una postura ergonomica. Questo cuscino da lettura non \u00e8 solo morbido e confortevole, ma anche abbastanza solido da fornire ammortizzazione e supporto.<\/li>\n<li><strong>Materiali di alta qualit\u00e0:<\/strong>\u00a0La fodera del cuscino a cuneo \u00e8 realizzata in tessuto di tela di alta qualit\u00e0, resistente e durevole, con un&#039;ottima permeabilit\u00e0 all&#039;aria; adotta la tecnologia di stampa e tintura reattiva, che non si sbiadir\u00e0; il nucleo interno \u00e8 riempito con fibra di poliestere ad alta elasticit\u00e0 di alta qualit\u00e0, che pu\u00f2 mantenere una forma stabile senza collassare.<\/li>\n<li><strong>Uso multifunzionale:<\/strong>\u00a0Questo cuscino a forma curva pu\u00f2 mantenere sollevate alcune parti del corpo. Pertanto, aiuta ad alleviare alcune condizioni mediche, come il russare o il reflusso acido. Inoltre, pu\u00f2 anche aiutare le donne in gravidanza a evitare di girarsi e mantenere una posizione di sonno laterale o usarlo come cuscino lombare per ridurre la pressione lombare. Oltre ad utilizzare questo cuscino per lo schienale sul letto, pu\u00f2 essere utilizzato anche sul divano, sul pavimento dell&#039;area giochi per bambini, sui mobili da giardino all&#039;aperto.<\/li>\n<li><strong>Eccellente design di stampa:<\/strong>\u00a0Questa serie di cuscini di posizionamento decorati con colori vivaci per aggiungere lustro alla tua camera da letto. Stile pastorale &quot;musica della foresta&quot;, stile retr\u00f2 &quot;vecchio giornale&quot;, stile letterario &quot;farfalla blu&quot;, stile realistico &quot;mappa del cammello&quot;, troverai sicuramente il colore che si adatta alla tua personalit\u00e0. \u00c8 un buon cuscino da lettura per ragazzi e ragazze o adulti. Questo \u00e8 anche un ottimo regalo per i bambini che amano leggere e render\u00e0 la loro stanza pi\u00f9 fresca.<\/li>\n<li><strong>Fodera per cuscino staccabile:<\/strong>\u00a0La fodera del cuscino, che ha una cerniera metallica invisibile, pu\u00f2 essere facilmente rimossa e installata sul cuscino; \u00e8 facile da pulire e adatto al lavaggio in lavatrice; la comoda tasca laterale pu\u00f2 contenere in qualsiasi momento piccoli oggetti come cellulari e occhiali.<\/li>\n<li><strong>Taglia:<\/strong>\u00a060x20x50 cm.<\/li>\n<\/ul>","protected":false},"featured_media":1324,"comment_status":"open","ping_status":"closed","template":"","meta":[],"product_brand":[],"product_cat":[29],"product_tag":[60,82,81,78,79,80,59],"class_list":{"0":"post-1331","1":"product","2":"type-product","3":"status-publish","4":"has-post-thumbnail","6":"product_cat-large-reading-pillow","7":"product_tag-backrest-pillow","8":"product_tag-best-reading-pillow","9":"product_tag-curved-shape-pillow","10":"product_tag-ergonomic-pillow","11":"product_tag-lumbar-pillow","12":"product_tag-positioning-pillow","13":"product_tag-reading-pillow","15":"first","16":"instock","17":"shipping-taxable","18":"purchasable","19":"product-type-simple"},"_links":{"self":[{"href":"https:\/\/www.largepillow.com\/it\/wp-json\/wp\/v2\/product\/1331","targetHints":{"allow":["GET"]}}],"collection":[{"href":"https:\/\/www.largepillow.com\/it\/wp-json\/wp\/v2\/product"}],"about":[{"href":"https:\/\/www.largepillow.com\/it\/wp-json\/wp\/v2\/types\/product"}],"replies":[{"embeddable":true,"href":"https:\/\/www.largepillow.com\/it\/wp-json\/wp\/v2\/comments?post=1331"}],"wp:featuredmedia":[{"embeddable":true,"href":"https:\/\/www.largepillow.com\/it\/wp-json\/wp\/v2\/media\/1324"}],"wp:attachment":[{"href":"https:\/\/www.largepillow.com\/it\/wp-json\/wp\/v2\/media?parent=1331"}],"wp:term":[{"taxonomy":"product_brand","embeddable":true,"href":"https:\/\/www.largepillow.com\/it\/wp-json\/wp\/v2\/product_brand?post=1331"},{"taxonomy":"product_cat","embeddable":true,"href":"https:\/\/www.largepillow.com\/it\/wp-json\/wp\/v2\/product_cat?post=1331"},{"taxonomy":"product_tag","embeddable":true,"href":"https:\/\/www.largepillow.com\/it\/wp-json\/wp\/v2\/product_tag?post=1331"}],"curies":[{"name":"scrivere","href":"https:\/\/api.w.org\/{rel}","templated":true}]}}