{"id":1354,"date":"2022-09-19T06:09:59","date_gmt":"2022-09-19T06:09:59","guid":{"rendered":"https:\/\/www.largepillow.com\/product\/bed-wedge-pillow"},"modified":"2024-10-03T16:31:26","modified_gmt":"2024-10-03T16:31:26","slug":"cuneo-cuscino-del-letto","status":"publish","type":"product","link":"https:\/\/www.largepillow.com\/it\/product\/bed-wedge-pillow","title":{"rendered":"Cuscino a cuneo per letto"},"content":{"rendered":"<p>Scopri il massimo comfort con il nostro cuscino a cuneo da letto: il tuo compagno perfetto per il relax<\/p>\n<p>Nello stile di vita frenetico di oggi, trovare un momento per distendersi e rilassarsi \u00e8 fondamentale. Che tu sia un avido lettore, un appassionato di cinema o qualcuno a cui piace il comfort del proprio letto, il nostro cuscino con zeppa per letto \u00e8 progettato per migliorare la tua esperienza di relax. Questo cuscino versatile non \u00e8 solo un accessorio ordinario; \u00e8 un punto di svolta nel raggiungimento del comfort personale nel proprio spazio.<\/p>\n<p>Supporto impareggiabile per sedersi sul letto<\/p>\n<p>Il nostro cuscino con zeppa per letto \u00e8 realizzato meticolosamente per fornire un supporto impareggiabile mentre ti concedi le tue attivit\u00e0 preferite a letto. Che si tratti di leggere, lavorare, guardare la TV o semplicemente rilassarsi, questo cuscino ti copre letteralmente le spalle. Il suo design extra alto, pari a ben 60 cm, offre un supporto superiore alla testa e alla parte superiore del corpo, rendendolo ideale per l&#039;uso contro testiere, divani letto e divani.<\/p>\n<p>Qualit\u00e0 e stile premium<\/p>\n<p>Realizzato in cotone 100% di alta qualit\u00e0, il nostro cuscino da lettura non \u00e8 solo di supporto ma anche durevole e morbido al tatto. Il rivestimento in tessuto stampato aggiunge un tocco di stile a qualsiasi camera da letto o soggiorno, fondendosi perfettamente con l&#039;arredamento della tua casa e fornendo al tempo stesso il comfort che desideri. Il design curvo non solo sostiene la schiena e il collo, ma migliora anche l&#039;aspetto estetico del cuscino.<\/p>\n<p>La comodit\u00e0 a portata di mano<\/p>\n<p>Comprendendo l&#039;importanza della comodit\u00e0 nel mondo di oggi, il nostro cuscino da lettura a cuneo \u00e8 dotato di una pratica tasca laterale. Questa premurosa aggiunta fornisce un posto perfetto per riporre il telefono, il tablet o qualsiasi piccolo oggetto, assicurandosi che siano a portata di mano mentre ti rilassi. Sono le piccole cose che fanno una grande differenza, e questa tasca laterale ne \u00e8 una testimonianza.<\/p>\n<p>Versatilit\u00e0 e portabilit\u00e0<\/p>\n<p>Una delle caratteristiche distintive del nostro cuscino da lettura \u00e8 il suo design leggero e portatile. Questa versatilit\u00e0 ti consente di spostarlo senza sforzo in casa, assicurandoti di avere il supporto di cui hai bisogno, ovunque ne abbia bisogno. Che si tratti di passare dalla camera da letto al soggiorno o di portarlo con te in viaggio, il nostro cuscino \u00e8 progettato per facilit\u00e0 d&#039;uso e portabilit\u00e0.<\/p>\n<p>La soddisfazione del cliente parla chiaro<\/p>\n<p>Il nostro cuscino a cuneo da letto ha attirato l&#039;attenzione per tutte le giuste ragioni. Dal design del cuscino di supporto triangolare alla comodit\u00e0 aggiuntiva di un motivo in tessuto simile a una mappa, i nostri clienti hanno condiviso la loro soddisfazione. Ecco alcuni punti salienti dei commenti sulle materie prime che la dicono lunga sul nostro prodotto:<\/p>\n<p>\u2013 \u201cL\u2019altezza extra \u00e8 un punto di svolta per le mie sessioni di lettura prima di andare a letto.\u201d<br \/>\n\u2013 \u201cNon ho mai saputo di averne bisogno finch\u00e9 non l\u2019ho ottenuto. Ora \u00e8 il mio cuscino preferito per guardare la TV.&quot;<br \/>\n\u2013 \u201cLa tasca laterale \u00e8 incredibilmente comoda per il mio telefono. Lo adoro!&quot;<br \/>\n\u2013 \u201cQualit\u00e0 e comfort incontrano lo stile. Non \u00e8 solo un cuscino; \u00e8 un pezzo di arredamento.<\/p>\n<p>Abbraccia il massimo comfort e supporto con il nostro cuscino a cuneo da letto, progettato pensando al tuo relax. I suoi materiali di alta qualit\u00e0, le caratteristiche di praticit\u00e0 e il design versatile lo rendono un must per chiunque desideri migliorare la propria esperienza di relax. Unisciti alla miriade di clienti soddisfatti e scopri un nuovo livello di comfort e praticit\u00e0 nella tua casa.<\/p>","protected":false},"excerpt":{"rendered":"<ul>\n<li>Perfetto per sedersi a letto: il nostro comodo cuscino da lettura a cuneo offre un eccellente supporto per la schiena per chi ama leggere o lavorare a letto, guardare la TV o rilassarsi. \u00c8 perfetto per testiere, divani letto e divani, fornendo uno schienale comodo e di supporto.<\/li>\n<li>Design extra alto: il nostro cuscino da lettura ha un design curvo unico che fornisce un supporto extra alla schiena e al collo. Con un&#039;altezza di 60 cm, il nostro cuscino a cuneo \u00e8 pi\u00f9 alto della maggior parte dei tradizionali cuscini a cuneo, fornendo un supporto superiore per la testa e la parte superiore del corpo.<\/li>\n<li>Materiali premium: il nostro cuscino \u00e8 imbottito con cotone 100% di alta qualit\u00e0, morbido, solidale e resistente. La fodera in tessuto stampato aggiunge un tocco di stile alla tua camera da letto o al soggiorno. Il cuscino imbottito dello schienale del letto fornisce la quantit\u00e0 perfetta di supporto e ammortizzazione per la schiena e il collo.<\/li>\n<li>Comoda tasca laterale: il nostro cuscino da lettura a cuneo \u00e8 dotato di una tasca laterale, che offre un posto comodo dove riporre il telefono, il tablet o altri piccoli oggetti mentre ti rilassi a letto.<\/li>\n<li>Versatile e portatile: il nostro cuscino da lettura \u00e8 leggero e facile da spostare, rendendolo perfetto per l&#039;uso in diverse aree della casa. Puoi usarlo in camera da letto, in soggiorno o anche portarlo con te quando viaggi.<\/li>\n<li>Dimensioni: 60*27*60 cm.<\/li>\n<\/ul>","protected":false},"featured_media":1348,"comment_status":"open","ping_status":"closed","template":"","meta":[],"product_brand":[],"product_cat":[29],"product_tag":[66,60,70,73,74,59,72,71],"class_list":{"0":"post-1354","1":"product","2":"type-product","3":"status-publish","4":"has-post-thumbnail","6":"product_cat-large-reading-pillow","7":"product_tag-back-support-pillow","8":"product_tag-backrest-pillow","9":"product_tag-bed-wedge-pillow","10":"product_tag-bedroom-pillow","11":"product_tag-living-room-pillow","12":"product_tag-reading-pillow","13":"product_tag-travel-pillow","14":"product_tag-tv-pillow","16":"first","17":"instock","18":"featured","19":"shipping-taxable","20":"purchasable","21":"product-type-simple"},"_links":{"self":[{"href":"https:\/\/www.largepillow.com\/it\/wp-json\/wp\/v2\/product\/1354","targetHints":{"allow":["GET"]}}],"collection":[{"href":"https:\/\/www.largepillow.com\/it\/wp-json\/wp\/v2\/product"}],"about":[{"href":"https:\/\/www.largepillow.com\/it\/wp-json\/wp\/v2\/types\/product"}],"replies":[{"embeddable":true,"href":"https:\/\/www.largepillow.com\/it\/wp-json\/wp\/v2\/comments?post=1354"}],"wp:featuredmedia":[{"embeddable":true,"href":"https:\/\/www.largepillow.com\/it\/wp-json\/wp\/v2\/media\/1348"}],"wp:attachment":[{"href":"https:\/\/www.largepillow.com\/it\/wp-json\/wp\/v2\/media?parent=1354"}],"wp:term":[{"taxonomy":"product_brand","embeddable":true,"href":"https:\/\/www.largepillow.com\/it\/wp-json\/wp\/v2\/product_brand?post=1354"},{"taxonomy":"product_cat","embeddable":true,"href":"https:\/\/www.largepillow.com\/it\/wp-json\/wp\/v2\/product_cat?post=1354"},{"taxonomy":"product_tag","embeddable":true,"href":"https:\/\/www.largepillow.com\/it\/wp-json\/wp\/v2\/product_tag?post=1354"}],"curies":[{"name":"scrivere","href":"https:\/\/api.w.org\/{rel}","templated":true}]}}