{"id":156,"date":"2022-09-15T06:26:18","date_gmt":"2022-09-15T06:26:18","guid":{"rendered":"https:\/\/www.largepillow.com\/product\/daybed-wedge-pillow"},"modified":"2025-11-05T02:15:25","modified_gmt":"2025-11-05T02:15:25","slug":"copriletto-cuscino","status":"publish","type":"product","link":"https:\/\/www.largepillow.com\/it\/product\/bed-bolster-pillow","title":{"rendered":"Cuscino per letto"},"content":{"rendered":"<p>Scopri il massimo comfort con il cuscino per il sostegno del letto<\/p>\n<p>Stanco di faticare a metterti comodo a letto mentre leggi o guardi la TV? Presentiamo il rivoluzionario Bed Bolster Pillow, il cuscino multifunzionale 3 in 1 che porta il relax prima di andare a dormire a nuovi livelli. <\/p>\n<p>Realizzato con materiali di qualit\u00e0 superiore, questo cuscino triangolare offre un supporto lombare ergonomico che si adatta perfettamente alla schiena e alla vita. La fodera in poliestere traspirante e il resistente cuscino interno forniscono la giusta quantit\u00e0 di elasticit\u00e0 per ore di comfort senza tensioni. <\/p>\n<p>I clienti apprezzano la versatilit\u00e0 del cuscino Bed Bolster:<\/p>\n<p>\u201cUtilizzo il mio in posizione verticale come schienale mentre sono seduto sul letto. \u00c8 molto meglio che lottare con i cuscini piatti che continuano a scivolare verso il basso.<\/p>\n<p>\u201cQuesto cuscino a cuneo \u00e8 fantastico. Dormo su un fianco e metterlo sotto le gambe ha fatto miracoli per il mio mal di schiena.  <\/p>\n<p>\u201cAdoro usarlo come un piccolo cuscino per il divano. \u00c8 della dimensione perfetta perch\u00e9 io e mia figlia possiamo coccolarci e leggere insieme.<\/p>\n<p>Con dimensioni che vanno da 45 cm fino a 200 cm, il cuscino Bed Bolster pu\u00f2 ospitare qualsiasi cosa, dall&#039;uso personale al co-sleeping con un partner. Le comode tasche laterali ti offrono spazio per riporre libri, telecomandi, telefoni e altro ancora, mentre la copertura rimovibile con cerniera consente un facile lavaggio. <\/p>\n<p>Migliora il tuo relax con l&#039;unico cuscino che fa tutto. Porta a casa il cuscino per il sostegno del letto e scopri il massimo comfort oggi stesso!<\/p>","protected":false},"excerpt":{"rendered":"<ul>\n<li><strong>Massimo comfort:<\/strong> Questo cuscino per testiera offre un comfort eccellente grazie al suo design a forma triangolare. Il cuscino di supporto del letto si adatta perfettamente alla schiena e alla vita, riducendo al minimo la pressione lombare\/posteriore. Questo cuscino da lettura a cuneo pu\u00f2 aiutarti a rimanere senza tensioni nel letto o nel divano, il che \u00e8 l&#039;ideale per lavorare i nottambuli, i topi di biblioteca e guardare la TV a letto. Questo cuscino extra large \u00e8 l&#039;unico cuscino per testiera a cuneo che pu\u00f2 ospitare due persone.<\/li>\n<li><strong>Cuscino grande 3 in 1:<\/strong> \u00c8 possibile utilizzare il cuscino in posizione verticale come cuscino per la testiera con supporto per la schiena per sedersi sul letto o appoggiarlo sul letto per utilizzarlo come un grande cuscino a cuneo quando si dorme sulla schiena o sul fianco o come cuscino per le gambe per sollevare le gambe. Se desideri un grande cuscino per la testiera che fornisca supporto sia a te che al tuo coniuge. \u00c8 un&#039;ottima alternativa.<\/li>\n<li><strong>Design multifunzionale:<\/strong> Alcune persone usano il grande cuscino triangolare come cuscino per la testiera, mentre altri lo usano come cuscino per il paraurti, pu\u00f2 anche essere un cuscino per sostenere lo schienale del divano o del divano letto. \u00c8 elegante e funzionale, il che lo rende un&#039;ottima aggiunta a qualsiasi camera da letto.<\/li>\n<li><strong>Artigianato superiore:<\/strong> La federa ha un aspetto velluto a coste e la composizione \u00e8 poliestere 100%. il nostro cuscino per la testiera \u00e8 traspirante e abbastanza comodo da mantenere la sua forma e non perdere la sua forma nel tempo. Una tasca laterale su ciascun lato ti consente di infilare il tuo libro o il tuo telefono.<\/li>\n<li><strong>Facile da lavare:<\/strong> La fodera del cuscino da lettura \u00e8 fissata al cuscino con bottoni ed \u00e8 facile da rimuovere con una semplice cerniera. Ci\u00f2 rende la pulizia senza problemi. Basta rimuovere la fodera e fare un rapido lavaggio in lavatrice per far sembrare il tuo cuscino come nuovo.<\/li>\n<li><strong>Taglia:<\/strong> 45 cm (L45 x L20 x H50 | 0 pulsanti), 60 cm (L60 x L20 x H50 | 0 pulsanti), 80 cm (L80 x L20 x H50 | 2 pulsanti), 100 cm (L100 x L20 x H50 | 3 pulsanti), 120 cm ( L120 x L20 x H50 | 4 pulsanti), 140 cm (L140 x L20 x H50 | 4 pulsanti), 160 cm (L160 x L20 x H50 | 5 pulsanti), 180 cm (L180 x L20 x H50 | 6 pulsanti), 200 cm (L200 x L20 x H50 | 7 pulsanti).<\/li>\n<\/ul>","protected":false},"featured_media":137,"comment_status":"open","ping_status":"closed","template":"","meta":[],"product_brand":[],"product_cat":[15],"product_tag":[66,225,195,206,218,102,75,168,154,199,163,59],"class_list":{"0":"post-156","1":"product","2":"type-product","3":"status-publish","4":"has-post-thumbnail","6":"product_cat-large-wedge-pillow","7":"product_tag-back-support-pillow","8":"product_tag-bed-bolster-pillow","9":"product_tag-brown-pillow","10":"product_tag-bumper-pillow","11":"product_tag-corduroy-pillow","12":"product_tag-couch-pillow","13":"product_tag-daybed-pillow","14":"product_tag-headboard-pillow","15":"product_tag-large-body-pillow","16":"product_tag-large-wedge-pillow","17":"product_tag-leg-pillow","18":"product_tag-reading-pillow","20":"first","21":"instock","22":"featured","23":"shipping-taxable","24":"purchasable","25":"product-type-variable"},"_links":{"self":[{"href":"https:\/\/www.largepillow.com\/it\/wp-json\/wp\/v2\/product\/156","targetHints":{"allow":["GET"]}}],"collection":[{"href":"https:\/\/www.largepillow.com\/it\/wp-json\/wp\/v2\/product"}],"about":[{"href":"https:\/\/www.largepillow.com\/it\/wp-json\/wp\/v2\/types\/product"}],"replies":[{"embeddable":true,"href":"https:\/\/www.largepillow.com\/it\/wp-json\/wp\/v2\/comments?post=156"}],"wp:featuredmedia":[{"embeddable":true,"href":"https:\/\/www.largepillow.com\/it\/wp-json\/wp\/v2\/media\/137"}],"wp:attachment":[{"href":"https:\/\/www.largepillow.com\/it\/wp-json\/wp\/v2\/media?parent=156"}],"wp:term":[{"taxonomy":"product_brand","embeddable":true,"href":"https:\/\/www.largepillow.com\/it\/wp-json\/wp\/v2\/product_brand?post=156"},{"taxonomy":"product_cat","embeddable":true,"href":"https:\/\/www.largepillow.com\/it\/wp-json\/wp\/v2\/product_cat?post=156"},{"taxonomy":"product_tag","embeddable":true,"href":"https:\/\/www.largepillow.com\/it\/wp-json\/wp\/v2\/product_tag?post=156"}],"curies":[{"name":"scrivere","href":"https:\/\/api.w.org\/{rel}","templated":true}]}}