{"id":290,"date":"2022-09-15T22:35:06","date_gmt":"2022-09-15T22:35:06","guid":{"rendered":"https:\/\/www.largepillow.com\/product\/daybed-bolster-pillow"},"modified":"2025-11-05T02:15:26","modified_gmt":"2025-11-05T02:15:26","slug":"cuscino-a-cuneo-triangolare","status":"publish","type":"product","link":"https:\/\/www.largepillow.com\/it\/product\/triangular-wedge-pillow","title":{"rendered":"Cuscino a cuneo triangolare"},"content":{"rendered":"<p>Scopri il massimo comfort con il cuscino a cuneo triangolare<\/p>\n<p>Stanco di sforzare la schiena e il collo mentre leggi o guardi la TV a letto? Presentiamo il cuscino a cuneo triangolare: il cuscino multifunzionale che porta il relax prima di andare a dormire a un livello superiore. <\/p>\n<p>Realizzato con materiali di qualit\u00e0 superiore, questo grande cuscino a cuscino vanta un comfort eccellente grazie al suo design ergonomico triangolare che allinea la schiena e la vita. La copertura in poliestere traspirante e l&#039;imbottitura che mantiene la forma forniscono un supporto morbido ma fermo sia da seduti che da sdraiati.<\/p>\n<p>I clienti adorano usarlo in vari modi:<\/p>\n<p>\u201cLo uso tutte le sere come cuscino per lo schienale. Il mio mal di schiena si \u00e8 notevolmente ridotto!\u201d<\/p>\n<p>\u201c\u00c8 abbastanza largo perch\u00e9 io e mia moglie possiamo appoggiarci comodamente. Niente pi\u00f9 tensioni al collo!\u201d  <\/p>\n<p>\u201cLo metto sotto le gambe per aiutare con i problemi di circolazione. Cos\u00ec comodo!&quot;<\/p>\n<p>Con nove taglie disponibili, troverai sicuramente quella adatta alle tue esigenze. Goditi il comfort e il supporto personalizzati per leggere, lavorare, guardare programmi o semplicemente rilassarti a letto con questo cuscino per testiera a cuneo 3 in 1.  <\/p>\n<p>Porta a casa il relax multifunzionale oggi!<\/p>","protected":false},"excerpt":{"rendered":"<ul>\n<li><strong>Massimo comfort:<\/strong> Questo cuscino per testiera offre un comfort eccellente grazie al suo design a forma triangolare. Il cuscino di supporto del letto si adatta perfettamente alla schiena e alla vita, riducendo al minimo la pressione lombare\/posteriore. Questo cuscino da lettura a cuneo pu\u00f2 aiutarti a rimanere senza tensioni nel letto o nel divano, il che \u00e8 l&#039;ideale per lavorare i nottambuli, i topi di biblioteca e guardare la TV a letto. Questo cuscino extra large \u00e8 l&#039;unico cuscino per testiera a cuneo che pu\u00f2 ospitare due persone.<\/li>\n<li><strong>Cuscino grande 3 in 1:<\/strong> \u00c8 possibile utilizzare il cuscino in posizione verticale come cuscino per la testiera con supporto per la schiena per sedersi sul letto o appoggiarlo sul letto per utilizzarlo come un grande cuscino a cuneo quando si dorme sulla schiena o sul fianco o come cuscino per le gambe per sollevare le gambe. Se desideri un grande cuscino per la testiera che fornisca supporto sia a te che al tuo coniuge. \u00c8 un&#039;ottima alternativa.<\/li>\n<li><strong>Design multifunzionale:<\/strong> Alcune persone usano il grande cuscino triangolare come cuscino per la testiera, mentre altri lo usano come cuscino per il paraurti, pu\u00f2 anche essere un cuscino per sostenere lo schienale del divano o del divano letto. \u00c8 elegante e funzionale, il che lo rende un&#039;ottima aggiunta a qualsiasi camera da letto.<\/li>\n<li><strong>Artigianato superiore:<\/strong> La federa ha un aspetto velluto a coste e la composizione \u00e8 poliestere 100%. il nostro cuscino per la testiera \u00e8 traspirante e abbastanza comodo da mantenere la sua forma e non perdere la sua forma nel tempo. Una tasca laterale su ciascun lato ti consente di infilare il tuo libro o il tuo telefono.<\/li>\n<li><strong>Facile da lavare:<\/strong> La fodera del cuscino da lettura \u00e8 fissata al cuscino con bottoni ed \u00e8 facile da rimuovere con una semplice cerniera. Ci\u00f2 rende la pulizia senza problemi. Basta rimuovere la fodera e fare un rapido lavaggio in lavatrice per far sembrare il tuo cuscino come nuovo.<\/li>\n<li><strong>Taglia:<\/strong> 45 cm (L45 x L20 x H50 | 0 pulsanti), 60 cm (L60 x L20 x H50 | 0 pulsanti), 80 cm (L80 x L20 x H50 | 2 pulsanti), 100 cm (L100 x L20 x H50 | 3 pulsanti), 120 cm ( L120 x L20 x H50 | 4 pulsanti), 140 cm (L140 x L20 x H50 | 4 pulsanti), 160 cm (L160 x L20 x H50 | 5 pulsanti), 180 cm (L180 x L20 x H50 | 6 pulsanti), 200 cm (L200 x L20 x H50 | 7 pulsanti).<\/li>\n<\/ul>","protected":false},"featured_media":271,"comment_status":"open","ping_status":"closed","template":"","meta":[],"product_brand":[],"product_cat":[15],"product_tag":[205,204,206,218,217,209,168,223,199,112,224,68],"class_list":{"0":"post-290","1":"product","2":"type-product","3":"status-publish","4":"has-post-thumbnail","6":"product_cat-large-wedge-pillow","7":"product_tag-back-support-headboard-pillow","8":"product_tag-bed-support-cushion","9":"product_tag-bumper-pillow","10":"product_tag-corduroy-pillow","11":"product_tag-daybed-backrest","12":"product_tag-extra-large-bolster-pillow","13":"product_tag-headboard-pillow","14":"product_tag-large-bolster","15":"product_tag-large-wedge-pillow","16":"product_tag-lumbar-support-pillow","17":"product_tag-red-pillow","18":"product_tag-wedge-reading-pillow","20":"first","21":"instock","22":"shipping-taxable","23":"purchasable","24":"product-type-variable"},"_links":{"self":[{"href":"https:\/\/www.largepillow.com\/it\/wp-json\/wp\/v2\/product\/290","targetHints":{"allow":["GET"]}}],"collection":[{"href":"https:\/\/www.largepillow.com\/it\/wp-json\/wp\/v2\/product"}],"about":[{"href":"https:\/\/www.largepillow.com\/it\/wp-json\/wp\/v2\/types\/product"}],"replies":[{"embeddable":true,"href":"https:\/\/www.largepillow.com\/it\/wp-json\/wp\/v2\/comments?post=290"}],"wp:featuredmedia":[{"embeddable":true,"href":"https:\/\/www.largepillow.com\/it\/wp-json\/wp\/v2\/media\/271"}],"wp:attachment":[{"href":"https:\/\/www.largepillow.com\/it\/wp-json\/wp\/v2\/media?parent=290"}],"wp:term":[{"taxonomy":"product_brand","embeddable":true,"href":"https:\/\/www.largepillow.com\/it\/wp-json\/wp\/v2\/product_brand?post=290"},{"taxonomy":"product_cat","embeddable":true,"href":"https:\/\/www.largepillow.com\/it\/wp-json\/wp\/v2\/product_cat?post=290"},{"taxonomy":"product_tag","embeddable":true,"href":"https:\/\/www.largepillow.com\/it\/wp-json\/wp\/v2\/product_tag?post=290"}],"curies":[{"name":"scrivere","href":"https:\/\/api.w.org\/{rel}","templated":true}]}}