{"id":3222,"date":"2024-07-22T04:17:50","date_gmt":"2024-07-22T04:17:50","guid":{"rendered":"https:\/\/www.largepillow.com\/product\/car-seat-booster-seat-for-dogs-pet-travel-bed"},"modified":"2026-03-12T10:57:57","modified_gmt":"2026-03-12T10:57:57","slug":"seggiolino-auto-per-cani-lettino-da-viaggio-per-animali-domestici","status":"publish","type":"product","link":"https:\/\/www.largepillow.com\/it\/product\/car-seat-booster-seat-for-dogs-pet-travel-bed","title":{"rendered":"Seggiolino auto per cani, lettino da viaggio per animali domestici"},"content":{"rendered":"[zc_getpagecontent mb=&#8221;mb_aplus&#8221; apid=&#8221;37&#8243;]\n","protected":false},"excerpt":{"rendered":"<ul>\n<li><strong>Materiale di alta qualit\u00e0<\/strong>: Realizzato in lino di cotone di alta qualit\u00e0, traspirante e confortevole, anti-morso, resistente e facile da pulire. Imbottito con poliestere di alta qualit\u00e0, resilienza di alta qualit\u00e0, che fornir\u00e0 un supporto deciso con comfort e morbidezza. Mantiene la sua forma e fermezza per un uso a lungo termine.<\/li>\n<li><strong>Seggiolino auto multiuso per cani<\/strong>: La fibbia regolabile del seggiolino auto per cani pu\u00f2 essere utilizzata anche come cinghia da polso, comoda da trasportare all&#039;aperto, pu\u00f2 essere utilizzata anche come cuccia per cani a casa; pu\u00f2 essere utilizzato anche sul divano per proteggere il divano dai danni causati dai cani.<\/li>\n<li><strong>Facile da installare<\/strong>: Il seggiolino auto per cani di piccola taglia \u00e8 dotato di una striscia per lo schienale, basta fissare la striscia allo schienale del sedile anteriore e regolare la lunghezza delle cinghie. Il seggiolino per auto per cani di medie dimensioni pu\u00f2 essere installato appendendo due maniglie portatili regolabili rispettivamente sui sedili anteriore e posteriore dell&#039;auto, adatte a una variet\u00e0 di tipi di auto. Il fondo antiscivolo impedisce al rialzo del seggiolino per animali di scivolare nell&#039;auto, fornendo un ambiente pi\u00f9 sicuro per gli animali domestici.<\/li>\n<li><strong>Dimensioni del sedile<\/strong>: Piccolo: 52 cm (lunghezza) x 52 cm (larghezza) x 42 cm (altezza), grande: 76 cm (lunghezza) x 52 cm (larghezza) x 39 cm (altezza). Il seggiolino auto per cani taglia S \u00e8 adatto per i sedili anteriori delle auto. Il seggiolino auto per cani taglia L \u00e8 adatto per l&#039;installazione sul sedile posteriore di tutti i tipi di auto. Il seggiolino per auto per cani \u00e8 dotato di cinture di sicurezza per garantire la sicurezza del tuo animale domestico e non preoccuparti che il tuo animale domestico ti disturbi durante la guida.<\/li>\n<li><strong>Facile da pulire<\/strong>: Questo seggiolino per auto per animali domestici \u00e8 completamente staccabile, ci sono cerniere invisibili sui 4 angoli, basta aprire la cerniera ed estrarre il cotone PP, mettere la fodera del seggiolino per auto in lavatrice per la pulizia; \u00e8 inoltre possibile utilizzare un aspirapolvere per pulire le impurit\u00e0 superficiali o i peli del rialzo per animali durante la pulizia quotidiana.<\/li>\n<li><strong>Suggerimenti caldi<\/strong>: Il seggiolino per auto per cani \u00e8 confezionato sottovuoto per la spedizione, quindi viene aggiunto altro riempitivo per mantenere la forma del sedile e garantirne la durata e la funzionalit\u00e0. Se ritieni che il riempitivo del seggiolino auto per cani sia eccessivo per gli animali domestici, puoi rimuoverne tu stesso un po&#039; per ottenere il livello di comfort desiderato per il tuo animale domestico. Si prega di attendere 24-48 ore affinch\u00e9 ritorni al suo spessore e forma originali dopo il disimballaggio<\/li>\n<\/ul>","protected":false},"featured_media":3569,"comment_status":"open","ping_status":"closed","template":"","meta":[],"product_brand":[],"product_cat":[227],"product_tag":[],"class_list":{"0":"post-3222","1":"product","2":"type-product","3":"status-publish","4":"has-post-thumbnail","6":"product_cat-pet-supplies","8":"first","9":"instock","10":"shipping-taxable","11":"purchasable","12":"product-type-variable","13":"has-default-attributes"},"_links":{"self":[{"href":"https:\/\/www.largepillow.com\/it\/wp-json\/wp\/v2\/product\/3222","targetHints":{"allow":["GET"]}}],"collection":[{"href":"https:\/\/www.largepillow.com\/it\/wp-json\/wp\/v2\/product"}],"about":[{"href":"https:\/\/www.largepillow.com\/it\/wp-json\/wp\/v2\/types\/product"}],"replies":[{"embeddable":true,"href":"https:\/\/www.largepillow.com\/it\/wp-json\/wp\/v2\/comments?post=3222"}],"wp:featuredmedia":[{"embeddable":true,"href":"https:\/\/www.largepillow.com\/it\/wp-json\/wp\/v2\/media\/3569"}],"wp:attachment":[{"href":"https:\/\/www.largepillow.com\/it\/wp-json\/wp\/v2\/media?parent=3222"}],"wp:term":[{"taxonomy":"product_brand","embeddable":true,"href":"https:\/\/www.largepillow.com\/it\/wp-json\/wp\/v2\/product_brand?post=3222"},{"taxonomy":"product_cat","embeddable":true,"href":"https:\/\/www.largepillow.com\/it\/wp-json\/wp\/v2\/product_cat?post=3222"},{"taxonomy":"product_tag","embeddable":true,"href":"https:\/\/www.largepillow.com\/it\/wp-json\/wp\/v2\/product_tag?post=3222"}],"curies":[{"name":"scrivere","href":"https:\/\/api.w.org\/{rel}","templated":true}]}}