{"id":3330,"date":"2024-07-23T00:38:46","date_gmt":"2024-07-23T00:38:46","guid":{"rendered":"https:\/\/www.largepillow.com\/product\/folding-floor-sofa-bed-with-filling-sleeper-guest-couch"},"modified":"2024-10-03T16:31:25","modified_gmt":"2024-10-03T16:31:25","slug":"divano-letto-a-pavimento-pieghevole-con-divano-letto-imbottito-per-gli-ospiti","status":"publish","type":"product","link":"https:\/\/www.largepillow.com\/it\/product\/folding-floor-sofa-bed-with-filling-sleeper-guest-couch\/","title":{"rendered":"Divano letto pieghevole da terra con imbottitura, divano letto per gli ospiti"},"content":{"rendered":"<p>Migliora il tuo gioco di relax con il nostro letto a sacco per adulti. Progettata per offrire la massima esperienza di comfort, questa sedia convertibile si piega da sedia a letto senza sforzo. Il cuscino \u00e8 stato comodamente ripiegato nella parte inferiore, consentendoti di passare facilmente dalla disposizione dei posti a sedere a quella della notte, rendendolo ideale per accogliere ospiti inaspettati o massimizzare lo spazio nella tua casa.<\/p>\n<p>Realizzata con materiali di alta qualit\u00e0, la nostra federa \u00e8 realizzata in poliestere 100% con una trama intrecciata e punti raffinati che sono robusti ovunque. L&#039;imbottitura \u00e8 realizzata con fibre di poliestere ad alta densit\u00e0 e di alta qualit\u00e0 che impediscono il cedimento anche dopo mesi di utilizzo. La fodera rimovibile \u00e8 morbida al tatto, lavabile in lavatrice e resistente all&#039;acqua, alle macchie e allo scolorimento per una facile manutenzione.<\/p>\n<p>Il nostro letto a sacco \u00e8 perfetto per chi ama rilassarsi e riposare in casa, soprattutto giovani e famiglie. Che tu sia in soggiorno, camera da letto, studio, salotto, terrazza o giardino, il nostro letto a sacco \u00e8 l&#039;aggiunta perfetta alla tua casa. I morbidi cuscini e la struttura robusta ti faranno sentire come se fossi seduto su una nuvola.<\/p>\n<p>Allora perch\u00e9 aspettare? Trasforma il tuo spazio abitativo in un rifugio accogliente e confortevole con il nostro letto a sacco. D\u00ec addio alla scomoda disposizione dei posti a sedere e dai il benvenuto al massimo relax. Acquista ora e concediti la massima esperienza di comfort.<\/p>","protected":false},"excerpt":{"rendered":"<ul>\n<li><strong>Sperimenta il comfort simile al cloud<\/strong>: Non cercare oltre il nostro divano letto dal pavimento pigro! Progettato pensando al tuo comfort, questo divano da terra \u00e8 perfetto per rilassarsi, leggere, guardare la TV e altro ancora. Con il suo design confortevole e la struttura robusta, ti sentirai come se fossi seduto su una nuvola.<\/li>\n<li><strong>Dal divano al letto facilmente<\/strong>: Trasformare questo mobile in un comodo divano letto da terra \u00e8 un gioco da ragazzi: basta estrarre il cuscino del sedile pieghevole nella parte inferiore! Questo design innovativo ti consente di passare facilmente dalla disposizione dei posti a sedere a quella della notte, rendendolo ideale per accogliere ospiti inaspettati o massimizzare lo spazio nella tua casa.<\/li>\n<li><strong>Materiali di alta qualit\u00e0<\/strong>: La nostra federa \u00e8 realizzata in poliestere 100% con una trama intrecciata e punti raffinati che sono robusti ovunque. L&#039;imbottitura \u00e8 realizzata con fibre di poliestere ad alta densit\u00e0 e di alta qualit\u00e0 che impediscono il cedimento anche dopo mesi di utilizzo.<\/li>\n<li><strong>Facile da lavare<\/strong>: La fodera rimovibile \u00e8 morbida al tatto, lavabile in lavatrice e resistente all&#039;acqua, alle macchie e allo scolorimento per una facile manutenzione.<\/li>\n<li><strong>Adatto a molteplici occasioni<\/strong>: Il nostro divano letto da terra \u00e8 perfetto per chi ama rilassarsi e riposare in casa, soprattutto giovani e famiglie. Sono molto adatti per essere posizionati in soggiorni, camere da letto, studi, salotti e altri luoghi e possono essere posizionati anche all&#039;aperto su terrazze o giardini.<\/li>\n<\/ul>","protected":false},"featured_media":3566,"comment_status":"open","ping_status":"closed","template":"","meta":[],"product_brand":[],"product_cat":[228],"product_tag":[],"class_list":{"0":"post-3330","1":"product","2":"type-product","3":"status-publish","4":"has-post-thumbnail","6":"product_cat-cushions","8":"first","9":"instock","10":"shipping-taxable","11":"purchasable","12":"product-type-simple"},"_links":{"self":[{"href":"https:\/\/www.largepillow.com\/it\/wp-json\/wp\/v2\/product\/3330","targetHints":{"allow":["GET"]}}],"collection":[{"href":"https:\/\/www.largepillow.com\/it\/wp-json\/wp\/v2\/product"}],"about":[{"href":"https:\/\/www.largepillow.com\/it\/wp-json\/wp\/v2\/types\/product"}],"replies":[{"embeddable":true,"href":"https:\/\/www.largepillow.com\/it\/wp-json\/wp\/v2\/comments?post=3330"}],"wp:featuredmedia":[{"embeddable":true,"href":"https:\/\/www.largepillow.com\/it\/wp-json\/wp\/v2\/media\/3566"}],"wp:attachment":[{"href":"https:\/\/www.largepillow.com\/it\/wp-json\/wp\/v2\/media?parent=3330"}],"wp:term":[{"taxonomy":"product_brand","embeddable":true,"href":"https:\/\/www.largepillow.com\/it\/wp-json\/wp\/v2\/product_brand?post=3330"},{"taxonomy":"product_cat","embeddable":true,"href":"https:\/\/www.largepillow.com\/it\/wp-json\/wp\/v2\/product_cat?post=3330"},{"taxonomy":"product_tag","embeddable":true,"href":"https:\/\/www.largepillow.com\/it\/wp-json\/wp\/v2\/product_tag?post=3330"}],"curies":[{"name":"scrivere","href":"https:\/\/api.w.org\/{rel}","templated":true}]}}