{"id":3344,"date":"2024-07-23T00:52:32","date_gmt":"2024-07-23T00:52:32","guid":{"rendered":"https:\/\/www.largepillow.com\/product\/versatile-and-durable-travel-dog-crate-for-medium-dogs"},"modified":"2024-10-03T16:31:25","modified_gmt":"2024-10-03T16:31:25","slug":"trasportino-da-viaggio-versatile-e-resistente-per-cani-di-taglia-media","status":"publish","type":"product","link":"https:\/\/www.largepillow.com\/it\/product\/versatile-and-durable-travel-dog-crate-for-medium-dogs\/","title":{"rendered":"Gabbia da viaggio versatile e resistente per cani di taglia media"},"content":{"rendered":"[zc_getpagecontent mb=&#8221;mb_aplus&#8221; apid=&#8221;62&#8243;]\n","protected":false},"excerpt":{"rendered":"<ul>\n<li>MONTAGGIO RAPIDO IN 20 SECONDI: il nostro tennel da viaggio per cani di taglia media presenta un design tutto in uno senza problemi che elimina la necessit\u00e0 di un&#039;installazione complicata. Di&#039; addio alla frustrazione del montaggio e goditi la comodit\u00e0 di un&#039;installazione e una conservazione senza sforzo.<\/li>\n<li>DESIGN VERSATILE DELLA TENDA: gabbia per cani progettata pensando alla funzionalit\u00e0, la nostra gabbia per cani da viaggio \u00e8 dotata di una tenda che pu\u00f2 essere regolata per adattarsi alle diverse stagioni. Proteggi il tuo animale domestico dai venti freddi durante l&#039;inverno e arrotolalo per una ventilazione e un comfort ottimali durante i mesi estivi.<\/li>\n<li>UTILIZZO MULTIFUNZIONE: Questo trasportino pieghevole per cani \u00e8 incredibilmente versatile e pu\u00f2 fungere da casa accogliente per il tuo amico peloso, trasportino sicuro per i viaggi in auto, comoda tenda da parto o rifugio portatile all&#039;aperto per le avventure. Goditi la comodit\u00e0 e il comfort che offre, ovunque tu vada.<\/li>\n<li>MATERIALI DI QUALIT\u00c0 PREMIUM: Questo trasportino per cani di medie dimensioni \u00e8 rivestito con tessuto oxford resistente e impermeabile, il nostro trasportino per cani pieghevole \u00e8 costruito per resistere a varie condizioni atmosferiche. Gli angoli rinforzati garantiscono una maggiore durata del prodotto, mentre il fondo antiscivolo fornisce maggiore stabilit\u00e0 e sicurezza.<\/li>\n<li>COMODA TASCA LATERALE: La cuccia esterna per cani \u00e8 dotata di una pratica tasca laterale, che ti consente di trasportare facilmente la bottiglia d&#039;acqua, gli snack, i giocattoli e altri oggetti essenziali del tuo animale domestico durante i viaggi all&#039;aperto. Rimani organizzato e preparato per qualsiasi avventura con questa funzionalit\u00e0 di design intelligente.<\/li>\n<\/ul>","protected":false},"featured_media":3331,"comment_status":"open","ping_status":"closed","template":"","meta":[],"product_brand":[],"product_cat":[227],"product_tag":[],"class_list":{"0":"post-3344","1":"product","2":"type-product","3":"status-publish","4":"has-post-thumbnail","6":"product_cat-pet-supplies","8":"first","9":"outofstock","10":"featured","11":"shipping-taxable","12":"purchasable","13":"product-type-simple"},"_links":{"self":[{"href":"https:\/\/www.largepillow.com\/it\/wp-json\/wp\/v2\/product\/3344","targetHints":{"allow":["GET"]}}],"collection":[{"href":"https:\/\/www.largepillow.com\/it\/wp-json\/wp\/v2\/product"}],"about":[{"href":"https:\/\/www.largepillow.com\/it\/wp-json\/wp\/v2\/types\/product"}],"replies":[{"embeddable":true,"href":"https:\/\/www.largepillow.com\/it\/wp-json\/wp\/v2\/comments?post=3344"}],"wp:featuredmedia":[{"embeddable":true,"href":"https:\/\/www.largepillow.com\/it\/wp-json\/wp\/v2\/media\/3331"}],"wp:attachment":[{"href":"https:\/\/www.largepillow.com\/it\/wp-json\/wp\/v2\/media?parent=3344"}],"wp:term":[{"taxonomy":"product_brand","embeddable":true,"href":"https:\/\/www.largepillow.com\/it\/wp-json\/wp\/v2\/product_brand?post=3344"},{"taxonomy":"product_cat","embeddable":true,"href":"https:\/\/www.largepillow.com\/it\/wp-json\/wp\/v2\/product_cat?post=3344"},{"taxonomy":"product_tag","embeddable":true,"href":"https:\/\/www.largepillow.com\/it\/wp-json\/wp\/v2\/product_tag?post=3344"}],"curies":[{"name":"scrivere","href":"https:\/\/api.w.org\/{rel}","templated":true}]}}