{"id":3388,"date":"2024-07-23T01:37:07","date_gmt":"2024-07-23T01:37:07","guid":{"rendered":"https:\/\/www.largepillow.com\/product\/portable-neck-pillow-clothes-stuffable-ideal-for-trips"},"modified":"2025-04-02T07:09:22","modified_gmt":"2025-04-02T07:09:22","slug":"cuscino-portatile-per-il-collo-imbottito-ideale-per-i-viaggi","status":"publish","type":"product","link":"https:\/\/www.largepillow.com\/it\/product\/portable-neck-pillow-clothes-stuffable-ideal-for-trips\/","title":{"rendered":"Cuscino per il collo portatile, imbottibile, ideale per i viaggi"},"content":{"rendered":"[zc_getpagecontent mb=&#8221;mb_aplus&#8221; apid=&#8221;75&#8243;]\n","protected":false},"excerpt":{"rendered":"<ul>\n<li><strong>Nessuna tariffa per il bagaglio extra:<\/strong> I nostri cuscini da viaggio imbottibili per il collo sono progettati per trasportare oggetti che non entrano nel bagaglio a mano o negli oggetti personali senza pagare un extra fino a $70 per il bagaglio registrato aggiuntivo. Il nostro versatile compagno di viaggio ti consente di evitare quelle costose tariffe per il bagaglio. Metti in valigia fino a 3 giorni di vestiti e oggetti essenziali in questo cuscino imbottito per il collo e non preoccuparti mai pi\u00f9 delle spese per il bagaglio in eccesso.<\/li>\n<li><strong>Materiale confortevole:<\/strong>\u00a0Ti abbiamo coperto con materiale accogliente e di alta qualit\u00e0. il cuscino per il collo da viaggio \u00e8 realizzato in tessuto composito di spugna, offre un tocco confortevole per un&#039;esperienza di viaggio felice. Puoi goderti un comodo supporto per collo e lombare su aerei, viaggi in auto, treni e persino creare una pratica borsa da trasporto su biciclette e motociclette!<\/li>\n<li><strong>Versatilit\u00e0 e risparmio di spazio:<\/strong> il nostro cuscino da viaggio imbottito per indumenti \u00e8 dotato di una cinghia regolabile che pu\u00f2 essere indossata sopra la spalla o intorno al collo. Che tu stia intraprendendo un weekend fuori porta, un&#039;avventura in campeggio o un viaggio aereo conveniente, il nostro cuscino da viaggio con collo regolabile le dimensioni e la tracolla extra semplificano l&#039;imballaggio massimizzando lo spazio per i bagagli.<\/li>\n<li><strong>Design auto-riempitivo:<\/strong> il nostro cuscino imbottito per il collo da viaggio \u00e8 dotato di cerniere laterali nascoste e l&#039;apertura per l&#039;imbottitura \u00e8 abbastanza ampia da poter essere riempita con vestiti per massimizzare lo spazio del bagaglio, e il cuscino non occupa troppo spazio, rendendo facile riporre oggetti in modo ordinato e ordinato vestiti nei cuscini da viaggio per il collo. Quando non vengono utilizzati, possono anche essere piegati in una borsetta piatta che pu\u00f2 essere riposta in una borsa, nello zaino o anche in tasca.<\/li>\n<li><strong>Elementi essenziali per il viaggio:<\/strong> Tutto \u00e8 pensato per comodit\u00e0 e comfort, il cuscino da viaggio imbottito \u00e8 fatto su misura per una vasta gamma di viaggi, che si tratti di una fuga spontanea nel fine settimana, di una spedizione coinvolgente in campeggio, di escursioni tonificanti o di viaggi aerei convenienti. il nostro cuscino da viaggio per il collo pu\u00f2 soddisfare le tue esigenze ed \u00e8 il miglior cuscino da viaggio per i viaggiatori.<\/li>\n<\/ul>","protected":false},"featured_media":3380,"comment_status":"open","ping_status":"closed","template":"","meta":[],"product_brand":[],"product_cat":[228],"product_tag":[],"class_list":{"0":"post-3388","1":"product","2":"type-product","3":"status-publish","4":"has-post-thumbnail","6":"product_cat-cushions","8":"first","9":"instock","10":"shipping-taxable","11":"purchasable","12":"product-type-simple"},"_links":{"self":[{"href":"https:\/\/www.largepillow.com\/it\/wp-json\/wp\/v2\/product\/3388","targetHints":{"allow":["GET"]}}],"collection":[{"href":"https:\/\/www.largepillow.com\/it\/wp-json\/wp\/v2\/product"}],"about":[{"href":"https:\/\/www.largepillow.com\/it\/wp-json\/wp\/v2\/types\/product"}],"replies":[{"embeddable":true,"href":"https:\/\/www.largepillow.com\/it\/wp-json\/wp\/v2\/comments?post=3388"}],"wp:featuredmedia":[{"embeddable":true,"href":"https:\/\/www.largepillow.com\/it\/wp-json\/wp\/v2\/media\/3380"}],"wp:attachment":[{"href":"https:\/\/www.largepillow.com\/it\/wp-json\/wp\/v2\/media?parent=3388"}],"wp:term":[{"taxonomy":"product_brand","embeddable":true,"href":"https:\/\/www.largepillow.com\/it\/wp-json\/wp\/v2\/product_brand?post=3388"},{"taxonomy":"product_cat","embeddable":true,"href":"https:\/\/www.largepillow.com\/it\/wp-json\/wp\/v2\/product_cat?post=3388"},{"taxonomy":"product_tag","embeddable":true,"href":"https:\/\/www.largepillow.com\/it\/wp-json\/wp\/v2\/product_tag?post=3388"}],"curies":[{"name":"scrivere","href":"https:\/\/api.w.org\/{rel}","templated":true}]}}