{"id":3413,"date":"2024-07-23T03:06:14","date_gmt":"2024-07-23T03:06:14","guid":{"rendered":"https:\/\/www.largepillow.com\/product\/ergonomic-wedge-pillow-with-arm-hole-for-shoulder-pain-relief"},"modified":"2025-04-29T06:10:15","modified_gmt":"2025-04-29T06:10:15","slug":"cuscino-ergonomico-a-cuneo-con-foro-per-il-braccio-per-alleviare-il-dolore-alla-spalla","status":"publish","type":"product","link":"https:\/\/www.largepillow.com\/it\/product\/ergonomic-wedge-pillow-with-arm-hole-for-shoulder-pain-relief\/","title":{"rendered":"Cuscino ergonomico a cuneo con foro per il braccio per alleviare il dolore alla spalla"},"content":{"rendered":"","protected":false},"excerpt":{"rendered":"<ul>\n<li><strong>Cuscino in schiuma con contorno regolabile:<\/strong> Il poggiatesta a forma di U e il cuscinetto inclinato del nostro cuscino per chi dorme sul fianco mantengono la colonna vertebrale in posizione neutrale, regolando e correggendo efficacemente la posizione del sonno laterale, alleviando la pressione su spalle, braccia e schiena e liberando pi\u00f9 spazio di riposo per le spalle in modo da poter pu\u00f2 dormire comodamente su entrambi i lati<\/li>\n<li><strong>Cuscino a cuneo per il contorno delle spalle:<\/strong> Le scanalature progettate scientificamente nella zona del poggiaspalla sono adatte per le persone che dormono su un fianco. Possono ridurre la pressione sulle spalle quando si dorme sul fianco ed evitare posture ingobbite durante il sonno. Il cuscino a cuneo \u00e8 sufficientemente largo per posizionare le braccia, in modo che le braccia non si sentano sospese quando si dorme sul fianco. Dimensioni: 55*60*19 cm<\/li>\n<li><strong>Poggiatesta curvo:<\/strong> Il nostro cuscino per dormire adotta un design a forma di U, la forma del contorno fornisce un solido supporto alla colonna cervicale, alla testa e si adatta naturalmente alla postura della testa quando si dorme su un fianco e sulla schiena. in modo da mantenere il collo correttamente allineato con il resto del corpo, lenire i dolori al collo e alle spalle. Il cuscino per dormire fornisce un migliore supporto per testa e cervicale. Dimensioni: 20*39*10 cm<\/li>\n<li><strong>Imbottito e tessuto:<\/strong> La parte bianca \u00e8 in tessuto traspirante lavorato a maglia, delicato sulla pelle e non soffocante, adatto a tutte le stagioni. La parte beige \u00e8 realizzata in morbido tessuto di velluto smerigliato. Il cuscino per il corpo a cuneo \u00e8 riempito con schiuma ad alta densit\u00e0, fornendo un supporto duraturo ed efficace, con forte capacit\u00e0 portante e non facilmente deformabile. Il poggiatesta \u00e8 realizzato in memory foam di alta qualit\u00e0 a rimbalzo lento che pu\u00f2 assorbire uniformemente la forza d&#039;impatto e disperdere la pressione, presenta una morbidezza equilibrata.<\/li>\n<li><strong>Ampia applicazione:<\/strong> Questo cuscino per il supporto del collo \u00e8 molto adatto per anziani, impiegati, insegnanti e coloro che soffrono di disturbi del sonno. Se di tanto in tanto ritieni che il sonno ordinario non possa alleviare il dolore e l&#039;affaticamento delle spalle e del collo, questo cuscino di supporto ergonomico sar\u00e0 la scelta migliore. L&#039;angolo e il contorno progettati scientificamente possono offrirti un sonno confortevole e sollievo dal dolore alla spalla.<\/li>\n<li><strong>Posizione ideale per dormire:<\/strong>\u00a0La corretta postura del sonno migliora la qualit\u00e0 del sonno e allevia rapidamente l&#039;affaticamento fisico e lo stress mentale. Il nostro cuscino sagomato progettato migliora efficacemente il dolore al collo, alle spalle, alla schiena e alla vita.<\/li>\n<\/ul>","protected":false},"featured_media":3405,"comment_status":"open","ping_status":"closed","template":"","meta":[],"product_brand":[],"product_cat":[228],"product_tag":[],"class_list":{"0":"post-3413","1":"product","2":"type-product","3":"status-publish","4":"has-post-thumbnail","6":"product_cat-cushions","8":"first","9":"outofstock","10":"featured","11":"shipping-taxable","12":"purchasable","13":"product-type-simple"},"_links":{"self":[{"href":"https:\/\/www.largepillow.com\/it\/wp-json\/wp\/v2\/product\/3413","targetHints":{"allow":["GET"]}}],"collection":[{"href":"https:\/\/www.largepillow.com\/it\/wp-json\/wp\/v2\/product"}],"about":[{"href":"https:\/\/www.largepillow.com\/it\/wp-json\/wp\/v2\/types\/product"}],"replies":[{"embeddable":true,"href":"https:\/\/www.largepillow.com\/it\/wp-json\/wp\/v2\/comments?post=3413"}],"wp:featuredmedia":[{"embeddable":true,"href":"https:\/\/www.largepillow.com\/it\/wp-json\/wp\/v2\/media\/3405"}],"wp:attachment":[{"href":"https:\/\/www.largepillow.com\/it\/wp-json\/wp\/v2\/media?parent=3413"}],"wp:term":[{"taxonomy":"product_brand","embeddable":true,"href":"https:\/\/www.largepillow.com\/it\/wp-json\/wp\/v2\/product_brand?post=3413"},{"taxonomy":"product_cat","embeddable":true,"href":"https:\/\/www.largepillow.com\/it\/wp-json\/wp\/v2\/product_cat?post=3413"},{"taxonomy":"product_tag","embeddable":true,"href":"https:\/\/www.largepillow.com\/it\/wp-json\/wp\/v2\/product_tag?post=3413"}],"curies":[{"name":"scrivere","href":"https:\/\/api.w.org\/{rel}","templated":true}]}}