{"id":3437,"date":"2024-07-25T02:20:33","date_gmt":"2024-07-25T02:20:33","guid":{"rendered":"https:\/\/www.largepillow.com\/product\/adjustable-floor-sofa-bed-multi-piece-folding-recliner"},"modified":"2024-10-03T16:31:25","modified_gmt":"2024-10-03T16:31:25","slug":"divano-letto-regolabile-da-pavimento-reclinabile-pieghevole-multi-pezzo-2","status":"publish","type":"product","link":"https:\/\/www.largepillow.com\/it\/product\/adjustable-floor-sofa-bed-multi-piece-folding-recliner\/","title":{"rendered":"Divano letto da terra regolabile, poltrona reclinabile pieghevole in pi\u00f9 pezzi"},"content":{"rendered":"[zc_getpagecontent mb=&#8221;mb_aplus&#8221; apid=&#8221;81&#8243;]\n","protected":false},"excerpt":{"rendered":"<ul>\n<li><strong>Comfort e supporto:<\/strong> Il divano letto pieghevole di recente aggiornamento presenta una struttura a strati con imbottitura in spugna e fibra di poliestere. Il divano letto pieghevole \u00e8 eccezionalmente imbottito con soffice fibra di poliestere, offrendo un&#039;esperienza confortevole e senza fatica mentre ci si sdraia e ci si rilassa. La parte inferiore del divano letto convertibile \u00e8 riempita con spugna ad alta densit\u00e0, garantendo un supporto robusto che non collasser\u00e0 anche dopo lunghi periodi di seduta.<\/li>\n<li><strong>Design versatile e salvaspazio:<\/strong> Il nostro divano pieghevole si trasforma senza sforzo da divano a pavimento, poltrone reclinabili e materassi, soddisfacendo le tue diverse esigenze. Il divano letto leggero e pieghevole consente un facile spostamento, piegatura, stoccaggio e trasporto. \u00c8 la scelta ideale per piccoli appartamenti, dormitori o qualsiasi spazio abitativo con spazio limitato.<\/li>\n<li><strong>Schienale regolabile e sicuro:<\/strong> Il design della fibbia su entrambi i lati del divano letto da pavimento assicura un fissaggio saldo dello schienale al cuscino del sedile. Quando viene utilizzato come letto, il cuscino dello schienale pu\u00f2 essere facilmente convertito in un poggiatesta, fornendo un supporto ottimale. Come schienale, offre un eccellente supporto lombare.<\/li>\n<li><strong>Materiali di alta qualit\u00e0 e facile manutenzione:<\/strong> La fodera esterna del divano letto pieghevole \u00e8 realizzata in un mix di peluche corto e tessuto Oxford. Le aree a contatto con il corpo sono realizzate in velluto incredibilmente morbido, per garantire un comfort duraturo. La fodera rimovibile con cerniera \u00e8 facile da pulire e lavare, semplificando la manutenzione e la cura.<\/li>\n<li><strong>Imballaggio sottovuoto:<\/strong> Per garantire un trasporto sicuro ed efficiente, il nostro divano pieghevole da pavimento viene consegnato sottovuoto, il che potrebbe causare leggere deformazioni quando viene aperto. Tuttavia, puoi star certo che il divano letto torner\u00e0 alla sua forma originale entro 24-72 ore dal disimballaggio, offrendoti la migliore esperienza.<\/li>\n<\/ul>","protected":false},"featured_media":3427,"comment_status":"open","ping_status":"closed","template":"","meta":[],"product_brand":[],"product_cat":[228],"product_tag":[],"class_list":{"0":"post-3437","1":"product","2":"type-product","3":"status-publish","4":"has-post-thumbnail","6":"product_cat-cushions","8":"first","9":"outofstock","10":"shipping-taxable","11":"purchasable","12":"product-type-simple"},"_links":{"self":[{"href":"https:\/\/www.largepillow.com\/it\/wp-json\/wp\/v2\/product\/3437","targetHints":{"allow":["GET"]}}],"collection":[{"href":"https:\/\/www.largepillow.com\/it\/wp-json\/wp\/v2\/product"}],"about":[{"href":"https:\/\/www.largepillow.com\/it\/wp-json\/wp\/v2\/types\/product"}],"replies":[{"embeddable":true,"href":"https:\/\/www.largepillow.com\/it\/wp-json\/wp\/v2\/comments?post=3437"}],"wp:featuredmedia":[{"embeddable":true,"href":"https:\/\/www.largepillow.com\/it\/wp-json\/wp\/v2\/media\/3427"}],"wp:attachment":[{"href":"https:\/\/www.largepillow.com\/it\/wp-json\/wp\/v2\/media?parent=3437"}],"wp:term":[{"taxonomy":"product_brand","embeddable":true,"href":"https:\/\/www.largepillow.com\/it\/wp-json\/wp\/v2\/product_brand?post=3437"},{"taxonomy":"product_cat","embeddable":true,"href":"https:\/\/www.largepillow.com\/it\/wp-json\/wp\/v2\/product_cat?post=3437"},{"taxonomy":"product_tag","embeddable":true,"href":"https:\/\/www.largepillow.com\/it\/wp-json\/wp\/v2\/product_tag?post=3437"}],"curies":[{"name":"scrivere","href":"https:\/\/api.w.org\/{rel}","templated":true}]}}