{"id":3449,"date":"2024-07-25T02:57:32","date_gmt":"2024-07-25T02:57:32","guid":{"rendered":"https:\/\/www.largepillow.com\/product\/portable-small-pet-car-seat-front-seat-safety-for-dogs-cats"},"modified":"2025-03-01T12:11:51","modified_gmt":"2025-03-01T12:11:51","slug":"seggiolino-auto-portatile-per-piccoli-animali-domestici-sedile-anteriore-di-sicurezza-per-cani-e-gatti","status":"publish","type":"product","link":"https:\/\/www.largepillow.com\/it\/product\/portable-small-pet-car-seat-front-seat-safety-for-dogs-cats","title":{"rendered":"Seggiolino auto portatile per piccoli animali domestici, sicurezza del sedile anteriore per cani e gatti"},"content":{"rendered":"[zc_getpagecontent mb=&#8221;mb_aplus&#8221; apid=&#8221;79&#8243;]\n","protected":false},"excerpt":{"rendered":"<ul>\n<li><strong>Massima sicurezza e protezione:<\/strong> Il nostro seggiolino auto per cani con console centrale in schiuma offre un sistema di protezione di sicurezza quadruplo, garantendo la sicurezza del tuo cane o gatto di piccola taglia durante i viaggi in auto. Con doppie cinture di sicurezza che possono essere fissate al sedile del conducente, una cintura di ritenuta per animali domestici, cinghie fisse per stabilit\u00e0 e una base antiscivolo, puoi stare tranquillo sapendo che il tuo animale domestico \u00e8 saldamente al suo posto.<\/li>\n<li><strong>Materiale confortevole:<\/strong> Questo seggiolino per auto per cani con console centrale \u00e8 imbottito con materiale espanso morbido e di supporto, che garantisce comfort e mantenimento della forma. Pu\u00f2 essere piegato per sostenere la testa del cane e offrire al tuo animale domestico una visione pi\u00f9 ampia per godersi il paesaggio. Nessun telaio metallico, nessun rischio per la sicurezza.<\/li>\n<li><strong>Scenari di utilizzo multipli:<\/strong> Il nostro seggiolino per auto per cani con console centrale pu\u00f2 essere installato sulla console centrale dell&#039;auto, risparmiando spazio e consentendo a pi\u00f9 passeggeri di viaggiare comodamente. La maniglia regolabile sul seggiolino auto per cani sulla console centrale garantisce anche un&#039;installazione sicura sul sedile del copilota, offrendo un&#039;ulteriore opzione di utilizzo.<\/li>\n<li><strong>Progettato per animali di piccola taglia:<\/strong> Progettato specificatamente per cani e gatti di piccola taglia di peso inferiore a 13 libbre, questo seggiolino per auto offre uno spazio accogliente e confortevole per il tuo amico peloso. Impedisce loro di vagare per l&#039;auto, riducendo le distrazioni e garantendo la loro sicurezza durante tutto il viaggio. Funziona anche come trasportino per piccoli animali domestici, offrendo comodit\u00e0 e flessibilit\u00e0 quando si viaggia con il proprio compagno peloso.<\/li>\n<li><strong>Design conveniente:<\/strong> Oltre a funzionare come seggiolino auto per cani con console centrale, pu\u00f2 essere utilizzato anche come trasportino per piccoli animali domestici, offrendo comodit\u00e0 e versatilit\u00e0 durante i viaggi con il tuo compagno peloso. Le tasche su entrambi i lati sono comode per riporre comodamente gli accessori del cane.<\/li>\n<\/ul>","protected":false},"featured_media":3439,"comment_status":"open","ping_status":"closed","template":"","meta":[],"product_brand":[],"product_cat":[227],"product_tag":[],"class_list":{"0":"post-3449","1":"product","2":"type-product","3":"status-publish","4":"has-post-thumbnail","6":"product_cat-pet-supplies","8":"first","9":"instock","10":"shipping-taxable","11":"purchasable","12":"product-type-simple"},"_links":{"self":[{"href":"https:\/\/www.largepillow.com\/it\/wp-json\/wp\/v2\/product\/3449","targetHints":{"allow":["GET"]}}],"collection":[{"href":"https:\/\/www.largepillow.com\/it\/wp-json\/wp\/v2\/product"}],"about":[{"href":"https:\/\/www.largepillow.com\/it\/wp-json\/wp\/v2\/types\/product"}],"replies":[{"embeddable":true,"href":"https:\/\/www.largepillow.com\/it\/wp-json\/wp\/v2\/comments?post=3449"}],"wp:featuredmedia":[{"embeddable":true,"href":"https:\/\/www.largepillow.com\/it\/wp-json\/wp\/v2\/media\/3439"}],"wp:attachment":[{"href":"https:\/\/www.largepillow.com\/it\/wp-json\/wp\/v2\/media?parent=3449"}],"wp:term":[{"taxonomy":"product_brand","embeddable":true,"href":"https:\/\/www.largepillow.com\/it\/wp-json\/wp\/v2\/product_brand?post=3449"},{"taxonomy":"product_cat","embeddable":true,"href":"https:\/\/www.largepillow.com\/it\/wp-json\/wp\/v2\/product_cat?post=3449"},{"taxonomy":"product_tag","embeddable":true,"href":"https:\/\/www.largepillow.com\/it\/wp-json\/wp\/v2\/product_tag?post=3449"}],"curies":[{"name":"scrivere","href":"https:\/\/api.w.org\/{rel}","templated":true}]}}