{"id":3464,"date":"2024-07-25T03:03:31","date_gmt":"2024-07-25T03:03:31","guid":{"rendered":"https:\/\/www.largepillow.com\/product\/small-dog-car-seat-with-safety-belt-for-front-seat"},"modified":"2024-12-09T09:08:30","modified_gmt":"2024-12-09T09:08:30","slug":"seggiolino-auto-per-cani-di-piccola-taglia-con-cintura-di-sicurezza-per-il-sedile-anteriore","status":"publish","type":"product","link":"https:\/\/www.largepillow.com\/it\/product\/small-dog-car-seat-with-safety-belt-for-front-seat","title":{"rendered":"Seggiolino auto per cani di piccola taglia con cintura di sicurezza per il sedile anteriore"},"content":{"rendered":"[zc_getpagecontent mb=&#8221;mb_aplus&#8221; apid=&#8221;78&#8243;]\n","protected":false},"excerpt":{"rendered":"<ul>\n<li><strong>Massima sicurezza e protezione:<\/strong> Il nostro seggiolino auto per cani con console centrale impermeabile offre un sistema di protezione di sicurezza quadruplo, garantendo la sicurezza del tuo cane o gatto di piccola taglia durante i viaggi in auto. Con doppie cinture di sicurezza che possono essere fissate al sedile del conducente, una cintura di ritenuta per animali domestici, cinghie fisse per stabilit\u00e0 e una base antiscivolo, puoi stare tranquillo sapendo che il tuo animale domestico \u00e8 saldamente al suo posto.<\/li>\n<li><strong>Design anti-ansia:<\/strong> Il nostro seggiolino per auto per cani con console centrale presenta un design con cerniera superiore che crea un seggiolino per auto per cani chiuso, alleviando efficacemente l&#039;ansia degli animali domestici e gestendo gli animali eccessivamente attivi, migliorando cos\u00ec la sicurezza di guida. Nel frattempo, il design consente alla testa del cane di rimanere visibile, fornendo un campo visivo pi\u00f9 ampio affinch\u00e9 il tuo animale domestico possa godersi il paesaggio.<\/li>\n<li><strong>Progettato per animali di piccola taglia:<\/strong> Progettato specificatamente per cani e gatti di piccola taglia di peso inferiore a 13 libbre, questo seggiolino per auto offre uno spazio accogliente e confortevole per il tuo amico peloso. Impedisce loro di vagare per l&#039;auto, riducendo le distrazioni e garantendo la loro sicurezza durante tutto il viaggio. Funziona anche come trasportino per piccoli animali domestici, offrendo comodit\u00e0 e flessibilit\u00e0 quando si viaggia con il proprio compagno peloso.<\/li>\n<li><strong>Design conveniente:<\/strong> Oltre a funzionare come seggiolino auto per cani con console centrale, pu\u00f2 essere utilizzato anche come trasportino per piccoli animali domestici, offrendo comodit\u00e0 e versatilit\u00e0 durante i viaggi con il tuo compagno peloso. Le tasche su entrambi i lati sono comode per riporre comodamente gli accessori del cane.<\/li>\n<li><strong>Materiale confortevole:<\/strong> Questo seggiolino per auto per cani con console centrale \u00e8 realizzato in morbido tessuto in finta pelle scamosciata, che \u00e8 allo stesso tempo elegante e confortevole. L&#039;interno \u00e8 rivestito in tessuto peluche super caldo. Nessun telaio metallico, nessun rischio per la sicurezza.<\/li>\n<\/ul>","protected":false},"featured_media":3450,"comment_status":"open","ping_status":"closed","template":"","meta":[],"product_brand":[],"product_cat":[227],"product_tag":[],"class_list":{"0":"post-3464","1":"product","2":"type-product","3":"status-publish","4":"has-post-thumbnail","6":"product_cat-pet-supplies","8":"first","9":"instock","10":"shipping-taxable","11":"purchasable","12":"product-type-simple"},"_links":{"self":[{"href":"https:\/\/www.largepillow.com\/it\/wp-json\/wp\/v2\/product\/3464","targetHints":{"allow":["GET"]}}],"collection":[{"href":"https:\/\/www.largepillow.com\/it\/wp-json\/wp\/v2\/product"}],"about":[{"href":"https:\/\/www.largepillow.com\/it\/wp-json\/wp\/v2\/types\/product"}],"replies":[{"embeddable":true,"href":"https:\/\/www.largepillow.com\/it\/wp-json\/wp\/v2\/comments?post=3464"}],"wp:featuredmedia":[{"embeddable":true,"href":"https:\/\/www.largepillow.com\/it\/wp-json\/wp\/v2\/media\/3450"}],"wp:attachment":[{"href":"https:\/\/www.largepillow.com\/it\/wp-json\/wp\/v2\/media?parent=3464"}],"wp:term":[{"taxonomy":"product_brand","embeddable":true,"href":"https:\/\/www.largepillow.com\/it\/wp-json\/wp\/v2\/product_brand?post=3464"},{"taxonomy":"product_cat","embeddable":true,"href":"https:\/\/www.largepillow.com\/it\/wp-json\/wp\/v2\/product_cat?post=3464"},{"taxonomy":"product_tag","embeddable":true,"href":"https:\/\/www.largepillow.com\/it\/wp-json\/wp\/v2\/product_tag?post=3464"}],"curies":[{"name":"scrivere","href":"https:\/\/api.w.org\/{rel}","templated":true}]}}