{"id":3491,"date":"2024-07-25T03:29:02","date_gmt":"2024-07-25T03:29:02","guid":{"rendered":"https:\/\/www.largepillow.com\/product\/big-gray-bed-reading-pillow-with-arms-lumbar-support"},"modified":"2024-10-03T16:31:25","modified_gmt":"2024-10-03T16:31:25","slug":"grande-cuscino-da-lettura-grigio-per-letto-con-supporto-lombare-per-le-braccia","status":"publish","type":"product","link":"https:\/\/www.largepillow.com\/it\/product\/big-gray-bed-reading-pillow-with-arms-lumbar-support\/","title":{"rendered":"Grande cuscino da lettura grigio per letto con braccioli e supporto lombare"},"content":{"rendered":"[zc_getpagecontent mb=&#8221;mb_aplus&#8221; apid=&#8221;68&#8243;]\n","protected":false},"excerpt":{"rendered":"<ul>\n<li>Morbido tessuto in velluto: questo cuscino da lettura per poltrona da letto di prima qualit\u00e0 \u00e8 imbottito in cotone PP di alta qualit\u00e0, morbido ed elastico, che ti fa sentire incredibilmente a tuo agio. La federa \u00e8 realizzata in tessuto di velluto olandese liscio, con una sensazione delicata e delicata sulla pelle. Le federe in peluche sono staccabili e lavabili in lavatrice.<\/li>\n<li>Dimensioni: il cuscino misura 56 cm di altezza e 89 cm di larghezza, fornendo un ampio supporto per la schiena. Ogni braccio \u00e8 spesso 19 cm per sostenere spalle e collo, alleviare la tensione muscolare e rilassare il corpo. Peso: 2,9 kg. Lavaggio: lavare in lavatrice separatamente in acqua fredda per una facile manutenzione.<\/li>\n<li>Cerniere: la parte inferiore della fodera del cuscino \u00e8 dotata di cerniera invisibile in tinta, per un look elegante, facile da inserire e lavare. Protezione a doppio strato per federe e fodera, basta aprire la cerniera della fodera interna per regolare l&#039;imbottitura per un livello di comfort personalizzato, ridistribuendola secondo necessit\u00e0 per un supporto mirato. Se hai bisogno di un&#039;imbottitura extra, saremo lieti di fornire ulteriore cotone pp.<\/li>\n<li>Il cuscino da lettura con il robusto bracciolo fornisce una certa altezza di supporto nella posizione del gomito. Lo schienale morbido e spesso ha un&#039;elasticit\u00e0 duratura, 2 bottoni decorativi, cuciture rinforzate e bordino delineano un aspetto completo e completo per una curva di rilassamento della schiena pi\u00f9 ergonomica. Il nostro cuscino da lettura non \u00e8 solo comodo e carino, ma presenta anche un design luminoso e colorato che aggiunger\u00e0 un tocco di colore a qualsiasi stanza.<\/li>\n<li>Disimballare e divertirsi: il cuscino per lo schienale per il letto da seduti viene compresso durante la spedizione. Basta disimballarlo e attendere 24-48 ore per l&#039;espansione completa.<\/li>\n<\/ul>","protected":false},"featured_media":3482,"comment_status":"open","ping_status":"closed","template":"","meta":[],"product_brand":[],"product_cat":[228],"product_tag":[],"class_list":{"0":"post-3491","1":"product","2":"type-product","3":"status-publish","4":"has-post-thumbnail","6":"product_cat-cushions","8":"first","9":"outofstock","10":"shipping-taxable","11":"purchasable","12":"product-type-simple"},"_links":{"self":[{"href":"https:\/\/www.largepillow.com\/it\/wp-json\/wp\/v2\/product\/3491","targetHints":{"allow":["GET"]}}],"collection":[{"href":"https:\/\/www.largepillow.com\/it\/wp-json\/wp\/v2\/product"}],"about":[{"href":"https:\/\/www.largepillow.com\/it\/wp-json\/wp\/v2\/types\/product"}],"replies":[{"embeddable":true,"href":"https:\/\/www.largepillow.com\/it\/wp-json\/wp\/v2\/comments?post=3491"}],"wp:featuredmedia":[{"embeddable":true,"href":"https:\/\/www.largepillow.com\/it\/wp-json\/wp\/v2\/media\/3482"}],"wp:attachment":[{"href":"https:\/\/www.largepillow.com\/it\/wp-json\/wp\/v2\/media?parent=3491"}],"wp:term":[{"taxonomy":"product_brand","embeddable":true,"href":"https:\/\/www.largepillow.com\/it\/wp-json\/wp\/v2\/product_brand?post=3491"},{"taxonomy":"product_cat","embeddable":true,"href":"https:\/\/www.largepillow.com\/it\/wp-json\/wp\/v2\/product_cat?post=3491"},{"taxonomy":"product_tag","embeddable":true,"href":"https:\/\/www.largepillow.com\/it\/wp-json\/wp\/v2\/product_tag?post=3491"}],"curies":[{"name":"scrivere","href":"https:\/\/api.w.org\/{rel}","templated":true}]}}