{"id":3516,"date":"2024-07-25T03:42:01","date_gmt":"2024-07-25T03:42:01","guid":{"rendered":"https:\/\/www.largepillow.com\/product\/ear-piercing-pillow-for-side-sleepers-memory-foam-with-holes"},"modified":"2026-04-06T12:03:16","modified_gmt":"2026-04-06T12:03:16","slug":"cuscino-per-piercing-allorecchio-per-chi-dorme-sul-fianco-memory-foam-con-fori","status":"publish","type":"product","link":"https:\/\/www.largepillow.com\/it\/product\/ear-piercing-pillow-for-side-sleepers-memory-foam-with-holes","title":{"rendered":"Cuscino per piercing all&#039;orecchio per chi dorme sul fianco, memory foam con fori"},"content":{"rendered":"[zc_getpagecontent mb=&#8221;mb_aplus&#8221; apid=&#8221;65&#8243;]\n","protected":false},"excerpt":{"rendered":"<ul>\n<li><strong>Dettaglio taglie:<\/strong> il diametro del cuscino per l&#039;orecchio \u00e8 di circa 54*35*10 cm in lunghezza, larghezza e spessore, il diametro interno del foro per l&#039;orecchio \u00e8 di circa 15*10 cm in lunghezza e larghezza, i due fori grandi significano pi\u00f9 comodo, il nostro cuscino non esercita quasi alcuna pressione le orecchie, lascia che il collo e la testa si rilassino completamente ed eliminino tensione e stress, cos\u00ec puoi entrare rapidamente in uno stato di sonno, pur essendo abbastanza grande da ospitare le cuffie per maggiore comodit\u00e0 e comfort<\/li>\n<li><strong>Massimo comfort per l&#039;orecchio:<\/strong> il cuscino per piercing all&#039;orecchio \u00e8 realizzato in Memory Foam Pillow Core che \u00e8 morbido e ha buone caratteristiche di supporto, dormendo come sulla nuvola. La federa \u00e8 realizzata in tessuto di cotone a strato d&#039;aria, morbido, traspirante e rinfrescante. Tutti i materiali sono delicati sulla pelle e sicuri, facendoti svegliare con il viso splendente al mattino<\/li>\n<li><strong>Sollievo dal dolore all&#039;orecchio:<\/strong> il cuscino per piercing all&#039;orecchio \u00e8 molto utile per alleviare il dolore all&#039;orecchio durante il sonno. quando fai il piercing all&#039;orecchio o ti fai male all&#039;orecchio, quando sei abituato a indossare tappi per le orecchie o cuffie per dormire, lontano dal rumore o dal tuo partner che russa, questo cuscino per l&#039;orecchio \u00e8 una sorpresa speciale per te, dandoti un sonno tranquillo o addormentandoti con la musica senza alcun dolore alle orecchie<\/li>\n<li><strong>Design versatile:<\/strong> L&#039;area laterale per il sonno del cuscino da piercing con design a doppio foro per l&#039;orecchio per chi dorme di lato che indossa piercing all&#039;orecchio e cuffie, aiuta ad alleviare il dolore all&#039;orecchio. E la zona posteriore per il sonno sostiene il collo per un dolce sonno tutta la notte. Design dal contorno curvo per una vestibilit\u00e0 pi\u00f9 ergonomica attorno al collo e alle spalle, il piccolo foro al centro del cuscino si adatta perfettamente alle tue orecchie, offrendoti una piacevole esperienza di sonno<\/li>\n<li><strong>Ampia applicazione:<\/strong> il cuscino per piercing all&#039;orecchio \u00e8 pi\u00f9 di un semplice cuscino; \u00e8 una soluzione completa. L&#039;ampio foro per l&#039;orecchio pu\u00f2 ospitare comodamente orecchini, apparecchi acustici, tappi per le orecchie con cancellazione del rumore e cuffie, rendendolo la scelta ideale per chi ha diverse esigenze legate all&#039;orecchio<\/li>\n<\/ul>","protected":false},"featured_media":3509,"comment_status":"open","ping_status":"closed","template":"","meta":[],"product_brand":[],"product_cat":[228],"product_tag":[],"class_list":{"0":"post-3516","1":"product","2":"type-product","3":"status-publish","4":"has-post-thumbnail","6":"product_cat-cushions","8":"first","9":"instock","10":"shipping-taxable","11":"purchasable","12":"product-type-simple"},"_links":{"self":[{"href":"https:\/\/www.largepillow.com\/it\/wp-json\/wp\/v2\/product\/3516","targetHints":{"allow":["GET"]}}],"collection":[{"href":"https:\/\/www.largepillow.com\/it\/wp-json\/wp\/v2\/product"}],"about":[{"href":"https:\/\/www.largepillow.com\/it\/wp-json\/wp\/v2\/types\/product"}],"replies":[{"embeddable":true,"href":"https:\/\/www.largepillow.com\/it\/wp-json\/wp\/v2\/comments?post=3516"}],"wp:featuredmedia":[{"embeddable":true,"href":"https:\/\/www.largepillow.com\/it\/wp-json\/wp\/v2\/media\/3509"}],"wp:attachment":[{"href":"https:\/\/www.largepillow.com\/it\/wp-json\/wp\/v2\/media?parent=3516"}],"wp:term":[{"taxonomy":"product_brand","embeddable":true,"href":"https:\/\/www.largepillow.com\/it\/wp-json\/wp\/v2\/product_brand?post=3516"},{"taxonomy":"product_cat","embeddable":true,"href":"https:\/\/www.largepillow.com\/it\/wp-json\/wp\/v2\/product_cat?post=3516"},{"taxonomy":"product_tag","embeddable":true,"href":"https:\/\/www.largepillow.com\/it\/wp-json\/wp\/v2\/product_tag?post=3516"}],"curies":[{"name":"scrivere","href":"https:\/\/api.w.org\/{rel}","templated":true}]}}