{"id":3754,"date":"2024-09-03T04:08:26","date_gmt":"2024-09-03T04:08:26","guid":{"rendered":"https:\/\/www.largepillow.com\/product\/3d-planet-throw-pillows-solar-system-decor-soft-cushion-black-moon"},"modified":"2024-10-03T16:31:34","modified_gmt":"2024-10-03T16:31:34","slug":"cuscini-da-lancio-3d-pianeta-sistema-solare-decorazione-cuscino-morbido-luna-nera","status":"publish","type":"product","link":"https:\/\/www.largepillow.com\/it\/product\/3d-planet-throw-pillows-solar-system-decor-soft-cushion-black-moon","title":{"rendered":"Cuscini da lancio 3D Planet, decorazione del sistema solare, cuscino morbido (luna nera)"},"content":{"rendered":"","protected":false},"excerpt":{"rendered":"<ul>\n<li><strong>Design a tema pianeta:<\/strong>\u00a0Crea un arredamento unico per la tua casa con questi cuscini del sistema solare raffiguranti il Sole, la Terra, la Luna, Venere, Giove, Mercurio, Marte, Saturno, Urano, Nettuno e Plutone. Ogni federa presenta un design planetario unico, dandoti la libert\u00e0 di mescolare e abbinare per un look personalizzato.<\/li>\n<li><strong>Cuscino pratico da pavimento:<\/strong> Questi cuscini a forma di pianeta possono essere usati come oggetti di scena versatili in uno studio fotografico o come comodi cuscini da pavimento, cuscini da lancio, cuscini da divano, cuscini a cuneo e cuscini da divano per decorare la tua casa, il tuo giardino e la tua scuola materna. Offrono un comodo cuscino per la tua testa o la tua schiena mentre ti rilassi e ti rilassi, rendendoli perfetti per essere usati come accenti decorativi o come posti a sedere extra. Sono anche ottimi per lo yoga o la meditazione.<\/li>\n<li><strong>Cuscino decorativo da pavimento:<\/strong> Questi cuscini a forma di pianeta sono perfetti per aggiungere un tocco di eleganza e comfort alla tua camera da letto, al soggiorno o a qualsiasi altro spazio della tua casa. I colori vivaci e i design unici li rendono un argomento di conversazione e possono essere facilmente abbinati ad altri elementi decorativi per un look coerente. Puoi mescolare e abbinare stili diversi per creare un arredamento personalizzato a tema spaziale che rifletta la tua personalit\u00e0 e il tuo stile.<\/li>\n<li><strong>Come regalo:<\/strong> Il cuscino a tema pianeta \u00e8 un regalo eccellente per chiunque ami lo spazio, l&#039;astronomia o la scienza. \u00c8 perfetto per bambini, adolescenti, studenti universitari o adulti che vogliono aggiungere un oggetto divertente e funzionale alla propria stanza. Puoi anche regalarlo in occasioni speciali come compleanni, Natale o laurea.<\/li>\n<li><strong>Istruzioni per il lavaggio:<\/strong> Il cuscino planet \u00e8 realizzato in tessuto Velvet spesso di alta qualit\u00e0, che garantisce durevolezza e qualit\u00e0. \u00c8 dotato di una cerniera per una facile pulizia, rendendo la manutenzione un gioco da ragazzi. L&#039;imbottitura \u00e8 in poliestere 100% per un&#039;elasticit\u00e0 eccezionale. Lavare in lavatrice solo a freddo, solo ciclo delicato, non candeggiare, asciugare in asciugatrice a bassa temperatura, asciugare in asciugatrice a bassa temperatura se necessario. Il tessuto delicato sulla pelle e morbido sar\u00e0 la scelta migliore per la famiglia, gli amici e i bambini.<\/li>\n<li><strong>Taglia:<\/strong>\u00a0Grande (16\u00d716 pollici | 41x41 cm), Medio (10\u00d710 pollici | 25X25 cm)<\/li>\n<\/ul>","protected":false},"featured_media":3744,"comment_status":"open","ping_status":"closed","template":"","meta":[],"product_brand":[],"product_cat":[231],"product_tag":[],"class_list":{"0":"post-3754","1":"product","2":"type-product","3":"status-publish","4":"has-post-thumbnail","6":"product_cat-throw-pillows","8":"first","9":"instock","10":"shipping-taxable","11":"purchasable","12":"product-type-variable","13":"has-default-attributes"},"_links":{"self":[{"href":"https:\/\/www.largepillow.com\/it\/wp-json\/wp\/v2\/product\/3754","targetHints":{"allow":["GET"]}}],"collection":[{"href":"https:\/\/www.largepillow.com\/it\/wp-json\/wp\/v2\/product"}],"about":[{"href":"https:\/\/www.largepillow.com\/it\/wp-json\/wp\/v2\/types\/product"}],"replies":[{"embeddable":true,"href":"https:\/\/www.largepillow.com\/it\/wp-json\/wp\/v2\/comments?post=3754"}],"wp:featuredmedia":[{"embeddable":true,"href":"https:\/\/www.largepillow.com\/it\/wp-json\/wp\/v2\/media\/3744"}],"wp:attachment":[{"href":"https:\/\/www.largepillow.com\/it\/wp-json\/wp\/v2\/media?parent=3754"}],"wp:term":[{"taxonomy":"product_brand","embeddable":true,"href":"https:\/\/www.largepillow.com\/it\/wp-json\/wp\/v2\/product_brand?post=3754"},{"taxonomy":"product_cat","embeddable":true,"href":"https:\/\/www.largepillow.com\/it\/wp-json\/wp\/v2\/product_cat?post=3754"},{"taxonomy":"product_tag","embeddable":true,"href":"https:\/\/www.largepillow.com\/it\/wp-json\/wp\/v2\/product_tag?post=3754"}],"curies":[{"name":"scrivere","href":"https:\/\/api.w.org\/{rel}","templated":true}]}}