{"id":3869,"date":"2024-09-05T01:51:41","date_gmt":"2024-09-05T01:51:41","guid":{"rendered":"https:\/\/www.largepillow.com\/product\/bed-wedge-pillow-headboard-bolster-beige-wool-rolls"},"modified":"2026-03-15T22:54:46","modified_gmt":"2026-03-15T22:54:46","slug":"cuscino-a-cuneo-per-letto-testiera-cuscino-beige-rotoli-di-lana","status":"publish","type":"product","link":"https:\/\/www.largepillow.com\/it\/product\/bed-wedge-pillow-headboard-bolster-beige-wool-rolls","title":{"rendered":"Cuscino a cuneo per letto, testiera, rotolo di lana beige"},"content":{"rendered":"","protected":false},"excerpt":{"rendered":"<ul>\n<li><strong>MULTIFUNZIONALIT\u00c0:<\/strong> Pi\u00f9 di un semplice cuscino per la testiera, il nostro design a cuscino a cuneo supporta una variet\u00e0 di usi e pu\u00f2 essere utilizzato come un ausilio ideale per il supporto della schiena, l&#039;elevazione delle gambe, la lettura, la visione della TV e molte altre posture per soddisfare le tue molteplici esigenze.<\/li>\n<li><strong>DESIGN ERGONOMICO:<\/strong> cura intima, ingegno ergonomico. Fornisci il supporto pi\u00f9 confortevole, riduci la pressione sulle vertebre cervicali e lombari, goditi ogni momento di comfort e intimit\u00e0.<\/li>\n<li><strong>COMODIT\u00c0:<\/strong> Il grande cuscino a cuneo triangolare \u00e8 realizzato con materiali di alta qualit\u00e0 e una delicata tecnologia di lavorazione per garantire la morbidezza e il comfort del cuscino poggiatesta a cuneo, cos\u00ec da poter godere di una vestibilit\u00e0 intima, una sensazione calda e confortevole.<\/li>\n<li><strong>MATERIALE:<\/strong> I cuscini dello schienale del divano letto sono realizzati con tessuti di alta qualit\u00e0, morbidi e delicati sulla pelle, antipiega e resistenti all&#039;usura, che offrono un tocco confortevole e un&#039;eccellente traspirabilit\u00e0, mantenendoti asciutto e comodo.<\/li>\n<li><strong>FACILE DA PULIRE:<\/strong> Il cuscino a cuneo \u00e8 dotato di fodera sfoderabile e lavabile per una facile manutenzione, cos\u00ec da avere sempre un ambiente di riposo fresco e ordinato.<\/li>\n<li><strong>Taglia:<\/strong> 60 cm (60*20*50 cm), 80 cm (80*20*50 cm), 100 cm (100*20*50 cm), 120 cm (120*20*50 cm), 140 cm (140*20*50 cm), 160 cm (160*20*50 cm), 180 cm (180*20*50 cm), 200 cm (200*20*50 cm)<\/li>\n<\/ul>","protected":false},"featured_media":3861,"comment_status":"open","ping_status":"closed","template":"","meta":[],"product_brand":[],"product_cat":[15],"product_tag":[],"class_list":{"0":"post-3869","1":"product","2":"type-product","3":"status-publish","4":"has-post-thumbnail","6":"product_cat-large-wedge-pillow","8":"first","9":"instock","10":"shipping-taxable","11":"purchasable","12":"product-type-variable","13":"has-default-attributes"},"_links":{"self":[{"href":"https:\/\/www.largepillow.com\/it\/wp-json\/wp\/v2\/product\/3869","targetHints":{"allow":["GET"]}}],"collection":[{"href":"https:\/\/www.largepillow.com\/it\/wp-json\/wp\/v2\/product"}],"about":[{"href":"https:\/\/www.largepillow.com\/it\/wp-json\/wp\/v2\/types\/product"}],"replies":[{"embeddable":true,"href":"https:\/\/www.largepillow.com\/it\/wp-json\/wp\/v2\/comments?post=3869"}],"wp:featuredmedia":[{"embeddable":true,"href":"https:\/\/www.largepillow.com\/it\/wp-json\/wp\/v2\/media\/3861"}],"wp:attachment":[{"href":"https:\/\/www.largepillow.com\/it\/wp-json\/wp\/v2\/media?parent=3869"}],"wp:term":[{"taxonomy":"product_brand","embeddable":true,"href":"https:\/\/www.largepillow.com\/it\/wp-json\/wp\/v2\/product_brand?post=3869"},{"taxonomy":"product_cat","embeddable":true,"href":"https:\/\/www.largepillow.com\/it\/wp-json\/wp\/v2\/product_cat?post=3869"},{"taxonomy":"product_tag","embeddable":true,"href":"https:\/\/www.largepillow.com\/it\/wp-json\/wp\/v2\/product_tag?post=3869"}],"curies":[{"name":"scrivere","href":"https:\/\/api.w.org\/{rel}","templated":true}]}}