{"id":3919,"date":"2024-09-05T03:12:00","date_gmt":"2024-09-05T03:12:00","guid":{"rendered":"https:\/\/www.largepillow.com\/product\/plush-reading-pillow-for-bed-sofa-dorm-with-back-support"},"modified":"2025-12-07T17:34:58","modified_gmt":"2025-12-07T17:34:58","slug":"cuscino-di-lettura-in-peluche-per-divano-letto-dormitorio-con-supporto-per-la-schiena","status":"publish","type":"product","link":"https:\/\/www.largepillow.com\/it\/product\/plush-reading-pillow-for-bed-sofa-dorm-with-back-support","title":{"rendered":"Cuscino da lettura in peluche per letto, divano e dormitorio con supporto per la schiena"},"content":{"rendered":"[zc_getpagecontent mb=&#8221;mb_aplus&#8221; apid=&#8221;88&#8243;]\n","protected":false},"excerpt":{"rendered":"<ul>\n<li><strong>La dimensione fissa:<\/strong> Cuscino per testiera 95 x 45 x 25 cm, cuscino per schienale, disponibile in tre colori: nero, giallo e bianco. La stampa non sbiadisce. Nessun bottone.<\/li>\n<li><strong>Aggiornamento materiale:<\/strong> (con imbottitura in cotone PP) Realizzato in velluto granulare, morbido e confortevole. Questo tessuto \u00e8 stato accuratamente selezionato per la sua qualit\u00e0 e usabilit\u00e0, per una maggiore resistenza e durata. Il tessuto di peluche corto aumenta il comfort della pelle e la morbidezza del cuscino, rendendolo un ottimo cuscino per schienali e decorazioni per il letto.<\/li>\n<li><strong>Cuscino di medio spessore:<\/strong> Lo spessore medio non occupa molto spazio sul letto e sul divano, dandoti abbastanza spazio per sederti. Il cuscino della testiera pu\u00f2 fornire un&#039;elevazione ottimale per la parte superiore del corpo, aiutando a prevenire molte condizioni di salute. Una variet\u00e0 di dimensioni \u00e8 adatta a diverse scene, alleviando l&#039;insonnia e il dolore muscolare scheletrico, oltre ad aiutare gli anziani con vene varicose e gli appassionati di yoga con esercizi di stretching.<\/li>\n<li><strong>Sorpresa regalo perfetta:<\/strong> Il cuscino per la testiera Plush Twin Size esalta la sensazione tridimensionale e riflette perfettamente la considerazione dell&#039;ergonomia. Spessore e supporto perfetti per sedersi e leggere a letto, e offre comfort durante il sonno, la lettura e la visione della TV. Le parole &quot;BUONE&quot; che non sbiadiscono rilassano meglio il tuo umore.<\/li>\n<li><strong>Cuscino bello e pratico:<\/strong> Il nostro cuscino per testiera \u00e8 un elegante elemento decorativo per la casa, adatto per letto, divano, tatami, panca, poltrona reclinabile, davanzale, camera da letto, bovindo, stanze adatte a tutte le stagioni, letti per dormitori, letti per studenti, poggiatesta per bambini, ecc.<\/li>\n<\/ul>","protected":false},"featured_media":3899,"comment_status":"open","ping_status":"closed","template":"","meta":[],"product_brand":[],"product_cat":[228],"product_tag":[],"class_list":{"0":"post-3919","1":"product","2":"type-product","3":"status-publish","4":"has-post-thumbnail","6":"product_cat-cushions","8":"first","9":"instock","10":"shipping-taxable","11":"purchasable","12":"product-type-variable","13":"has-default-attributes"},"_links":{"self":[{"href":"https:\/\/www.largepillow.com\/it\/wp-json\/wp\/v2\/product\/3919","targetHints":{"allow":["GET"]}}],"collection":[{"href":"https:\/\/www.largepillow.com\/it\/wp-json\/wp\/v2\/product"}],"about":[{"href":"https:\/\/www.largepillow.com\/it\/wp-json\/wp\/v2\/types\/product"}],"replies":[{"embeddable":true,"href":"https:\/\/www.largepillow.com\/it\/wp-json\/wp\/v2\/comments?post=3919"}],"wp:featuredmedia":[{"embeddable":true,"href":"https:\/\/www.largepillow.com\/it\/wp-json\/wp\/v2\/media\/3899"}],"wp:attachment":[{"href":"https:\/\/www.largepillow.com\/it\/wp-json\/wp\/v2\/media?parent=3919"}],"wp:term":[{"taxonomy":"product_brand","embeddable":true,"href":"https:\/\/www.largepillow.com\/it\/wp-json\/wp\/v2\/product_brand?post=3919"},{"taxonomy":"product_cat","embeddable":true,"href":"https:\/\/www.largepillow.com\/it\/wp-json\/wp\/v2\/product_cat?post=3919"},{"taxonomy":"product_tag","embeddable":true,"href":"https:\/\/www.largepillow.com\/it\/wp-json\/wp\/v2\/product_tag?post=3919"}],"curies":[{"name":"scrivere","href":"https:\/\/api.w.org\/{rel}","templated":true}]}}