{"id":3932,"date":"2024-09-05T03:31:25","date_gmt":"2024-09-05T03:31:25","guid":{"rendered":"https:\/\/www.largepillow.com\/product\/denim-reading-pillow-with-arms-for-adult-back-lumbar-support"},"modified":"2024-10-03T16:31:24","modified_gmt":"2024-10-03T16:31:24","slug":"cuscino-da-lettura-in-denim-con-braccioli-per-supporto-lombare-della-schiena-degli-adulti","status":"publish","type":"product","link":"https:\/\/www.largepillow.com\/it\/product\/denim-reading-pillow-with-arms-for-adult-back-lumbar-support\/","title":{"rendered":"Cuscino da lettura in denim con braccioli per adulti \u2013 Supporto lombare per la schiena"},"content":{"rendered":"[zc_getpagecontent mb=&#8221;mb_aplus&#8221; apid=&#8221;92&#8243;]\n","protected":false},"excerpt":{"rendered":"<ul>\n<li>Tessuto denim jeans: realizzato in tessuto denim tinto in filo prelavato in cotone poliestere, comodo e resistente, con cuciture a doppio ago a contrasto, che aggiungono un aspetto moderno ed elegante. Adatto per divano, letto, casa, ufficio, letto del dormitorio. Il tessuto denim lavato abbinato a finta pelle impermeabile marrone e bottoni in pelle scamosciata aggiunge un&#039;atmosfera alla moda, rendendolo pi\u00f9 adatto a vari stili di arredamento d&#039;interni.<\/li>\n<li>Dimensioni: il cuscino misura 56 cm di altezza per 89 cm di larghezza, offrendo un solido supporto per la schiena. Ogni braccio \u00e8 spesso 19 cm per sostenere spalle e collo, alleviando la tensione muscolare e rilassando il corpo. Peso: 2,9 kg. Lavaggio: lavare in lavatrice a freddo separatamente per una facile manutenzione.<\/li>\n<li>Cerniere: la parte inferiore della fodera del cuscino \u00e8 dotata di cerniera invisibile in tinta, per un look elegante, facile da inserire e lavare. Protezione a doppio strato per federe e fodera, basta aprire la cerniera della fodera interna per regolare l&#039;imbottitura per un livello di comfort personalizzato, ridistribuendola secondo necessit\u00e0 per un supporto mirato. Se hai bisogno di un&#039;imbottitura extra, saremo lieti di fornire ulteriore cotone pp.<\/li>\n<li>Il cuscino da lettura con il robusto bracciolo fornisce una certa altezza di supporto nella posizione del gomito. Lo schienale morbido e spesso ha un&#039;elasticit\u00e0 duratura, 2 bottoni decorativi, cuciture rinforzate e bordino delineano un aspetto completo e completo per una curva di rilassamento della schiena pi\u00f9 ergonomica. Il nostro cuscino da lettura non \u00e8 solo comodo e carino, ma presenta anche un design luminoso e colorato che aggiunger\u00e0 un tocco di colore a qualsiasi stanza.<\/li>\n<li>Disimballa, goditi: il cuscino posteriore per stare seduti a letto \u00e8 compresso durante la spedizione. Basta disimballarlo e attendere 24-48 ore per la completa espansione.<\/li>\n<\/ul>","protected":false},"featured_media":3923,"comment_status":"open","ping_status":"closed","template":"","meta":[],"product_brand":[],"product_cat":[228],"product_tag":[],"class_list":{"0":"post-3932","1":"product","2":"type-product","3":"status-publish","4":"has-post-thumbnail","6":"product_cat-cushions","8":"first","9":"outofstock","10":"shipping-taxable","11":"purchasable","12":"product-type-simple"},"_links":{"self":[{"href":"https:\/\/www.largepillow.com\/it\/wp-json\/wp\/v2\/product\/3932","targetHints":{"allow":["GET"]}}],"collection":[{"href":"https:\/\/www.largepillow.com\/it\/wp-json\/wp\/v2\/product"}],"about":[{"href":"https:\/\/www.largepillow.com\/it\/wp-json\/wp\/v2\/types\/product"}],"replies":[{"embeddable":true,"href":"https:\/\/www.largepillow.com\/it\/wp-json\/wp\/v2\/comments?post=3932"}],"wp:featuredmedia":[{"embeddable":true,"href":"https:\/\/www.largepillow.com\/it\/wp-json\/wp\/v2\/media\/3923"}],"wp:attachment":[{"href":"https:\/\/www.largepillow.com\/it\/wp-json\/wp\/v2\/media?parent=3932"}],"wp:term":[{"taxonomy":"product_brand","embeddable":true,"href":"https:\/\/www.largepillow.com\/it\/wp-json\/wp\/v2\/product_brand?post=3932"},{"taxonomy":"product_cat","embeddable":true,"href":"https:\/\/www.largepillow.com\/it\/wp-json\/wp\/v2\/product_cat?post=3932"},{"taxonomy":"product_tag","embeddable":true,"href":"https:\/\/www.largepillow.com\/it\/wp-json\/wp\/v2\/product_tag?post=3932"}],"curies":[{"name":"scrivere","href":"https:\/\/api.w.org\/{rel}","templated":true}]}}