{"id":4064,"date":"2024-09-06T01:40:07","date_gmt":"2024-09-06T01:40:07","guid":{"rendered":"https:\/\/www.largepillow.com\/product\/large-wedge-reading-pillow-for-bed-daybed-bolster-backrest-pink"},"modified":"2025-11-30T11:11:37","modified_gmt":"2025-11-30T11:11:37","slug":"grande-cuscino-a-cuneo-per-la-lettura-per-il-letto-il-divano-letto-lo-schienale-rosa","status":"publish","type":"product","link":"https:\/\/www.largepillow.com\/it\/product\/large-wedge-reading-pillow-for-bed-daybed-bolster-backrest-pink","title":{"rendered":"Grande cuscino da lettura a cuneo per letto, divano letto, schienale rosa"},"content":{"rendered":"","protected":false},"excerpt":{"rendered":"<ul>\n<li>Comfort estremo: questo cuscino per testiera xl offre un comfort eccellente grazie al suo design a forma triangolare. Il cuscino di supporto per il letto si adatta perfettamente alla schiena e alla vita, riducendo al minimo la pressione lombare\/schiena. Questo cuscino da lettura a cuneo pu\u00f2 aiutarti a rimanere senza tensione a letto o sul divano, il che \u00e8 ideale per i nottambuli lavoratori, i topi di biblioteca e per guardare la TV a letto. Questo cuscino extra large \u00e8 l&#039;unico cuscino per testiera a cuneo che pu\u00f2 ospitare due persone.<\/li>\n<li>Cuscino 3 in 1 grande a cuscino: puoi usare il cuscino in posizione verticale come cuscino di supporto per la schiena per la testiera quando ti siedi a letto o distenderlo sul letto per usarlo come un grande cuscino a cuneo quando dormi sulla schiena o di lato, o come cuscino per le gambe per sollevare le gambe. Se vuoi un grande cuscino per la testiera che fornisca supporto sia a te che al tuo coniuge. \u00c8 un&#039;alternativa eccellente.<\/li>\n<li>Design multifunzionale: alcune persone usano il cuscino triangolare grande come cuscino per la testiera, mentre altri lo usano come cuscino paracolpi, pu\u00f2 anche essere un cuscino per lo schienale del divano o del divano letto. \u00c8 elegante e funzionale, il che lo rende un&#039;eccellente aggiunta a qualsiasi camera da letto.<\/li>\n<li>Artigianato superiore: la federa \u00e8 in velluto a coste e la composizione \u00e8 in poliestere 100%. Il nostro cuscino per testiera \u00e8 traspirante e abbastanza comodo da mantenere la sua forma e non perderla nel tempo. Una tasca laterale su ogni lato ti consente di infilare il tuo libro o il tuo telefono.<\/li>\n<li>Facile da lavare: la fodera del cuscino da lettura \u00e8 attaccata al cuscino con dei bottoni ed \u00e8 facile da rimuovere con una semplice cerniera. Questo rende la sua pulizia senza problemi. Basta rimuovere la fodera e fare un rapido lavaggio in lavatrice per far sembrare il tuo cuscino come nuovo.<\/li>\n<li><strong>Taglia:<\/strong> 60cm (60*20*50cm, 2 bottoni), 80cm (80*20*50cm, 2 bottoni), 100cm (100*20*50cm, 3 bottoni), 120cm (120*20*50cm, 4 bottoni), 140cm (140*20*50cm, 4 bottoni), 160cm (160*20*50cm, 5 bottoni), 180cm (180*20*50cm, 6 bottoni), 200cm (200*20*50cm, 7 bottoni)<\/li>\n<\/ul>","protected":false},"featured_media":4048,"comment_status":"open","ping_status":"closed","template":"","meta":[],"product_brand":[],"product_cat":[15],"product_tag":[],"class_list":{"0":"post-4064","1":"product","2":"type-product","3":"status-publish","4":"has-post-thumbnail","6":"product_cat-large-wedge-pillow","8":"first","9":"instock","10":"shipping-taxable","11":"purchasable","12":"product-type-variable","13":"has-default-attributes"},"_links":{"self":[{"href":"https:\/\/www.largepillow.com\/it\/wp-json\/wp\/v2\/product\/4064","targetHints":{"allow":["GET"]}}],"collection":[{"href":"https:\/\/www.largepillow.com\/it\/wp-json\/wp\/v2\/product"}],"about":[{"href":"https:\/\/www.largepillow.com\/it\/wp-json\/wp\/v2\/types\/product"}],"replies":[{"embeddable":true,"href":"https:\/\/www.largepillow.com\/it\/wp-json\/wp\/v2\/comments?post=4064"}],"wp:featuredmedia":[{"embeddable":true,"href":"https:\/\/www.largepillow.com\/it\/wp-json\/wp\/v2\/media\/4048"}],"wp:attachment":[{"href":"https:\/\/www.largepillow.com\/it\/wp-json\/wp\/v2\/media?parent=4064"}],"wp:term":[{"taxonomy":"product_brand","embeddable":true,"href":"https:\/\/www.largepillow.com\/it\/wp-json\/wp\/v2\/product_brand?post=4064"},{"taxonomy":"product_cat","embeddable":true,"href":"https:\/\/www.largepillow.com\/it\/wp-json\/wp\/v2\/product_cat?post=4064"},{"taxonomy":"product_tag","embeddable":true,"href":"https:\/\/www.largepillow.com\/it\/wp-json\/wp\/v2\/product_tag?post=4064"}],"curies":[{"name":"scrivere","href":"https:\/\/api.w.org\/{rel}","templated":true}]}}