{"id":4182,"date":"2024-09-12T03:55:25","date_gmt":"2024-09-12T03:55:25","guid":{"rendered":"https:\/\/www.largepillow.com\/product\/triangular-headboard-pillow-for-sleeping-with-side-pocket"},"modified":"2024-10-03T16:31:33","modified_gmt":"2024-10-03T16:31:33","slug":"cuscino-triangolare-per-testata-letto-per-dormire-con-tasca-laterale","status":"publish","type":"product","link":"https:\/\/www.largepillow.com\/it\/product\/triangular-headboard-pillow-for-sleeping-with-side-pocket","title":{"rendered":"Cuscino per testiera triangolare per dormire con tasca laterale"},"content":{"rendered":"","protected":false},"excerpt":{"rendered":"<ul>\n<li><strong>Artigianato di alta qualit\u00e0:<\/strong> Per rendere i cuscini posteriori pi\u00f9 perfetti e armoniosi, il designer ha scelto un bottone decorativo dello stesso colore della fodera del cuscino. La fodera del cuscino \u00e8 liscia e resistente e il cuscino a cuneo \u00e8 morbido ed elastico. C&#039;\u00e8 una cerniera nella parte inferiore e il cotone di riempimento \u00e8 confezionato in uno strato di imbottitura. Il cotone PP pu\u00f2 essere aggiunto o ridotto in base alle proprie sensazioni durante l&#039;uso.<\/li>\n<li><strong>Materiale:<\/strong> Copricuscino a cuneo stampato in cotone 100%. L&#039;imbottitura \u00e8 in fibra di poliestere (cotone PP). Morbido al tatto, tinto in modo ecologico, senza pilling, senza sbiadimento. Le stampe delicate decorano meglio l&#039;ambiente interno.<\/li>\n<li><strong>Funzione:<\/strong>\u00a0I nostri cuscini di supporto funzionali possono sostenere la tua schiena quando lavori o leggi, cos\u00ec non ti sentirai cos\u00ec stanco. Basta portarli a casa e i tuoi normali divani e letti diventeranno pi\u00f9 raffinati. Inoltre, il nostro cuscino per testiera in peluche con motivo pu\u00f2 dare un aspetto fresco ed elegante ai balconi dei salotti interni e alle sedie da giardino esterne. I cellulari o altre necessit\u00e0 quotidiane possono essere riposti nelle tasche laterali dei cuscini.<\/li>\n<li><strong>Taglia:<\/strong> 60 cm (60*20*50 cm), 140 cm (140*20*50 cm), 180 cm (180*20*50 cm)<\/li>\n<li>Si prega di notare che i bottoni non sono rimovibili e sono saldamente cuciti nel nucleo del cuscino. C&#039;\u00e8 un foro sotto ogni bottone che \u00e8 stato deliberatamente lasciato indietro per rendere pi\u00f9 facile la rimozione della fodera del cuscino.<\/li>\n<\/ul>","protected":false},"featured_media":4169,"comment_status":"open","ping_status":"closed","template":"","meta":[],"product_brand":[],"product_cat":[15],"product_tag":[],"class_list":{"0":"post-4182","1":"product","2":"type-product","3":"status-publish","4":"has-post-thumbnail","6":"product_cat-large-wedge-pillow","8":"first","9":"instock","10":"shipping-taxable","11":"purchasable","12":"product-type-variable","13":"has-default-attributes"},"_links":{"self":[{"href":"https:\/\/www.largepillow.com\/it\/wp-json\/wp\/v2\/product\/4182","targetHints":{"allow":["GET"]}}],"collection":[{"href":"https:\/\/www.largepillow.com\/it\/wp-json\/wp\/v2\/product"}],"about":[{"href":"https:\/\/www.largepillow.com\/it\/wp-json\/wp\/v2\/types\/product"}],"replies":[{"embeddable":true,"href":"https:\/\/www.largepillow.com\/it\/wp-json\/wp\/v2\/comments?post=4182"}],"wp:featuredmedia":[{"embeddable":true,"href":"https:\/\/www.largepillow.com\/it\/wp-json\/wp\/v2\/media\/4169"}],"wp:attachment":[{"href":"https:\/\/www.largepillow.com\/it\/wp-json\/wp\/v2\/media?parent=4182"}],"wp:term":[{"taxonomy":"product_brand","embeddable":true,"href":"https:\/\/www.largepillow.com\/it\/wp-json\/wp\/v2\/product_brand?post=4182"},{"taxonomy":"product_cat","embeddable":true,"href":"https:\/\/www.largepillow.com\/it\/wp-json\/wp\/v2\/product_cat?post=4182"},{"taxonomy":"product_tag","embeddable":true,"href":"https:\/\/www.largepillow.com\/it\/wp-json\/wp\/v2\/product_tag?post=4182"}],"curies":[{"name":"scrivere","href":"https:\/\/api.w.org\/{rel}","templated":true}]}}