{"id":4365,"date":"2024-09-13T03:28:21","date_gmt":"2024-09-13T03:28:21","guid":{"rendered":"https:\/\/www.largepillow.com\/product\/large-headboard-reading-pillow-bolster-body-pillow-gray"},"modified":"2024-10-03T16:31:33","modified_gmt":"2024-10-03T16:31:33","slug":"grande-testiera-cuscino-lettura-cuscino-corpo-grigio","status":"publish","type":"product","link":"https:\/\/www.largepillow.com\/it\/product\/large-headboard-reading-pillow-bolster-body-pillow-gray","title":{"rendered":"Grande cuscino per la lettura della testiera, cuscino per il corpo grigio"},"content":{"rendered":"[zc_getpagecontent mb=&#8221;mb_aplus&#8221; apid=&#8221;60&#8243;]\n","protected":false},"excerpt":{"rendered":"<ul>\n<li>Design moderno: progettato con bottoni trapuntati e dettagli cuciti, i bordi arrotolati aggiungono anche un tocco decorativo extra. Questo cuscino lombare oversize con imbottitura generosa aggiunge comfort extra e ti assicura il miglior supporto mentre ti siedi e ti rilassi. Usalo da solo come pezzo d&#039;accento o mescola e abbina ad altri cuscini standard stampati\/solidi o altri cuscini ricamati per un look coordinato.<\/li>\n<li>Cuscino di grande supporto per la schiena: questo cuscino di grandi dimensioni offre un supporto maggiore rispetto ai cuscini di grandi dimensioni, ai cuscini boudoir o ai cuscini europei ed \u00e8 robusto per mantenere la sua forma. Questo cuscino per testiera di grandi dimensioni con un&#039;imbottitura generosa aggiunge comfort, abbinato a un materasso morbido, assicura il miglior supporto mentre ti appoggi e ti rilassi. E questo moderno cuscino per schienale di grandi dimensioni risolver\u00e0 anche il problema dei cuscini del letto che scivolano tra il materasso e la testiera.<\/li>\n<li>Multiuso: usa questo grande cuscino di supporto per la schiena come alternativa alla testiera o allo schienale del divano, oppure posizionalo su una panca per avere un nuovo divano. Questo lungo cuscino da letto pu\u00f2 anche essere usato come un grande cuscino per il corpo per aiutarti a dormire bene la notte. Questo cuscino imbottito per la testiera \u00e8 cos\u00ec bello, di una qualit\u00e0 eccezionale e super comodo per appoggiarsi. Allo stesso tempo, si adatta bene a vari stili di arredamento per la casa, aggiungendo una sensazione calda e accogliente alla camera da letto.<\/li>\n<li>Artigianato superiore: il cuscino lungo in tessuto artigianale in poliestere 100% \u00e8 un&#039;esperienza ultra morbida e confortevole per la tua pelle. I cuscini tradizionali tendono a cedere nel tempo, ma questo cuscino da lettura presenta bottoni trapuntati che non solo forniscono uno stile contemporaneo, ma mantengono anche l&#039;imbottitura in posizione per una maggiore durata. Le cuciture patchwork e i bordi flangiati aggiungono anche una decorazione extra.<\/li>\n<li>Istruzioni per la cura delle federe: le federe sono sfoderabili, non sbiadiscono n\u00e9 si sfilacciano, sono facili da pulire e lavabili in lavatrice grazie al design con bottoni trapuntati e alla cerniera invisibile.<\/li>\n<\/ul>","protected":false},"featured_media":4347,"comment_status":"open","ping_status":"closed","template":"","meta":[],"product_brand":[],"product_cat":[28],"product_tag":[],"class_list":{"0":"post-4365","1":"product","2":"type-product","3":"status-publish","4":"has-post-thumbnail","6":"product_cat-large-body-pillow","8":"first","9":"instock","10":"shipping-taxable","11":"purchasable","12":"product-type-variable","13":"has-default-attributes"},"_links":{"self":[{"href":"https:\/\/www.largepillow.com\/it\/wp-json\/wp\/v2\/product\/4365","targetHints":{"allow":["GET"]}}],"collection":[{"href":"https:\/\/www.largepillow.com\/it\/wp-json\/wp\/v2\/product"}],"about":[{"href":"https:\/\/www.largepillow.com\/it\/wp-json\/wp\/v2\/types\/product"}],"replies":[{"embeddable":true,"href":"https:\/\/www.largepillow.com\/it\/wp-json\/wp\/v2\/comments?post=4365"}],"wp:featuredmedia":[{"embeddable":true,"href":"https:\/\/www.largepillow.com\/it\/wp-json\/wp\/v2\/media\/4347"}],"wp:attachment":[{"href":"https:\/\/www.largepillow.com\/it\/wp-json\/wp\/v2\/media?parent=4365"}],"wp:term":[{"taxonomy":"product_brand","embeddable":true,"href":"https:\/\/www.largepillow.com\/it\/wp-json\/wp\/v2\/product_brand?post=4365"},{"taxonomy":"product_cat","embeddable":true,"href":"https:\/\/www.largepillow.com\/it\/wp-json\/wp\/v2\/product_cat?post=4365"},{"taxonomy":"product_tag","embeddable":true,"href":"https:\/\/www.largepillow.com\/it\/wp-json\/wp\/v2\/product_tag?post=4365"}],"curies":[{"name":"scrivere","href":"https:\/\/api.w.org\/{rel}","templated":true}]}}