{"id":4391,"date":"2024-09-13T04:14:15","date_gmt":"2024-09-13T04:14:15","guid":{"rendered":"https:\/\/www.largepillow.com\/product\/giant-dog-beds-for-adult-humans-large-floor-bed-mattress"},"modified":"2024-10-03T16:31:23","modified_gmt":"2024-10-03T16:31:23","slug":"letti-giganti-per-cani-per-adulti-materasso-per-letto-da-pavimento-grande","status":"publish","type":"product","link":"https:\/\/www.largepillow.com\/it\/product\/giant-dog-beds-for-adult-humans-large-floor-bed-mattress\/","title":{"rendered":"Letti giganti per cani per adulti, materasso per letto da pavimento grande"},"content":{"rendered":"[zc_getpagecontent mb=&#8221;mb_aplus&#8221; apid=&#8221;41&#8243;]\n","protected":false},"excerpt":{"rendered":"<ul>\n<li><strong>Relax assoluto<\/strong>: Preparati a rilassarti nel massimo comfort con il nostro letto per cani umani: il posto perfetto per rilassarti con il tuo migliore amico peloso! Con il suo design spazioso e i materiali accoglienti, non vorrai pi\u00f9 andartene.<\/li>\n<li><strong>Estremamente sicuro<\/strong>: Il nostro letto per cani di dimensioni umane \u00e8 realizzato con un esclusivo design con coulisse, che offre a te e al tuo amico peloso un impareggiabile senso di sicurezza e comfort. Rannicchiatevi insieme e provate la sensazione di essere avvolti in un caldo e accogliente abbraccio, molto simile alla confortante sensazione di riposare tra le braccia di una madre.<\/li>\n<li><strong>Comodo e facile da pulire<\/strong>: Questo letto per cani umani \u00e8 realizzato in morbido tessuto di velluto, ed \u00e8 anche facile da pulire dai peli degli animali. L&#039;imbottitura in fibra di poliestere di prima qualit\u00e0 fornisce la giusta quantit\u00e0 di supporto per il tuo animale domestico per riposare e ricaricarsi. Che stiano facendo un pisolino o cercando un posto accogliente dove rannicchiarsi, questo letto a sacco \u00e8 perfetto per te e il tuo animale domestico.<\/li>\n<li><strong>Comodo da riporre<\/strong>: Il nostro enorme letto per animali domestici \u00e8 progettato per la massima praticit\u00e0 con la sua caratteristica staccabile. Il materasso principale e la recinzione con coulisse possono essere facilmente collegati tramite cerniere di alta qualit\u00e0, consentendo un montaggio rapido e semplice. Quando non \u00e8 in uso, basta staccare le due sezioni e arrotolare il letto per riporlo in modo compatto. Si prega di notare che la coperta nella foto non \u00e8 inclusa.<\/li>\n<li><strong>Materasso ideale per letto temporaneo<\/strong>: Il nostro letto per cani umani non \u00e8 solo un posto accogliente dove il tuo amico peloso pu\u00f2 riposare, ma \u00e8 anche il sostituto perfetto per i tradizionali materassi ad aria gonfiabili. A differenza di quegli ingombranti letti ad aria, questo letto per animali domestici offre un&#039;imbottitura morbida e confortevole che assicura al tuo animale domestico il riposo di cui ha bisogno. \u00c8 fantastico quando sei in campeggio, in viaggio o hai semplicemente bisogno di una soluzione temporanea per il comfort del tuo animale domestico.<\/li>\n<\/ul>","protected":false},"featured_media":4372,"comment_status":"open","ping_status":"closed","template":"","meta":[],"product_brand":[],"product_cat":[228],"product_tag":[],"class_list":{"0":"post-4391","1":"product","2":"type-product","3":"status-publish","4":"has-post-thumbnail","6":"product_cat-cushions","8":"first","9":"outofstock","10":"shipping-taxable","11":"purchasable","12":"product-type-simple"},"_links":{"self":[{"href":"https:\/\/www.largepillow.com\/it\/wp-json\/wp\/v2\/product\/4391","targetHints":{"allow":["GET"]}}],"collection":[{"href":"https:\/\/www.largepillow.com\/it\/wp-json\/wp\/v2\/product"}],"about":[{"href":"https:\/\/www.largepillow.com\/it\/wp-json\/wp\/v2\/types\/product"}],"replies":[{"embeddable":true,"href":"https:\/\/www.largepillow.com\/it\/wp-json\/wp\/v2\/comments?post=4391"}],"wp:featuredmedia":[{"embeddable":true,"href":"https:\/\/www.largepillow.com\/it\/wp-json\/wp\/v2\/media\/4372"}],"wp:attachment":[{"href":"https:\/\/www.largepillow.com\/it\/wp-json\/wp\/v2\/media?parent=4391"}],"wp:term":[{"taxonomy":"product_brand","embeddable":true,"href":"https:\/\/www.largepillow.com\/it\/wp-json\/wp\/v2\/product_brand?post=4391"},{"taxonomy":"product_cat","embeddable":true,"href":"https:\/\/www.largepillow.com\/it\/wp-json\/wp\/v2\/product_cat?post=4391"},{"taxonomy":"product_tag","embeddable":true,"href":"https:\/\/www.largepillow.com\/it\/wp-json\/wp\/v2\/product_tag?post=4391"}],"curies":[{"name":"scrivere","href":"https:\/\/api.w.org\/{rel}","templated":true}]}}