{"id":4576,"date":"2024-10-25T03:48:45","date_gmt":"2024-10-25T03:48:45","guid":{"rendered":"https:\/\/www.largepillow.com\/product\/3-storey-felt-cat-cave-multi-cat-condo-tunnel-bed"},"modified":"2024-12-20T18:18:54","modified_gmt":"2024-12-20T18:18:54","slug":"tunnel-letto-per-gatti-a-3-piani-in-feltro","status":"publish","type":"product","link":"https:\/\/www.largepillow.com\/it\/product\/3-storey-felt-cat-cave-multi-cat-condo-tunnel-bed\/","title":{"rendered":"Grotta per gatti in feltro a 3 piani, condominio multi-gatto e letto a tunnel"},"content":{"rendered":"[zc_getpagecontent mb=&#8221;mb_aplus&#8221; apid=&#8221;98&#8243;]\n","protected":false},"excerpt":{"rendered":"<ul>\n<li><strong>Adatto per famiglie con pi\u00f9 gatti:<\/strong> Le cucce per gatti in cartone sono realizzate pensando alle case con pi\u00f9 gatti, offrendo ampio spazio per far giocare e coesistere armoniosamente diversi felini. Queste cucce per gatti da interno sono progettate con pi\u00f9 finestre, che non solo soddisfano l&#039;innata curiosit\u00e0 dei gatti, ma offrono anche una variet\u00e0 di punti di osservazione per esplorare e godersi l&#039;ambiente circostante.<\/li>\n<li><strong>Resistente ai graffi e durevole:<\/strong> Le nostre cucce e condomini per gatti sono realizzati con un materiale in feltro leggero che non \u00e8 solo antigraffio ma anche incredibilmente durevole. Questo materiale fornisce ai gatti la superficie perfetta per graffiare e affilare gli artigli senza danneggiare la struttura. Il design \u00e8 anche impermeabile e antimacchia, rendendolo semplice da pulire e mantenere, assicurando che la cuccia del tuo gatto rimanga in condizioni ottimali con il minimo sforzo.<\/li>\n<li><strong>Facile da montare:<\/strong>\u00a0I tunnel per gatti da interno sono progettati per un montaggio senza sforzo, consentendoti di installarli rapidamente in base alle tue preferenze e a quelle dei tuoi gatti. Il semplice processo di assemblaggio della nostra cuccia per gatti in cartone promette un&#039;esperienza senza problemi. Per una guida passo dopo passo, ti invitiamo a guardare il video di assemblaggio fornito, assicurandoti di poter facilmente creare uno spazio divertente e sicuro per i tuoi amici felini.<\/li>\n<li><strong>Design traspirante:<\/strong> Vanta un design traspirante che aumenta il comfort dei tuoi amici felini. L&#039;esclusivo materiale in feltro, combinato con finestre posizionate strategicamente, garantisce una ventilazione ottimale, consentendo all&#039;aria fresca di circolare liberamente. Questa cuccia tiragraffi in cartone per gatti \u00e8 realizzata con cura per fornire uno spazio confortevole e ben ventilato in cui i tuoi gatti possono giocare e rilassarsi senza sentirsi confinati o soffocanti. Il design mantiene efficacemente un ambiente accogliente e traspirante, mantenendoli freschi d&#039;estate e caldi durante i mesi invernali.<\/li>\n<li><strong>Interni spaziosi:<\/strong> Una deliziosa area giochi che in realt\u00e0 \u00e8 composta da un set di tre cucce per gatti interconnesse. Insieme, formano uno spazio sostanziale con dimensioni di 17x17x39 pollici, perfetto per pi\u00f9 gatti che vogliono girovagare, giocare ed esplorare. Questo ampio interno offre un&#039;area generosa per i tuoi gatti per sgranchirsi, rilassarsi e dedicarsi a buffonate giocose. Con una capacit\u00e0 di peso combinata fino a 35 libbre, questa cuccia per gatti interconnessa assicura che anche i gatti pi\u00f9 grandi possano godersi comodamente l&#039;ampio spazio. \u00c8 un rifugio perfetto per i tuoi amici felini per rilassarsi e giocare, creando un ambiente accogliente e coinvolgente che \u00e8 sia funzionale che attraente.<\/li>\n<\/ul>","protected":false},"featured_media":4563,"comment_status":"open","ping_status":"closed","template":"","meta":[],"product_brand":[],"product_cat":[227],"product_tag":[],"class_list":{"0":"post-4576","1":"product","2":"type-product","3":"status-publish","4":"has-post-thumbnail","6":"product_cat-pet-supplies","8":"first","9":"outofstock","10":"shipping-taxable","11":"purchasable","12":"product-type-simple"},"_links":{"self":[{"href":"https:\/\/www.largepillow.com\/it\/wp-json\/wp\/v2\/product\/4576","targetHints":{"allow":["GET"]}}],"collection":[{"href":"https:\/\/www.largepillow.com\/it\/wp-json\/wp\/v2\/product"}],"about":[{"href":"https:\/\/www.largepillow.com\/it\/wp-json\/wp\/v2\/types\/product"}],"replies":[{"embeddable":true,"href":"https:\/\/www.largepillow.com\/it\/wp-json\/wp\/v2\/comments?post=4576"}],"wp:featuredmedia":[{"embeddable":true,"href":"https:\/\/www.largepillow.com\/it\/wp-json\/wp\/v2\/media\/4563"}],"wp:attachment":[{"href":"https:\/\/www.largepillow.com\/it\/wp-json\/wp\/v2\/media?parent=4576"}],"wp:term":[{"taxonomy":"product_brand","embeddable":true,"href":"https:\/\/www.largepillow.com\/it\/wp-json\/wp\/v2\/product_brand?post=4576"},{"taxonomy":"product_cat","embeddable":true,"href":"https:\/\/www.largepillow.com\/it\/wp-json\/wp\/v2\/product_cat?post=4576"},{"taxonomy":"product_tag","embeddable":true,"href":"https:\/\/www.largepillow.com\/it\/wp-json\/wp\/v2\/product_tag?post=4576"}],"curies":[{"name":"scrivere","href":"https:\/\/api.w.org\/{rel}","templated":true}]}}