{"id":538,"date":"2022-09-16T02:24:42","date_gmt":"2022-09-16T02:24:42","guid":{"rendered":"https:\/\/www.largepillow.com\/product\/large-bolster-pillow"},"modified":"2025-11-05T02:15:31","modified_gmt":"2025-11-05T02:15:31","slug":"cuscino-a-cuneo-grande-2","status":"publish","type":"product","link":"https:\/\/www.largepillow.com\/it\/product\/large-wedge-bolster-pillow","title":{"rendered":"Grande cuscino a cuneo"},"content":{"rendered":"<p>Concediti il massimo comfort con il cuscino a cuneo grande di ultima generazione<\/p>\n<p>Stai cercando un cuscino per testiera che offra comfort e sostegno eccezionali? Non cercare oltre il cuscino con cuscino a cuneo grande. Questo cuscino versatile offre una serie di vantaggi che renderanno il tuo tempo a letto o sul divano un vero piacere.<\/p>\n<p>Massimo comfort e supporto<\/p>\n<p>Il design a forma triangolare del cuscino a cuneo grande si adatta perfettamente ai contorni della schiena e della vita, riducendo al minimo la pressione lombare e dorsale. Che tu stia leggendo un libro, lavorando fino a tardi o guardando la TV, questo cuscino ti manterr\u00e0 comodo e privo di tensioni. \u00c8 anche abbastanza grande da ospitare due persone, rendendola la scelta perfetta per le coppie.<\/p>\n<p>Versatilit\u00e0 3 in 1<\/p>\n<p>Il grande cuscino a cuneo non \u00e8 solo un cuscino per la testiera. \u00c8 anche un accessorio versatile che pu\u00f2 essere utilizzato come cuscino a cuneo per dormire, cuscino per le gambe per l&#039;elevazione o anche come cuscino per il paraurti per un maggiore comfort. Le possibilit\u00e0 sono infinite!<\/p>\n<p>Artigianalit\u00e0 e design superiori<\/p>\n<p>Realizzato con meticolosa attenzione ai dettagli, il cuscino a cuneo grande \u00e8 realizzato con materiali di alta qualit\u00e0. Il rivestimento in velluto morbido ed elegante \u00e8 delicato al tatto, mentre l&#039;imbottitura in fibra di poliestere ad alta densit\u00e0 fornisce un supporto eccezionale che non si affloscia nel tempo. Inoltre, le tasche laterali offrono un comodo spazio per riporre il tuo libro o il tuo telefono.<\/p>\n<p>Manutenzione facile<\/p>\n<p>Mantenere il grande cuscino a cuneo \u00e8 un gioco da ragazzi. La federa \u00e8 sfoderabile tramite bottoni e presenta una cerniera nascosta per una facile pulizia. Basta rimuovere la fodera e metterla in lavatrice per una rapida rinfrescata.<\/p>\n<p>Testimonianze dei clienti<\/p>\n<p>\u201cQuesto cuscino \u00e8 un punto di svolta! Ho sempre avuto difficolt\u00e0 a trovare un cuscino per la testiera che fornisse il giusto supporto, ma questo \u00e8 perfetto. \u00c8 cos\u00ec comodo e mi ha davvero aiutato a migliorare la mia postura. \u2013 Karen, cliente soddisfatta<\/p>\n<p>\u201cAdoro la versatilit\u00e0 di questo cuscino. \u00c8 un ottimo cuscino per la testiera, ma lo uso anche come cuscino a cuneo quando dormo e come cuscino per le gambe quando mi rilasso. La qualit\u00e0 \u00e8 sorprendente e resiste bene dopo mesi di utilizzo. \u2013 Sarah, un&#039;altra cliente felice<\/p>\n<p>Conclusione<\/p>\n<p>Il cuscino a cuneo grande \u00e8 la scelta perfetta per chi cerca un cuscino comodo, di supporto e versatile. Con la sua lavorazione superiore, la funzionalit\u00e0 3 in 1 e la facile manutenzione, \u00e8 un investimento che migliorer\u00e0 il tuo tempo di relax per gli anni a venire. Ordina il tuo oggi e sperimenta il massimo del comfort e del supporto!<\/p>","protected":false},"excerpt":{"rendered":"<ul>\n<li><strong>Massimo comfort:<\/strong> Questo cuscino per testiera offre un comfort eccellente grazie al suo design a forma triangolare. Il cuscino di supporto del letto si adatta perfettamente alla schiena e alla vita, riducendo al minimo la pressione lombare\/posteriore. Questo cuscino da lettura a cuneo pu\u00f2 aiutarti a rimanere senza tensioni nel letto o nel divano, il che \u00e8 l&#039;ideale per lavorare i nottambuli, i topi di biblioteca e guardare la TV a letto. Questo cuscino extra large \u00e8 l&#039;unico cuscino per testiera a cuneo che pu\u00f2 ospitare due persone.<\/li>\n<li><strong>Cuscino grande 3 in 1:<\/strong> \u00c8 possibile utilizzare il cuscino in posizione verticale come cuscino per la testiera con supporto per la schiena per sedersi sul letto o appoggiarlo sul letto per utilizzarlo come un grande cuscino a cuneo quando si dorme sulla schiena o sul fianco o come cuscino per le gambe per sollevare le gambe. Se desideri un grande cuscino per la testiera che fornisca supporto sia a te che al tuo coniuge. \u00c8 un&#039;ottima alternativa.<\/li>\n<li><strong>Design multifunzionale:<\/strong> Alcune persone usano il grande cuscino triangolare come cuscino per la testiera, mentre altri lo usano come cuscino per il paraurti, pu\u00f2 anche essere un cuscino per sostenere lo schienale del divano o del divano letto. \u00c8 elegante e funzionale, il che lo rende un&#039;ottima aggiunta a qualsiasi camera da letto.<\/li>\n<li><strong>Artigianato superiore:<\/strong> La nostra federa \u00e8 realizzata in velluto di poliestere 100%, morbido, elegante e confortevole al tatto. L&#039;imbottitura \u00e8 realizzata in fibre di poliestere ad alta densit\u00e0 e di alta qualit\u00e0, che impediscono il cedimento anche dopo mesi di utilizzo. Inoltre, \u00e8 dotato di tasche laterali per contenere il tuo libro o il tuo telefono.<\/li>\n<li><strong>Facile da pulire:<\/strong> La fodera del cuscino da lettura \u00e8 fissata al cuscino con bottoni ed \u00e8 facile da rimuovere con una semplice cerniera. Ci\u00f2 rende la pulizia senza problemi. Basta rimuovere la fodera e fare un rapido lavaggio in lavatrice per far sembrare il tuo cuscino come nuovo.<\/li>\n<li><strong>Taglia:<\/strong> 45 cm (L45 x L20 x H50 | 0 pulsanti), 60 cm (L60 x L20 x H50 | 0 pulsanti), 80 cm (L80 x L20 x H50 | 2 pulsanti), 100 cm (L100 x L20 x H50 | 3 pulsanti), 120 cm ( L120 x L20 x H50 | 4 pulsanti), 140 cm (L140 x L20 x H50 | 4 pulsanti), 160 cm (L160 x L20 x H50 | 5 pulsanti), 180 cm (L180 x L20 x H50 | 6 pulsanti), 200 cm (L200 x L20 x H50 | 7 pulsanti).<\/li>\n<\/ul>","protected":false},"featured_media":522,"comment_status":"open","ping_status":"closed","template":"","meta":[],"product_brand":[],"product_cat":[15],"product_tag":[66,70,102,75,168,202,163,112,143,59],"class_list":{"0":"post-538","1":"product","2":"type-product","3":"status-publish","4":"has-post-thumbnail","6":"product_cat-large-wedge-pillow","7":"product_tag-back-support-pillow","8":"product_tag-bed-wedge-pillow","9":"product_tag-couch-pillow","10":"product_tag-daybed-pillow","11":"product_tag-headboard-pillow","12":"product_tag-large-wedge-bolster-pillow","13":"product_tag-leg-pillow","14":"product_tag-lumbar-support-pillow","15":"product_tag-multifunctional-pillow","16":"product_tag-reading-pillow","18":"first","19":"instock","20":"featured","21":"shipping-taxable","22":"purchasable","23":"product-type-variable"},"_links":{"self":[{"href":"https:\/\/www.largepillow.com\/it\/wp-json\/wp\/v2\/product\/538","targetHints":{"allow":["GET"]}}],"collection":[{"href":"https:\/\/www.largepillow.com\/it\/wp-json\/wp\/v2\/product"}],"about":[{"href":"https:\/\/www.largepillow.com\/it\/wp-json\/wp\/v2\/types\/product"}],"replies":[{"embeddable":true,"href":"https:\/\/www.largepillow.com\/it\/wp-json\/wp\/v2\/comments?post=538"}],"wp:featuredmedia":[{"embeddable":true,"href":"https:\/\/www.largepillow.com\/it\/wp-json\/wp\/v2\/media\/522"}],"wp:attachment":[{"href":"https:\/\/www.largepillow.com\/it\/wp-json\/wp\/v2\/media?parent=538"}],"wp:term":[{"taxonomy":"product_brand","embeddable":true,"href":"https:\/\/www.largepillow.com\/it\/wp-json\/wp\/v2\/product_brand?post=538"},{"taxonomy":"product_cat","embeddable":true,"href":"https:\/\/www.largepillow.com\/it\/wp-json\/wp\/v2\/product_cat?post=538"},{"taxonomy":"product_tag","embeddable":true,"href":"https:\/\/www.largepillow.com\/it\/wp-json\/wp\/v2\/product_tag?post=538"}],"curies":[{"name":"scrivere","href":"https:\/\/api.w.org\/{rel}","templated":true}]}}