{"id":5691,"date":"2025-01-09T03:00:25","date_gmt":"2025-01-09T03:00:25","guid":{"rendered":"https:\/\/www.largepillow.com\/product\/soft-small-teddy-bear-birthday-gift-cuddly-stuffed-animal-toy-pink"},"modified":"2025-10-16T01:37:17","modified_gmt":"2025-10-16T01:37:17","slug":"morbido-piccolo-orsacchiotto-regalo-di-compleanno-peluche-peluche-rosa","status":"publish","type":"product","link":"https:\/\/www.largepillow.com\/it\/product\/soft-small-teddy-bear-birthday-gift-cuddly-stuffed-animal-toy-pink","title":{"rendered":"Orsetto di peluche morbido e piccolo, regalo di compleanno, peluche rosa"},"content":{"rendered":"[zc_getpagecontent mb=&#8221;mb_aplus&#8221; apid=&#8221;15&#8243;]\n","protected":false},"excerpt":{"rendered":"<ul>\n<li>I nostri orsacchiotti sono di dimensioni normali e sufficientemente pieni, possiamo garantire che l&#039;articolo che riceverai \u00e8 uguale alle immagini; il nostro orsacchiotto di alta qualit\u00e0 \u00e8 un regalo ideale per i propri cari e molto apprezzato come regalo per festivit\u00e0 come Natale e San Valentino.<\/li>\n<li>Orsetto di peluche gigante realizzato in materiale di peluche ultra morbido, molto soffice e scivoloso, il che lo rende super confortevole da abbracciare e coccolare.<\/li>\n<li>L&#039;enorme orsacchiotto da 25 cm (10&quot;) \u00e8 dotato di una cerniera a prova di bambino sul retro, che lo rende sicuro e facile da lavare.<\/li>\n<li>Questo orsacchiotto \u00e8 compresso in un pacchetto pi\u00f9 piccolo delle sue dimensioni reali e si espande rapidamente una volta rimosso il sacchetto di imballaggio.<\/li>\n<li>L&#039;orsacchiotto perfetto da abbracciare e coccolare. Questo grazioso orsacchiotto pu\u00f2 accompagnarti mentre leggi libri, guardi la TV e ti diverti. Pu\u00f2 essere un buon compagno! Il grazioso peluche diventer\u00e0 rapidamente un amato compagno sia per i pi\u00f9 piccoli che per i pi\u00f9 grandi.<\/li>\n<li>L&#039;orsacchiotto \u00e8 cos\u00ec grazioso da adornare una camera da letto o una sala giochi. Puoi accoccolarti su questo orsacchiotto come un morbido cuscino. I bambini possono giocare con questo orsacchiotto, il che pu\u00f2 anche essere un momento molto interessante per l&#039;intrattenimento della famiglia.<\/li>\n<li>\u00c8 la scelta ideale per neonati, bambini o amici. Sar\u00e0 il regalo migliore per giorni speciali come il Ringraziamento, San Valentino, Natale, compleanni o qualsiasi anniversario.<\/li>\n<li>Questo orsacchiotto \u00e8 molto morbido. Gli occhi a bottone sono molto solidi. Il peluche e l&#039;imbottitura sono tutti di alta qualit\u00e0.<\/li>\n<li>Il peluche e l&#039;imbottitura sono tutti di buona qualit\u00e0. Tutti gli orsetti vengono spediti dopo un rigoroso controllo di qualit\u00e0. Il peluche viene ispezionato da una struttura di qualit\u00e0 autorizzata e riceve il certificato CE.<\/li>\n<\/ul>","protected":false},"featured_media":5674,"comment_status":"open","ping_status":"closed","template":"","meta":[],"product_brand":[],"product_cat":[235],"product_tag":[],"class_list":{"0":"post-5691","1":"product","2":"type-product","3":"status-publish","4":"has-post-thumbnail","6":"product_cat-plush-toys","8":"first","9":"outofstock","10":"shipping-taxable","11":"purchasable","12":"product-type-simple"},"_links":{"self":[{"href":"https:\/\/www.largepillow.com\/it\/wp-json\/wp\/v2\/product\/5691","targetHints":{"allow":["GET"]}}],"collection":[{"href":"https:\/\/www.largepillow.com\/it\/wp-json\/wp\/v2\/product"}],"about":[{"href":"https:\/\/www.largepillow.com\/it\/wp-json\/wp\/v2\/types\/product"}],"replies":[{"embeddable":true,"href":"https:\/\/www.largepillow.com\/it\/wp-json\/wp\/v2\/comments?post=5691"}],"wp:featuredmedia":[{"embeddable":true,"href":"https:\/\/www.largepillow.com\/it\/wp-json\/wp\/v2\/media\/5674"}],"wp:attachment":[{"href":"https:\/\/www.largepillow.com\/it\/wp-json\/wp\/v2\/media?parent=5691"}],"wp:term":[{"taxonomy":"product_brand","embeddable":true,"href":"https:\/\/www.largepillow.com\/it\/wp-json\/wp\/v2\/product_brand?post=5691"},{"taxonomy":"product_cat","embeddable":true,"href":"https:\/\/www.largepillow.com\/it\/wp-json\/wp\/v2\/product_cat?post=5691"},{"taxonomy":"product_tag","embeddable":true,"href":"https:\/\/www.largepillow.com\/it\/wp-json\/wp\/v2\/product_tag?post=5691"}],"curies":[{"name":"scrivere","href":"https:\/\/api.w.org\/{rel}","templated":true}]}}