{"id":5959,"date":"2025-02-02T13:23:53","date_gmt":"2025-02-02T13:23:53","guid":{"rendered":"https:\/\/www.largepillow.com\/product\/side-sleeper-pillow-with-arm-hole-foam-wedge-for-neck-and-shoulder-pain"},"modified":"2025-11-23T05:21:48","modified_gmt":"2025-11-23T05:21:48","slug":"cuscino-per-chi-dorme-di-lato-con-foro-per-le-braccia-cuneo-in-schiuma-per-dolori-al-collo-e-alle-spalle","status":"publish","type":"product","link":"https:\/\/www.largepillow.com\/it\/product\/side-sleeper-pillow-with-arm-hole-foam-wedge-for-neck-and-shoulder-pain","title":{"rendered":"Cuscino per chi dorme di lato con foro per le braccia e cuneo in schiuma per dolori al collo e alle spalle"},"content":{"rendered":"[zc_getpagecontent mb=&#8221;mb_aplus&#8221; apid=&#8221;116&#8243;]\n","protected":false},"excerpt":{"rendered":"<ul>\n<li>Design avanzato: il nostro nuovo cuscino laterale per il dolore alla spalla \u00e8 composto da tre parti essenziali: un cuscino a cuneo in schiuma per un supporto stabile, un piccolo poggiatesta e un comodo cuscino per il corpo a forma di H. Questo design rivoluzionario offre significativi miglioramenti funzionali rispetto ai tradizionali cuscini per il corpo a forma di U, consentendo cambi di lato senza sforzo durante il sonno.<\/li>\n<li>Funzionalit\u00e0 migliorata: a differenza del cuscino laterale a forma di U convenzionale che ostacola i movimenti durante il sonno, il nostro cuscino per il corpo a forma di H e il design separato del poggiatesta consentono un facile movimento delle braccia e cambi di lato. L&#039;inclinazione ottimizzata del cuscino a cuneo assicura un supporto delicato, soddisfacendo le diverse esigenze di chi dorme di lato.<\/li>\n<li>Sollievo dalla pressione del braccio: abbraccia un comfort senza pari con la caratteristica del doppio foro per il braccio, progettata in modo intelligente, nel cuscino a cuneo in schiuma. Questo design allevia la pressione del braccio, favorisce una migliore circolazione sanguigna e assicura un sonno ristoratore senza il fastidio delle braccia penzoloni.<\/li>\n<li>Comfort estremo: realizzati in morbida e soffice fibra di poliestere, il cuscino per il corpo a forma di H e il poggiatesta garantiscono il massimo comfort durante il sonno. Il tessuto traspirante della federa assicura un sonno ristoratore. Il cuscino ergonomico a cuneo in schiuma solleva la parte superiore del corpo, alleviando efficacemente il mal di schiena, il reflusso acido e il bruciore di stomaco. Riempito con schiuma ad alta densit\u00e0 per una stabilit\u00e0 duratura, questo cuscino fornisce un supporto saldo per tutta la notte, aiutando chi dorme di lato a riprendersi pi\u00f9 rapidamente.<\/li>\n<li>Supporto completo: goditi il supporto completo del corpo con la sezione superiore allungata del cuscino ergonomico a forma di H per chi dorme di lato, che si estende dalla testa ai piedi. Che siano i fianchi, la schiena, il collo o l&#039;addome a richiedere rilassamento, questo cuscino per il corpo fornisce un supporto personalizzato. Il design di collegamento al centro del cuscino per il corpo assicura che i cuscini per chi dorme di lato per adulti non si avvolgano attorno al corpo quando ci si gira.<\/li>\n<\/ul>","protected":false},"featured_media":5945,"comment_status":"open","ping_status":"closed","template":"","meta":[],"product_brand":[],"product_cat":[228],"product_tag":[],"class_list":{"0":"post-5959","1":"product","2":"type-product","3":"status-publish","4":"has-post-thumbnail","6":"product_cat-cushions","8":"first","9":"instock","10":"shipping-taxable","11":"purchasable","12":"product-type-variable","13":"has-default-attributes"},"_links":{"self":[{"href":"https:\/\/www.largepillow.com\/it\/wp-json\/wp\/v2\/product\/5959","targetHints":{"allow":["GET"]}}],"collection":[{"href":"https:\/\/www.largepillow.com\/it\/wp-json\/wp\/v2\/product"}],"about":[{"href":"https:\/\/www.largepillow.com\/it\/wp-json\/wp\/v2\/types\/product"}],"replies":[{"embeddable":true,"href":"https:\/\/www.largepillow.com\/it\/wp-json\/wp\/v2\/comments?post=5959"}],"wp:featuredmedia":[{"embeddable":true,"href":"https:\/\/www.largepillow.com\/it\/wp-json\/wp\/v2\/media\/5945"}],"wp:attachment":[{"href":"https:\/\/www.largepillow.com\/it\/wp-json\/wp\/v2\/media?parent=5959"}],"wp:term":[{"taxonomy":"product_brand","embeddable":true,"href":"https:\/\/www.largepillow.com\/it\/wp-json\/wp\/v2\/product_brand?post=5959"},{"taxonomy":"product_cat","embeddable":true,"href":"https:\/\/www.largepillow.com\/it\/wp-json\/wp\/v2\/product_cat?post=5959"},{"taxonomy":"product_tag","embeddable":true,"href":"https:\/\/www.largepillow.com\/it\/wp-json\/wp\/v2\/product_tag?post=5959"}],"curies":[{"name":"scrivere","href":"https:\/\/api.w.org\/{rel}","templated":true}]}}