{"id":640,"date":"2022-09-16T03:40:56","date_gmt":"2022-09-16T03:40:56","guid":{"rendered":"https:\/\/www.largepillow.com\/product\/leg-elevation-pillow-2"},"modified":"2025-11-24T12:37:09","modified_gmt":"2025-11-24T12:37:09","slug":"cuscino-per-testiera","status":"publish","type":"product","link":"https:\/\/www.largepillow.com\/it\/product\/cushion-for-headboard","title":{"rendered":"Cuscino Per Testiera"},"content":{"rendered":"<p>Il Cuscino Per Testiera: il massimo comfort che stavi cercando! Questo cuscino per testiera \u00e8 stato progettato pensando al tuo comfort, perfetto per leggere, guardare la TV o semplicemente per dormire bene la notte. \u00c8 multifunzionale, elegante e un&#039;eccellente aggiunta a qualsiasi camera da letto.<\/p>\n<p>Il nostro grande cuscino a spalla pu\u00f2 essere utilizzato in diversi modi: come cuscino da lettura per il supporto della schiena, cuscino lungo a cuneo o cuscino per le gambe per sollevare le gambe. \u00c8 realizzato con fibre di poliestere ad alta densit\u00e0 e di alta qualit\u00e0 che prevengono il cedimento anche dopo mesi di utilizzo. La federa \u00e8 realizzata in poliestere 100% con una trama intrecciata e punti raffinati che sono robusti ovunque.<\/p>\n<p>Una delle migliori caratteristiche di questo cuscino per testiera \u00e8 che \u00e8 facile da pulire. Basta rimuovere la fodera con una semplice cerniera e fare un rapido lavaggio in lavatrice per far sembrare il tuo cuscino come nuovo.<\/p>\n<p>Ma non \u00e8 tutto: il nostro cuscino per la testiera \u00e8 dotato anche di una comoda tasca laterale, per assicurarti che non perderai mai pi\u00f9 il telecomando. \u00c8 la tasca perfetta per riporre tutti i tuoi oggetti essenziali.<\/p>\n<p>Offriamo diverse dimensioni di questo cuscino, a partire da 45 cm fino a 200 cm. Puoi scegliere la misura che meglio si adatta al tuo letto e alla testiera. Il cuscino \u00e8 realizzato in tessuto misto poliestere e lino, un materiale confortevole e resistente.<\/p>\n<p>Non crederci sulla parola, ecco alcuni commenti dei nostri clienti soddisfatti:<\/p>\n<p>\u201cAdoro questo cuscino. \u00c8 cos\u00ec comodo e robusto. Lo uso tutte le sere per leggere prima di dormire.<\/p>\n<p>\u201cIl tessuto \u00e8 di alta qualit\u00e0 e il cuscino \u00e8 realizzato magnificamente. Adoro la tasca laterale perch\u00e9 \u00e8 comodissima.&quot;<\/p>\n<p>\u201cQuesto cuscino ha reso il mio letto molto pi\u00f9 comodo. \u00c8 come avere un piccolo nido accogliente in cui rilassarsi.&quot;<\/p>\n<p>In conclusione, se stai cercando un cuscino per testiera comodo e multifunzionale, il nostro Cuscino Per Testiera \u00e8 la scelta perfetta per te. \u00c8 elegante, funzionale e facile da pulire. Ordina il tuo oggi e prova il massimo comfort!<\/p>","protected":false},"excerpt":{"rendered":"<ul>\n<li><strong>Massimo comfort:<\/strong> Il nostro cuscino per testiera \u00e8 progettato per offrirti il massimo comfort durante la lettura, la visione della TV o il sonno. \u00c8 perfetto per il letto, il divano, il divano letto e altro ancora!<\/li>\n<li><strong>Design multifunzionale:<\/strong> Il nostro grande cuscino a spalla pu\u00f2 essere utilizzato in diversi modi: come cuscino da lettura per il supporto della schiena, cuscino lungo a cuneo o cuscino per le gambe per sollevare le gambe. \u00c8 elegante e funzionale, il che lo rende un&#039;ottima aggiunta a qualsiasi camera da letto.<\/li>\n<li><strong>Materiali premium:<\/strong> La nostra federa \u00e8 realizzata in poliestere 100% con una trama intrecciata e punti raffinati che sono robusti ovunque. L&#039;imbottitura \u00e8 realizzata con fibre di poliestere ad alta densit\u00e0 e di alta qualit\u00e0 che impediscono il cedimento anche dopo mesi di utilizzo.<\/li>\n<li><strong>Facile da pulire:<\/strong> La fodera del cuscino della testiera \u00e8 fissata al cuscino con bottoni ed \u00e8 facile da rimuovere con una semplice cerniera. Basta rimuovere la fodera e fare un rapido lavaggio in lavatrice per far sembrare il tuo cuscino come nuovo.<\/li>\n<li><strong>Tasca portaoggetti perfetta:<\/strong> Il nostro cuscino per la testiera \u00e8 dotato di una comoda tasca laterale, per assicurarti che non perderai mai pi\u00f9 il telecomando.<\/li>\n<li><strong>Tessuto:<\/strong>\u00a0Misto poliestere e lino.<\/li>\n<li><strong>Taglia:<\/strong> 45 cm (L45 x L20 x H50 | 0 pulsanti), 60 cm (L60 x L20 x H50 | 0 pulsanti), 80 cm (L80 x L20 x H50 | 2 pulsanti), 100 cm (L100 x L20 x H50 | 3 pulsanti), 120 cm ( L120 x L20 x H50 | 4 pulsanti), 140 cm (L140 x L20 x H50 | 4 pulsanti), 160 cm (L160 x L20 x H50 | 5 pulsanti), 180 cm (L180 x L20 x H50 | 6 pulsanti), 200 cm (L200 x L20 x H50 | 7 pulsanti).<\/li>\n<\/ul>","protected":false},"featured_media":624,"comment_status":"open","ping_status":"closed","template":"","meta":[],"product_brand":[],"product_cat":[15],"product_tag":[66,187,195,196,192,189,184,143,59],"class_list":{"0":"post-640","1":"product","2":"type-product","3":"status-publish","4":"has-post-thumbnail","6":"product_cat-large-wedge-pillow","7":"product_tag-back-support-pillow","8":"product_tag-back-support-reading-pillow","9":"product_tag-brown-pillow","10":"product_tag-cushion-for-headboard","11":"product_tag-headboard-cushion","12":"product_tag-linen-pillow","13":"product_tag-long-wedge-pillow","14":"product_tag-multifunctional-pillow","15":"product_tag-reading-pillow","17":"first","18":"instock","19":"shipping-taxable","20":"purchasable","21":"product-type-variable"},"_links":{"self":[{"href":"https:\/\/www.largepillow.com\/it\/wp-json\/wp\/v2\/product\/640","targetHints":{"allow":["GET"]}}],"collection":[{"href":"https:\/\/www.largepillow.com\/it\/wp-json\/wp\/v2\/product"}],"about":[{"href":"https:\/\/www.largepillow.com\/it\/wp-json\/wp\/v2\/types\/product"}],"replies":[{"embeddable":true,"href":"https:\/\/www.largepillow.com\/it\/wp-json\/wp\/v2\/comments?post=640"}],"wp:featuredmedia":[{"embeddable":true,"href":"https:\/\/www.largepillow.com\/it\/wp-json\/wp\/v2\/media\/624"}],"wp:attachment":[{"href":"https:\/\/www.largepillow.com\/it\/wp-json\/wp\/v2\/media?parent=640"}],"wp:term":[{"taxonomy":"product_brand","embeddable":true,"href":"https:\/\/www.largepillow.com\/it\/wp-json\/wp\/v2\/product_brand?post=640"},{"taxonomy":"product_cat","embeddable":true,"href":"https:\/\/www.largepillow.com\/it\/wp-json\/wp\/v2\/product_cat?post=640"},{"taxonomy":"product_tag","embeddable":true,"href":"https:\/\/www.largepillow.com\/it\/wp-json\/wp\/v2\/product_tag?post=640"}],"curies":[{"name":"scrivere","href":"https:\/\/api.w.org\/{rel}","templated":true}]}}