{"id":802,"date":"2022-09-17T13:48:56","date_gmt":"2022-09-17T13:48:56","guid":{"rendered":"https:\/\/www.largepillow.com\/product\/wedge-pillow-for-acid-reflux_37_38_39_40"},"modified":"2026-03-13T16:55:31","modified_gmt":"2026-03-13T16:55:31","slug":"cuscino-a-cuneo","status":"publish","type":"product","link":"https:\/\/www.largepillow.com\/it\/product\/wedge-bolster-pillow","title":{"rendered":"Cuscino a cuneo"},"content":{"rendered":"<p>Il cuscino con sostegno a cuneo per il massimo comfort<\/p>\n<p>Stai cercando il cuscino perfetto per leggere o guardare la TV? Permetteteci di presentarvi il cuscino Wedge Bolster: il cuscino per testiera rialzata definitivo per un comfort e un supporto superiori.<\/p>\n<p>Con la sua forma curva e il design dello schienale rialzato a doppia fila, questo cuscino XL sostiene adeguatamente il collo e la schiena mentre sei seduto sul letto. Il design multifunzionale funziona benissimo anche come cuscino per la schiena verticale, cuscino a cuneo o cuscino per le gambe. <\/p>\n<p>Realizzato in poliestere 100% con imbottitura in fibra di poliestere ecologica, il tessuto ha un aspetto lino che si abbina a qualsiasi arredamento della camera da letto. La fodera rimovibile \u00e8 lavabile in lavatrice per una facile manutenzione. Questo cuscino da testiera di grandi dimensioni \u00e8 dotato anche di piccole tasche laterali per contenere libri, telecomandi, telefoni e altro ancora. <\/p>\n<p>Ecco cosa hanno da dire alcuni clienti:<\/p>\n<p>\u201cAdoro l&#039;aspetto e la sensazione di questo cuscino a cuneo da letto. Il tessuto di lino \u00e8 molto morbido e il colore sta benissimo nella mia camera da letto.&quot;<\/p>\n<p>\u201cQuesto cuscino da lettura offre un fantastico supporto per la schiena. Posso stare seduto sul letto per ore senza alcun dolore al collo o alla schiena.<\/p>\n<p>\u201cIl design rialzato \u00e8 perfetto per leggere o lavorare sul mio laptop a letto. \u00c8 un ottimo schienale che mi tiene comodamente in posizione eretta.<\/p>\n<p>\u201cHo preso la misura da 160 cm e occupa tutta la parte della testata del mio letto. Abbastanza grande per sedersi e guardare film.\u00bb<\/p>\n<p>Con lunghezze disponibili che vanno da 100 cm fino a 200 cm, troverai sicuramente la dimensione del cuscino con cuscino a cuneo adatto al tuo spazio. Dona alla tua schiena, al collo e alle gambe il comfort che meritano! Acquista oggi stesso il tuo cuscino da testiera multifunzionale.<\/p>","protected":false},"excerpt":{"rendered":"<ul>\n<li><strong>Massimo comfort:<\/strong> Questo cuscino per testiera rialzata XL offre un comfort eccellente grazie al suo design a forma curva. Questo cuscino da lettura sulla testiera pu\u00f2 aiutarti a rimanere senza tensioni sul divano letto o sul divano, ideale per lavorare nottambuli, topi di biblioteca e guardare la TV a letto.<\/li>\n<li><strong>Design dello schienale rialzato:<\/strong> Goditi un comfort senza pari con l&#039;esclusivo design dello schienale rialzato a doppia fila del nostro cuscino testiera. Il cuscino della testiera con schienale rialzato fornisce un supporto superiore per il collo e la schiena, rendendolo il luogo perfetto per rilassarsi e leggere a letto.<\/li>\n<li><strong>Cuscino multifunzionale:<\/strong> Con tre diversi modi di utilizzarlo, il nostro cuscino \u00e8 perfetto per ogni situazione. Sia che tu preferisca usarlo come cuscino per la schiena verticale, cuscino a cuneo o cuscino per le gambe per un supporto elevato, \u00e8 l&#039;accessorio ideale per un riposo e un relax confortevoli.<\/li>\n<li><strong>Artigianato superiore:<\/strong> Realizzato con tessuto effetto lino la cui composizione \u00e8 poliestere 100%, il nostro cuscino per testiera \u00e8 imbottito con fibra di poliestere ecologica e ad alta resilienza. Il cuscino staccabile del letto supplementare \u00e8 facile da lavare in lavatrice, mentre le piccole tasche laterali aggiungono praticit\u00e0 a questo prodotto gi\u00e0 di lusso.<\/li>\n<li><strong>Facile da lavare:<\/strong> La fodera del cuscino della testiera \u00e8 fissata all&#039;interno del cuscino tramite bottoni ed \u00e8 facile da rimuovere con una semplice cerniera. Ci\u00f2 rende la pulizia senza problemi. Basta rimuovere la fodera e fare un rapido lavaggio in lavatrice per far sembrare il tuo cuscino come nuovo.<\/li>\n<li><strong>Taglia:<\/strong> 100 cm (L100 x L26 x H55 | 3 pulsanti Colonne), 120 cm (L120 x L26 x H55 | 4 pulsanti Colonne), 140 cm (L140 x L26 x H55 | 4 pulsanti Colonne), 160 cm (L160 x L26 x H55 | 5 pulsanti Colonne ), 180 cm (L180 x P26 x H55 | 6 pulsanti Colonne), 200 cm (L200 x P26 x H55 | 7 pulsanti Colonne).<\/li>\n<\/ul>","protected":false},"featured_media":788,"comment_status":"open","ping_status":"closed","template":"","meta":[],"product_brand":[],"product_cat":[15],"product_tag":[164,161,168,163,143,169,162,167,65],"class_list":{"0":"post-802","1":"product","2":"type-product","3":"status-publish","4":"has-post-thumbnail","6":"product_cat-large-wedge-pillow","7":"product_tag-detachable-bolster-bed-cushion","8":"product_tag-elevated-headboard-pillow","9":"product_tag-headboard-pillow","10":"product_tag-leg-pillow","11":"product_tag-multifunctional-pillow","12":"product_tag-support-pillow","13":"product_tag-upright-back-pillow","14":"product_tag-wedge-bolster-pillow","15":"product_tag-wedge-pillow","17":"first","18":"instock","19":"shipping-taxable","20":"purchasable","21":"product-type-variable"},"_links":{"self":[{"href":"https:\/\/www.largepillow.com\/it\/wp-json\/wp\/v2\/product\/802","targetHints":{"allow":["GET"]}}],"collection":[{"href":"https:\/\/www.largepillow.com\/it\/wp-json\/wp\/v2\/product"}],"about":[{"href":"https:\/\/www.largepillow.com\/it\/wp-json\/wp\/v2\/types\/product"}],"replies":[{"embeddable":true,"href":"https:\/\/www.largepillow.com\/it\/wp-json\/wp\/v2\/comments?post=802"}],"wp:featuredmedia":[{"embeddable":true,"href":"https:\/\/www.largepillow.com\/it\/wp-json\/wp\/v2\/media\/788"}],"wp:attachment":[{"href":"https:\/\/www.largepillow.com\/it\/wp-json\/wp\/v2\/media?parent=802"}],"wp:term":[{"taxonomy":"product_brand","embeddable":true,"href":"https:\/\/www.largepillow.com\/it\/wp-json\/wp\/v2\/product_brand?post=802"},{"taxonomy":"product_cat","embeddable":true,"href":"https:\/\/www.largepillow.com\/it\/wp-json\/wp\/v2\/product_cat?post=802"},{"taxonomy":"product_tag","embeddable":true,"href":"https:\/\/www.largepillow.com\/it\/wp-json\/wp\/v2\/product_tag?post=802"}],"curies":[{"name":"scrivere","href":"https:\/\/api.w.org\/{rel}","templated":true}]}}