{"id":1038,"date":"2022-09-19T02:09:34","date_gmt":"2022-09-19T02:09:34","guid":{"rendered":"https:\/\/www.largepillow.com\/product\/living-wedge-bolster"},"modified":"2025-09-19T02:32:00","modified_gmt":"2025-09-19T02:32:00","slug":"lovos-kuno-pagalve","status":"publish","type":"product","link":"https:\/\/www.largepillow.com\/lt\/product\/bed-body-pillow\/","title":{"rendered":"Lovos k\u016bno pagalv\u0117"},"content":{"rendered":"<p>Lovos k\u016bno pagalv\u0117: geriausias komforto sprendimas skaitymui, poilsiui ir dekorui<\/p>\n<p>Ie\u0161kote pagalv\u0117s, kuri u\u017etikrint\u0173 neprilygstam\u0105 komfort\u0105 atliekant \u012fvairias veiklas ir pagerint\u0173 j\u016bs\u0173 miegamojo estetik\u0105? Toliau dairykit\u0117s \u2013 tai universali ir stilinga pagalv\u0117l\u0117 k\u016bnui be \u010diu\u017einio, kuri patenkins visus j\u016bs\u0173 poreikius.<\/p>\n<p>Puiki skaitymo pagalv\u0117<\/p>\n<p>Sta\u010diakamp\u0117s formos lovos pagalv\u0117 suteikia optimali\u0105 nugaros atram\u0105, kai s\u0117dite lovoje skaitydami, \u017ei\u016br\u0117dami televizori\u0173, nar\u0161ydami telefone ar u\u017esiimdami kita atpalaiduojan\u010dia veikla. Mink\u0161tas pamink\u0161tinimas u\u017etikrina patogi\u0105 atram\u0105 valandoms, leisdamas jums pasinerti \u012f m\u0117gstam\u0105 roman\u0105 ar \u017ei\u016br\u0117ti m\u0117gstamas laidas be jokio diskomforto.<\/p>\n<p>Patogi k\u016bno pagalv\u0117<\/p>\n<p>\u0160i didel\u0117 k\u016bno pagalv\u0117 pakei\u010dia visas \u012fprastas lovos ar juosmens pagalves, suteikdama kelias pad\u0117tis, skirtas paremti nugar\u0105, pe\u010dius, stubur\u0105, pilv\u0105, kojas ir kt. Ji padeda i\u0161laikyti taisykling\u0105 stubur\u0105 visiems miegantiems, nepriklausomai nuo j\u0173 pageidaujamos pad\u0117ties. Nesvarbu, ar jums reikia atramos lovos pagalv\u0117s, ar didel\u0117s nugaros atramos pagalv\u0117l\u0117s, \u201eBed Body Pillow\u201c pasir\u016bpins jumis.<\/p>\n<p>Auk\u0161\u010diausios kokyb\u0117s med\u017eiagos ir konstrukcija<\/p>\n<p>\u0160i pagalv\u0117 k\u016bnui yra kruop\u0161\u010diai pagaminta i\u0161 auk\u0161tos kokyb\u0117s med\u017eiag\u0173, pasi\u017eymi trimat\u0117mis juostel\u0117mis, med\u017eiagin\u0117mis sag\u0173 si\u016bl\u0117mis ir visi\u0161kai apsi\u016btais kra\u0161tais. Patvarus dvikryptis u\u017etrauktukas u\u017etikrina ilgaam\u017ei\u0161kum\u0105 ir paprast\u0105 naudojim\u0105. Atsparus mikro poliesterio pluo\u0161to u\u017epildas laikui b\u0117gant i\u0161laiko savo atramin\u0119 form\u0105, u\u017etikrindamas nuolatin\u012f komfort\u0105.<\/p>\n<p>Gra\u017eus lovos dekoras<\/p>\n<p>Jei norite savo miegamajam suteikti elegancijos, lovos pagalv\u0117 gali b\u016bti naudojama ir kaip nuostabus lovos galv\u016bgalis. Jos patrauklus dizainas sukuria jauki\u0105 atmosfer\u0105 ir papildo bet kok\u012f interjero stili\u0173. Tai puikus papildymas miegamuosiuose, vie\u0161bu\u010diuose, ligonin\u0117se, palangi\u0173 vietose ir \u012fvairiose kitose vietose.<\/p>\n<p>Nuimamas pagalv\u0117s u\u017evalkalas ir lengva prie\u017ei\u016bra<\/p>\n<p>Pagalv\u0117 \u201eBed Body Pillow\u201c turi nuimam\u0105 pagalv\u0117s u\u017evalkal\u0105, kur\u012f galima lengvai skalbti skalbimo ma\u0161inoje. Tiesiog atsegkite u\u017etrauktuk\u0105, atsegkite sagas ir \u012fmeskite \u012f skalbimo ma\u0161in\u0105.<\/p>\n<p>Klient\u0173 atsiliepimai<\/p>\n<p>\u201cMan patinka \u0161i pagalv\u0117! Ji geriausiai tinka skaityti lovoje. Ji tokia patogi ir suteikia atram\u0105.\u201d \u2013 Patvirtintas pirk\u0117jas<\/p>\n<p>\u201c\u0160i pagalv\u0117 \u2013 tikras i\u0161sigelb\u0117jimas! Ji padeda man numal\u0161inti skausm\u0105 ir diskomfort\u0105 po operacijos.\u201d \u2013 Patvirtintas pirk\u0117jas<\/p>\n<p>\u201cA\u0161 naudoju \u0161i\u0105 pagalv\u0119 kaip lovos galv\u016bgal\u012f ir ji atrodo nuostabiai. Be to, \u012f j\u0105 labai patogu atsiremti.\u201d \u2013 Patvirtintas pirk\u0117jas<\/p>\n<p>Galimi dyd\u017eiai<\/p>\n<p>Kad b\u016bt\u0173 galima pritaikyti prie skirting\u0173 lov\u0173 dyd\u017ei\u0173 ir asmenini\u0173 pageidavim\u0173, lovos k\u016bno pagalv\u0117 yra \u012fvairi\u0173 dyd\u017ei\u0173:<\/p>\n<p>* 100x50x8cm (3 sagos)<br \/>\n* 120 x 50 x 8 cm (4 sagos)<br \/>\n* 140x50x8cm (4 sagos)<br \/>\n* 160x50x8cm (5 sagos)<br \/>\n* 180x50x8cm (6 sagos)<br \/>\n* 200 x 50 x 8 cm (7 sagos)<\/p>\n<p>Jei ie\u0161kote pagalv\u0117s, kuri derint\u0173 komfort\u0105, funkcionalum\u0105 ir stili\u0173, \u201eBed Body Pillow\u201c pagalv\u0117 yra puikus pasirinkimas. U\u017esisakykite j\u0105 \u0161iandien ir patirkite visi\u0161k\u0105 atsipalaidavim\u0105 bei atram\u0105 lovoje ir u\u017e jos rib\u0173.<\/p>","protected":false},"excerpt":{"rendered":"<ul>\n<li><strong>TOBULA SKAITYMO PAGALV\u0116:<\/strong> \u0160i patogi skaitymo pagalv\u0117l\u0117 su sta\u010diakampio formos pagalv\u0117le puikiai tinka kaip mink\u0161ta nugaros atrama juosmens srityje, kai s\u0117dite lovoje skaitydami, \u017ei\u016br\u0117dami televizori\u0173, nar\u0161ydami telefone, nar\u0161ydami plan\u0161etiniame kompiuteryje, \u017eaisdami vaizdo \u017eaidimus, u\u017esiimdami joga, maitindami kr\u016btimi ir ils\u0117damiesi po operacijos.<\/li>\n<li><strong>PATOGI K\u016aNO PAGALV\u0116:<\/strong> Kaip didelio k\u016bno pagalv\u0117, ji pakei\u010dia visas \u012fprastas lovos ar juosmens pagalves, sukuria kelias pozicijas kaip pozicionuojanti pagalv\u0117, skirta paremti nugar\u0105, pe\u010dius, stubur\u0105, pilv\u0105, kojas ir leid\u017eianti atpalaiduoti raumenis. Skatina teising\u0105 stubur\u0105 bet kuriam miegan\u010diajam, nesvarbu, ar jums reikia mink\u0161tos lovos pagalv\u0117s, ar didel\u0117s nugaros atramos pagalv\u0117l\u0117s, jei jums tiesiog reikia daugiau ar ma\u017eiau pakylos. J\u0105 taip pat galite naudoti kaip n\u0117\u0161tumo pagalv\u0119, kuri suteikia atram\u0105 \u012fvairioms k\u016bno dalims ir mal\u0161ina n\u0117\u0161tumo skausmus.<\/li>\n<li><strong>I\u0160 PRAD\u017dI\u0172 SUKURTA I\u0160 AUK\u0160TOS KOKYB\u0116S MED\u017dIAG\u0172:<\/strong> Sta\u010diakamp\u0117 skaitymo pagalv\u0117l\u0117 su trimat\u0117mis juostel\u0117mis, med\u017eiaginiais sag\u0173 kuok\u0161teliais ir visi\u0161kai apsi\u016btais kra\u0161tais i\u0161siskiria i\u0161 vis\u0173 \u012fprast\u0173 nugaros atramos pagalv\u0117li\u0173. Nors dekoratyvin\u0117 nugaros atramos pagalv\u0117l\u0117 yra mink\u0161ta, ji i\u0161laiko savo atramin\u0119 form\u0105, i\u0161naudodama visas elastingo ir lanks\u010dio mikro poliesterio pluo\u0161to pripildymo galimybes. Dvikryptis lovos pagalv\u0117l\u0117s u\u017etrauktukas yra labai tvirtas ir patvarus ilgalaikiam naudojimui.<\/li>\n<li><strong>GRA\u017dI DEKORATYVIN\u0116 PAGALV\u0116 PRIE NAKTIES:<\/strong> Jei jums reikia greito ir paprasto lovos galv\u016bgalio, \u0161i apmu\u0161ta lovos galv\u016bgalio pagalv\u0117l\u0117 skaitymui gali b\u016bti naudojama kaip alternatyva ir tuo pa\u010diu metu b\u016bti gra\u017eiu lovos dekoru. Eleganti\u0161kas dizainas suteiks j\u016bs\u0173 miegamajam viliojan\u010dio vaizdo. D\u0117l patrauklios i\u0161vaizdos \u0161is originalus lovos atlo\u0161o pagalv\u0117l\u0117 yra reguliuojamo dyd\u017eio ir tinka miegamajam, vie\u0161bu\u010diui, ligoninei, prie palang\u0117s, sofai, sofai, dviauk\u0161tei lovai, bendrabu\u010dio lovai ar lovai su platforma.<\/li>\n<li><strong>NUIMAMAS IR LENGVAI SKALBIAMAS JUOMENS PAGALV\u0116S U\u017dVALKALAS:<\/strong> Lovos poilsio pagalv\u0117s u\u017evalkal\u0105 galite lengvai nuimti atsegdami u\u017etrauktuk\u0105, atsegdami sagas ir i\u0161skalbdami j\u012f skalbimo ma\u0161inoje.<\/li>\n<li><strong>Audinys:<\/strong> Poliesterio ir lino mi\u0161inys.<\/li>\n<li><strong>Dydis:<\/strong> 100x50x8cm (3 sagos), 120x50x8cm (4 sagos), 140x50x8cm (4 sagos), 160x50x8cm (5 sagos), 180x50x8cm (6 sagos), 200x50x8cm (7 sagos)<\/li>\n<\/ul>","protected":false},"featured_media":1027,"comment_status":"open","ping_status":"closed","template":"","meta":[],"product_brand":[],"product_cat":[28],"product_tag":[66,142,115,154,79,141,144,118],"class_list":{"0":"post-1038","1":"product","2":"type-product","3":"status-publish","4":"has-post-thumbnail","6":"product_cat-large-body-pillow","7":"product_tag-back-support-pillow","8":"product_tag-bedside-reading-pillow","9":"product_tag-comfortable-body-pillow","10":"product_tag-large-body-pillow","11":"product_tag-lumbar-pillow","12":"product_tag-perfect-reading-pillow","13":"product_tag-positioner-pillow","14":"product_tag-pregnancy-pillow","16":"first","17":"instock","18":"featured","19":"shipping-taxable","20":"purchasable","21":"product-type-variable"},"_links":{"self":[{"href":"https:\/\/www.largepillow.com\/lt\/wp-json\/wp\/v2\/product\/1038","targetHints":{"allow":["GET"]}}],"collection":[{"href":"https:\/\/www.largepillow.com\/lt\/wp-json\/wp\/v2\/product"}],"about":[{"href":"https:\/\/www.largepillow.com\/lt\/wp-json\/wp\/v2\/types\/product"}],"replies":[{"embeddable":true,"href":"https:\/\/www.largepillow.com\/lt\/wp-json\/wp\/v2\/comments?post=1038"}],"wp:featuredmedia":[{"embeddable":true,"href":"https:\/\/www.largepillow.com\/lt\/wp-json\/wp\/v2\/media\/1027"}],"wp:attachment":[{"href":"https:\/\/www.largepillow.com\/lt\/wp-json\/wp\/v2\/media?parent=1038"}],"wp:term":[{"taxonomy":"product_brand","embeddable":true,"href":"https:\/\/www.largepillow.com\/lt\/wp-json\/wp\/v2\/product_brand?post=1038"},{"taxonomy":"product_cat","embeddable":true,"href":"https:\/\/www.largepillow.com\/lt\/wp-json\/wp\/v2\/product_cat?post=1038"},{"taxonomy":"product_tag","embeddable":true,"href":"https:\/\/www.largepillow.com\/lt\/wp-json\/wp\/v2\/product_tag?post=1038"}],"curies":[{"name":"wp","href":"https:\/\/api.w.org\/{rel}","templated":true}]}}