{"id":10581,"date":"2025-07-29T03:16:04","date_gmt":"2025-07-29T03:16:04","guid":{"rendered":"https:\/\/www.largepillow.com\/product\/folding-floor-sofa-bed-soft-corduroy-convertible-sleeper-chair"},"modified":"2025-07-29T12:28:41","modified_gmt":"2025-07-29T12:28:41","slug":"sulankstoma-grindu-sofa-lova-minksta-velveto-transformuojama-miegamoji-sofa","status":"publish","type":"product","link":"https:\/\/www.largepillow.com\/lt\/product\/folding-floor-sofa-bed-soft-corduroy-convertible-sleeper-chair","title":{"rendered":"Sulankstoma grind\u0173 sofa-lova \u2013 mink\u0161ta velveto transformuojama miegamoji sofa"},"content":{"rendered":"[zc_getpagecontent mb=&#8221;mb_aplus&#8221; apid=&#8221;138&#8243;]\n","protected":false},"excerpt":{"rendered":"<ul>\n<li>3 dali\u0173 i\u0161manus sulankstomas dizainas: kietas putplas\u010dio pagrindas + segmentuotas PP medviln\u0117s pagalv\u0117l\u0117 leid\u017eia akimirksniu paversti sofa \/ lova. Pagalv\u0117l\u0117s sofos re\u017eimu \u012fsispraud\u017eia \u012f atlo\u0161\u0105; lovos re\u017eimu visi\u0161kai u\u017edengia putplas\u010dio si\u016bles, kad b\u016bt\u0173 patogu be tarp\u0173.<\/li>\n<li>Dvisluoksn\u0117 komforto sistema: didelio tankio putplas\u010dio r\u0117mas u\u017etikrina tvirt\u0105 atram\u0105, o mink\u0161tumas \u2013 debes\u0173 dvelksm\u0105 primenantis mink\u0161tas PP medviln\u0117s sluoksnis. Kv\u0117puojantis kordurojaus audinys suteikia prabangos savo \u0161velniu prisilietimu.<\/li>\n<li>Viet\u0105 taupanti viso dyd\u017eio sofa: i\u0161siskleid\u017eia \u012f erdvi\u0105 viso dyd\u017eio lov\u0105 (48\u2033x80\u2033); susilanksto \u012f sof\u0105 su \u017eema atlo\u0161u (48\u2033x39\u2033x30\u2033). Bekojis dizainas priglunda prie grind\u0173, idealiai tinka ma\u017eoms erdv\u0117ms.<\/li>\n<li>Nesvarbu, ar tai b\u016bt\u0173 sve\u010diai pernakvoti, studijos tipo apartamentai, ar vaik\u0173 kambariai, \u0161i sulankstoma sofa-lova yra viet\u0105 taupantis, daugiafunkcis b\u016btinas daiktas. Puikiai tinka sve\u010di\u0173 kambariams, bendrabu\u010dio kambariams ir ma\u017eoms erdv\u0117ms.<\/li>\n<li>Suapvalinti kra\u0161tai saugumui ir modern\u016bs linkiai papildo bet kok\u012f interjer\u0105. Gili 39 coli\u0173 s\u0117dyn\u0117 suteikia apgaubiant\u012f komfort\u0105.<\/li>\n<\/ul>","protected":false},"featured_media":10558,"comment_status":"open","ping_status":"closed","template":"","meta":[],"product_brand":[],"product_cat":[228],"product_tag":[],"class_list":{"0":"post-10581","1":"product","2":"type-product","3":"status-publish","4":"has-post-thumbnail","6":"product_cat-cushions","8":"first","9":"instock","10":"sold-individually","11":"shipping-taxable","12":"purchasable","13":"product-type-simple"},"_links":{"self":[{"href":"https:\/\/www.largepillow.com\/lt\/wp-json\/wp\/v2\/product\/10581","targetHints":{"allow":["GET"]}}],"collection":[{"href":"https:\/\/www.largepillow.com\/lt\/wp-json\/wp\/v2\/product"}],"about":[{"href":"https:\/\/www.largepillow.com\/lt\/wp-json\/wp\/v2\/types\/product"}],"replies":[{"embeddable":true,"href":"https:\/\/www.largepillow.com\/lt\/wp-json\/wp\/v2\/comments?post=10581"}],"wp:featuredmedia":[{"embeddable":true,"href":"https:\/\/www.largepillow.com\/lt\/wp-json\/wp\/v2\/media\/10558"}],"wp:attachment":[{"href":"https:\/\/www.largepillow.com\/lt\/wp-json\/wp\/v2\/media?parent=10581"}],"wp:term":[{"taxonomy":"product_brand","embeddable":true,"href":"https:\/\/www.largepillow.com\/lt\/wp-json\/wp\/v2\/product_brand?post=10581"},{"taxonomy":"product_cat","embeddable":true,"href":"https:\/\/www.largepillow.com\/lt\/wp-json\/wp\/v2\/product_cat?post=10581"},{"taxonomy":"product_tag","embeddable":true,"href":"https:\/\/www.largepillow.com\/lt\/wp-json\/wp\/v2\/product_tag?post=10581"}],"curies":[{"name":"wp","href":"https:\/\/api.w.org\/{rel}","templated":true}]}}