{"id":10595,"date":"2025-07-29T06:53:48","date_gmt":"2025-07-29T06:53:48","guid":{"rendered":"https:\/\/www.largepillow.com\/product\/bean-bag-lounger-sofa-giant-floor-couch-for-adults"},"modified":"2025-07-29T12:28:41","modified_gmt":"2025-07-29T12:28:41","slug":"pufas-gultas-sofa-lova-gultas-milziniska-grindu-sofa-suaugusiems","status":"publish","type":"product","link":"https:\/\/www.largepillow.com\/lt\/product\/bean-bag-lounger-sofa-giant-floor-couch-for-adults","title":{"rendered":"Pufo formos sofa \u2013 mil\u017eini\u0161ka grind\u0173 sofa suaugusiems"},"content":{"rendered":"[zc_getpagecontent mb=&#8221;mb_aplus&#8221; apid=&#8221;139&#8243;]\n","protected":false},"excerpt":{"rendered":"<ul>\n<li>Erdvus dizainas dviem (ar daugiau!): \u0160is didelis pufas-sofa, kurio matmenys \u2013 167 cm * 137 cm * 43 cm (66 coli\u0173 x 54 coli\u0173 x 17 coli\u0173), patogiai telpa 2\u20133 suaugusieji \u2013 puikiai tinka poroms, \u0161eimoms ar draugams. Nesvarbu, ar tai svetain\u0117, miegamasis, \u017eaidim\u0173 kambarys, ar biuras, \u0161is miegamajam skirtas poilsio kr\u0117slas suteiks jaukios ir kasdieni\u0161kos s\u0117d\u0117jimo vietos bet kur, kur jums jos reikia.<\/li>\n<li>Itin patogus ir atram\u0105 suteikiantis u\u017epildas: Atsisveikinkite su triuk\u0161mingais, nukarusiais pufais! \u0160is suaugusiesiems skirtas pufas yra u\u017epildytas auk\u0161\u010diausios kokyb\u0117s puriu poliesterio pluo\u0161tu \u2013 jis suteikia geresn\u0119 atram\u0105 ir geriau i\u0161laiko form\u0105, palyginti su tradiciniais puf\u0173 u\u017epildais. M\u0117gaukit\u0117s mink\u0161tu komfortu be erzinan\u010dio girg\u017ed\u0117jimo.<\/li>\n<li>Stilingas klasikinio mil\u017eini\u0161ko pufo atnaujinimas: d\u0117l modernaus dizaino ir erdvi\u0173 s\u0117dim\u0173 viet\u0173 tai \u2013 ne \u0161iaip eilinis pufas. Unikaliai i\u0161lenkta forma patogiai apkabina 2\u20133 \u017emones, sukurdama privat\u0173 poilsio poj\u016bt\u012f, kuris kvie\u010dia atsipalaiduoti, pails\u0117ti ir jaustis visi\u0161kai patogiai.<\/li>\n<li>Prabangiai mink\u0161tas pliu\u0161inis audinys: \u0161is dvivietis pufas, aptrauktas pla\u010diomis dry\u017euotomis trumpomis pliu\u0161in\u0117mis med\u017eiagomis, yra ne tik mink\u0161tas, bet ir stilingas. Tekst\u016bruotas audinys pasi\u017eymi i\u0161skirtiniu mink\u0161tumu ir elegancija. (Pastaba: gali \u0161iek tiek pasislinkti, bet tai neturi \u012ftakos funkcionalumui ar patogumui.)<\/li>\n<li>Lengvas surinkimas ir prie\u017ei\u016bra: pristatoma vienoje pakuot\u0117je, kad b\u016bt\u0173 lengva transportuoti. Didelis apatinis u\u017etrauktukas leid\u017eia lengvai nuimti, o u\u017evalkal\u0105 galima skalbti skalbimo ma\u0161inoje, kad b\u016bt\u0173 lengva pri\u017ei\u016br\u0117ti.<\/li>\n<\/ul>","protected":false},"featured_media":10582,"comment_status":"open","ping_status":"closed","template":"","meta":[],"product_brand":[],"product_cat":[228],"product_tag":[],"class_list":{"0":"post-10595","1":"product","2":"type-product","3":"status-publish","4":"has-post-thumbnail","6":"product_cat-cushions","8":"first","9":"instock","10":"sold-individually","11":"shipping-taxable","12":"purchasable","13":"product-type-simple"},"_links":{"self":[{"href":"https:\/\/www.largepillow.com\/lt\/wp-json\/wp\/v2\/product\/10595","targetHints":{"allow":["GET"]}}],"collection":[{"href":"https:\/\/www.largepillow.com\/lt\/wp-json\/wp\/v2\/product"}],"about":[{"href":"https:\/\/www.largepillow.com\/lt\/wp-json\/wp\/v2\/types\/product"}],"replies":[{"embeddable":true,"href":"https:\/\/www.largepillow.com\/lt\/wp-json\/wp\/v2\/comments?post=10595"}],"wp:featuredmedia":[{"embeddable":true,"href":"https:\/\/www.largepillow.com\/lt\/wp-json\/wp\/v2\/media\/10582"}],"wp:attachment":[{"href":"https:\/\/www.largepillow.com\/lt\/wp-json\/wp\/v2\/media?parent=10595"}],"wp:term":[{"taxonomy":"product_brand","embeddable":true,"href":"https:\/\/www.largepillow.com\/lt\/wp-json\/wp\/v2\/product_brand?post=10595"},{"taxonomy":"product_cat","embeddable":true,"href":"https:\/\/www.largepillow.com\/lt\/wp-json\/wp\/v2\/product_cat?post=10595"},{"taxonomy":"product_tag","embeddable":true,"href":"https:\/\/www.largepillow.com\/lt\/wp-json\/wp\/v2\/product_tag?post=10595"}],"curies":[{"name":"wp","href":"https:\/\/api.w.org\/{rel}","templated":true}]}}