{"id":10731,"date":"2025-07-31T09:54:14","date_gmt":"2025-07-31T09:54:14","guid":{"rendered":"https:\/\/www.largepillow.com\/product\/oversized-curved-chaise-lounge-sofa-sleeper-for-living-room"},"modified":"2025-08-13T01:58:41","modified_gmt":"2025-08-13T01:58:41","slug":"didele-islenkta-sofa-lova-svetainei","status":"publish","type":"product","link":"https:\/\/www.largepillow.com\/lt\/product\/oversized-curved-chaise-lounge-sofa-sleeper-for-living-room","title":{"rendered":"Didel\u0117 i\u0161lenkta sofa-lova svetainei"},"content":{"rendered":"[zc_getpagecontent mb=&#8221;mb_aplus&#8221; apid=&#8221;141&#8243;]\n","protected":false},"excerpt":{"rendered":"<ul>\n<li>Ypa\u010d didelis komfortas: \u0160is didelis \u0161ezlongas, kurio matmenys \u2013 64 coliai x 51 colio x 25 coliai (160 cm x 128 cm x 64 cm), patogiai telpa 2\u20133 asmenys. Ergonomi\u0161kas arkos formos dizainas palaiko nat\u016bralius j\u016bs\u0173 k\u016bno linkius ir u\u017etikrina auk\u0161\u010diausi\u0105 komfort\u0105 esant \u012fvairiems atlo\u0161o kampams \u2013 puikiai tinka poilsiui, snauduliui ar poilsiui kartu.<\/li>\n<li>Mink\u0161ta atrama ir ilgalaikis patvarumas: Pagamintas i\u0161 tvirto putplas\u010dio pagrindo ir padengtas itin mink\u0161ta poliesterio pluo\u0161to pagalv\u0117le, \u0161is atlo\u0161iamas kr\u0117slas pasi\u017eymi puikiu tvirtos atramos ir debes\u0173 dvelksmo mink\u0161tumo deriniu. M\u0117gaukit\u0117s prabangia s\u0117d\u0117jimo patirtimi, kuri atpalaiduos j\u016bs\u0173 k\u016bn\u0105.<\/li>\n<li>Daugiafunkcis bet kokiai erdvei: nesvarbu, ar jums reikia jaukios poilsio sofos svetain\u0117je, ar i\u0161skleid\u017eiamo fotelio miegamajame, ar poilsio vietos film\u0173 vakarams, \u0161i universali sofa prisitaikys prie j\u016bs\u0173 gyvenimo b\u016bdo. Idealiai tinka skaitymui, \u017eaidimams ar kokybi\u0161kam laiko praleidimui su \u0161eima ir draugais.<\/li>\n<li>Nuimamos ir daugiafunkcin\u0117s sofos pagalv\u0117l\u0117s: sukurtos atsi\u017evelgiant \u012f lankstum\u0105, ypa\u010d storos pagalv\u0117l\u0117s ir pagrindas yra atskiri ir nuimami. Naudokite mink\u0161tas pagalv\u0117les kaip kilim\u0117lius arba papildomas s\u0117dimas vietas pagal poreik\u012f \u2013 puikiai tinka sve\u010diams ar spontani\u0161koms nakvyn\u0117ms.<\/li>\n<li>Paprastas surinkimas ir prie\u017ei\u016bra: pristatoma vakuumin\u0117je pakuot\u0117je 3 pakuot\u0117se su 4 putplas\u010dio r\u0117mais ir storomis pagalv\u0117l\u0117mis. Tiesiog leiskite putplas\u010diui i\u0161sipl\u0117sti 24\u201372 valandas, lengvai surinkite naudodamiesi m\u016bs\u0173 instrukcija ir m\u0117gaukit\u0117s. Nuimamas u\u017evalkalas su u\u017etrauktuku yra skalbiamas skalbimo ma\u0161inoje, kad b\u016bt\u0173 lengva valyti.<\/li>\n<\/ul>","protected":false},"featured_media":10708,"comment_status":"open","ping_status":"closed","template":"","meta":[],"product_brand":[],"product_cat":[228],"product_tag":[],"class_list":{"0":"post-10731","1":"product","2":"type-product","3":"status-publish","4":"has-post-thumbnail","6":"product_cat-cushions","8":"first","9":"instock","10":"sold-individually","11":"shipping-taxable","12":"purchasable","13":"product-type-simple"},"_links":{"self":[{"href":"https:\/\/www.largepillow.com\/lt\/wp-json\/wp\/v2\/product\/10731","targetHints":{"allow":["GET"]}}],"collection":[{"href":"https:\/\/www.largepillow.com\/lt\/wp-json\/wp\/v2\/product"}],"about":[{"href":"https:\/\/www.largepillow.com\/lt\/wp-json\/wp\/v2\/types\/product"}],"replies":[{"embeddable":true,"href":"https:\/\/www.largepillow.com\/lt\/wp-json\/wp\/v2\/comments?post=10731"}],"wp:featuredmedia":[{"embeddable":true,"href":"https:\/\/www.largepillow.com\/lt\/wp-json\/wp\/v2\/media\/10708"}],"wp:attachment":[{"href":"https:\/\/www.largepillow.com\/lt\/wp-json\/wp\/v2\/media?parent=10731"}],"wp:term":[{"taxonomy":"product_brand","embeddable":true,"href":"https:\/\/www.largepillow.com\/lt\/wp-json\/wp\/v2\/product_brand?post=10731"},{"taxonomy":"product_cat","embeddable":true,"href":"https:\/\/www.largepillow.com\/lt\/wp-json\/wp\/v2\/product_cat?post=10731"},{"taxonomy":"product_tag","embeddable":true,"href":"https:\/\/www.largepillow.com\/lt\/wp-json\/wp\/v2\/product_tag?post=10731"}],"curies":[{"name":"wp","href":"https:\/\/api.w.org\/{rel}","templated":true}]}}