{"id":1123,"date":"2022-09-19T02:32:35","date_gmt":"2022-09-19T02:32:35","guid":{"rendered":"https:\/\/www.largepillow.com\/product\/reading-body-pillow"},"modified":"2025-09-19T02:32:44","modified_gmt":"2025-09-19T02:32:44","slug":"galvos-atramos-pagalve","status":"publish","type":"product","link":"https:\/\/www.largepillow.com\/lt\/product\/head-bolster-pillow","title":{"rendered":"Galvos atramos pagalv\u0117"},"content":{"rendered":"<p>The Large Bolster Pillow &#8211; the perfect addition to your bedroom!<\/p>\n<p>With its rectangular shape and plush velvet fabric, this comfortable reading pillow provides soft back support and promotes an aligned spine when sitting up in bed for reading, watching TV, browsing your phone or tablet, playing video games, exercising, breastfeeding, or even resting after surgery.<\/p>\n<p>The Large Bolster Pillow is not just a reading pillow, it is also a comfortable body pillow that replaces all normal bed rest or lumbar pillows. Its large size creates multi-positions as a positioner pillow to support your back, shoulder, spine, stomach, legs, and allows your muscles to stay relaxed. Whether you need an upholstered bedrest pillow or a large back support cushion, this pillow has got you covered. It is even suitable for pregnant women, providing different body part support and releasing pregnancy pains.<\/p>\n<p>Originally designed with high-quality materials, this pillow comes with three-dimensional stripes, fabric button tufts, fully hemmed edges, and a resilient and flexible micro polyester fiberfill that maintains its supportive shape. Its two-way zipper is strong and durable for long-term use. Plus, it adds an inviting view to your bedroom with its elegant design, making it an alternative replacement for a headboard.<\/p>\n<p>The Large Bolster Pillow cover is removable and easy to wash, so you can keep it clean and looking new. Available in six size options, ranging from 100x50x8cm (3 buttons) to 200x50x8cm(7 buttons), this pillow is adjustable for your bedroom, hotel, hospital, window seat, couch, sofa, daybed, bunk bed, dorm bed, or platform bed.<\/p>\n<p>Here are some of our customer&#8217;s comments on the Head Bolster Pillow:<\/p>\n<p>&#8220;Great lumbar support pillow for my lower back pain. Love the buttons and velvet fabric texture.&#8221; &#8211; Lucy<\/p>\n<p>&#8220;Ordered the blue velvet pillow and it looks amazing in my bedroom. It&#8217;s also very comfortable for reading and watching TV in bed.&#8221; &#8211; Sarah<\/p>\n<p>&#8220;Very happy with my purchase. The pillow is soft and comfortable while still providing good support. The fact that it&#8217;s machine washable is a huge plus!&#8221; &#8211; John<\/p>\n<p>Overall, the Large Bolster Pillow is a great investment for anyone looking for a comfortable and supportive reading pillow or body pillow. Its elegant design and high-quality materials make it a must-have for any bedroom. Order yours today and experience the comfort for yourself!<\/p>","protected":false},"excerpt":{"rendered":"<ul>\n<li><strong>TOBULA SKAITYMO PAGALV\u0116:<\/strong> \u0160i patogi skaitymo pagalv\u0117l\u0117 su sta\u010diakampio formos pagalv\u0117le puikiai tinka kaip mink\u0161ta nugaros atrama juosmens srityje, kai s\u0117dite lovoje skaitydami, \u017ei\u016br\u0117dami televizori\u0173, nar\u0161ydami telefone, nar\u0161ydami plan\u0161etiniame kompiuteryje, \u017eaisdami vaizdo \u017eaidimus, u\u017esiimdami joga, maitindami kr\u016btimi ir ils\u0117damiesi po operacijos.<\/li>\n<li><strong>PATOGI K\u016aNO PAGALV\u0116:<\/strong> Kaip didelio k\u016bno pagalv\u0117, ji pakei\u010dia visas \u012fprastas lovos ar juosmens pagalves, sukuria kelias pozicijas kaip pozicionuojanti pagalv\u0117, skirta paremti nugar\u0105, pe\u010dius, stubur\u0105, pilv\u0105, kojas ir leid\u017eianti atpalaiduoti raumenis. Skatina teising\u0105 stubur\u0105 bet kuriam miegan\u010diajam, nesvarbu, ar jums reikia mink\u0161tos lovos pagalv\u0117s, ar didel\u0117s nugaros atramos pagalv\u0117l\u0117s, jei jums tiesiog reikia daugiau ar ma\u017eiau pakylos. J\u0105 taip pat galite naudoti kaip n\u0117\u0161tumo pagalv\u0119, kuri suteikia atram\u0105 \u012fvairioms k\u016bno dalims ir mal\u0161ina n\u0117\u0161tumo skausmus.<\/li>\n<li><strong>I\u0160 PRAD\u017dI\u0172 SUKURTA I\u0160 AUK\u0160TOS KOKYB\u0116S MED\u017dIAG\u0172:<\/strong> Sta\u010diakamp\u0117 skaitymo pagalv\u0117l\u0117 su trimat\u0117mis juostel\u0117mis, med\u017eiaginiais sag\u0173 kuok\u0161teliais ir visi\u0161kai apsi\u016btais kra\u0161tais i\u0161siskiria i\u0161 vis\u0173 \u012fprast\u0173 nugaros atramos pagalv\u0117li\u0173. Nors dekoratyvin\u0117 nugaros atramos pagalv\u0117l\u0117 yra mink\u0161ta, ji i\u0161laiko savo atramin\u0119 form\u0105, i\u0161naudodama visas elastingo ir lanks\u010dio mikro poliesterio pluo\u0161to pripildymo galimybes. Dvikryptis lovos pagalv\u0117l\u0117s u\u017etrauktukas yra labai tvirtas ir patvarus ilgalaikiam naudojimui.<\/li>\n<li><strong>GRA\u017dI DEKORATYVIN\u0116 PAGALV\u0116 PRIE NAKTIES:<\/strong> Jei jums reikia greito ir paprasto lovos galv\u016bgalio, \u0161i apmu\u0161ta lovos galv\u016bgalio pagalv\u0117l\u0117 skaitymui gali b\u016bti naudojama kaip alternatyva ir tuo pa\u010diu metu b\u016bti gra\u017eiu lovos dekoru. Eleganti\u0161kas dizainas suteiks j\u016bs\u0173 miegamajam viliojan\u010dio vaizdo. D\u0117l patrauklios i\u0161vaizdos \u0161is originalus lovos atlo\u0161o pagalv\u0117l\u0117 yra reguliuojamo dyd\u017eio ir tinka miegamajam, vie\u0161bu\u010diui, ligoninei, prie palang\u0117s, sofai, sofai, dviauk\u0161tei lovai, bendrabu\u010dio lovai ar lovai su platforma.<\/li>\n<li><strong>NUIMAMAS IR LENGVAI SKALBIAMAS JUOMENS PAGALV\u0116S U\u017dVALKALAS:<\/strong> Lovos poilsio pagalv\u0117s u\u017evalkal\u0105 galite lengvai nuimti atsegdami u\u017etrauktuk\u0105, atsegdami sagas ir i\u0161skalbdami j\u012f skalbimo ma\u0161inoje.<\/li>\n<li><strong>Audinys:<\/strong> Aksomas (100% poliesteris).<\/li>\n<li><strong>Dydis:<\/strong> 100x50x8cm (3 sagos), 120x50x8cm (4 sagos), 140x50x8cm (4 sagos), 160x50x8cm (5 sagos), 180x50x8cm (6 sagos), 200x50x8cm (7 sagos)<\/li>\n<\/ul>","protected":false},"featured_media":1110,"comment_status":"open","ping_status":"closed","template":"","meta":[],"product_brand":[],"product_cat":[28],"product_tag":[66,122,135,79,118,59,130,120],"class_list":{"0":"post-1123","1":"product","2":"type-product","3":"status-publish","4":"has-post-thumbnail","6":"product_cat-large-body-pillow","7":"product_tag-back-support-pillow","8":"product_tag-body-pillow","9":"product_tag-head-bolster-pillow","10":"product_tag-lumbar-pillow","11":"product_tag-pregnancy-pillow","12":"product_tag-reading-pillow","13":"product_tag-stomach-support-pillow","14":"product_tag-velvet-pillow","16":"first","17":"instock","18":"featured","19":"shipping-taxable","20":"purchasable","21":"product-type-variable"},"_links":{"self":[{"href":"https:\/\/www.largepillow.com\/lt\/wp-json\/wp\/v2\/product\/1123","targetHints":{"allow":["GET"]}}],"collection":[{"href":"https:\/\/www.largepillow.com\/lt\/wp-json\/wp\/v2\/product"}],"about":[{"href":"https:\/\/www.largepillow.com\/lt\/wp-json\/wp\/v2\/types\/product"}],"replies":[{"embeddable":true,"href":"https:\/\/www.largepillow.com\/lt\/wp-json\/wp\/v2\/comments?post=1123"}],"wp:featuredmedia":[{"embeddable":true,"href":"https:\/\/www.largepillow.com\/lt\/wp-json\/wp\/v2\/media\/1110"}],"wp:attachment":[{"href":"https:\/\/www.largepillow.com\/lt\/wp-json\/wp\/v2\/media?parent=1123"}],"wp:term":[{"taxonomy":"product_brand","embeddable":true,"href":"https:\/\/www.largepillow.com\/lt\/wp-json\/wp\/v2\/product_brand?post=1123"},{"taxonomy":"product_cat","embeddable":true,"href":"https:\/\/www.largepillow.com\/lt\/wp-json\/wp\/v2\/product_cat?post=1123"},{"taxonomy":"product_tag","embeddable":true,"href":"https:\/\/www.largepillow.com\/lt\/wp-json\/wp\/v2\/product_tag?post=1123"}],"curies":[{"name":"wp","href":"https:\/\/api.w.org\/{rel}","templated":true}]}}